{"id":208,"date":"2017-10-23T14:36:05","date_gmt":"2017-10-23T12:36:05","guid":{"rendered":"http:\/\/websie.cefe.cnrs.fr\/tuktu\/?page_id=208"},"modified":"2018-01-23T11:16:04","modified_gmt":"2018-01-23T10:16:04","slug":"references","status":"publish","type":"page","link":"https:\/\/websie.cefe.cnrs.fr\/tuktu\/references\/","title":{"rendered":"References"},"content":{"rendered":"<p>Articles from the journal Etudes Inuit Studies : <a href=\"https:\/\/www.jstor.org\/stable\/i24367207\">https:\/\/www.jstor.org\/stable\/i24367207<\/a><\/p>\n<p>Bibliography :<\/p>\n<table style=\"height: 5738px;\" width=\"718\">\n<tbody>\n<tr>\n<td style=\"width: 708px;\">ACIA &#8211; Arctic Climate impact Assessment, 2005. ACIA Scientific Report. United States of America, Cambridge University Press, 1042 p.<\/td>\n<\/tr>\n<tr>\n<td style=\"width: 708px;\">Anad\u00f3n M., 2007. La Recherche Participative: Multiples Regards. PUQ, 238 p.<\/td>\n<\/tr>\n<tr>\n<td style=\"width: 708px;\">Areva Resources Canada Inc., 2012. Kiggavik Project Environmental Impact Statement: popular Summary.<\/td>\n<\/tr>\n<tr>\n<td style=\"width: 708px;\">Baribeau A., 2013. Le d\u00e9veloppement minier dans Eeyou Istchee et l\u2019implication de la nation Crie. Acfas 2013, Universit\u00e9 Laval, Qu\u00e9bec, Canada,.<\/td>\n<\/tr>\n<tr>\n<td style=\"width: 708px;\">Bell J., 2012. Meadowbank a reality check for Nunavut mining: AEM executive. Nunatsiaq Online,.<\/td>\n<\/tr>\n<tr>\n<td style=\"width: 708px;\">Bergerud A.T., 1988. Caribou, wolves and man. Trends in Ecology &amp; Evolution,. 3 (3),. pp 68\u201172.<\/td>\n<\/tr>\n<tr>\n<td style=\"width: 708px;\">Bernauer W., 2012. Complaints and Broken Promises: Inuit concerns with the Meadowbank gold mine in Baker Lake, Nunavut. York University Department Of Geography.<\/td>\n<\/tr>\n<tr>\n<td style=\"width: 708px;\">Bernauer W., 2011. Uranium mining, primitive accumulation and resistance in Baker Lake, Nunavut: recent changes in community perspectives. Master of Arts &#8211; MA. Winnipeg, Manitoba, Canada, University Of Manitoba, Department of Native Studies.<\/td>\n<\/tr>\n<tr>\n<td style=\"width: 708px;\">Beverly Qamanirjuaq Caribou Management Board, 2012. Beverly and Qamanirjuaq Caribou Management Board 30th Annual Report.<\/td>\n<\/tr>\n<tr>\n<td style=\"width: 708px;\">Beverly Qamanirjuaq Caribou Management Board, 2008. Economic Valuation and Socio-Cultural Perspectives of the Estimated Harvest of the Beverly and Qamanirjuaq Caribou Herds. Stonewall, Manitoba, InterGroup Consultants Ltd.<\/td>\n<\/tr>\n<tr>\n<td style=\"width: 708px;\">Blais J., Rodon T., 2013. Les impacts socio-\u00e9conomiques de la mine de Raglan, Nunavik: \u00e9tude comparative de deux communaut\u00e9s Salluit et Kangiqsujuaq. Acfas 2013, Universit\u00e9 Laval, Qu\u00e9bec, Canada,.<\/td>\n<\/tr>\n<tr>\n<td style=\"width: 708px;\">Blangy S., 2010. Co-construire le tourisme autochtone par la recherche-action participative et les Technologies de l\u2019Information et de la Communication : une nouvelle approche de la gestion des ressources et des territoires. Montpellier 3, Montpellier.<\/td>\n<\/tr>\n<tr>\n<td style=\"width: 708px;\">Boutinot L., Viau A., Leclerc G., 2008. Questions sur la neutralit\u00e9 des outils de type jeux de r\u00f4le et cartographie participative dans une exp\u00e9rience de gouvernance fonci\u00e8re au S\u00e9n\u00e9gal. Norois,. n\u00b0 209 (4),. pp 73\u201189.<\/td>\n<\/tr>\n<tr>\n<td style=\"width: 708px;\">Branch L.S., 2004. Consolidated federal laws of canada, Nunavut Land Claims Agreement Act.<\/td>\n<\/tr>\n<tr>\n<td style=\"width: 708px;\">Bridge G., 2004. Contested Terrain: Mining and the Environment. Environment and Resources,. 29 ,. pp 205\u2011259.<\/td>\n<\/tr>\n<tr>\n<td style=\"width: 708px;\">Campbell B.K., Sarrasin B., Laforce M., 2012. Pouvoir et r\u00e9gulation dans le secteur minier: le\u00e7ons \u00e0 partir de l\u2019exp\u00e9rience canadienne. PUQ, 296 p.<\/td>\n<\/tr>\n<tr>\n<td style=\"width: 708px;\">Capitaine B., Martin T., 2010. La D\u00e9claration des Nations Unies sur les droits des peuples autochtones: le dilemme canadien face \u00e0 la reconnaissance du \u00ab sujet \u00bb autochtone. Etudes canadiennes,. 69 ,. pp 139\u2011153.<\/td>\n<\/tr>\n<tr>\n<td style=\"width: 708px;\">Castellanet C., Lliana S., Celestino Filho P., et al., 1998. La Contribution de la recherche-action participative \u00e0 l\u2019\u00e9mergence d\u2019un projet collectif de d\u00e9veloppement durable sur la fronti\u00e8re amazonienne. Soci\u00e9t\u00e9s rurales et environnement. Gestion des ressources et dynamiques locales au Sud,. pp 281\u2011300.<\/td>\n<\/tr>\n<tr>\n<td style=\"width: 708px;\">Castleden H., Morgan V.S., Lamb C., 2012. \u00ab I spent the first year drinking tea \u00bb: Exploring Canadian university researchers perspectives on community-based participatory research involving Indigenous peoples. The Canadian Geographer\/Le G\u00e9ographe canadien,. 56 (2),. pp 160\u2011179.<\/td>\n<\/tr>\n<tr>\n<td style=\"width: 708px;\">Champagne J., 2013. Impacts de l\u2019exploitation des sables bitumineux sur la relation au territoire des membres de la communaut\u00e9 de Driftpile First Nation. Acfas 2013, Universit\u00e9 Laval, Qu\u00e9bec, Canada,.<\/td>\n<\/tr>\n<tr>\n<td style=\"width: 708px;\">Chevalier J.M., Buckles D., International Development Research Centre (Canada), 2009. SAS2 guide sur la recherche collaborative et l\u2019engagement social. Ottawa [Ont.]; Centre de recherches pour le d\u00e9veloppement international; Paris [France], Editions ESKA.<\/td>\n<\/tr>\n<tr>\n<td style=\"width: 708px;\">Chevalier J.M., Buckles D.J., 2013. Participatory Action Research: Theory and Methods for Engaged Inquiry. Routledge. Canada.<\/td>\n<\/tr>\n<tr>\n<td style=\"width: 708px;\">Chevalier J.M., Buckles D.J., Bourassa M., 2013. Guide de la recherche-action, la planification et l\u2019\u00e9valuation participatives.<\/td>\n<\/tr>\n<tr>\n<td style=\"width: 708px;\">Chouinard T., 2011. Plan Nord: 80 milliards d\u2019investissements publics et priv\u00e9s sur 25 ans. LaPress.ca,.<\/td>\n<\/tr>\n<tr>\n<td style=\"width: 708px;\">Collignon B., 1996. Les Inuit: ce qu\u2019ils savent du territoire. Editions L\u2019Harmattan, 256 p.<\/td>\n<\/tr>\n<tr>\n<td style=\"width: 708px;\">Dawson S., 2012. Circumpolar project will research \u00ab\u00a0best pratices in Arctic resource development. Nunatsiaq Online,.<\/td>\n<\/tr>\n<tr>\n<td style=\"width: 708px;\">Dewailly E., 2013. Risques et b\u00e9n\u00e9fices de l\u2019alimentation traditionnelle des mines.<\/td>\n<\/tr>\n<tr>\n<td style=\"width: 708px;\">Eudes Y., 2013. Canada: Nunavut, du caribou \u00e0 l\u2019uranium. Le Monde.fr,.<\/td>\n<\/tr>\n<tr>\n<td style=\"width: 708px;\">Freire P., 1974. P\u00e9dagogie des opprim\u00e9s. suivi de Conscientisation et r\u00e9volution. Paris. F, 197 p.<\/td>\n<\/tr>\n<tr>\n<td style=\"width: 708px;\">Frid A., Dill lawrence, 2002. Human-caused Disturbance Stimuli as a Form of Predation Risk. Conservation Ecology,. 6 (1),. p 11.<\/td>\n<\/tr>\n<tr>\n<td style=\"width: 708px;\">Gouvernement du Canada S.C., 2011. Statistique Canada : Profil du Recensement de 2011.<\/td>\n<\/tr>\n<tr>\n<td style=\"width: 708px;\">Government of Canada N.R.C., 2012. Exploration min\u00e9rale | Secteur des min\u00e9raux et des m\u00e9taux.<\/td>\n<\/tr>\n<tr>\n<td style=\"width: 708px;\">Granchinho S., 2012. 2012 Site Visit Report for the Nunavut Impact Review Board\u2019s Monitoring of Agnico-Eagle Mines Ltd.\u2019s Meadowbank Gold Project (NIRB File No. 03MN107). NIRB.<\/td>\n<\/tr>\n<tr>\n<td style=\"width: 708px;\">Hilson G., 2000. Pollution prevention and ckeaner production in the mining industry: an analyses of current issues. Journal of Cleaner Production,. 8 (2),. pp 119\u2011126.<\/td>\n<\/tr>\n<tr>\n<td style=\"width: 708px;\">Keeling A., 2011. Ghost Towns and Zombie Mines: The Historical Dimensions of Mine Abandonment, Reclamation and Redevelopment in the Canadian North. NICHE &#8211; Network in Canadian History &amp; Environment,.<\/td>\n<\/tr>\n<tr>\n<td style=\"width: 708px;\">Kelly G., 1955. Psychology of personal construct. New York Norton.<\/td>\n<\/tr>\n<tr>\n<td style=\"width: 708px;\">Kennett S., 1999. A Guide to impact and benefits agreements.<\/td>\n<\/tr>\n<tr>\n<td style=\"width: 708px;\">Knotsch C., Siebenmorgen P., Bradshaw B., 2010. Les \u00ab Ententes sur les r\u00e9percussions et les avantages \u00bb et le bien-\u00eatre des communaut\u00e9s: Des occasions rat\u00e9es ? Recherches am\u00e9rindiennes au Qu\u00e9bec,. 40 (3),. p 59.<\/td>\n<\/tr>\n<tr>\n<td style=\"width: 708px;\">Laneuville P., 2013. Chasse et exploitation mini\u00e8re au Nunavut : une exp\u00e9rience inuit du territoire \u00e0 Qamani\u2019tuaq (Baker Lake). M\u00e9moire. Universit\u00e9 Laval.<\/td>\n<\/tr>\n<tr>\n<td style=\"width: 708px;\">Lapointe U., 2010. L\u2019h\u00e9ritage du principe de free mining au Qu\u00e9bec et au Canada. Recherches am\u00e9rindiennes au Qu\u00e9bec,. 40 (3),. p 9.<\/td>\n<\/tr>\n<tr>\n<td style=\"width: 708px;\">Lasserre F., Roussel S., 2007. Souverainet\u00e9, s\u00e9curit\u00e9 et identit\u00e9 : le Canada face aux d\u00e9fis pos\u00e9s par le changement climatique dans l\u2019Arctique. International Journal of Canadian Studies,. (36),. p 267.<\/td>\n<\/tr>\n<tr>\n<td style=\"width: 708px;\">Laugrand F., 2011. Notre terre, le Nunavut &#8211; La Vie des id\u00e9es.<\/td>\n<\/tr>\n<tr>\n<td style=\"width: 708px;\">Leroy M., 2008. La participation dans les projets de d\u00e9veloppement : une analyse critique. ENGREF, 226 p.<\/td>\n<\/tr>\n<tr>\n<td style=\"width: 708px;\">Lewin K., 1946. Action Research and Minority Problems. Journal of Social Issues,. 2 (4),. pp 34\u201346.<\/td>\n<\/tr>\n<tr>\n<td style=\"width: 708px;\">Mannik H., 1998. Inuit Nunamiut: Inland Inuit.<\/td>\n<\/tr>\n<tr>\n<td style=\"width: 708px;\">Matthiasson J.S., 1992. Living on the Land: Change Among the Inuit of Baffin Island. University of Toronto Press, 174 p.<\/td>\n<\/tr>\n<tr>\n<td style=\"width: 708px;\">McPherson R., 2003. New Owners in Their Own Land, Minerals and Inuit Land Claims, Calgary, University of Calgary Press, 305 pages. \u00c9tudes\/Inuit\/Studies,. 28 (2),. p 238.<\/td>\n<\/tr>\n<tr>\n<td style=\"width: 708px;\">Morgan C., 2008. The Arctic: Gender issues. Parliamentary Information And Research Service.<\/td>\n<\/tr>\n<tr>\n<td style=\"width: 708px;\">NAHO, 2008a. Resource extraction and Aboriginal communities in Northern Canada: Cultural Considerations. Ottawa, National Aboriginal Health Organization.<\/td>\n<\/tr>\n<tr>\n<td style=\"width: 708px;\">NAHO, 2008b. Resource Extraction and Aboriginal Communities in Northern Canada: Gender Considerations. Ottawa, National Aboriginal Health Organization.<\/td>\n<\/tr>\n<tr>\n<td style=\"width: 708px;\">NIRB, 2012. 2011-2012 Annual Monitoring Report for Agnico-Eagle Mines Ltd.\u2019s Meadowbank Gold Project. NIRB.<\/td>\n<\/tr>\n<tr>\n<td style=\"width: 708px;\">Nunatsiaq News, 2012. Agnico-Eagle pays NTI $2.2 million as royalty payment. Nunatsiaq Online,.<\/td>\n<\/tr>\n<tr>\n<td style=\"width: 708px;\">Nunavut Tunngavik Inc., 2011. Explore the Potentiel of Inuit Owned Lands.<\/td>\n<\/tr>\n<tr>\n<td style=\"width: 708px;\">Nunavut Tunngavik Inc., 1997. Mining Policy. Cambridge Bay, Nunavut, Canada, Nunavut Tunngavik Inc. Director, Lands and Resources.<\/td>\n<\/tr>\n<tr>\n<td style=\"width: 708px;\">Nutall M., Wessendorf K., Roddick D., et al., 2012. Gaz, p\u00e9trole de l\u2019Arctique et peuples autochtones. Harmattan, 170 p.<\/td>\n<\/tr>\n<tr>\n<td style=\"width: 708px;\">Papillon M., Rodon T., 2013. Quelques r\u00e9flexions sur les compl\u00e9mentarit\u00e9s et contradictions entre l\u2019obligation de consulter et la n\u00e9gociation d\u2019ERA. Acfas 2013, Universit\u00e9 Laval, Qu\u00e9bec, Canada,.<\/td>\n<\/tr>\n<tr>\n<td style=\"width: 708px;\">Pauktuutit Inuit Women\u2019s Association, 2002. Inuit Women\u2019s traditional knowledge workshop on the Amauti and intellectual property rights. Pauktuutit Inuit Women\u2019s Association.<\/td>\n<\/tr>\n<tr>\n<td style=\"width: 708px;\">Pauktuutit, School of Social Work, UBC, 2013. The Impact of Resource Extraction on Inuit Women and Families in Qamani\u2019tuaq, Nunavut Territory: A qualitative assessment. Qamani\u2019tuaq (Baker Lake), Nunavut, Canada, The Canadian Women\u2019s Foundation.<\/td>\n<\/tr>\n<tr>\n<td style=\"width: 708px;\">Pearce T., Wright H., Notaina R., et al., 2011. Transmission of Environmental Knowledge and Land Skills among Inuit Men in Ulukhaktok, Northwest Territories, Canada. Human Ecology,. 39 (3),. pp 271\u2011288.<\/td>\n<\/tr>\n<tr>\n<td style=\"width: 708px;\">Peterson K., 2012. Community Experiences Of Mining in Baker Lake, Nunavut. Master Thesis. guelph, Ontario, Canada, University Of Guelph.<\/td>\n<\/tr>\n<tr>\n<td style=\"width: 708px;\">Ramirez R., 2008. SAS2 Evaluation Report. Guelph, Ontario, Canada, R.R.C. Consulting Guelph University.<\/td>\n<\/tr>\n<tr>\n<td style=\"width: 708px;\">Sharma S., Couturier S., C\u00f4t\u00e9 S.D., 2009. Impacts of climate change on the seasonal distribution of migratory caribou. Global Change Biology,. 15 (10),. pp 2549\u20132562.<\/td>\n<\/tr>\n<tr>\n<td style=\"width: 708px;\">Sharma S., Rees S., 2007. Consideration of the determinants of women\u2019s mental health in remote Australian mining towns. Australian Journal of Rural Health,. 15 (1),. pp 1\u20137.<\/td>\n<\/tr>\n<tr>\n<td style=\"width: 708px;\">Stewart E.J., 2009. Comparing residents attitudes toward tourism: Community-based cases from Arctic Canada. University of Calgary, Clagary, 451 p.<\/td>\n<\/tr>\n<tr>\n<td style=\"width: 708px;\">Tester F.J., Irniq P., 2008. Inuit Qaujimajatuqangit: Social History, Politics and the Practice of Resistance. Arctic,. 61 (suppl. 1),. pp 48\u201361.<\/td>\n<\/tr>\n<tr>\n<td style=\"width: 708px;\">Tester F.J., Kulchyski P., 1994. Tammarniit (Mistakes): Inuit Relocation in the Eastern Arctic 1939-63. Univ of British Columbia Press.<\/td>\n<\/tr>\n<tr>\n<td style=\"width: 708px;\">Therrien M., 1999. Printemps inuit naissance du Nunavut. Montpellier, Indig\u00e8ne.<\/td>\n<\/tr>\n<tr>\n<td style=\"width: 708px;\">Thorpe N.L., 1998. The Hiukitak School of Tuktu: Collecting Inuit Ecological Knowledge of Caribou and Calving Areas Through an Elder-Youth Camp. ARCTIC,. 51 (4),. pp 403\u2011408.<\/td>\n<\/tr>\n<tr>\n<td style=\"width: 708px;\">Torkington A.M., Larkins S., Gupta T.S., 2011. The psychosocial impacts of fly-in fly-out and drive-in drive-out mining on mining employees: A qualitative study. Australian Journal of Rural Health,. 19 (3),. pp 135\u2013141.<\/td>\n<\/tr>\n<tr>\n<td style=\"width: 708px;\">Tyler N.J.C., Turi J.M., Sundset M.A., et al., 2007. Saami reindeer pastoralism under climate change: Applying a generalized framework for vulnerability studies to a sub-arctic social\u2013ecological system. Global Environmental Change,. 17 (2),. pp 191\u2011206.<\/td>\n<\/tr>\n<tr>\n<td style=\"width: 708px;\">Vistnes I., Nellemann C., 2008. The matter of spatial and temporal scales: a review of reindeer and caribou response to human activity. Polar Biology,. 31 ,. pp 399\u2011407.<\/td>\n<\/tr>\n<tr>\n<td style=\"width: 708px;\">Waaub J.-P., Bouvier de Candia A.-L., Gagnon C., et al., 2009. Analyse des impacts sociaux, culturels et \u00e9conomiques des grands projets miniers au Canada pour la p\u00e9riode de 1993 \u00e0 2007. p. Colloque,.<\/td>\n<\/tr>\n<tr>\n<td style=\"width: 708px;\">Webster D.K., 1999. Harvaqtuurmiut Heritage: The Heritage of the Inuit of the Lower Kazan River. Inuit Heritage Centre, 100 p.<\/td>\n<\/tr>\n<tr>\n<td style=\"width: 708px;\">Weir J.N., Mahoney S.P., McLaren B., et al., 2007. Effects of Mine Development on Woodland Caribou Rangifer Tarandus Distribution. Wildlife Biology,. 13 (1),. pp 66\u201174.<\/td>\n<\/tr>\n<tr>\n<td style=\"width: 708px;\">Wolfe S.A., Griffith B., Wolfe C.A.G., 2000. Response of reindeer and caribou to human activities. Polar Research,. 19 (1),. pp 63\u201373.<\/td>\n<\/tr>\n<\/tbody>\n<\/table>\n<p>&nbsp;<\/p>\n","protected":false},"excerpt":{"rendered":"<p>Articles from the journal Etudes Inuit Studies : https:\/\/www.jstor.org\/stable\/i24367207 Bibliography : ACIA &#8211; Arctic Climate impact Assessment, 2005. ACIA Scientific Report. United States of America, Cambridge University Press, 1042 p&#8230;. <\/p>\n","protected":false},"author":1,"featured_media":0,"parent":0,"menu_order":0,"comment_status":"closed","ping_status":"closed","template":"page-templates\/fullwidth.php","meta":{"jetpack_post_was_ever_published":false,"footnotes":""},"class_list":["post-208","page","type-page","status-publish","hentry"],"jetpack_sharing_enabled":true,"jetpack_shortlink":"https:\/\/wp.me\/P9ipB1-3m","jetpack_likes_enabled":true,"jetpack-related-posts":[],"_links":{"self":[{"href":"https:\/\/websie.cefe.cnrs.fr\/tuktu\/wp-json\/wp\/v2\/pages\/208","targetHints":{"allow":["GET"]}}],"collection":[{"href":"https:\/\/websie.cefe.cnrs.fr\/tuktu\/wp-json\/wp\/v2\/pages"}],"about":[{"href":"https:\/\/websie.cefe.cnrs.fr\/tuktu\/wp-json\/wp\/v2\/types\/page"}],"author":[{"embeddable":true,"href":"https:\/\/websie.cefe.cnrs.fr\/tuktu\/wp-json\/wp\/v2\/users\/1"}],"replies":[{"embeddable":true,"href":"https:\/\/websie.cefe.cnrs.fr\/tuktu\/wp-json\/wp\/v2\/comments?post=208"}],"version-history":[{"count":8,"href":"https:\/\/websie.cefe.cnrs.fr\/tuktu\/wp-json\/wp\/v2\/pages\/208\/revisions"}],"predecessor-version":[{"id":770,"href":"https:\/\/websie.cefe.cnrs.fr\/tuktu\/wp-json\/wp\/v2\/pages\/208\/revisions\/770"}],"wp:attachment":[{"href":"https:\/\/websie.cefe.cnrs.fr\/tuktu\/wp-json\/wp\/v2\/media?parent=208"}],"curies":[{"name":"wp","href":"https:\/\/api.w.org\/{rel}","templated":true}]}}