{"id":388,"date":"2020-10-27T14:01:53","date_gmt":"2020-10-27T13:01:53","guid":{"rendered":"https:\/\/websie.cefe.cnrs.fr\/sylvieblangy\/?page_id=388"},"modified":"2020-11-16T16:43:14","modified_gmt":"2020-11-16T15:43:14","slug":"books-book-chapters-guides-special-issues","status":"publish","type":"page","link":"https:\/\/websie.cefe.cnrs.fr\/sylvieblangy\/books-book-chapters-guides-special-issues\/","title":{"rendered":"Books, book chapters, guides, special issues"},"content":{"rendered":"\t\t<div data-elementor-type=\"wp-page\" data-elementor-id=\"388\" class=\"elementor elementor-388\">\n\t\t\t\t\t\t<section class=\"elementor-section elementor-top-section elementor-element elementor-element-495e2146 elementor-section-boxed elementor-section-height-default elementor-section-height-default\" data-id=\"495e2146\" data-element_type=\"section\" data-settings=\"{&quot;background_background&quot;:&quot;gradient&quot;}\">\n\t\t\t\t\t\t\t<div class=\"elementor-background-overlay\"><\/div>\n\t\t\t\t\t\t\t<div class=\"elementor-container elementor-column-gap-default\">\n\t\t\t\t\t<div class=\"elementor-column elementor-col-100 elementor-top-column elementor-element elementor-element-4757583\" data-id=\"4757583\" data-element_type=\"column\">\n\t\t\t<div class=\"elementor-widget-wrap elementor-element-populated\">\n\t\t\t\t\t\t<div class=\"elementor-element elementor-element-3bf7a670 elementor-widget elementor-widget-heading\" data-id=\"3bf7a670\" data-element_type=\"widget\" data-widget_type=\"heading.default\">\n\t\t\t\t<div class=\"elementor-widget-container\">\n\t\t\t\t\t<h2 class=\"elementor-heading-title elementor-size-default\"><b>Publications<\/b><\/h2>\t\t\t\t<\/div>\n\t\t\t\t<\/div>\n\t\t\t\t\t<\/div>\n\t\t<\/div>\n\t\t\t\t\t<\/div>\n\t\t<\/section>\n\t\t\t\t<section class=\"elementor-section elementor-top-section elementor-element elementor-element-cb7690b elementor-section-boxed elementor-section-height-default elementor-section-height-default\" data-id=\"cb7690b\" data-element_type=\"section\">\n\t\t\t\t\t\t<div class=\"elementor-container elementor-column-gap-default\">\n\t\t\t\t\t<div class=\"elementor-column elementor-col-100 elementor-top-column elementor-element elementor-element-d036295\" data-id=\"d036295\" data-element_type=\"column\">\n\t\t\t<div class=\"elementor-widget-wrap elementor-element-populated\">\n\t\t\t\t\t\t<div class=\"elementor-element elementor-element-855fd73 elementor-widget elementor-widget-spacer\" data-id=\"855fd73\" data-element_type=\"widget\" data-widget_type=\"spacer.default\">\n\t\t\t\t<div class=\"elementor-widget-container\">\n\t\t\t\t\t\t\t<div class=\"elementor-spacer\">\n\t\t\t<div class=\"elementor-spacer-inner\"><\/div>\n\t\t<\/div>\n\t\t\t\t\t\t<\/div>\n\t\t\t\t<\/div>\n\t\t\t\t<div class=\"elementor-element elementor-element-9d78d39 elementor-widget elementor-widget-heading\" data-id=\"9d78d39\" data-element_type=\"widget\" data-widget_type=\"heading.default\">\n\t\t\t\t<div class=\"elementor-widget-container\">\n\t\t\t\t\t<h2 class=\"elementor-heading-title elementor-size-default\">Books, book chapters, guides, special issues and monographs (14)<\/h2>\t\t\t\t<\/div>\n\t\t\t\t<\/div>\n\t\t\t\t\t<\/div>\n\t\t<\/div>\n\t\t\t\t\t<\/div>\n\t\t<\/section>\n\t\t\t\t<section class=\"elementor-section elementor-top-section elementor-element elementor-element-65f350f elementor-section-boxed elementor-section-height-default elementor-section-height-default\" data-id=\"65f350f\" data-element_type=\"section\">\n\t\t\t\t\t\t<div class=\"elementor-container elementor-column-gap-default\">\n\t\t\t\t\t<div class=\"elementor-column elementor-col-100 elementor-top-column elementor-element elementor-element-0bb907e\" data-id=\"0bb907e\" data-element_type=\"column\">\n\t\t\t<div class=\"elementor-widget-wrap elementor-element-populated\">\n\t\t\t\t\t\t<div class=\"elementor-element elementor-element-16472ef elementor-widget elementor-widget-text-editor\" data-id=\"16472ef\" data-element_type=\"widget\" data-widget_type=\"text-editor.default\">\n\t\t\t\t<div class=\"elementor-widget-container\">\n\t\t\t\t\t\t\t\t\t<ul><li><b>Blangy, S.<\/b><span style=\"font-weight: 400;\"> 2017. <\/span><i><span style=\"font-weight: 400;\">Co-construire le tourisme autochtone par la recherche action participative et les technologies de l\u2019information. Une nouvelle approche de la gestion des ressources et des territoires<\/span><\/i><span style=\"font-weight: 400;\">. <\/span><b>L\u2019HARMATTAN.<\/b><span style=\"font-weight: 400;\"> ISBN: 978-2-343-05506-0. 664\u00a0pages.\u00a0<\/span><\/li><li><span style=\"font-weight: 400;\"> Czyzewski, Tester, Aaruaq, and<\/span><b> Blangy, S. <\/b><span style=\"font-weight: 400;\">2015. <\/span><i><span style=\"font-weight: 400;\">The Impact of Resource Extraction on Inuit Women and Families in Qamani\u2019tuaq, Nunavut Territory<\/span><\/i><span style=\"font-weight: 400;\">. <\/span><b>PAUKTUUTIT INUIT WOMEN OF CANADA.<\/b><\/li><li><b>Blangy, Sylvie<\/b><span style=\"font-weight: 400;\"> and Tester, Frank, guest editors. 2013. <\/span><i><span style=\"font-weight: 400;\">D\u00e9veloppement industriel et impacts miniers. Industrial development and mining impacts<\/span><\/i><span style=\"font-weight: 400;\">. Special issue <\/span><b>\u00c9TUDES INUIT STUDIES<\/b><span style=\"font-weight: 400;\"> 37(1).<\/span><\/li><li><b>Blangy, S.,<\/b><span style=\"font-weight: 400;\"> Germain, K. and Archambault, M. 2011. <\/span><i><span style=\"font-weight: 400;\">Strat\u00e9gies d\u2019adaptation aux changements climatiques pour l\u2019industrie touristique qu\u00e9b\u00e9coise &#8211; synth\u00e8se des cinq ateliers sectoriels et r\u00e9gionaux<\/span><\/i><span style=\"font-weight: 400;\">. Montr\u00e9al: <\/span><b>CHAIRE DE TOURISME TRANSAT ESG UQAM. OURANOS<\/b><span style=\"font-weight: 400;\">. 76 p. <\/span><a href=\"https:\/\/chairedetourisme.uqam.ca\/upload\/files\/ateliers_rapport_dec2011.pdf\"><span style=\"font-weight: 400;\">https:\/\/chairedetourisme.uqam.ca\/upload\/files\/ateliers_rapport_dec2011.pdf<\/span><\/a><\/li><li><b> <\/b><span style=\"font-weight: 400;\">Bhiry, N.,<\/span><b> Blangy, S., <\/b><span style=\"font-weight: 400;\">Crubezy, E., Marguerie, D., Marty, M.-T<\/span><b>. <\/b><span style=\"font-weight: 400;\">2011. <\/span><i><span style=\"font-weight: 400;\">Sur les traces de l&rsquo;homme<\/span><\/i><span style=\"font-weight: 400;\">. In <\/span><b>MONDES POLAIRES: HOMMES ET BIODIVERSITES, DES DEFIS POUR LA SCIENCE <\/b><span style=\"font-weight: 400;\">(Raccurt M. &amp; Chenorkian R., Eds.), CNRS; Cherche-Midi, Paris, pp. 147\u2013159.<\/span><\/li><li><span style=\"font-weight: 400;\"> Blangy, S. 2010. <\/span><i><span style=\"font-weight: 400;\">Co-construire le tourisme autochtone par la recherche action participative et les technologies de l\u2019information. Une nouvelle approche de la gestion des ressources et des territoires<\/span><\/i><span style=\"font-weight: 400;\">. PhD thesis in geography and development. University of Montpellier III, Paul Val\u00e9ry, France. (Honours). 30 Sept. 2010.\u00a0<\/span><\/li><li><b>Blangy, S.,<\/b><span style=\"font-weight: 400;\"> Lemelin, H.R. guest editors, June 2009. Special issue on Aboriginal Ecotourism in <\/span><b>THE JOURNAL OF ECOTOURISM<\/b><span style=\"font-weight: 400;\">. Double volume.\u00a0<\/span><\/li><li><span style=\"font-weight: 400;\"> Chevalier, J., Buckles, D.,<\/span><b> Blangy, S., <\/b><span style=\"font-weight: 400;\">Larose-Chevalier, Z.<\/span> <span style=\"font-weight: 400;\">2009. <\/span><i><span style=\"font-weight: 400;\">Community-based tourism: COTA (Cree Outfitting and Tourism Association) facilitation manual and tool kit<\/span><\/i><span style=\"font-weight: 400;\">. In <\/span><b>DIALOGUE- SAS2 INTERNATIONAL<\/b><i><span style=\"font-weight: 400;\"> &amp; COTA (Cree Outfitting and Tourism Association.<\/span><\/i><span style=\"font-weight: 400;\"> SAS2 Dialogue publication. 31 pp.<\/span><\/li><li><span style=\"font-weight: 400;\"> Blangy, S.<\/span> <span style=\"font-weight: 400;\">2009. <\/span><i><span style=\"font-weight: 400;\">Aboriginal Ecotourism: 200 case studies<\/span><\/i><span style=\"font-weight: 400;\">. E-Book online. <\/span><a href=\"http:\/\/www.aboriginal-ecotourism.org\/\"><span style=\"font-weight: 400;\">http:\/\/www.aboriginal-ecotourism.org<\/span><\/a><span style=\"font-weight: 400;\">. <\/span><a href=\"http:\/\/aborinet.cefe.cnrs.fr\"><span style=\"font-weight: 400;\">http:\/\/aborinet.cefe.cnrs.fr<\/span><\/a><\/li><li><span style=\"font-weight: 400;\"> Blangy, S, 2006. <\/span><i><span style=\"font-weight: 400;\">Le Guide Des Destinations Indig\u00e8nes<\/span><\/i><span style=\"font-weight: 400;\">, INDIGENE EDITIONS, Collection Indig\u00e8ne Esprit. 384 pp. <\/span><a href=\"https:\/\/indigene-editions.fr\/le-guide-des-destinations-indigenes\/\"><span style=\"font-weight: 400;\">https:\/\/indigene-editions.fr\/le-guide-des-destinations-indigenes\/<\/span><\/a><span style=\"font-weight: 400;\"> ISBN 2-911939-53-0.<\/span><\/li><li><span style=\"font-weight: 400;\"> Blangy, S., G. Dubois, F. Kouchner. 2002. <\/span><i><span style=\"font-weight: 400;\">Ecotourisme, Exp\u00e9riences fran\u00e7aises<\/span><\/i><span style=\"font-weight: 400;\">, AGENCE FRANCAISE DE L\u2019INGENIERIE TOURISTIQUE, Direction du Tourisme, In Les Cahiers de l\u2019AFIT, 94 pp, Guide de Savoir Faire.<\/span><\/li><li><span style=\"font-weight: 400;\"> Blangy, S., M. Wendenbaum, SECA, 2002. <\/span><i><span style=\"font-weight: 400;\">Le march\u00e9 de l\u2019Ecotourisme en France,<\/span><\/i><span style=\"font-weight: 400;\"> WORLD TOURISM ORGANISATION. Publications: <\/span><a href=\"http:\/\/pub.world-tourism.org:81\/epages\/Store.sf\/?ObjectPath=\/Shops\/Infoshop\/Products\/1253\/SubProducts\/1253-1\"><span style=\"font-weight: 400;\">http:\/\/pub.world-tourism.org:81\/epages\/Store.sf\/?ObjectPath=\/Shops\/Infoshop\/Products\/1253\/SubProducts\/1253-1<\/span><\/a><\/li><li><span style=\"font-weight: 400;\"> Blangy, S., SECA, 2000. <\/span><i><span style=\"font-weight: 400;\">Sustainable Tourism and Natura 2000, Initiatives, guidelines, and good practices<\/span><\/i><span style=\"font-weight: 400;\">. <\/span><b>EUROPEAN UNION, DG ENVIRONMENT PUBLICATIONS OFFICE<\/b><span style=\"font-weight: 400;\">. 68 pp. <\/span><a href=\"http:\/\/ec.europa.eu\/environment\/nature\/nature_conservation\/useful_info\/documents_publications\/pdf\/sust_tourism.pdf\"><span style=\"font-weight: 400;\">http:\/\/ec.europa.eu\/environment\/nature\/nature_conservation\/useful_info\/documents_publications\/pdf\/sust_tourism.pdf<\/span><\/a><\/li><li><span style=\"font-weight: 400;\">2<\/span><b>. <\/b><span style=\"font-weight: 400;\">Blangy, S., 1993. <\/span><i><span style=\"font-weight: 400;\">L\u2019Ecotourisme dans le monde, Tourisme et Environnement<\/span><\/i><span style=\"font-weight: 400;\">; <\/span><i><span style=\"font-weight: 400;\">du Tourisme Nature \u00e0 l\u2019Ecotourisme<\/span><\/i><span style=\"font-weight: 400;\">, 254 p., guest coordinator and editor of the special issue <\/span><b>ESPACES,<\/b><span style=\"font-weight: 400;\"> SARL E.T.E., Paris.\u00a0<\/span><\/li><li><span style=\"font-weight: 400;\"> Blangy, S. &amp; M. Machado, &amp; M.M. Mota. 1994. <\/span><i><span style=\"font-weight: 400;\">Diagnostico de Situacion de las Islas Gal\u00e1pagos y Recommendaciones para su Gestion<\/span><\/i><span style=\"font-weight: 400;\">, <\/span><i><span style=\"font-weight: 400;\">Republica de Ecuador<\/span><\/i><span style=\"font-weight: 400;\">, Publications office of <\/span><b>EUROPEAN UNION, DG EXTERNAL ECONOMIC RELATIONS,<\/b><span style=\"font-weight: 400;\"> Brussels, 187 pp.<\/span><\/li><\/ul>\t\t\t\t\t\t\t\t<\/div>\n\t\t\t\t<\/div>\n\t\t\t\t\t<\/div>\n\t\t<\/div>\n\t\t\t\t\t<\/div>\n\t\t<\/section>\n\t\t\t\t<\/div>\n\t\t","protected":false},"excerpt":{"rendered":"<p>Publications Books, book chapters, guides, special issues and monographs (14) Blangy, S. 2017. Co-construire le tourisme autochtone par la recherche action participative et les technologies de l\u2019information. Une nouvelle approche de la gestion des ressources et des territoires. L\u2019HARMATTAN. ISBN: 978-2-343-05506-0. 664\u00a0pages.\u00a0 Czyzewski, Tester, Aaruaq, and Blangy, S. 2015. The Impact of Resource Extraction on [&hellip;]<\/p>\n","protected":false},"author":1,"featured_media":0,"parent":0,"menu_order":0,"comment_status":"closed","ping_status":"closed","template":"","meta":{"site-sidebar-layout":"no-sidebar","site-content-layout":"page-builder","ast-site-content-layout":"default","site-content-style":"default","site-sidebar-style":"default","ast-global-header-display":"","ast-banner-title-visibility":"","ast-main-header-display":"","ast-hfb-above-header-display":"","ast-hfb-below-header-display":"","ast-hfb-mobile-header-display":"","site-post-title":"disabled","ast-breadcrumbs-content":"","ast-featured-img":"disabled","footer-sml-layout":"","ast-disable-related-posts":"","theme-transparent-header-meta":"default","adv-header-id-meta":"","stick-header-meta":"","header-above-stick-meta":"","header-main-stick-meta":"","header-below-stick-meta":"","astra-migrate-meta-layouts":"default","ast-page-background-enabled":"default","ast-page-background-meta":{"desktop":{"background-color":"","background-image":"","background-repeat":"repeat","background-position":"center center","background-size":"auto","background-attachment":"scroll","background-type":"","background-media":"","overlay-type":"","overlay-color":"","overlay-opacity":"","overlay-gradient":""},"tablet":{"background-color":"","background-image":"","background-repeat":"repeat","background-position":"center center","background-size":"auto","background-attachment":"scroll","background-type":"","background-media":"","overlay-type":"","overlay-color":"","overlay-opacity":"","overlay-gradient":""},"mobile":{"background-color":"","background-image":"","background-repeat":"repeat","background-position":"center center","background-size":"auto","background-attachment":"scroll","background-type":"","background-media":"","overlay-type":"","overlay-color":"","overlay-opacity":"","overlay-gradient":""}},"ast-content-background-meta":{"desktop":{"background-color":"var(--ast-global-color-5)","background-image":"","background-repeat":"repeat","background-position":"center center","background-size":"auto","background-attachment":"scroll","background-type":"","background-media":"","overlay-type":"","overlay-color":"","overlay-opacity":"","overlay-gradient":""},"tablet":{"background-color":"var(--ast-global-color-5)","background-image":"","background-repeat":"repeat","background-position":"center center","background-size":"auto","background-attachment":"scroll","background-type":"","background-media":"","overlay-type":"","overlay-color":"","overlay-opacity":"","overlay-gradient":""},"mobile":{"background-color":"var(--ast-global-color-5)","background-image":"","background-repeat":"repeat","background-position":"center center","background-size":"auto","background-attachment":"scroll","background-type":"","background-media":"","overlay-type":"","overlay-color":"","overlay-opacity":"","overlay-gradient":""}},"footnotes":""},"class_list":["post-388","page","type-page","status-publish","hentry"],"_links":{"self":[{"href":"https:\/\/websie.cefe.cnrs.fr\/sylvieblangy\/wp-json\/wp\/v2\/pages\/388","targetHints":{"allow":["GET"]}}],"collection":[{"href":"https:\/\/websie.cefe.cnrs.fr\/sylvieblangy\/wp-json\/wp\/v2\/pages"}],"about":[{"href":"https:\/\/websie.cefe.cnrs.fr\/sylvieblangy\/wp-json\/wp\/v2\/types\/page"}],"author":[{"embeddable":true,"href":"https:\/\/websie.cefe.cnrs.fr\/sylvieblangy\/wp-json\/wp\/v2\/users\/1"}],"replies":[{"embeddable":true,"href":"https:\/\/websie.cefe.cnrs.fr\/sylvieblangy\/wp-json\/wp\/v2\/comments?post=388"}],"version-history":[{"count":6,"href":"https:\/\/websie.cefe.cnrs.fr\/sylvieblangy\/wp-json\/wp\/v2\/pages\/388\/revisions"}],"predecessor-version":[{"id":497,"href":"https:\/\/websie.cefe.cnrs.fr\/sylvieblangy\/wp-json\/wp\/v2\/pages\/388\/revisions\/497"}],"wp:attachment":[{"href":"https:\/\/websie.cefe.cnrs.fr\/sylvieblangy\/wp-json\/wp\/v2\/media?parent=388"}],"curies":[{"name":"wp","href":"https:\/\/api.w.org\/{rel}","templated":true}]}}