{"id":264,"date":"2020-10-26T11:06:02","date_gmt":"2020-10-26T10:06:02","guid":{"rendered":"https:\/\/websie.cefe.cnrs.fr\/sylvieblangy\/?page_id=264"},"modified":"2020-11-16T16:10:55","modified_gmt":"2020-11-16T15:10:55","slug":"teaching-training","status":"publish","type":"page","link":"https:\/\/websie.cefe.cnrs.fr\/sylvieblangy\/teaching-training\/","title":{"rendered":"Teaching &#038; training"},"content":{"rendered":"\t\t<div data-elementor-type=\"wp-page\" data-elementor-id=\"264\" class=\"elementor elementor-264\">\n\t\t\t\t\t\t<section class=\"elementor-section elementor-top-section elementor-element elementor-element-70ea6c46 elementor-section-boxed elementor-section-height-default elementor-section-height-default\" data-id=\"70ea6c46\" data-element_type=\"section\" data-settings=\"{&quot;background_background&quot;:&quot;gradient&quot;}\">\n\t\t\t\t\t\t\t<div class=\"elementor-background-overlay\"><\/div>\n\t\t\t\t\t\t\t<div class=\"elementor-container elementor-column-gap-default\">\n\t\t\t\t\t<div class=\"elementor-column elementor-col-100 elementor-top-column elementor-element elementor-element-73970683\" data-id=\"73970683\" data-element_type=\"column\">\n\t\t\t<div class=\"elementor-widget-wrap elementor-element-populated\">\n\t\t\t\t\t\t<div class=\"elementor-element elementor-element-4cdf3448 elementor-widget elementor-widget-heading\" data-id=\"4cdf3448\" data-element_type=\"widget\" data-widget_type=\"heading.default\">\n\t\t\t\t<div class=\"elementor-widget-container\">\n\t\t\t\t\t<h2 class=\"elementor-heading-title elementor-size-default\"><b>teaching and training<\/b><\/h2>\t\t\t\t<\/div>\n\t\t\t\t<\/div>\n\t\t\t\t\t<\/div>\n\t\t<\/div>\n\t\t\t\t\t<\/div>\n\t\t<\/section>\n\t\t\t\t<section class=\"elementor-section elementor-top-section elementor-element elementor-element-42ef360 elementor-section-boxed elementor-section-height-default elementor-section-height-default\" data-id=\"42ef360\" data-element_type=\"section\">\n\t\t\t\t\t\t<div class=\"elementor-container elementor-column-gap-default\">\n\t\t\t\t\t<div class=\"elementor-column elementor-col-100 elementor-top-column elementor-element elementor-element-2314791\" data-id=\"2314791\" data-element_type=\"column\">\n\t\t\t<div class=\"elementor-widget-wrap elementor-element-populated\">\n\t\t\t\t\t\t<div class=\"elementor-element elementor-element-ba56e7b elementor-widget elementor-widget-spacer\" data-id=\"ba56e7b\" data-element_type=\"widget\" data-widget_type=\"spacer.default\">\n\t\t\t\t<div class=\"elementor-widget-container\">\n\t\t\t\t\t\t\t<div class=\"elementor-spacer\">\n\t\t\t<div class=\"elementor-spacer-inner\"><\/div>\n\t\t<\/div>\n\t\t\t\t\t\t<\/div>\n\t\t\t\t<\/div>\n\t\t\t\t\t<\/div>\n\t\t<\/div>\n\t\t\t\t\t<\/div>\n\t\t<\/section>\n\t\t\t\t<section class=\"elementor-section elementor-top-section elementor-element elementor-element-e44948f elementor-section-boxed elementor-section-height-default elementor-section-height-default\" data-id=\"e44948f\" data-element_type=\"section\">\n\t\t\t\t\t\t<div class=\"elementor-container elementor-column-gap-default\">\n\t\t\t\t\t<div class=\"elementor-column elementor-col-100 elementor-top-column elementor-element elementor-element-ddf0f50\" data-id=\"ddf0f50\" data-element_type=\"column\">\n\t\t\t<div class=\"elementor-widget-wrap elementor-element-populated\">\n\t\t\t\t\t\t<div class=\"elementor-element elementor-element-ff9a958 elementor-widget elementor-widget-heading\" data-id=\"ff9a958\" data-element_type=\"widget\" data-widget_type=\"heading.default\">\n\t\t\t\t<div class=\"elementor-widget-container\">\n\t\t\t\t\t<h2 class=\"elementor-heading-title elementor-size-default\">Teaching<\/h2>\t\t\t\t<\/div>\n\t\t\t\t<\/div>\n\t\t\t\t\t<\/div>\n\t\t<\/div>\n\t\t\t\t\t<\/div>\n\t\t<\/section>\n\t\t\t\t<section class=\"elementor-section elementor-top-section elementor-element elementor-element-d1be1b7 elementor-section-boxed elementor-section-height-default elementor-section-height-default\" data-id=\"d1be1b7\" data-element_type=\"section\">\n\t\t\t\t\t\t<div class=\"elementor-container elementor-column-gap-default\">\n\t\t\t\t\t<div class=\"elementor-column elementor-col-100 elementor-top-column elementor-element elementor-element-1503d41\" data-id=\"1503d41\" data-element_type=\"column\">\n\t\t\t<div class=\"elementor-widget-wrap elementor-element-populated\">\n\t\t\t\t\t\t<div class=\"elementor-element elementor-element-7604eb6 elementor-widget elementor-widget-text-editor\" data-id=\"7604eb6\" data-element_type=\"widget\" data-widget_type=\"text-editor.default\">\n\t\t\t\t<div class=\"elementor-widget-container\">\n\t\t\t\t\t\t\t\t\t<p><span style=\"font-weight: 400;\">Date \/ place<\/span> <span style=\"font-weight: 400;\">: <\/span> <span style=\"font-weight: 400;\">2003\u20132010 \/<\/span> <span style=\"font-weight: 400;\">France, Canada, United States<\/span><\/p><p><b>Employer<\/b> <span style=\"font-weight: 400;\">:<\/span> <b>9 universities and institutes of advanced education<\/b><span style=\"font-weight: 400;\">\u00a0<\/span><\/p><p><span style=\"font-weight: 400;\">UQAM, Montreal; University of Montpellier III (humanities) and Montpellier II (sciences); University of Perpignan (hotel industry, tourism); SupAgro Montpellier (School of Agricultural Engineering and Agronomy); ESSEC Business School; Carleton University (geography); University of Wisconsin\u2013Madison (biology)<\/span><\/p><p><b>Position <\/b><span style=\"font-weight: 400;\">:<\/span> <span style=\"font-weight: 400;\">Associate professor<\/span><\/p><p><b>Description<i>\u00a0<\/i><\/b> <span style=\"font-weight: 400;\">:<\/span> <span style=\"font-weight: 400;\">Contributed to creating a Master\u2019s degree in ecotourism at the University of Montpellier III. Drafted initial model, found speakers and taught for three years (60 hours). Supervised students on internships (5). Taught in parallel at two other universities (Montpellier II) and Perpignan (45 hours) and three institutes of advanced education (SupAgro Montpellier, ESSEC Business School) (25 hours). Coordinated unit on biodiversity in the Master\u2019s on Ecological Engineering and Biodiversity Management at the University of Montpellier II for two years (60 hours). Seminars at Carleton University and UQAM in Canada and the University of Wisconsin\u2013Madison in the United States (30 hours). As a consultant, organized several training seminars for government officials (Guadeloupe\/ecolabelling, Cameroon\/ecotourism strategy, France\/development of ecotourism offers for the Technical Workshop for Natural Areas and the network of French Protected Areas, Morocco\/Protected areas manual for the National Forestry Engineering School).\u00a0<\/span><\/p>\t\t\t\t\t\t\t\t<\/div>\n\t\t\t\t<\/div>\n\t\t\t\t\t<\/div>\n\t\t<\/div>\n\t\t\t\t\t<\/div>\n\t\t<\/section>\n\t\t\t\t<section class=\"elementor-section elementor-top-section elementor-element elementor-element-a6deb30 elementor-section-boxed elementor-section-height-default elementor-section-height-default\" data-id=\"a6deb30\" data-element_type=\"section\">\n\t\t\t\t\t\t<div class=\"elementor-container elementor-column-gap-default\">\n\t\t\t\t\t<div class=\"elementor-column elementor-col-100 elementor-top-column elementor-element elementor-element-fb196fa\" data-id=\"fb196fa\" data-element_type=\"column\">\n\t\t\t<div class=\"elementor-widget-wrap elementor-element-populated\">\n\t\t\t\t\t\t<div class=\"elementor-element elementor-element-9fed958 elementor-widget elementor-widget-spacer\" data-id=\"9fed958\" data-element_type=\"widget\" data-widget_type=\"spacer.default\">\n\t\t\t\t<div class=\"elementor-widget-container\">\n\t\t\t\t\t\t\t<div class=\"elementor-spacer\">\n\t\t\t<div class=\"elementor-spacer-inner\"><\/div>\n\t\t<\/div>\n\t\t\t\t\t\t<\/div>\n\t\t\t\t<\/div>\n\t\t\t\t\t<\/div>\n\t\t<\/div>\n\t\t\t\t\t<\/div>\n\t\t<\/section>\n\t\t\t\t<section class=\"elementor-section elementor-top-section elementor-element elementor-element-7b1c8f4 elementor-section-boxed elementor-section-height-default elementor-section-height-default\" data-id=\"7b1c8f4\" data-element_type=\"section\">\n\t\t\t\t\t\t<div class=\"elementor-container elementor-column-gap-default\">\n\t\t\t\t\t<div class=\"elementor-column elementor-col-100 elementor-top-column elementor-element elementor-element-1e029b5\" data-id=\"1e029b5\" data-element_type=\"column\">\n\t\t\t<div class=\"elementor-widget-wrap elementor-element-populated\">\n\t\t\t\t\t\t<div class=\"elementor-element elementor-element-f766dd2 elementor-widget elementor-widget-heading\" data-id=\"f766dd2\" data-element_type=\"widget\" data-widget_type=\"heading.default\">\n\t\t\t\t<div class=\"elementor-widget-container\">\n\t\t\t\t\t<h2 class=\"elementor-heading-title elementor-size-default\">Supervision of students (since 2011)<\/h2>\t\t\t\t<\/div>\n\t\t\t\t<\/div>\n\t\t\t\t\t<\/div>\n\t\t<\/div>\n\t\t\t\t\t<\/div>\n\t\t<\/section>\n\t\t\t\t<section class=\"elementor-section elementor-top-section elementor-element elementor-element-60052ba elementor-section-boxed elementor-section-height-default elementor-section-height-default\" data-id=\"60052ba\" data-element_type=\"section\">\n\t\t\t\t\t\t<div class=\"elementor-container elementor-column-gap-default\">\n\t\t\t\t\t<div class=\"elementor-column elementor-col-100 elementor-top-column elementor-element elementor-element-7c78310\" data-id=\"7c78310\" data-element_type=\"column\">\n\t\t\t<div class=\"elementor-widget-wrap elementor-element-populated\">\n\t\t\t\t\t\t<div class=\"elementor-element elementor-element-e7c480c elementor-widget elementor-widget-heading\" data-id=\"e7c480c\" data-element_type=\"widget\" data-widget_type=\"heading.default\">\n\t\t\t\t<div class=\"elementor-widget-container\">\n\t\t\t\t\t<h5 class=\"elementor-heading-title elementor-size-default\">Doctorate students (1)<\/h5>\t\t\t\t<\/div>\n\t\t\t\t<\/div>\n\t\t\t\t<div class=\"elementor-element elementor-element-fae18dc elementor-widget elementor-widget-text-editor\" data-id=\"fae18dc\" data-element_type=\"widget\" data-widget_type=\"text-editor.default\">\n\t\t\t\t<div class=\"elementor-widget-container\">\n\t\t\t\t\t\t\t\t\t<p><b>Annie Lamalice <\/b><span style=\"font-weight: 400;\">2015\u20132019.<\/span> <span style=\"font-weight: 400;\">FRQ grant. CRSH. OHMI Nunavik. Food security and Arctic agriculture in Nunavik. Co-supervision with Thora Hermann, geography professor at the Universit\u00e9 du Qu\u00e9bec \u00e0 Montr\u00e9al.<\/span><\/p>\t\t\t\t\t\t\t\t<\/div>\n\t\t\t\t<\/div>\n\t\t\t\t\t<\/div>\n\t\t<\/div>\n\t\t\t\t\t<\/div>\n\t\t<\/section>\n\t\t\t\t<section class=\"elementor-section elementor-top-section elementor-element elementor-element-6c0c6d9 elementor-section-boxed elementor-section-height-default elementor-section-height-default\" data-id=\"6c0c6d9\" data-element_type=\"section\">\n\t\t\t\t\t\t<div class=\"elementor-container elementor-column-gap-default\">\n\t\t\t\t\t<div class=\"elementor-column elementor-col-100 elementor-top-column elementor-element elementor-element-59ace8e\" data-id=\"59ace8e\" data-element_type=\"column\">\n\t\t\t<div class=\"elementor-widget-wrap elementor-element-populated\">\n\t\t\t\t\t\t<div class=\"elementor-element elementor-element-da3581d elementor-widget elementor-widget-heading\" data-id=\"da3581d\" data-element_type=\"widget\" data-widget_type=\"heading.default\">\n\t\t\t\t<div class=\"elementor-widget-container\">\n\t\t\t\t\t<h5 class=\"elementor-heading-title elementor-size-default\">Master\u2019s and gap years (13)\n<\/h5>\t\t\t\t<\/div>\n\t\t\t\t<\/div>\n\t\t\t\t<div class=\"elementor-element elementor-element-e82c3ad elementor-widget elementor-widget-text-editor\" data-id=\"e82c3ad\" data-element_type=\"widget\" data-widget_type=\"text-editor.default\">\n\t\t\t\t<div class=\"elementor-widget-container\">\n\t\t\t\t\t\t\t\t\t<ul><li><b>Audrey Ballery <\/b><span style=\"font-weight: 400;\">2019. AgroParisTech school of agricultural engineering. Participatory action research.<\/span><\/li><li><b>Emilie Dias <\/b><span style=\"font-weight: 400;\">2019. Master\u2019s in Man and Biosphere (MAB). University of Toulouse. ACTE CITIN. Citizen participation in the energy transition.<\/span><b>\u00a0<\/b><\/li><li><b>Timoth\u00e9e Cou\u00ebtil <\/b><span style=\"font-weight: 400;\">2017\u20132018. AgroParisTech school of agricultural engineering. TUKTU. IPEV. Mining and caribou.<\/span><b>\u00a0<\/b><\/li><li><b>Valentin Lhoste <\/b><span style=\"font-weight: 400;\">2016\u20132017. SupAgro school of agricultural engineering and agronomy, Montpellier. Institute of Warm Regions (IRC). Gap year.<\/span><\/li><li><b>Adele Boudier <\/b><span style=\"font-weight: 400;\">2016. University of Montpellier III, Paul Val\u00e9ry. Master\u2019s in sustainable tourism and development durable. GDR PARCS. France\/International.<\/span><\/li><li><b>Ana\u00efs Chapot <\/b><span style=\"font-weight: 400;\">2015\u20132016. SupAgro school of agricultural engineering and agronomy. Montpellier. GDR PARCS. France.<\/span><\/li><li><b>C\u00e9cile de S\u00e9rigny <\/b><span style=\"font-weight: 400;\">2016.<\/span> <span style=\"font-weight: 400;\">Master\u2019s in geography at the Universit\u00e9 du Qu\u00e9bec \u00e0 Montr\u00e9al.<\/span><\/li><li><b>Elise Brunel <\/b><span style=\"font-weight: 400;\">2015. Sciences Po Lille. TUKTU. IPEV. Baker Lake, Canada.<\/span><\/li><li><b>Am\u00e9lie Broage <\/b><span style=\"font-weight: 400;\">2015.<\/span> <span style=\"font-weight: 400;\">University of Montpellier III, Paul Val\u00e9ry. Master\u2019s in management of natural catastrophes and risks. TUKTU. IPEV. Saami. Sweden.<\/span><\/li><li><b>Safa Boulaaba <\/b><span style=\"font-weight: 400;\">2015.<\/span> <span style=\"font-weight: 400;\">University of Strasbourg. Master\u2019s in the history and philosophy of science and science outreach. Expertise, Environment, Health. GDR PARCS. France.<\/span><\/li><li><b>Annabel Rixen <\/b><span style=\"font-weight: 400;\">2014. SupAgro school of agricultural engineering and agronomy. Montpellier. Master\u2019s in environmental management of forests. TUKTU. IPEV. Baker Lake, Canada.<\/span><\/li><li><b>Marine Jourdren <\/b><span style=\"font-weight: 400;\">2014. AgroParisTech school of agricultural engineering. Sciences Po Paris. OHMI Nunavik. Raglan mine.<\/span><b>\u00a0<\/b><\/li><li><b>Anna Deffner<\/b><span style=\"font-weight: 400;\"> 2013. SupAgro school of agricultural engineering and agronomy. Montpellier. TUKTU. IPEV. Baker Lake, Canada.<\/span><\/li><\/ul>\t\t\t\t\t\t\t\t<\/div>\n\t\t\t\t<\/div>\n\t\t\t\t\t<\/div>\n\t\t<\/div>\n\t\t\t\t\t<\/div>\n\t\t<\/section>\n\t\t\t\t<section class=\"elementor-section elementor-top-section elementor-element elementor-element-02a9d5d elementor-section-boxed elementor-section-height-default elementor-section-height-default\" data-id=\"02a9d5d\" data-element_type=\"section\">\n\t\t\t\t\t\t<div class=\"elementor-container elementor-column-gap-default\">\n\t\t\t\t\t<div class=\"elementor-column elementor-col-100 elementor-top-column elementor-element elementor-element-54d8649\" data-id=\"54d8649\" data-element_type=\"column\">\n\t\t\t<div class=\"elementor-widget-wrap elementor-element-populated\">\n\t\t\t\t\t\t<div class=\"elementor-element elementor-element-37344cc elementor-widget elementor-widget-heading\" data-id=\"37344cc\" data-element_type=\"widget\" data-widget_type=\"heading.default\">\n\t\t\t\t<div class=\"elementor-widget-container\">\n\t\t\t\t\t<h5 class=\"elementor-heading-title elementor-size-default\">Master\u2019s theses (8)\n<\/h5>\t\t\t\t<\/div>\n\t\t\t\t<\/div>\n\t\t\t\t<div class=\"elementor-element elementor-element-172ff8e elementor-widget elementor-widget-text-editor\" data-id=\"172ff8e\" data-element_type=\"widget\" data-widget_type=\"text-editor.default\">\n\t\t\t\t<div class=\"elementor-widget-container\">\n\t\t\t\t\t\t\t\t\t<ul><li><b>Audrey Ballery (2019). <\/b><i><span style=\"font-weight: 400;\">Leviers et limites de l\u2019approche de la Recherche Action Participative (RAP) pour l\u2019action environnementale des projets rassembl\u00e9s \u00e0 l\u2019\u00c9cole Th\u00e9matique RAP et enjeux 2019<\/span><\/i><span style=\"font-weight: 400;\">. Montpellier SupAgro, Institute of Warm Regions (IRC). Degree in engineering sustainable agricultural and agro-food systems in developing countries (SAADS).<\/span><\/li><li><b>Emilie Dias (2019). <\/b><i><span style=\"font-weight: 400;\">Impact d\u2019une approche de Recherche Action Participative sur l\u2019Appropriation Citoyenne de la Transition Energ\u00e9tique<\/span><\/i><span style=\"font-weight: 400;\">. Montpellier ACTE project. Master\u2019s thesis in Man &amp; Biosphere, University of Toulouse, Paul Sabatier, 138p.<\/span><\/li><li><b>Adele Boudier (2016). <\/b><i><span style=\"font-weight: 400;\">La Place de la Recherche Action Participative dans le tourisme autochtone. Cas d\u2019Etude: GDR PARCS et ABORINET<\/span><\/i><span style=\"font-weight: 400;\">. University of Montpellier III, Paul Val\u00e9ry (humanities). Master\u2019s in sustainable tourism.\u00a0<\/span><\/li><li><b>Safa Boulaaba (2015).<\/b> <i><span style=\"font-weight: 400;\">Recherche Action Participative, Sciences Citoyennes et web 2.0<\/span><\/i><span style=\"font-weight: 400;\">. Master\u2019s thesis in science and society \u2013 history and philosophy of science and science outreach. IRIST. University of Strasbourg.\u00a0<\/span><\/li><li><b>Annabel Rixen<\/b><span style=\"font-weight: 400;\"> (<\/span><b>2014).<\/b> <i><span style=\"font-weight: 400;\">The Future is Mine? Exploring Future Mining Scenarios with the Inuit community of Qamani\u2019tuaq: Expected impacts on well-being and caribou livelihoods<\/span><\/i><span style=\"font-weight: 400;\">. Master\u2019s in environmental management of forests. AgroParisTech.\u00a0<\/span><\/li><li><b>Marine Jourdren<\/b> <b>(2014).<\/b> <i><span style=\"font-weight: 400;\">Cr\u00e9ation d\u2019emplois et contribution des mines au d\u00e9veloppement durable de Kangiqsujuaq, Nunavik. Un d\u00e9veloppement local Nickel?<\/span><\/i><\/li><li><b>Am\u00e9lie Broage<\/b> <b>(2015). <\/b><i><span style=\"font-weight: 400;\">Autochtonie et Gestion Territoriale Moderne. Quel avenir pour le mode de vie des Saami en Su\u00e8de.<\/span><\/i><span style=\"font-weight: 400;\">\u00a0<\/span><\/li><li><b>Anna Deffner\u00a0(2013).<\/b> <i><span style=\"font-weight: 400;\">Impacts du d\u00e9veloppement minier sur les communaut\u00e9s Inuit du Grand Nord canadien. Le cas de Qamani\u2019tuaq (Baker Lake) au Nunavut<\/span><\/i><\/li><\/ul>\t\t\t\t\t\t\t\t<\/div>\n\t\t\t\t<\/div>\n\t\t\t\t\t<\/div>\n\t\t<\/div>\n\t\t\t\t\t<\/div>\n\t\t<\/section>\n\t\t\t\t<\/div>\n\t\t","protected":false},"excerpt":{"rendered":"<p>teaching and training Teaching Date \/ place : 2003\u20132010 \/ France, Canada, United States Employer : 9 universities and institutes of advanced education\u00a0 UQAM, Montreal; University of Montpellier III (humanities) and Montpellier II (sciences); University of Perpignan (hotel industry, tourism); SupAgro Montpellier (School of Agricultural Engineering and Agronomy); ESSEC Business School; Carleton University (geography); University [&hellip;]<\/p>\n","protected":false},"author":1,"featured_media":0,"parent":0,"menu_order":0,"comment_status":"closed","ping_status":"closed","template":"","meta":{"site-sidebar-layout":"no-sidebar","site-content-layout":"page-builder","ast-site-content-layout":"default","site-content-style":"default","site-sidebar-style":"default","ast-global-header-display":"","ast-banner-title-visibility":"","ast-main-header-display":"","ast-hfb-above-header-display":"","ast-hfb-below-header-display":"","ast-hfb-mobile-header-display":"","site-post-title":"disabled","ast-breadcrumbs-content":"","ast-featured-img":"disabled","footer-sml-layout":"","ast-disable-related-posts":"","theme-transparent-header-meta":"default","adv-header-id-meta":"","stick-header-meta":"","header-above-stick-meta":"","header-main-stick-meta":"","header-below-stick-meta":"","astra-migrate-meta-layouts":"default","ast-page-background-enabled":"default","ast-page-background-meta":{"desktop":{"background-color":"","background-image":"","background-repeat":"repeat","background-position":"center center","background-size":"auto","background-attachment":"scroll","background-type":"","background-media":"","overlay-type":"","overlay-color":"","overlay-opacity":"","overlay-gradient":""},"tablet":{"background-color":"","background-image":"","background-repeat":"repeat","background-position":"center center","background-size":"auto","background-attachment":"scroll","background-type":"","background-media":"","overlay-type":"","overlay-color":"","overlay-opacity":"","overlay-gradient":""},"mobile":{"background-color":"","background-image":"","background-repeat":"repeat","background-position":"center center","background-size":"auto","background-attachment":"scroll","background-type":"","background-media":"","overlay-type":"","overlay-color":"","overlay-opacity":"","overlay-gradient":""}},"ast-content-background-meta":{"desktop":{"background-color":"var(--ast-global-color-5)","background-image":"","background-repeat":"repeat","background-position":"center center","background-size":"auto","background-attachment":"scroll","background-type":"","background-media":"","overlay-type":"","overlay-color":"","overlay-opacity":"","overlay-gradient":""},"tablet":{"background-color":"var(--ast-global-color-5)","background-image":"","background-repeat":"repeat","background-position":"center center","background-size":"auto","background-attachment":"scroll","background-type":"","background-media":"","overlay-type":"","overlay-color":"","overlay-opacity":"","overlay-gradient":""},"mobile":{"background-color":"var(--ast-global-color-5)","background-image":"","background-repeat":"repeat","background-position":"center center","background-size":"auto","background-attachment":"scroll","background-type":"","background-media":"","overlay-type":"","overlay-color":"","overlay-opacity":"","overlay-gradient":""}},"footnotes":""},"class_list":["post-264","page","type-page","status-publish","hentry"],"_links":{"self":[{"href":"https:\/\/websie.cefe.cnrs.fr\/sylvieblangy\/wp-json\/wp\/v2\/pages\/264","targetHints":{"allow":["GET"]}}],"collection":[{"href":"https:\/\/websie.cefe.cnrs.fr\/sylvieblangy\/wp-json\/wp\/v2\/pages"}],"about":[{"href":"https:\/\/websie.cefe.cnrs.fr\/sylvieblangy\/wp-json\/wp\/v2\/types\/page"}],"author":[{"embeddable":true,"href":"https:\/\/websie.cefe.cnrs.fr\/sylvieblangy\/wp-json\/wp\/v2\/users\/1"}],"replies":[{"embeddable":true,"href":"https:\/\/websie.cefe.cnrs.fr\/sylvieblangy\/wp-json\/wp\/v2\/comments?post=264"}],"version-history":[{"count":6,"href":"https:\/\/websie.cefe.cnrs.fr\/sylvieblangy\/wp-json\/wp\/v2\/pages\/264\/revisions"}],"predecessor-version":[{"id":481,"href":"https:\/\/websie.cefe.cnrs.fr\/sylvieblangy\/wp-json\/wp\/v2\/pages\/264\/revisions\/481"}],"wp:attachment":[{"href":"https:\/\/websie.cefe.cnrs.fr\/sylvieblangy\/wp-json\/wp\/v2\/media?parent=264"}],"curies":[{"name":"wp","href":"https:\/\/api.w.org\/{rel}","templated":true}]}}