{"id":3181,"date":"2020-04-08T16:16:00","date_gmt":"2020-04-08T14:16:00","guid":{"rendered":"https:\/\/websie.cefe.cnrs.fr\/soilforeurope\/?page_id=3181"},"modified":"2021-01-26T13:43:33","modified_gmt":"2021-01-26T12:43:33","slug":"communication-sv","status":"publish","type":"page","link":"https:\/\/websie.cefe.cnrs.fr\/soilforeurope\/sv\/communication-sv\/","title":{"rendered":"Kommunikation"},"content":{"rendered":"\n<p>&nbsp;<\/p>\n<h5><strong>Animerad film<\/strong><\/h5>\n<p>Nedan finner du en informerande film som gjordes f\u00f6r att informera medborgare om biologisk m\u00e5ngfald i jordm\u00e5n, dess roll i skogar och dess relation till skogssk\u00f6tsel.<\/p>\n<p><iframe loading=\"lazy\" src=\"https:\/\/player.vimeo.com\/video\/423197566\" allowfullscreen=\"allowfullscreen\" width=\"640\" height=\"360\" frameborder=\"0\"><\/iframe><\/p>\n<p>&nbsp;<\/p>\n<h5><strong>Flygblad<\/strong><\/h5>\n<p>Nedan finner du ett flygblad som summerar de viktigaste resultaten fr\u00e5n v\u00e5rt SoilForEurope projekt, som handlar om effekterna av en mix av tr\u00e4darter p\u00e5 den biologiska m\u00e5ngfalden i jorden.<\/p>\n<p><a href=\"https:\/\/websie.cefe.cnrs.fr\/soilforeurope\/wp-content\/uploads\/2021\/01\/LeafletKULeuven_Swedishdruk.pdf\" target=\"_blank\" rel=\"noopener noreferrer\">PDF<\/a> (p\u00e5 svenska)<\/p>\n<p><img loading=\"lazy\" decoding=\"async\" class=\"alignnone  wp-image-3853\" src=\"https:\/\/websie.cefe.cnrs.fr\/soilforeurope\/wp-content\/uploads\/2021\/01\/LeafletULeuven_image1-1024x730.png\" alt=\"\" width=\"323\" height=\"230\" srcset=\"https:\/\/websie.cefe.cnrs.fr\/soilforeurope\/wp-content\/uploads\/2021\/01\/LeafletULeuven_image1-1024x730.png 1024w, https:\/\/websie.cefe.cnrs.fr\/soilforeurope\/wp-content\/uploads\/2021\/01\/LeafletULeuven_image1-300x214.png 300w, https:\/\/websie.cefe.cnrs.fr\/soilforeurope\/wp-content\/uploads\/2021\/01\/LeafletULeuven_image1-768x548.png 768w, https:\/\/websie.cefe.cnrs.fr\/soilforeurope\/wp-content\/uploads\/2021\/01\/LeafletULeuven_image1-1536x1095.png 1536w, https:\/\/websie.cefe.cnrs.fr\/soilforeurope\/wp-content\/uploads\/2021\/01\/LeafletULeuven_image1-2048x1460.png 2048w, https:\/\/websie.cefe.cnrs.fr\/soilforeurope\/wp-content\/uploads\/2021\/01\/LeafletULeuven_image1-150x107.png 150w\" sizes=\"auto, (max-width: 323px) 100vw, 323px\" \/> <img loading=\"lazy\" decoding=\"async\" class=\"alignnone  wp-image-3851\" src=\"https:\/\/websie.cefe.cnrs.fr\/soilforeurope\/wp-content\/uploads\/2021\/01\/LeafletULeuven_image-1024x730.png\" alt=\"\" width=\"323\" height=\"230\" srcset=\"https:\/\/websie.cefe.cnrs.fr\/soilforeurope\/wp-content\/uploads\/2021\/01\/LeafletULeuven_image-1024x730.png 1024w, https:\/\/websie.cefe.cnrs.fr\/soilforeurope\/wp-content\/uploads\/2021\/01\/LeafletULeuven_image-300x214.png 300w, https:\/\/websie.cefe.cnrs.fr\/soilforeurope\/wp-content\/uploads\/2021\/01\/LeafletULeuven_image-768x548.png 768w, https:\/\/websie.cefe.cnrs.fr\/soilforeurope\/wp-content\/uploads\/2021\/01\/LeafletULeuven_image-1536x1095.png 1536w, https:\/\/websie.cefe.cnrs.fr\/soilforeurope\/wp-content\/uploads\/2021\/01\/LeafletULeuven_image-2048x1460.png 2048w, https:\/\/websie.cefe.cnrs.fr\/soilforeurope\/wp-content\/uploads\/2021\/01\/LeafletULeuven_image-150x107.png 150w\" sizes=\"auto, (max-width: 323px) 100vw, 323px\" \/><\/p>\n<p>&nbsp;<\/p>\n<h5><strong>Powerpoint bilder<\/strong><\/h5>\n<p>Nedan finner du ett antal powerpoint bilder som f\u00f6rklarar sammanhang, tillv\u00e4gag\u00e5ngs\u00e4tt, metoder och resultat f\u00f6r SoilForEurope projektet mer i detalj.<\/p>\n","protected":false},"excerpt":{"rendered":"<p>&nbsp; Animerad film Nedan finner du en informerande film som gjordes f\u00f6r att informera medborgare om biologisk m\u00e5ngfald i jordm\u00e5n, dess roll i skogar och dess relation till skogssk\u00f6tsel. &nbsp; Flygblad Nedan finner du ett flygblad som summerar de viktigaste resultaten fr\u00e5n v\u00e5rt SoilForEurope projekt, som handlar om effekterna av&#8230;<\/p>\n<p class=\"continue-reading-button\"> <a class=\"continue-reading-link\" href=\"https:\/\/websie.cefe.cnrs.fr\/soilforeurope\/sv\/communication-sv\/\">Continue reading<i class=\"crycon-right-dir\"><\/i><\/a><\/p>\n","protected":false},"author":1,"featured_media":0,"parent":0,"menu_order":0,"comment_status":"closed","ping_status":"closed","template":"","meta":{"inline_featured_image":false,"footnotes":""},"class_list":["post-3181","page","type-page","status-publish","hentry"],"_links":{"self":[{"href":"https:\/\/websie.cefe.cnrs.fr\/soilforeurope\/wp-json\/wp\/v2\/pages\/3181","targetHints":{"allow":["GET"]}}],"collection":[{"href":"https:\/\/websie.cefe.cnrs.fr\/soilforeurope\/wp-json\/wp\/v2\/pages"}],"about":[{"href":"https:\/\/websie.cefe.cnrs.fr\/soilforeurope\/wp-json\/wp\/v2\/types\/page"}],"author":[{"embeddable":true,"href":"https:\/\/websie.cefe.cnrs.fr\/soilforeurope\/wp-json\/wp\/v2\/users\/1"}],"replies":[{"embeddable":true,"href":"https:\/\/websie.cefe.cnrs.fr\/soilforeurope\/wp-json\/wp\/v2\/comments?post=3181"}],"version-history":[{"count":6,"href":"https:\/\/websie.cefe.cnrs.fr\/soilforeurope\/wp-json\/wp\/v2\/pages\/3181\/revisions"}],"predecessor-version":[{"id":3885,"href":"https:\/\/websie.cefe.cnrs.fr\/soilforeurope\/wp-json\/wp\/v2\/pages\/3181\/revisions\/3885"}],"wp:attachment":[{"href":"https:\/\/websie.cefe.cnrs.fr\/soilforeurope\/wp-json\/wp\/v2\/media?parent=3181"}],"curies":[{"name":"wp","href":"https:\/\/api.w.org\/{rel}","templated":true}]}}