{"id":3177,"date":"2020-04-08T16:15:16","date_gmt":"2020-04-08T14:15:16","guid":{"rendered":"https:\/\/websie.cefe.cnrs.fr\/soilforeurope\/?page_id=3177"},"modified":"2021-01-26T13:43:48","modified_gmt":"2021-01-26T12:43:48","slug":"communication-ro","status":"publish","type":"page","link":"https:\/\/websie.cefe.cnrs.fr\/soilforeurope\/ro\/communication-ro\/","title":{"rendered":"Comunicare"},"content":{"rendered":"\n<p>&nbsp;<\/p>\n<h5><strong>Video<\/strong><\/h5>\n<p>Mai jos pute\u021bi g\u0103si un material video care a fost creat \u00een scop de informare a cet\u0103\u021benilor cu privire la biodiversitatea solului, rolul biodiversit\u0103\u021bii \u00een p\u0103duri, \u0219i rela\u021bia dintre biodiversitatea solului \u0219i gestionarea forestier\u0103.<\/p>\n<p><iframe loading=\"lazy\" src=\"https:\/\/player.vimeo.com\/video\/451777728\" allowfullscreen=\"allowfullscreen\" width=\"640\" height=\"360\" frameborder=\"0\"><\/iframe><\/p>\n<p>&nbsp;<\/p>\n<h5><strong>Bo\u0219ura<\/strong><\/h5>\n<p>Mai jos pute\u021bi g\u0103si o bro\u0219ur\u0103 care rezum\u0103 cele mai importante rezultate ale proiectului SoilForEUROPE cu privire la efectul amestecului de specii de arbori asupra biodiversit\u0103\u021bii solului forestier.<\/p>\n<p><a href=\"https:\/\/websie.cefe.cnrs.fr\/soilforeurope\/wp-content\/uploads\/2021\/01\/LeafletKULeuven_Romaniandruk.pdf\" target=\"_blank\" rel=\"noopener noreferrer\">PDF<\/a> (\u00een rom\u00e2n\u0103)<\/p>\n<p><img loading=\"lazy\" decoding=\"async\" class=\"alignnone  wp-image-3853\" src=\"https:\/\/websie.cefe.cnrs.fr\/soilforeurope\/wp-content\/uploads\/2021\/01\/LeafletULeuven_image1-1024x730.png\" alt=\"\" width=\"323\" height=\"230\" srcset=\"https:\/\/websie.cefe.cnrs.fr\/soilforeurope\/wp-content\/uploads\/2021\/01\/LeafletULeuven_image1-1024x730.png 1024w, https:\/\/websie.cefe.cnrs.fr\/soilforeurope\/wp-content\/uploads\/2021\/01\/LeafletULeuven_image1-300x214.png 300w, https:\/\/websie.cefe.cnrs.fr\/soilforeurope\/wp-content\/uploads\/2021\/01\/LeafletULeuven_image1-768x548.png 768w, https:\/\/websie.cefe.cnrs.fr\/soilforeurope\/wp-content\/uploads\/2021\/01\/LeafletULeuven_image1-1536x1095.png 1536w, https:\/\/websie.cefe.cnrs.fr\/soilforeurope\/wp-content\/uploads\/2021\/01\/LeafletULeuven_image1-2048x1460.png 2048w, https:\/\/websie.cefe.cnrs.fr\/soilforeurope\/wp-content\/uploads\/2021\/01\/LeafletULeuven_image1-150x107.png 150w\" sizes=\"auto, (max-width: 323px) 100vw, 323px\" \/> <img loading=\"lazy\" decoding=\"async\" class=\"alignnone  wp-image-3851\" src=\"https:\/\/websie.cefe.cnrs.fr\/soilforeurope\/wp-content\/uploads\/2021\/01\/LeafletULeuven_image-1024x730.png\" alt=\"\" width=\"323\" height=\"230\" srcset=\"https:\/\/websie.cefe.cnrs.fr\/soilforeurope\/wp-content\/uploads\/2021\/01\/LeafletULeuven_image-1024x730.png 1024w, https:\/\/websie.cefe.cnrs.fr\/soilforeurope\/wp-content\/uploads\/2021\/01\/LeafletULeuven_image-300x214.png 300w, https:\/\/websie.cefe.cnrs.fr\/soilforeurope\/wp-content\/uploads\/2021\/01\/LeafletULeuven_image-768x548.png 768w, https:\/\/websie.cefe.cnrs.fr\/soilforeurope\/wp-content\/uploads\/2021\/01\/LeafletULeuven_image-1536x1095.png 1536w, https:\/\/websie.cefe.cnrs.fr\/soilforeurope\/wp-content\/uploads\/2021\/01\/LeafletULeuven_image-2048x1460.png 2048w, https:\/\/websie.cefe.cnrs.fr\/soilforeurope\/wp-content\/uploads\/2021\/01\/LeafletULeuven_image-150x107.png 150w\" sizes=\"auto, (max-width: 323px) 100vw, 323px\" \/><\/p>\n<p>&nbsp;<\/p>\n<h5><strong>Prezentare Powerpoint<\/strong><\/h5>\n<p>Mai jos pute\u021bi g\u0103si o prezentare Powerpoint care ofer\u0103 informa\u021bii detaliate despre contextul, modul de abordare, metodologia \u0219i rezultatele proiectului SoilForEUROPE.<\/p>\n\n\n","protected":false},"excerpt":{"rendered":"<p>&nbsp; Video Mai jos pute\u021bi g\u0103si un material video care a fost creat \u00een scop de informare a cet\u0103\u021benilor cu privire la biodiversitatea solului, rolul biodiversit\u0103\u021bii \u00een p\u0103duri, \u0219i rela\u021bia dintre biodiversitatea solului \u0219i gestionarea forestier\u0103. &nbsp; Bo\u0219ura Mai jos pute\u021bi g\u0103si o bro\u0219ur\u0103 care rezum\u0103 cele mai importante rezultate&#8230;<\/p>\n<p class=\"continue-reading-button\"> <a class=\"continue-reading-link\" href=\"https:\/\/websie.cefe.cnrs.fr\/soilforeurope\/ro\/communication-ro\/\">Continue reading<i class=\"crycon-right-dir\"><\/i><\/a><\/p>\n","protected":false},"author":1,"featured_media":0,"parent":0,"menu_order":0,"comment_status":"closed","ping_status":"closed","template":"","meta":{"inline_featured_image":false,"footnotes":""},"class_list":["post-3177","page","type-page","status-publish","hentry"],"_links":{"self":[{"href":"https:\/\/websie.cefe.cnrs.fr\/soilforeurope\/wp-json\/wp\/v2\/pages\/3177","targetHints":{"allow":["GET"]}}],"collection":[{"href":"https:\/\/websie.cefe.cnrs.fr\/soilforeurope\/wp-json\/wp\/v2\/pages"}],"about":[{"href":"https:\/\/websie.cefe.cnrs.fr\/soilforeurope\/wp-json\/wp\/v2\/types\/page"}],"author":[{"embeddable":true,"href":"https:\/\/websie.cefe.cnrs.fr\/soilforeurope\/wp-json\/wp\/v2\/users\/1"}],"replies":[{"embeddable":true,"href":"https:\/\/websie.cefe.cnrs.fr\/soilforeurope\/wp-json\/wp\/v2\/comments?post=3177"}],"version-history":[{"count":5,"href":"https:\/\/websie.cefe.cnrs.fr\/soilforeurope\/wp-json\/wp\/v2\/pages\/3177\/revisions"}],"predecessor-version":[{"id":3886,"href":"https:\/\/websie.cefe.cnrs.fr\/soilforeurope\/wp-json\/wp\/v2\/pages\/3177\/revisions\/3886"}],"wp:attachment":[{"href":"https:\/\/websie.cefe.cnrs.fr\/soilforeurope\/wp-json\/wp\/v2\/media?parent=3177"}],"curies":[{"name":"wp","href":"https:\/\/api.w.org\/{rel}","templated":true}]}}