{"id":3175,"date":"2020-04-08T16:13:26","date_gmt":"2020-04-08T14:13:26","guid":{"rendered":"https:\/\/websie.cefe.cnrs.fr\/soilforeurope\/?page_id=3175"},"modified":"2021-01-27T14:33:44","modified_gmt":"2021-01-27T13:33:44","slug":"communication-pl","status":"publish","type":"page","link":"https:\/\/websie.cefe.cnrs.fr\/soilforeurope\/pl\/communication-pl\/","title":{"rendered":"Informacja"},"content":{"rendered":"\n<p>&nbsp;<\/p>\n<h5><strong>Film animowany<\/strong><\/h5>\n<p>Poni\u017cej znajduje si\u0119 film informacyjny, kt\u00f3ry zosta\u0142 stworzony w celu poinformowania spo\u0142ecze\u0144stwa o r\u00f3\u017cnorodno\u015bci biologicznej gleby, jej roli w lasach i jej zwi\u0105zku z gospodark\u0105 le\u015bn\u0105.<\/p>\n<p><iframe loading=\"lazy\" src=\"https:\/\/player.vimeo.com\/video\/423194468\" allowfullscreen=\"allowfullscreen\" width=\"640\" height=\"360\" frameborder=\"0\"><\/iframe><\/p>\n<p>&nbsp;<\/p>\n<h5><strong>Ulotka<\/strong><\/h5>\n<p>Poni\u017cej znajduje si\u0119 ulotka, kt\u00f3ra podsumowuje najwa\u017cniejsze wyniki projektu SoilForEUROPE dotycz\u0105cego wp\u0142ywu sk\u0142adu gatunkowego lasu na r\u00f3\u017cnorodno\u015b\u0107 biologiczn\u0105 gleby le\u015bnej.<\/p>\n<p><a href=\"https:\/\/websie.cefe.cnrs.fr\/soilforeurope\/wp-content\/uploads\/2021\/01\/LeafletKULeuven_Englishdruk.pdf\" target=\"_blank\" rel=\"noopener noreferrer\">PDF<\/a> (angielskim)<\/p>\n<p><img loading=\"lazy\" decoding=\"async\" class=\"alignnone  wp-image-3853\" src=\"https:\/\/websie.cefe.cnrs.fr\/soilforeurope\/wp-content\/uploads\/2021\/01\/LeafletULeuven_image1-1024x730.png\" alt=\"\" width=\"323\" height=\"230\" srcset=\"https:\/\/websie.cefe.cnrs.fr\/soilforeurope\/wp-content\/uploads\/2021\/01\/LeafletULeuven_image1-1024x730.png 1024w, https:\/\/websie.cefe.cnrs.fr\/soilforeurope\/wp-content\/uploads\/2021\/01\/LeafletULeuven_image1-300x214.png 300w, https:\/\/websie.cefe.cnrs.fr\/soilforeurope\/wp-content\/uploads\/2021\/01\/LeafletULeuven_image1-768x548.png 768w, https:\/\/websie.cefe.cnrs.fr\/soilforeurope\/wp-content\/uploads\/2021\/01\/LeafletULeuven_image1-1536x1095.png 1536w, https:\/\/websie.cefe.cnrs.fr\/soilforeurope\/wp-content\/uploads\/2021\/01\/LeafletULeuven_image1-2048x1460.png 2048w, https:\/\/websie.cefe.cnrs.fr\/soilforeurope\/wp-content\/uploads\/2021\/01\/LeafletULeuven_image1-150x107.png 150w\" sizes=\"auto, (max-width: 323px) 100vw, 323px\" \/>  <img loading=\"lazy\" decoding=\"async\" class=\"alignnone  wp-image-3851\" src=\"https:\/\/websie.cefe.cnrs.fr\/soilforeurope\/wp-content\/uploads\/2021\/01\/LeafletULeuven_image-1024x730.png\" alt=\"\" width=\"323\" height=\"230\" srcset=\"https:\/\/websie.cefe.cnrs.fr\/soilforeurope\/wp-content\/uploads\/2021\/01\/LeafletULeuven_image-1024x730.png 1024w, https:\/\/websie.cefe.cnrs.fr\/soilforeurope\/wp-content\/uploads\/2021\/01\/LeafletULeuven_image-300x214.png 300w, https:\/\/websie.cefe.cnrs.fr\/soilforeurope\/wp-content\/uploads\/2021\/01\/LeafletULeuven_image-768x548.png 768w, https:\/\/websie.cefe.cnrs.fr\/soilforeurope\/wp-content\/uploads\/2021\/01\/LeafletULeuven_image-1536x1095.png 1536w, https:\/\/websie.cefe.cnrs.fr\/soilforeurope\/wp-content\/uploads\/2021\/01\/LeafletULeuven_image-2048x1460.png 2048w, https:\/\/websie.cefe.cnrs.fr\/soilforeurope\/wp-content\/uploads\/2021\/01\/LeafletULeuven_image-150x107.png 150w\" sizes=\"auto, (max-width: 323px) 100vw, 323px\" \/><\/p>\n<p>&nbsp;<\/p>\n<h5><strong>Prezentacja Powerpoint<\/strong><\/h5>\n<p>Poni\u017cej znajduje si\u0119 zestaw slajd\u00f3w Powerpoint, kt\u00f3re bardziej szczeg\u00f3\u0142owo wyja\u015bniaj\u0105 kontekst, podej\u015bcie, metody i wyniki projektu SoilForEUROPE.<\/p>\n","protected":false},"excerpt":{"rendered":"<p>&nbsp; Film animowany Poni\u017cej znajduje si\u0119 film informacyjny, kt\u00f3ry zosta\u0142 stworzony w celu poinformowania spo\u0142ecze\u0144stwa o r\u00f3\u017cnorodno\u015bci biologicznej gleby, jej roli w lasach i jej zwi\u0105zku z gospodark\u0105 le\u015bn\u0105. &nbsp; Ulotka Poni\u017cej znajduje si\u0119 ulotka, kt\u00f3ra podsumowuje najwa\u017cniejsze wyniki projektu SoilForEUROPE dotycz\u0105cego wp\u0142ywu sk\u0142adu gatunkowego lasu na r\u00f3\u017cnorodno\u015b\u0107 biologiczn\u0105 gleby&#8230;<\/p>\n<p class=\"continue-reading-button\"> <a class=\"continue-reading-link\" href=\"https:\/\/websie.cefe.cnrs.fr\/soilforeurope\/pl\/communication-pl\/\">Continue reading<i class=\"crycon-right-dir\"><\/i><\/a><\/p>\n","protected":false},"author":1,"featured_media":0,"parent":0,"menu_order":0,"comment_status":"closed","ping_status":"closed","template":"","meta":{"inline_featured_image":false,"footnotes":""},"class_list":["post-3175","page","type-page","status-publish","hentry"],"_links":{"self":[{"href":"https:\/\/websie.cefe.cnrs.fr\/soilforeurope\/wp-json\/wp\/v2\/pages\/3175","targetHints":{"allow":["GET"]}}],"collection":[{"href":"https:\/\/websie.cefe.cnrs.fr\/soilforeurope\/wp-json\/wp\/v2\/pages"}],"about":[{"href":"https:\/\/websie.cefe.cnrs.fr\/soilforeurope\/wp-json\/wp\/v2\/types\/page"}],"author":[{"embeddable":true,"href":"https:\/\/websie.cefe.cnrs.fr\/soilforeurope\/wp-json\/wp\/v2\/users\/1"}],"replies":[{"embeddable":true,"href":"https:\/\/websie.cefe.cnrs.fr\/soilforeurope\/wp-json\/wp\/v2\/comments?post=3175"}],"version-history":[{"count":4,"href":"https:\/\/websie.cefe.cnrs.fr\/soilforeurope\/wp-json\/wp\/v2\/pages\/3175\/revisions"}],"predecessor-version":[{"id":3893,"href":"https:\/\/websie.cefe.cnrs.fr\/soilforeurope\/wp-json\/wp\/v2\/pages\/3175\/revisions\/3893"}],"wp:attachment":[{"href":"https:\/\/websie.cefe.cnrs.fr\/soilforeurope\/wp-json\/wp\/v2\/media?parent=3175"}],"curies":[{"name":"wp","href":"https:\/\/api.w.org\/{rel}","templated":true}]}}