{"id":3165,"date":"2020-04-08T16:11:20","date_gmt":"2020-04-08T14:11:20","guid":{"rendered":"https:\/\/websie.cefe.cnrs.fr\/soilforeurope\/?page_id=3165"},"modified":"2021-01-26T12:59:01","modified_gmt":"2021-01-26T11:59:01","slug":"communication-es","status":"publish","type":"page","link":"https:\/\/websie.cefe.cnrs.fr\/soilforeurope\/es\/communication-es\/","title":{"rendered":"Comunicaci\u00f3n"},"content":{"rendered":"\n<p>&nbsp;<\/p>\n<h5><strong>Video animado<\/strong><\/h5>\n<p>Abajo puedes encontrar un video informativo que fue creado para informar a los ciudadanos acerca de la biodiversidad del suelo, su papel en los bosques y sus relaciones con el manejo forestal.<\/p>\n<p><iframe loading=\"lazy\" src=\"https:\/\/player.vimeo.com\/video\/423195198\" allowfullscreen=\"allowfullscreen\" width=\"640\" height=\"360\" frameborder=\"0\"><\/iframe><\/p>\n<p>&nbsp;<\/p>\n<h5><strong>Folleto<\/strong><\/h5>\n<p>Abajo puedes encontrar un folleto que resume los resultados m\u00e1s importantes de nuestro proyecto SoilForEUROPE en relaci\u00f3n a los efectos de mezclas de especies arb\u00f3reas en la biodiversidad del suelo.<\/p>\n<p><a href=\"https:\/\/websie.cefe.cnrs.fr\/soilforeurope\/wp-content\/uploads\/2021\/01\/LeafletKULeuven_Spanishdruk.pdf\" target=\"_blank\" rel=\"noopener noreferrer\">PDF<\/a> (en espa\u00f1ol)<\/p>\n<p><img loading=\"lazy\" decoding=\"async\" class=\"alignnone  wp-image-3853\" src=\"https:\/\/websie.cefe.cnrs.fr\/soilforeurope\/wp-content\/uploads\/2021\/01\/LeafletULeuven_image1-1024x730.png\" alt=\"\" width=\"323\" height=\"230\" srcset=\"https:\/\/websie.cefe.cnrs.fr\/soilforeurope\/wp-content\/uploads\/2021\/01\/LeafletULeuven_image1-1024x730.png 1024w, https:\/\/websie.cefe.cnrs.fr\/soilforeurope\/wp-content\/uploads\/2021\/01\/LeafletULeuven_image1-300x214.png 300w, https:\/\/websie.cefe.cnrs.fr\/soilforeurope\/wp-content\/uploads\/2021\/01\/LeafletULeuven_image1-768x548.png 768w, https:\/\/websie.cefe.cnrs.fr\/soilforeurope\/wp-content\/uploads\/2021\/01\/LeafletULeuven_image1-1536x1095.png 1536w, https:\/\/websie.cefe.cnrs.fr\/soilforeurope\/wp-content\/uploads\/2021\/01\/LeafletULeuven_image1-2048x1460.png 2048w, https:\/\/websie.cefe.cnrs.fr\/soilforeurope\/wp-content\/uploads\/2021\/01\/LeafletULeuven_image1-150x107.png 150w\" sizes=\"auto, (max-width: 323px) 100vw, 323px\" \/> <img loading=\"lazy\" decoding=\"async\" class=\"alignnone  wp-image-3851\" src=\"https:\/\/websie.cefe.cnrs.fr\/soilforeurope\/wp-content\/uploads\/2021\/01\/LeafletULeuven_image-1024x730.png\" alt=\"\" width=\"323\" height=\"230\" srcset=\"https:\/\/websie.cefe.cnrs.fr\/soilforeurope\/wp-content\/uploads\/2021\/01\/LeafletULeuven_image-1024x730.png 1024w, https:\/\/websie.cefe.cnrs.fr\/soilforeurope\/wp-content\/uploads\/2021\/01\/LeafletULeuven_image-300x214.png 300w, https:\/\/websie.cefe.cnrs.fr\/soilforeurope\/wp-content\/uploads\/2021\/01\/LeafletULeuven_image-768x548.png 768w, https:\/\/websie.cefe.cnrs.fr\/soilforeurope\/wp-content\/uploads\/2021\/01\/LeafletULeuven_image-1536x1095.png 1536w, https:\/\/websie.cefe.cnrs.fr\/soilforeurope\/wp-content\/uploads\/2021\/01\/LeafletULeuven_image-2048x1460.png 2048w, https:\/\/websie.cefe.cnrs.fr\/soilforeurope\/wp-content\/uploads\/2021\/01\/LeafletULeuven_image-150x107.png 150w\" sizes=\"auto, (max-width: 323px) 100vw, 323px\" \/><\/p>\n<p>&nbsp;<\/p>\n<h5><strong>Diapositivas de PowerPoint<\/strong><\/h5>\n<p>Abajo puedes encontrar una presentaci\u00f3n de PowerPoint que explica el contexto, la aproximaci\u00f3n, m\u00e9todos y resultados del proyecto SoilForEUROPE con un mayor detalle.<\/p>\n","protected":false},"excerpt":{"rendered":"<p>&nbsp; Video animado Abajo puedes encontrar un video informativo que fue creado para informar a los ciudadanos acerca de la biodiversidad del suelo, su papel en los bosques y sus relaciones con el manejo forestal. &nbsp; Folleto Abajo puedes encontrar un folleto que resume los resultados m\u00e1s importantes de nuestro&#8230;<\/p>\n<p class=\"continue-reading-button\"> <a class=\"continue-reading-link\" href=\"https:\/\/websie.cefe.cnrs.fr\/soilforeurope\/es\/communication-es\/\">Continue reading<i class=\"crycon-right-dir\"><\/i><\/a><\/p>\n","protected":false},"author":1,"featured_media":0,"parent":0,"menu_order":0,"comment_status":"closed","ping_status":"closed","template":"","meta":{"inline_featured_image":false,"footnotes":""},"class_list":["post-3165","page","type-page","status-publish","hentry"],"_links":{"self":[{"href":"https:\/\/websie.cefe.cnrs.fr\/soilforeurope\/wp-json\/wp\/v2\/pages\/3165","targetHints":{"allow":["GET"]}}],"collection":[{"href":"https:\/\/websie.cefe.cnrs.fr\/soilforeurope\/wp-json\/wp\/v2\/pages"}],"about":[{"href":"https:\/\/websie.cefe.cnrs.fr\/soilforeurope\/wp-json\/wp\/v2\/types\/page"}],"author":[{"embeddable":true,"href":"https:\/\/websie.cefe.cnrs.fr\/soilforeurope\/wp-json\/wp\/v2\/users\/1"}],"replies":[{"embeddable":true,"href":"https:\/\/websie.cefe.cnrs.fr\/soilforeurope\/wp-json\/wp\/v2\/comments?post=3165"}],"version-history":[{"count":8,"href":"https:\/\/websie.cefe.cnrs.fr\/soilforeurope\/wp-json\/wp\/v2\/pages\/3165\/revisions"}],"predecessor-version":[{"id":3875,"href":"https:\/\/websie.cefe.cnrs.fr\/soilforeurope\/wp-json\/wp\/v2\/pages\/3165\/revisions\/3875"}],"wp:attachment":[{"href":"https:\/\/websie.cefe.cnrs.fr\/soilforeurope\/wp-json\/wp\/v2\/media?parent=3165"}],"curies":[{"name":"wp","href":"https:\/\/api.w.org\/{rel}","templated":true}]}}