{"id":3163,"date":"2020-04-08T16:11:02","date_gmt":"2020-04-08T14:11:02","guid":{"rendered":"https:\/\/websie.cefe.cnrs.fr\/soilforeurope\/?page_id=3163"},"modified":"2021-01-26T12:35:08","modified_gmt":"2021-01-26T11:35:08","slug":"communication-de","status":"publish","type":"page","link":"https:\/\/websie.cefe.cnrs.fr\/soilforeurope\/de\/communication-de\/","title":{"rendered":"Kommunikation"},"content":{"rendered":"\n<p>&nbsp;<\/p>\n<h5><strong>Animiertes Video<\/strong><\/h5>\n<p>Hier k\u00f6nnen Sie ein Video finden, welches \u00fcber die Biodiversit\u00e4t im Boden und ihre Rolle in W\u00e4ldern, sowie \u00fcber ihre Abh\u00e4ngigkeit von der Waldbewirtschaftung informiert.<\/p>\n<p><iframe loading=\"lazy\" src=\"https:\/\/player.vimeo.com\/video\/423175372\" allowfullscreen=\"allowfullscreen\" width=\"640\" height=\"360\" frameborder=\"0\"><\/iframe><\/p>\n<p>&nbsp;<\/p>\n<h5><strong>Brosch\u00fcre<\/strong><\/h5>\n<p>Hier finden Sie eine Brosch\u00fcre, in der die wichtigsten Ergebnisse des SoilForEUROPE Projektes zusammengefasst sind, welches den Einfluss der Mischung von Baumarten auf die Diversit\u00e4t im Boden untersucht hat.<\/p>\n<p><a href=\"https:\/\/websie.cefe.cnrs.fr\/soilforeurope\/wp-content\/uploads\/2021\/01\/LeafletKULeuven_Germandruk.pdf\" target=\"_blank\" rel=\"noopener noreferrer\">PDF<\/a> (in deutsch)<\/p>\n<p><img loading=\"lazy\" decoding=\"async\" class=\"alignnone  wp-image-3853\" src=\"https:\/\/websie.cefe.cnrs.fr\/soilforeurope\/wp-content\/uploads\/2021\/01\/LeafletULeuven_image1-1024x730.png\" alt=\"\" width=\"323\" height=\"230\" srcset=\"https:\/\/websie.cefe.cnrs.fr\/soilforeurope\/wp-content\/uploads\/2021\/01\/LeafletULeuven_image1-1024x730.png 1024w, https:\/\/websie.cefe.cnrs.fr\/soilforeurope\/wp-content\/uploads\/2021\/01\/LeafletULeuven_image1-300x214.png 300w, https:\/\/websie.cefe.cnrs.fr\/soilforeurope\/wp-content\/uploads\/2021\/01\/LeafletULeuven_image1-768x548.png 768w, https:\/\/websie.cefe.cnrs.fr\/soilforeurope\/wp-content\/uploads\/2021\/01\/LeafletULeuven_image1-1536x1095.png 1536w, https:\/\/websie.cefe.cnrs.fr\/soilforeurope\/wp-content\/uploads\/2021\/01\/LeafletULeuven_image1-2048x1460.png 2048w, https:\/\/websie.cefe.cnrs.fr\/soilforeurope\/wp-content\/uploads\/2021\/01\/LeafletULeuven_image1-150x107.png 150w\" sizes=\"auto, (max-width: 323px) 100vw, 323px\" \/> <img loading=\"lazy\" decoding=\"async\" class=\"alignnone  wp-image-3851\" src=\"https:\/\/websie.cefe.cnrs.fr\/soilforeurope\/wp-content\/uploads\/2021\/01\/LeafletULeuven_image-1024x730.png\" alt=\"\" width=\"323\" height=\"230\" srcset=\"https:\/\/websie.cefe.cnrs.fr\/soilforeurope\/wp-content\/uploads\/2021\/01\/LeafletULeuven_image-1024x730.png 1024w, https:\/\/websie.cefe.cnrs.fr\/soilforeurope\/wp-content\/uploads\/2021\/01\/LeafletULeuven_image-300x214.png 300w, https:\/\/websie.cefe.cnrs.fr\/soilforeurope\/wp-content\/uploads\/2021\/01\/LeafletULeuven_image-768x548.png 768w, https:\/\/websie.cefe.cnrs.fr\/soilforeurope\/wp-content\/uploads\/2021\/01\/LeafletULeuven_image-1536x1095.png 1536w, https:\/\/websie.cefe.cnrs.fr\/soilforeurope\/wp-content\/uploads\/2021\/01\/LeafletULeuven_image-2048x1460.png 2048w, https:\/\/websie.cefe.cnrs.fr\/soilforeurope\/wp-content\/uploads\/2021\/01\/LeafletULeuven_image-150x107.png 150w\" sizes=\"auto, (max-width: 323px) 100vw, 323px\" \/><\/p>\n<p>&nbsp;<\/p>\n<h5><strong>Powerpoint Folien<\/strong><\/h5>\n<p>Hier finden Sie eine Reihe von Powerpoint Folien, welche den Hintergrund, die Forschungsans\u00e4tze und Methoden, sowie die Ergebnisse des SoilForEUROPE Projektes genauer erkl\u00e4ren.<\/p>\n","protected":false},"excerpt":{"rendered":"<p>&nbsp; Animiertes Video Hier k\u00f6nnen Sie ein Video finden, welches \u00fcber die Biodiversit\u00e4t im Boden und ihre Rolle in W\u00e4ldern, sowie \u00fcber ihre Abh\u00e4ngigkeit von der Waldbewirtschaftung informiert. &nbsp; Brosch\u00fcre Hier finden Sie eine Brosch\u00fcre, in der die wichtigsten Ergebnisse des SoilForEUROPE Projektes zusammengefasst sind, welches den Einfluss der Mischung&#8230;<\/p>\n<p class=\"continue-reading-button\"> <a class=\"continue-reading-link\" href=\"https:\/\/websie.cefe.cnrs.fr\/soilforeurope\/de\/communication-de\/\">Continue reading<i class=\"crycon-right-dir\"><\/i><\/a><\/p>\n","protected":false},"author":1,"featured_media":0,"parent":0,"menu_order":0,"comment_status":"closed","ping_status":"closed","template":"","meta":{"inline_featured_image":false,"footnotes":""},"class_list":["post-3163","page","type-page","status-publish","hentry"],"_links":{"self":[{"href":"https:\/\/websie.cefe.cnrs.fr\/soilforeurope\/wp-json\/wp\/v2\/pages\/3163","targetHints":{"allow":["GET"]}}],"collection":[{"href":"https:\/\/websie.cefe.cnrs.fr\/soilforeurope\/wp-json\/wp\/v2\/pages"}],"about":[{"href":"https:\/\/websie.cefe.cnrs.fr\/soilforeurope\/wp-json\/wp\/v2\/types\/page"}],"author":[{"embeddable":true,"href":"https:\/\/websie.cefe.cnrs.fr\/soilforeurope\/wp-json\/wp\/v2\/users\/1"}],"replies":[{"embeddable":true,"href":"https:\/\/websie.cefe.cnrs.fr\/soilforeurope\/wp-json\/wp\/v2\/comments?post=3163"}],"version-history":[{"count":9,"href":"https:\/\/websie.cefe.cnrs.fr\/soilforeurope\/wp-json\/wp\/v2\/pages\/3163\/revisions"}],"predecessor-version":[{"id":3874,"href":"https:\/\/websie.cefe.cnrs.fr\/soilforeurope\/wp-json\/wp\/v2\/pages\/3163\/revisions\/3874"}],"wp:attachment":[{"href":"https:\/\/websie.cefe.cnrs.fr\/soilforeurope\/wp-json\/wp\/v2\/media?parent=3163"}],"curies":[{"name":"wp","href":"https:\/\/api.w.org\/{rel}","templated":true}]}}