{"id":2627,"date":"2020-03-30T19:23:31","date_gmt":"2020-03-30T17:23:31","guid":{"rendered":"https:\/\/websie.cefe.cnrs.fr\/soilforeurope\/?page_id=2627"},"modified":"2020-04-29T12:06:03","modified_gmt":"2020-04-29T10:06:03","slug":"approach-sv","status":"publish","type":"page","link":"https:\/\/websie.cefe.cnrs.fr\/soilforeurope\/sv\/approach-sv\/","title":{"rendered":"Tillv\u00e4gag\u00e5ngs\u00e4tt"},"content":{"rendered":"\n<p>&nbsp;<\/p>\n<p><img loading=\"lazy\" decoding=\"async\" class=\"wp-image-258 alignright\" src=\"https:\/\/websie.cefe.cnrs.fr\/soilforeurope\/wp-content\/uploads\/2018\/12\/Carte_sites-942x1024.png\" alt=\"\" width=\"479\" height=\"520\" srcset=\"https:\/\/websie.cefe.cnrs.fr\/soilforeurope\/wp-content\/uploads\/2018\/12\/Carte_sites-942x1024.png 942w, https:\/\/websie.cefe.cnrs.fr\/soilforeurope\/wp-content\/uploads\/2018\/12\/Carte_sites-276x300.png 276w, https:\/\/websie.cefe.cnrs.fr\/soilforeurope\/wp-content\/uploads\/2018\/12\/Carte_sites-768x835.png 768w, https:\/\/websie.cefe.cnrs.fr\/soilforeurope\/wp-content\/uploads\/2018\/12\/Carte_sites-138x150.png 138w, https:\/\/websie.cefe.cnrs.fr\/soilforeurope\/wp-content\/uploads\/2018\/12\/Carte_sites.png 1400w\" sizes=\"auto, (max-width: 479px) 100vw, 479px\" \/><\/p>\n<ol>\n<p>&nbsp;<\/p>\n<li><strong><a href=\" https:\/\/websie.cefe.cnrs.fr\/soilforeurope\/sv\/biodiversity-approach-1-sv\/\"> Biologisk m\u00e5ngfald<\/a><\/strong> &#8211; M\u00e5ngfalden bland jordlevande mikroorganismer, nematoder, makrofauna och egenskaper hos finr\u00f6tter \u00e4r utv\u00e4rderade mot tr\u00e4dartm\u00e5ngfaldsgradienter i olika europeiska skogstyper.<\/li>\n<p>&nbsp;<\/p>\n<li><strong><a href=\" https:\/\/websie.cefe.cnrs.fr\/soilforeurope\/sv\/function-approach-2-sv\/\"> Funktion<\/a><\/strong> \u2013 Den redan tillg\u00e4ngliga omfattande databasen av \u00f6verv\u00e4gande \u2019ovan mark\u2019-funktioner fr\u00e5n <a href=\"http:\/\/www.fundiveurope.eu\/\" target=\"_blank\" rel=\"noopener noreferrer\">FunDivEUROPE<\/a> \u00e4r kompletterad med \u2019under mark\u2019-funktioner, s\u00e5som nedbrytningshastigheter av finr\u00f6tter och mikrobiella processer (Enzymaktivitet, mikrobiell aktivitetspotential, katabolisk m\u00e5ngfald, metabolisk kvot).<\/li>\n<p>&nbsp;<\/p>\n<li><strong><a href=\" https:\/\/websie.cefe.cnrs.fr\/soilforeurope\/sv\/climate-change-approach-3-sv\/\"> Klimatf\u00f6r\u00e4ndringar<\/a><\/strong> \u2013 Vi bed\u00f6mmer den biologiska m\u00e5ngfaldens roll f\u00f6r ekosystemprocessers resistens och motst\u00e5ndskraft till f\u00f6ljd av torka i f\u00e4lt med hj\u00e4lp av regnmanipulationer (<a href=\"http:\/\/www.treedivnet.ugent.be\/ExpORPHEE.html\" target=\"_blank\" rel=\"noopener noreferrer\">ORPHEE<\/a> och <a href=\"http:\/\/www.treedivnet.ugent.be\/ExpFORBIO.html\" target=\"_blank\" rel=\"noopener noreferrer\">FORBIO<\/a>), och tillsammans med experiment vid <a href=\"http:\/\/www.ecotron.cnrs.fr\/\" target=\"_blank\" rel=\"noopener noreferrer\">European Ecotron<\/a> in Montpellier.<\/li>\n<p>&nbsp;<\/p>\n<li><strong><a href=\" https:\/\/websie.cefe.cnrs.fr\/soilforeurope\/sv\/socioeconomic-impact-approach-4-sv\/\"> Socioekonomisk inverkan<\/a><\/strong> \u2013 Uppfattningen om biologisk m\u00e5ngfald i jord bland skogsf\u00f6rvaltare och den st\u00f6rre allm\u00e4nheten \u00e4r bed\u00f6md med hj\u00e4lp av unders\u00f6kningar och val experiment som g\u00f6r det m\u00f6jligt att utv\u00e4rdera hur kriterier f\u00f6r jordens biologiska m\u00e5ngfald p\u00e5verkar beslutstagande processer.<\/li>\n<\/ol>\n\n","protected":false},"excerpt":{"rendered":"<p>&nbsp; &nbsp; Biologisk m\u00e5ngfald &#8211; M\u00e5ngfalden bland jordlevande mikroorganismer, nematoder, makrofauna och egenskaper hos finr\u00f6tter \u00e4r utv\u00e4rderade mot tr\u00e4dartm\u00e5ngfaldsgradienter i olika europeiska skogstyper. &nbsp; Funktion \u2013 Den redan tillg\u00e4ngliga omfattande databasen av \u00f6verv\u00e4gande \u2019ovan mark\u2019-funktioner fr\u00e5n FunDivEUROPE \u00e4r kompletterad med \u2019under mark\u2019-funktioner, s\u00e5som nedbrytningshastigheter av finr\u00f6tter och mikrobiella processer (Enzymaktivitet,&#8230;<\/p>\n<p class=\"continue-reading-button\"> <a class=\"continue-reading-link\" href=\"https:\/\/websie.cefe.cnrs.fr\/soilforeurope\/sv\/approach-sv\/\">Continue reading<i class=\"crycon-right-dir\"><\/i><\/a><\/p>\n","protected":false},"author":1,"featured_media":0,"parent":0,"menu_order":0,"comment_status":"closed","ping_status":"closed","template":"","meta":{"inline_featured_image":false,"footnotes":""},"class_list":["post-2627","page","type-page","status-publish","hentry"],"_links":{"self":[{"href":"https:\/\/websie.cefe.cnrs.fr\/soilforeurope\/wp-json\/wp\/v2\/pages\/2627","targetHints":{"allow":["GET"]}}],"collection":[{"href":"https:\/\/websie.cefe.cnrs.fr\/soilforeurope\/wp-json\/wp\/v2\/pages"}],"about":[{"href":"https:\/\/websie.cefe.cnrs.fr\/soilforeurope\/wp-json\/wp\/v2\/types\/page"}],"author":[{"embeddable":true,"href":"https:\/\/websie.cefe.cnrs.fr\/soilforeurope\/wp-json\/wp\/v2\/users\/1"}],"replies":[{"embeddable":true,"href":"https:\/\/websie.cefe.cnrs.fr\/soilforeurope\/wp-json\/wp\/v2\/comments?post=2627"}],"version-history":[{"count":4,"href":"https:\/\/websie.cefe.cnrs.fr\/soilforeurope\/wp-json\/wp\/v2\/pages\/2627\/revisions"}],"predecessor-version":[{"id":3474,"href":"https:\/\/websie.cefe.cnrs.fr\/soilforeurope\/wp-json\/wp\/v2\/pages\/2627\/revisions\/3474"}],"wp:attachment":[{"href":"https:\/\/websie.cefe.cnrs.fr\/soilforeurope\/wp-json\/wp\/v2\/media?parent=2627"}],"curies":[{"name":"wp","href":"https:\/\/api.w.org\/{rel}","templated":true}]}}