{"id":2625,"date":"2020-03-30T19:23:03","date_gmt":"2020-03-30T17:23:03","guid":{"rendered":"https:\/\/websie.cefe.cnrs.fr\/soilforeurope\/?page_id=2625"},"modified":"2020-05-05T23:30:46","modified_gmt":"2020-05-05T21:30:46","slug":"approach-fi","status":"publish","type":"page","link":"https:\/\/websie.cefe.cnrs.fr\/soilforeurope\/fi\/approach-fi\/","title":{"rendered":"L\u00e4hestymistapa"},"content":{"rendered":"\n<p>&nbsp;<\/p>\n<p><img loading=\"lazy\" decoding=\"async\" class=\"wp-image-258 alignright\" src=\"https:\/\/websie.cefe.cnrs.fr\/soilforeurope\/wp-content\/uploads\/2018\/12\/Carte_sites-942x1024.png\" alt=\"\" width=\"479\" height=\"520\" srcset=\"https:\/\/websie.cefe.cnrs.fr\/soilforeurope\/wp-content\/uploads\/2018\/12\/Carte_sites-942x1024.png 942w, https:\/\/websie.cefe.cnrs.fr\/soilforeurope\/wp-content\/uploads\/2018\/12\/Carte_sites-276x300.png 276w, https:\/\/websie.cefe.cnrs.fr\/soilforeurope\/wp-content\/uploads\/2018\/12\/Carte_sites-768x835.png 768w, https:\/\/websie.cefe.cnrs.fr\/soilforeurope\/wp-content\/uploads\/2018\/12\/Carte_sites-138x150.png 138w, https:\/\/websie.cefe.cnrs.fr\/soilforeurope\/wp-content\/uploads\/2018\/12\/Carte_sites.png 1400w\" sizes=\"auto, (max-width: 479px) 100vw, 479px\" \/><\/p>\n<ol>\n<p>&nbsp;<\/p>\n<li><strong><a href=\"https:\/\/websie.cefe.cnrs.fr\/soilforeurope\/fi\/biodiversity-approach-1-fi\/\">Monimuotoisuus<\/a><\/strong> &#8211; Maaper\u00e4eli\u00f6iden, sukkulamatojen, mikroniveljalkaisten ja makrofaunan monimuotoisuutta, sek\u00e4 ohutjuurien ominaisuuksia tutkitaan puulajirunsauden gradientissa erilaisissa eurooppalaisissa metsiss\u00e4.<\/li>\n<p>&nbsp;<\/p>\n<li><strong><a href=\"https:\/\/websie.cefe.cnrs.fr\/soilforeurope\/fi\/function-approach-2-fi\/\">Toiminnallisuus<\/a><\/strong> \u2013 Jo olemassa olevaa, <a href=\"http:\/\/www.fundiveurope.eu\/\" target=\"_blank\" rel=\"noopener noreferrer\">FunDivEUROPE<\/a>-projektissa ker\u00e4tty\u00e4 ja suurimmaksi osaksi maanp\u00e4\u00e4llisist\u00e4 funktioista koostuvaa laajaa tietopankkia t\u00e4ydennet\u00e4\u00e4n maanalaisilla funktioilla, kuten ohutjuurien hajotuksella ja mikrobiprosesseilla (entsyymiaktiivisuus, mikrobiaktiivisuuden potentiaali, katabolinen monimuotoisuus, metabolinen suhdeluku).<\/li>\n<p>&nbsp;<\/p>\n<li><strong><a href=\"https:\/\/websie.cefe.cnrs.fr\/soilforeurope\/fi\/climate-change-approach-3-fi\/\">Ilmastonmuutos<\/a><\/strong> \u2013 Manipuloimalla kastelua arvioimme monimuotoisuuden vaikutusta ekosysteemiprosessien vastustuskykyyn ja sietokykyyn suhteessa kuivuuteen maastokokeissa (<a href=\"http:\/\/www.treedivnet.ugent.be\/ExpORPHEE.html\" target=\"_blank\" rel=\"noopener noreferrer\">ORPHEE<\/a> ja <a href=\"http:\/\/www.treedivnet.ugent.be\/ExpFORBIO.html\" target=\"_blank\" rel=\"noopener noreferrer\">FORBIO<\/a>), ja kontrolloiduissa olosuhteissa <a href=\"http:\/\/www.ecotron.cnrs.fr\/\" target=\"_blank\" rel=\"noopener noreferrer\">European Ecotronissa<\/a> Montpellieriss\u00e4.<\/li>\n<p>&nbsp;<\/p>\n<li><strong><a href=\"https:\/\/websie.cefe.cnrs.fr\/soilforeurope\/fi\/socioeconomic-impact-approach-4-fi\/\">Yhteiskunnallis-taloudellinen vaikutus<\/a><\/strong> \u2013 Mets\u00e4ammattilaisten ja kansalaisten k\u00e4sitykset maaper\u00e4n monimuotoisuudesta tutkitaan kyselyill\u00e4 ja valintakokeilla. T\u00e4m\u00e4 mahdollistaa arvioimaan miten maaper\u00e4n monimuotoisuuden kriteerit vaikuttavat p\u00e4\u00e4t\u00f6ksentekoprosessia.<\/li>\n<\/ol>\n\n","protected":false},"excerpt":{"rendered":"<p>&nbsp; &nbsp; Monimuotoisuus &#8211; Maaper\u00e4eli\u00f6iden, sukkulamatojen, mikroniveljalkaisten ja makrofaunan monimuotoisuutta, sek\u00e4 ohutjuurien ominaisuuksia tutkitaan puulajirunsauden gradientissa erilaisissa eurooppalaisissa metsiss\u00e4. &nbsp; Toiminnallisuus \u2013 Jo olemassa olevaa, FunDivEUROPE-projektissa ker\u00e4tty\u00e4 ja suurimmaksi osaksi maanp\u00e4\u00e4llisist\u00e4 funktioista koostuvaa laajaa tietopankkia t\u00e4ydennet\u00e4\u00e4n maanalaisilla funktioilla, kuten ohutjuurien hajotuksella ja mikrobiprosesseilla (entsyymiaktiivisuus, mikrobiaktiivisuuden potentiaali, katabolinen monimuotoisuus, metabolinen suhdeluku)&#8230;.<\/p>\n<p class=\"continue-reading-button\"> <a class=\"continue-reading-link\" href=\"https:\/\/websie.cefe.cnrs.fr\/soilforeurope\/fi\/approach-fi\/\">Continue reading<i class=\"crycon-right-dir\"><\/i><\/a><\/p>\n","protected":false},"author":1,"featured_media":0,"parent":0,"menu_order":0,"comment_status":"closed","ping_status":"closed","template":"","meta":{"inline_featured_image":false,"footnotes":""},"class_list":["post-2625","page","type-page","status-publish","hentry"],"_links":{"self":[{"href":"https:\/\/websie.cefe.cnrs.fr\/soilforeurope\/wp-json\/wp\/v2\/pages\/2625","targetHints":{"allow":["GET"]}}],"collection":[{"href":"https:\/\/websie.cefe.cnrs.fr\/soilforeurope\/wp-json\/wp\/v2\/pages"}],"about":[{"href":"https:\/\/websie.cefe.cnrs.fr\/soilforeurope\/wp-json\/wp\/v2\/types\/page"}],"author":[{"embeddable":true,"href":"https:\/\/websie.cefe.cnrs.fr\/soilforeurope\/wp-json\/wp\/v2\/users\/1"}],"replies":[{"embeddable":true,"href":"https:\/\/websie.cefe.cnrs.fr\/soilforeurope\/wp-json\/wp\/v2\/comments?post=2625"}],"version-history":[{"count":6,"href":"https:\/\/websie.cefe.cnrs.fr\/soilforeurope\/wp-json\/wp\/v2\/pages\/2625\/revisions"}],"predecessor-version":[{"id":3500,"href":"https:\/\/websie.cefe.cnrs.fr\/soilforeurope\/wp-json\/wp\/v2\/pages\/2625\/revisions\/3500"}],"wp:attachment":[{"href":"https:\/\/websie.cefe.cnrs.fr\/soilforeurope\/wp-json\/wp\/v2\/media?parent=2625"}],"curies":[{"name":"wp","href":"https:\/\/api.w.org\/{rel}","templated":true}]}}