{"id":2623,"date":"2020-03-30T19:22:37","date_gmt":"2020-03-30T17:22:37","guid":{"rendered":"https:\/\/websie.cefe.cnrs.fr\/soilforeurope\/?page_id=2623"},"modified":"2020-07-21T12:26:30","modified_gmt":"2020-07-21T10:26:30","slug":"approach-ro","status":"publish","type":"page","link":"https:\/\/websie.cefe.cnrs.fr\/soilforeurope\/ro\/approach-ro\/","title":{"rendered":"Abordare"},"content":{"rendered":"\n<p>&nbsp;<\/p>\n<p><img loading=\"lazy\" decoding=\"async\" class=\"wp-image-258 alignright\" src=\"https:\/\/websie.cefe.cnrs.fr\/soilforeurope\/wp-content\/uploads\/2018\/12\/Carte_sites-942x1024.png\" alt=\"\" width=\"479\" height=\"520\" srcset=\"https:\/\/websie.cefe.cnrs.fr\/soilforeurope\/wp-content\/uploads\/2018\/12\/Carte_sites-942x1024.png 942w, https:\/\/websie.cefe.cnrs.fr\/soilforeurope\/wp-content\/uploads\/2018\/12\/Carte_sites-276x300.png 276w, https:\/\/websie.cefe.cnrs.fr\/soilforeurope\/wp-content\/uploads\/2018\/12\/Carte_sites-768x835.png 768w, https:\/\/websie.cefe.cnrs.fr\/soilforeurope\/wp-content\/uploads\/2018\/12\/Carte_sites-138x150.png 138w, https:\/\/websie.cefe.cnrs.fr\/soilforeurope\/wp-content\/uploads\/2018\/12\/Carte_sites.png 1400w\" sizes=\"auto, (max-width: 479px) 100vw, 479px\" \/><\/p>\n<ol>\n<p>&nbsp;<\/p>\n<li><strong><a href=\" https:\/\/websie.cefe.cnrs.fr\/soilforeurope\/ro\/biodiversity-approach-1-ro\/\"> Biodiversitatea<\/a><\/strong> &#8211; Diversitatea microorganismelor solului, a nematozilor, a micro-artropodelor, a macro-faunei \u0219i a caracteristicilor r\u0103d\u0103cinilor fine sunt evaluate de-a lungul gradien\u021bilor de diversitate a speciilor de arbori din diferite tipuri de p\u0103dure europene.<\/li>\n<p>&nbsp;<\/p>\n<li><strong><a href=\" https:\/\/websie.cefe.cnrs.fr\/soilforeurope\/ro\/function-approach-2-ro\/\"> Func\u021bie<\/a><\/strong> \u2013 Baza de date bogat\u0103 deja disponibil\u0103 cu func\u021bii ce descriu preponderent partea suprateran\u0103 de la <a href=\"http:\/\/www.fundiveurope.eu\/\" target=\"_blank\" rel=\"noopener noreferrer\">FunDivEUROPE<\/a> este completat\u0103 cu func\u021bii subterane, precum rata de descompunere a r\u0103d\u0103cinilor fine \u0219i a proceselor microbiene (activitate enzimatic\u0103, poten\u021bial de activitate microbian\u0103, diversitate catabolic\u0103, coeficient metabolic).<\/li>\n<p>&nbsp;<\/p>\n<li><strong><a href=\" https:\/\/websie.cefe.cnrs.fr\/soilforeurope\/ro\/climate-change-approach-3-ro\/\"> Schimb\u0103rile climatice<\/a><\/strong> \u2013 Evalu\u0103m rolul biodiversit\u0103\u021bii \u00een rezisten\u021ba \u0219i rezilien\u021ba proceselor ecosistemice ca r\u0103spuns la secet\u0103 pe teren cu manipul\u0103ri de precipita\u021bii (<a href=\"http:\/\/www.treedivnet.ugent.be\/ExpORPHEE.html\" target=\"_blank\" rel=\"noopener noreferrer\">ORPHEE<\/a> \u0219i <a href=\"http:\/\/www.treedivnet.ugent.be\/ExpFORBIO.html\" target=\"_blank\" rel=\"noopener noreferrer\">FORBIO<\/a>), \u0219i cu experimentele de la <a href=\"http:\/\/www.ecotron.cnrs.fr\/\" target=\"_blank\" rel=\"noopener noreferrer\">European Ecotron<\/a> din Montpellier.<\/li>\n<p>&nbsp;<\/p>\n<li><strong><a href=\" https:\/\/websie.cefe.cnrs.fr\/soilforeurope\/ro\/socioeconomic-impact-approach-4-ro\/\"> Impactul socioeconomic<\/a><\/strong> \u2013 Percep\u021bia asupra biodiversit\u0103\u021bii solului de c\u0103tre gestionarii p\u0103durilor \u0219i publicul larg este evaluat\u0103 prin sondaje \u0219i tehnici de selectare care permit evaluarea modului \u00een care biodiversitatea solului influen\u021beaz\u0103 procesele de luare a deciziilor.<\/li>\n<\/ol>\n\n","protected":false},"excerpt":{"rendered":"<p>&nbsp; &nbsp; Biodiversitatea &#8211; Diversitatea microorganismelor solului, a nematozilor, a micro-artropodelor, a macro-faunei \u0219i a caracteristicilor r\u0103d\u0103cinilor fine sunt evaluate de-a lungul gradien\u021bilor de diversitate a speciilor de arbori din diferite tipuri de p\u0103dure europene. &nbsp; Func\u021bie \u2013 Baza de date bogat\u0103 deja disponibil\u0103 cu func\u021bii ce descriu preponderent partea&#8230;<\/p>\n<p class=\"continue-reading-button\"> <a class=\"continue-reading-link\" href=\"https:\/\/websie.cefe.cnrs.fr\/soilforeurope\/ro\/approach-ro\/\">Continue reading<i class=\"crycon-right-dir\"><\/i><\/a><\/p>\n","protected":false},"author":1,"featured_media":0,"parent":0,"menu_order":0,"comment_status":"closed","ping_status":"closed","template":"","meta":{"inline_featured_image":false,"footnotes":""},"class_list":["post-2623","page","type-page","status-publish","hentry"],"_links":{"self":[{"href":"https:\/\/websie.cefe.cnrs.fr\/soilforeurope\/wp-json\/wp\/v2\/pages\/2623","targetHints":{"allow":["GET"]}}],"collection":[{"href":"https:\/\/websie.cefe.cnrs.fr\/soilforeurope\/wp-json\/wp\/v2\/pages"}],"about":[{"href":"https:\/\/websie.cefe.cnrs.fr\/soilforeurope\/wp-json\/wp\/v2\/types\/page"}],"author":[{"embeddable":true,"href":"https:\/\/websie.cefe.cnrs.fr\/soilforeurope\/wp-json\/wp\/v2\/users\/1"}],"replies":[{"embeddable":true,"href":"https:\/\/websie.cefe.cnrs.fr\/soilforeurope\/wp-json\/wp\/v2\/comments?post=2623"}],"version-history":[{"count":5,"href":"https:\/\/websie.cefe.cnrs.fr\/soilforeurope\/wp-json\/wp\/v2\/pages\/2623\/revisions"}],"predecessor-version":[{"id":3777,"href":"https:\/\/websie.cefe.cnrs.fr\/soilforeurope\/wp-json\/wp\/v2\/pages\/2623\/revisions\/3777"}],"wp:attachment":[{"href":"https:\/\/websie.cefe.cnrs.fr\/soilforeurope\/wp-json\/wp\/v2\/media?parent=2623"}],"curies":[{"name":"wp","href":"https:\/\/api.w.org\/{rel}","templated":true}]}}