{"id":2621,"date":"2020-03-30T19:22:09","date_gmt":"2020-03-30T17:22:09","guid":{"rendered":"https:\/\/websie.cefe.cnrs.fr\/soilforeurope\/?page_id=2621"},"modified":"2020-04-29T12:05:14","modified_gmt":"2020-04-29T10:05:14","slug":"approach-pl","status":"publish","type":"page","link":"https:\/\/websie.cefe.cnrs.fr\/soilforeurope\/pl\/approach-pl\/","title":{"rendered":"Podej\u015bcie"},"content":{"rendered":"\n<p>&nbsp;<\/p>\n<p><img loading=\"lazy\" decoding=\"async\" class=\"wp-image-258 alignright\" src=\"https:\/\/websie.cefe.cnrs.fr\/soilforeurope\/wp-content\/uploads\/2018\/12\/Carte_sites-942x1024.png\" alt=\"\" width=\"479\" height=\"520\" srcset=\"https:\/\/websie.cefe.cnrs.fr\/soilforeurope\/wp-content\/uploads\/2018\/12\/Carte_sites-942x1024.png 942w, https:\/\/websie.cefe.cnrs.fr\/soilforeurope\/wp-content\/uploads\/2018\/12\/Carte_sites-276x300.png 276w, https:\/\/websie.cefe.cnrs.fr\/soilforeurope\/wp-content\/uploads\/2018\/12\/Carte_sites-768x835.png 768w, https:\/\/websie.cefe.cnrs.fr\/soilforeurope\/wp-content\/uploads\/2018\/12\/Carte_sites-138x150.png 138w, https:\/\/websie.cefe.cnrs.fr\/soilforeurope\/wp-content\/uploads\/2018\/12\/Carte_sites.png 1400w\" sizes=\"auto, (max-width: 479px) 100vw, 479px\" \/><\/p>\n<ol>\n<p>&nbsp;<\/p>\n<li><strong><a href=\"https:\/\/websie.cefe.cnrs.fr\/soilforeurope\/pl\/biodiversity-approach-1-pl\/\">R\u00f3\u017cnorodno\u015b\u0107 biologiczna<\/a><\/strong> &#8211; R\u00f3\u017cnorodno\u015b\u0107 mikroorganizm\u00f3w glebowych, nicieni, mikrostawonog\u00f3w, makrofauny i cech drobnych korzeni oceniana jest wzd\u0142u\u017c gradient\u00f3w r\u00f3\u017cnorodno\u015bci gatunkowej drzew w r\u00f3\u017cnych typach las\u00f3w europejskich.<\/li>\n<p>&nbsp;<\/p>\n<li><strong><a href=\"https:\/\/websie.cefe.cnrs.fr\/soilforeurope\/pl\/function-approach-2-pl\/\"> Funkcja<\/a><\/strong> \u2013 Dost\u0119pna bogata baza danych zawieraj\u0105ca g\u0142\u00f3wnie funkcje powierzchniowe utworzona w projekcie <a href=\"http:\/\/www.fundiveurope.eu\/\" target=\"_blank\" rel=\"noopener noreferrer\">FunDivEUROPE<\/a> jest uzupe\u0142niana o funkcje podziemne, takie jak szybko\u015b\u0107 rozk\u0142adu drobnych korzeni i sprawno\u015b\u0107 proces\u00f3w mikrobiologicznych (aktywno\u015b\u0107 enzym\u00f3w, potencja\u0142 aktywno\u015bci mikrobiologicznej, r\u00f3\u017cnorodno\u015b\u0107 kataboliczna, wsp\u00f3\u0142czynnik metaboliczny).<\/li>\n<p>&nbsp;<\/p>\n<li><strong><a href=\"https:\/\/websie.cefe.cnrs.fr\/soilforeurope\/pl\/climate-change-approach-3-pl\/\"> Zmiany klimatyczne <\/a><\/strong> \u2013 Oceniamy rol\u0119 r\u00f3\u017cnorodno\u015bci biologicznej w odporno\u015bci i zdolno\u015bci do regeneracji proces\u00f3w zachodz\u0105cych w ekosystemie w odpowiedzi na susz\u0119 w terenie za pomoc\u0105 manipulacji opadami (<a href=\"http:\/\/www.treedivnet.ugent.be\/ExpORPHEE.html\" target=\"_blank\" rel=\"noopener noreferrer\">ORPHEE<\/a> i <a href=\"http:\/\/www.treedivnet.ugent.be\/ExpFORBIO.html\" target=\"_blank\" rel=\"noopener noreferrer\">FORBIO<\/a>), a tak\u017ce za pomoc\u0105 eksperyment\u00f3w w <a href=\"http:\/\/www.ecotron.cnrs.fr\/\" target=\"_blank\" rel=\"noopener noreferrer\">European Ecotron<\/a> w Montpellier.<\/li>\n<p>&nbsp;<\/p>\n<li><strong><a href=\"https:\/\/websie.cefe.cnrs.fr\/soilforeurope\/pl\/socioeconomic-impact-approach-4-pl\/\"> Skutki spo\u0142eczno-ekonomiczne<\/a><\/strong> \u2013 Postrzeganie r\u00f3\u017cnorodno\u015bci biologicznej gleby przez zarz\u0105dc\u00f3w las\u00f3w i szersz\u0105 publiczno\u015b\u0107 jest oceniane za pomoc\u0105 ankiet i eksperyment\u00f3w wyboru umo\u017cliwiaj\u0105cych ocen\u0119 wp\u0142ywu kryteri\u00f3w r\u00f3\u017cnorodno\u015bci biologicznej gleby na procesy decyzyjne.<\/li>\n<\/ol>\n\n","protected":false},"excerpt":{"rendered":"<p>&nbsp; &nbsp; R\u00f3\u017cnorodno\u015b\u0107 biologiczna &#8211; R\u00f3\u017cnorodno\u015b\u0107 mikroorganizm\u00f3w glebowych, nicieni, mikrostawonog\u00f3w, makrofauny i cech drobnych korzeni oceniana jest wzd\u0142u\u017c gradient\u00f3w r\u00f3\u017cnorodno\u015bci gatunkowej drzew w r\u00f3\u017cnych typach las\u00f3w europejskich. &nbsp; Funkcja \u2013 Dost\u0119pna bogata baza danych zawieraj\u0105ca g\u0142\u00f3wnie funkcje powierzchniowe utworzona w projekcie FunDivEUROPE jest uzupe\u0142niana o funkcje podziemne, takie jak szybko\u015b\u0107&#8230;<\/p>\n<p class=\"continue-reading-button\"> <a class=\"continue-reading-link\" href=\"https:\/\/websie.cefe.cnrs.fr\/soilforeurope\/pl\/approach-pl\/\">Continue reading<i class=\"crycon-right-dir\"><\/i><\/a><\/p>\n","protected":false},"author":1,"featured_media":0,"parent":0,"menu_order":0,"comment_status":"closed","ping_status":"closed","template":"","meta":{"inline_featured_image":false,"footnotes":""},"class_list":["post-2621","page","type-page","status-publish","hentry"],"_links":{"self":[{"href":"https:\/\/websie.cefe.cnrs.fr\/soilforeurope\/wp-json\/wp\/v2\/pages\/2621","targetHints":{"allow":["GET"]}}],"collection":[{"href":"https:\/\/websie.cefe.cnrs.fr\/soilforeurope\/wp-json\/wp\/v2\/pages"}],"about":[{"href":"https:\/\/websie.cefe.cnrs.fr\/soilforeurope\/wp-json\/wp\/v2\/types\/page"}],"author":[{"embeddable":true,"href":"https:\/\/websie.cefe.cnrs.fr\/soilforeurope\/wp-json\/wp\/v2\/users\/1"}],"replies":[{"embeddable":true,"href":"https:\/\/websie.cefe.cnrs.fr\/soilforeurope\/wp-json\/wp\/v2\/comments?post=2621"}],"version-history":[{"count":10,"href":"https:\/\/websie.cefe.cnrs.fr\/soilforeurope\/wp-json\/wp\/v2\/pages\/2621\/revisions"}],"predecessor-version":[{"id":3472,"href":"https:\/\/websie.cefe.cnrs.fr\/soilforeurope\/wp-json\/wp\/v2\/pages\/2621\/revisions\/3472"}],"wp:attachment":[{"href":"https:\/\/websie.cefe.cnrs.fr\/soilforeurope\/wp-json\/wp\/v2\/media?parent=2621"}],"curies":[{"name":"wp","href":"https:\/\/api.w.org\/{rel}","templated":true}]}}