{"id":2618,"date":"2020-03-30T19:20:52","date_gmt":"2020-03-30T17:20:52","guid":{"rendered":"https:\/\/websie.cefe.cnrs.fr\/soilforeurope\/?page_id=2618"},"modified":"2020-07-03T18:21:27","modified_gmt":"2020-07-03T16:21:27","slug":"approach-nl","status":"publish","type":"page","link":"https:\/\/websie.cefe.cnrs.fr\/soilforeurope\/nl\/approach-nl\/","title":{"rendered":"Methode"},"content":{"rendered":"\n<p>&nbsp;<\/p>\n<p><img loading=\"lazy\" decoding=\"async\" class=\"wp-image-258 alignright\" src=\"https:\/\/websie.cefe.cnrs.fr\/soilforeurope\/wp-content\/uploads\/2018\/12\/Carte_sites-942x1024.png\" alt=\"\" width=\"479\" height=\"520\" srcset=\"https:\/\/websie.cefe.cnrs.fr\/soilforeurope\/wp-content\/uploads\/2018\/12\/Carte_sites-942x1024.png 942w, https:\/\/websie.cefe.cnrs.fr\/soilforeurope\/wp-content\/uploads\/2018\/12\/Carte_sites-276x300.png 276w, https:\/\/websie.cefe.cnrs.fr\/soilforeurope\/wp-content\/uploads\/2018\/12\/Carte_sites-768x835.png 768w, https:\/\/websie.cefe.cnrs.fr\/soilforeurope\/wp-content\/uploads\/2018\/12\/Carte_sites-138x150.png 138w, https:\/\/websie.cefe.cnrs.fr\/soilforeurope\/wp-content\/uploads\/2018\/12\/Carte_sites.png 1400w\" sizes=\"auto, (max-width: 479px) 100vw, 479px\" \/><\/p>\n<ol>\n<p>&nbsp;<\/p>\n<li><strong><a href=\" https:\/\/websie.cefe.cnrs.fr\/soilforeurope\/nl\/biodiversity-approach-1-nl\/\"> Biodiversiteit<\/a><\/strong> &#8211; De diversiteit van bodemmicro-organismen, nematoden, micro-arthropoden, macrofauna en fijne wortelkarakteristieken wordt beoordeeld langs de diversiteitsgradi\u00ebnten van boomsoorten in verschillende Europese bostypes.<\/li>\n<p>&nbsp;<\/p>\n<li><strong><a href=\"https:\/\/websie.cefe.cnrs.fr\/soilforeurope\/nl\/function-approach-2-nl\/\"> Functie<\/a><\/strong> \u2013 De reeds beschikbare uitgebreide database van voornamelijk bovengrondse functies van <a href=\"http:\/\/www.fundiveurope.eu\/\" target=\"_blank\" rel=\"noopener noreferrer\">FunDivEUROPE<\/a> wordt aangevuld met ondergrondse functies zoals de afbraaksnelheid van fijne wortels en microbi\u00eble processen (enzymactiviteit, microbi\u00eble activiteitspotentieel, katabole diversiteit, metabool quoti\u00ebnt).<\/li>\n<p>&nbsp;<\/p>\n<li><strong><a href=\"https:\/\/websie.cefe.cnrs.fr\/soilforeurope\/nl\/climate-change-approach-3-nl\/\"> Klimaatverandering <\/a><\/strong> \u2013 We beoordelen de rol van biodiversiteit in de weerstand en veerkracht van ecosysteemprocessen als reactie op droogte in het veld met behulp van regenvalmanipulaties (<a href=\"http:\/\/www.treedivnet.ugent.be\/ExpORPHEE.html\" target=\"_blank\" rel=\"noopener noreferrer\">ORPHEE<\/a> en <a href=\"http:\/\/www.treedivnet.ugent.be\/ExpFORBIO.html\" target=\"_blank\" rel=\"noopener noreferrer\">FORBIO<\/a>), en met experimenten in het <a href=\"http:\/\/www.ecotron.cnrs.fr\/\" target=\"_blank\" rel=\"noopener noreferrer\">Europese Ecotron<\/a> in Montpellier.<\/li>\n<p>&nbsp;<\/p>\n<li><strong><a href=\"https:\/\/websie.cefe.cnrs.fr\/soilforeurope\/nl\/socioeconomic-impact-approach-4-nl\/\"> Sociaaleconomische impact<\/a><\/strong> \u2013 De perceptie van bodembiodiversiteit door bosbeheerders en het grote publiek wordt beoordeeld met enqu\u00eates en een keuze-experiment die toelaten om te onderzoeken hoe informatie en kennis de preferenties voor bodembiodiversiteit be\u00efnvloeden en die besluitvormingsprocessen omtrent bosbeheer kunnen informeren.<\/li>\n<\/ol>\n\n","protected":false},"excerpt":{"rendered":"<p>&nbsp; &nbsp; Biodiversiteit &#8211; De diversiteit van bodemmicro-organismen, nematoden, micro-arthropoden, macrofauna en fijne wortelkarakteristieken wordt beoordeeld langs de diversiteitsgradi\u00ebnten van boomsoorten in verschillende Europese bostypes. &nbsp; Functie \u2013 De reeds beschikbare uitgebreide database van voornamelijk bovengrondse functies van FunDivEUROPE wordt aangevuld met ondergrondse functies zoals de afbraaksnelheid van fijne wortels&#8230;<\/p>\n<p class=\"continue-reading-button\"> <a class=\"continue-reading-link\" href=\"https:\/\/websie.cefe.cnrs.fr\/soilforeurope\/nl\/approach-nl\/\">Continue reading<i class=\"crycon-right-dir\"><\/i><\/a><\/p>\n","protected":false},"author":1,"featured_media":0,"parent":0,"menu_order":0,"comment_status":"closed","ping_status":"closed","template":"","meta":{"inline_featured_image":false,"footnotes":""},"class_list":["post-2618","page","type-page","status-publish","hentry"],"_links":{"self":[{"href":"https:\/\/websie.cefe.cnrs.fr\/soilforeurope\/wp-json\/wp\/v2\/pages\/2618","targetHints":{"allow":["GET"]}}],"collection":[{"href":"https:\/\/websie.cefe.cnrs.fr\/soilforeurope\/wp-json\/wp\/v2\/pages"}],"about":[{"href":"https:\/\/websie.cefe.cnrs.fr\/soilforeurope\/wp-json\/wp\/v2\/types\/page"}],"author":[{"embeddable":true,"href":"https:\/\/websie.cefe.cnrs.fr\/soilforeurope\/wp-json\/wp\/v2\/users\/1"}],"replies":[{"embeddable":true,"href":"https:\/\/websie.cefe.cnrs.fr\/soilforeurope\/wp-json\/wp\/v2\/comments?post=2618"}],"version-history":[{"count":7,"href":"https:\/\/websie.cefe.cnrs.fr\/soilforeurope\/wp-json\/wp\/v2\/pages\/2618\/revisions"}],"predecessor-version":[{"id":3728,"href":"https:\/\/websie.cefe.cnrs.fr\/soilforeurope\/wp-json\/wp\/v2\/pages\/2618\/revisions\/3728"}],"wp:attachment":[{"href":"https:\/\/websie.cefe.cnrs.fr\/soilforeurope\/wp-json\/wp\/v2\/media?parent=2618"}],"curies":[{"name":"wp","href":"https:\/\/api.w.org\/{rel}","templated":true}]}}