{"id":2616,"date":"2020-03-30T19:20:18","date_gmt":"2020-03-30T17:20:18","guid":{"rendered":"https:\/\/websie.cefe.cnrs.fr\/soilforeurope\/?page_id=2616"},"modified":"2020-05-29T12:01:22","modified_gmt":"2020-05-29T10:01:22","slug":"approach-it","status":"publish","type":"page","link":"https:\/\/websie.cefe.cnrs.fr\/soilforeurope\/it\/approach-it\/","title":{"rendered":"Approccio"},"content":{"rendered":"\n<p>&nbsp;<\/p>\n<p><img loading=\"lazy\" decoding=\"async\" class=\"wp-image-258 alignright\" src=\"https:\/\/websie.cefe.cnrs.fr\/soilforeurope\/wp-content\/uploads\/2018\/12\/Carte_sites-942x1024.png\" alt=\"\" width=\"479\" height=\"520\" srcset=\"https:\/\/websie.cefe.cnrs.fr\/soilforeurope\/wp-content\/uploads\/2018\/12\/Carte_sites-942x1024.png 942w, https:\/\/websie.cefe.cnrs.fr\/soilforeurope\/wp-content\/uploads\/2018\/12\/Carte_sites-276x300.png 276w, https:\/\/websie.cefe.cnrs.fr\/soilforeurope\/wp-content\/uploads\/2018\/12\/Carte_sites-768x835.png 768w, https:\/\/websie.cefe.cnrs.fr\/soilforeurope\/wp-content\/uploads\/2018\/12\/Carte_sites-138x150.png 138w, https:\/\/websie.cefe.cnrs.fr\/soilforeurope\/wp-content\/uploads\/2018\/12\/Carte_sites.png 1400w\" sizes=\"auto, (max-width: 479px) 100vw, 479px\" \/><\/p>\n<ol>\n<p>&nbsp;<\/p>\n<li><strong><a href=\" https:\/\/websie.cefe.cnrs.fr\/soilforeurope\/it\/biodiversity-approach-1-it\/\"> Biodiversit\u00e0<\/a><\/strong> &#8211; La diversit\u00e0 dei microrganismi del suolo, nematode, micro-artropodi, macro-fauna e caratteri delle radici fini sono valutati lungo gradienti di diversit\u00e0 arborea in differenti tipi di foreste europee.<\/li>\n<p>&nbsp;<\/p>\n<li><strong><a href=\" https:\/\/websie.cefe.cnrs.fr\/soilforeurope\/it\/function-approach-2-it\/\"> Funzione<\/a><\/strong> \u2013 La disponibilit\u00e0 di ricchi database di funzioni epigee delle foreste dal progetto <a href=\"http:\/\/www.fundiveurope.eu\/\" target=\"_blank\" rel=\"noopener noreferrer\">FunDivEUROPE<\/a> \u00e8 integrata con funzioni del sottosuolo,  tra cui il tasso di decomposizione delle radici fini e processi microbici (attivit\u00e0 enzimatiche, attivit\u00e0 microbiche, processi catabolici diversi, quozienti metabolici).<\/li>\n<p>&nbsp;<\/p>\n<li><strong><a href=\" https:\/\/websie.cefe.cnrs.fr\/soilforeurope\/it\/climate-change-approach-3-it\/\"> Cambiamento climatico<\/a><\/strong> \u2013 Valutiamo il ruolo della biodiversit\u00e0 nella resistenza e resilienza dei processi eco sistemici in risposta alla siccit\u00e0 in foresta, con manipolazioni delle precipitazioni (<a href=\"http:\/\/www.treedivnet.ugent.be\/ExpORPHEE.html\" target=\"_blank\" rel=\"noopener noreferrer\">ORPHEE<\/a> e <a href=\"http:\/\/www.treedivnet.ugent.be\/ExpFORBIO.html\" target=\"_blank\" rel=\"noopener noreferrer\">FORBIO<\/a>), e con esperimenti nell\u2019<a href=\"http:\/\/www.ecotron.cnrs.fr\/\" target=\"_blank\" rel=\"noopener noreferrer\">ecotrone<\/a> a Montpellier.<\/li>\n<p>&nbsp;<\/p>\n<li><strong><a href=\" https:\/\/websie.cefe.cnrs.fr\/soilforeurope\/it\/socioeconomic-impact-approach-4-it\/\"> Impatto socio-economico<\/a><\/strong> \u2013 La percezione della biodiversit\u00e0 del suolo da parte dei gestori delle foreste e della societ\u00e0 \u00e8 valutato con indagini ed esperimenti di scelta, permettendo la valutazione di come la biodiversit\u00e0 del suolo influenza i processi decisionali nella gestione ed utilizzo delle foreste.<\/li>\n<\/ol>\n\n","protected":false},"excerpt":{"rendered":"<p>&nbsp; &nbsp; Biodiversit\u00e0 &#8211; La diversit\u00e0 dei microrganismi del suolo, nematode, micro-artropodi, macro-fauna e caratteri delle radici fini sono valutati lungo gradienti di diversit\u00e0 arborea in differenti tipi di foreste europee. &nbsp; Funzione \u2013 La disponibilit\u00e0 di ricchi database di funzioni epigee delle foreste dal progetto FunDivEUROPE \u00e8 integrata con&#8230;<\/p>\n<p class=\"continue-reading-button\"> <a class=\"continue-reading-link\" href=\"https:\/\/websie.cefe.cnrs.fr\/soilforeurope\/it\/approach-it\/\">Continue reading<i class=\"crycon-right-dir\"><\/i><\/a><\/p>\n","protected":false},"author":1,"featured_media":0,"parent":0,"menu_order":0,"comment_status":"closed","ping_status":"closed","template":"","meta":{"inline_featured_image":false,"footnotes":""},"class_list":["post-2616","page","type-page","status-publish","hentry"],"_links":{"self":[{"href":"https:\/\/websie.cefe.cnrs.fr\/soilforeurope\/wp-json\/wp\/v2\/pages\/2616","targetHints":{"allow":["GET"]}}],"collection":[{"href":"https:\/\/websie.cefe.cnrs.fr\/soilforeurope\/wp-json\/wp\/v2\/pages"}],"about":[{"href":"https:\/\/websie.cefe.cnrs.fr\/soilforeurope\/wp-json\/wp\/v2\/types\/page"}],"author":[{"embeddable":true,"href":"https:\/\/websie.cefe.cnrs.fr\/soilforeurope\/wp-json\/wp\/v2\/users\/1"}],"replies":[{"embeddable":true,"href":"https:\/\/websie.cefe.cnrs.fr\/soilforeurope\/wp-json\/wp\/v2\/comments?post=2616"}],"version-history":[{"count":10,"href":"https:\/\/websie.cefe.cnrs.fr\/soilforeurope\/wp-json\/wp\/v2\/pages\/2616\/revisions"}],"predecessor-version":[{"id":3630,"href":"https:\/\/websie.cefe.cnrs.fr\/soilforeurope\/wp-json\/wp\/v2\/pages\/2616\/revisions\/3630"}],"wp:attachment":[{"href":"https:\/\/websie.cefe.cnrs.fr\/soilforeurope\/wp-json\/wp\/v2\/media?parent=2616"}],"curies":[{"name":"wp","href":"https:\/\/api.w.org\/{rel}","templated":true}]}}