{"id":2603,"date":"2020-03-30T19:11:41","date_gmt":"2020-03-30T17:11:41","guid":{"rendered":"https:\/\/websie.cefe.cnrs.fr\/soilforeurope\/?page_id=2603"},"modified":"2020-06-08T09:02:48","modified_gmt":"2020-06-08T07:02:48","slug":"approach-fr","status":"publish","type":"page","link":"https:\/\/websie.cefe.cnrs.fr\/soilforeurope\/fr\/approach-fr\/","title":{"rendered":"Approches"},"content":{"rendered":"\n<p>&nbsp;<\/p>\n<p><img loading=\"lazy\" decoding=\"async\" class=\"wp-image-258 alignright\" src=\"https:\/\/websie.cefe.cnrs.fr\/soilforeurope\/wp-content\/uploads\/2018\/12\/Carte_sites-942x1024.png\" alt=\"\" width=\"479\" height=\"520\" srcset=\"https:\/\/websie.cefe.cnrs.fr\/soilforeurope\/wp-content\/uploads\/2018\/12\/Carte_sites-942x1024.png 942w, https:\/\/websie.cefe.cnrs.fr\/soilforeurope\/wp-content\/uploads\/2018\/12\/Carte_sites-276x300.png 276w, https:\/\/websie.cefe.cnrs.fr\/soilforeurope\/wp-content\/uploads\/2018\/12\/Carte_sites-768x835.png 768w, https:\/\/websie.cefe.cnrs.fr\/soilforeurope\/wp-content\/uploads\/2018\/12\/Carte_sites-138x150.png 138w, https:\/\/websie.cefe.cnrs.fr\/soilforeurope\/wp-content\/uploads\/2018\/12\/Carte_sites.png 1400w\" sizes=\"auto, (max-width: 479px) 100vw, 479px\" \/><\/p>\n<ol>\n<p>&nbsp;<\/p>\n<li><strong><a href=\"https:\/\/websie.cefe.cnrs.fr\/soilforeurope\/fr\/biodiversity-approach-1-fr\/\"> Biodiversit\u00e9 <\/a><\/strong> &#8211; La diversit\u00e9 des microorganismes, des n\u00e9matodes, micro-arthropodes, de la macrofaune du sol, ainsi que des traits des racines fines, est \u00e9valu\u00e9e le long de gradients de diversit\u00e9 dans diff\u00e9rents types de for\u00eats europ\u00e9ennes. <\/li>\n<p>&nbsp;<\/p>\n<li><strong><a href=\"https:\/\/websie.cefe.cnrs.fr\/soilforeurope\/fr\/function-approach-2-fr\/\">Function<\/a><\/strong> \u2013 La base de donn\u00e9es d\u00e9j\u00e0 tr\u00e8s compl\u00e8te du projet pr\u00e9c\u00e9dent, <a href=\"http:\/\/www.fundiveurope.eu\/\" target=\"_blank\" rel=\"noopener noreferrer\">FunDivEUROPE<\/a>, porte principalement sur le compartiment a\u00e9rien des for\u00eats. Dans le cadre de SoilForEurope, elle sera compl\u00e9t\u00e9e avec des fonctions \u00ab souterraines \u00bb comme la d\u00e9composition des racines fines et des processus microbiens (activit\u00e9s enzymatiques, potentiels d\u2019activit\u00e9s microbiennes, diversit\u00e9 catabolique, quotient m\u00e9tabolique).<\/li>\n<p>&nbsp;<\/p>\n<li><strong><a href=\"https:\/\/websie.cefe.cnrs.fr\/soilforeurope\/fr\/climate-change-approach-3-fr\/\"> Changement climatique <\/a><\/strong> \u2013 Nous \u00e9valuons le r\u00f4le de la biodiversit\u00e9 dans la r\u00e9sistance et la r\u00e9silience des processus en r\u00e9ponse \u00e0 la s\u00e9cheresse soit in situ pour les exp\u00e9rimentations de manipulation climatique (<a href=\"http:\/\/www.treedivnet.ugent.be\/ExpORPHEE.html\" target=\"_blank\" rel=\"noopener noreferrer\">ORPHEE<\/a> and <a href=\"http:\/\/www.treedivnet.ugent.be\/ExpFORBIO.html\" target=\"_blank\" rel=\"noopener noreferrer\">FORBIO<\/a>), soit avec en conditions contr\u00f4l\u00e9es \u00e0 <a href=\"http:\/\/www.ecotron.cnrs.fr\/\" target=\"_blank\" rel=\"noopener noreferrer\"> l\u2019Ecotron Europ\u00e9en <\/a> de Montpellier.<\/li>\n<p>&nbsp;<\/p>\n<li><strong><a href=\"https:\/\/websie.cefe.cnrs.fr\/soilforeurope\/fr\/socioeconomic-impact-appraoch-4-fr\/\"> Impact socio-\u00e9conomique<\/a><\/strong> \u2013 La perception par les gestionnaires forestiers et le grand public de la biodiversit\u00e9 du sol est \u00e9tudi\u00e9e \u00e0 l\u2019aide d\u2019enqu\u00eates et d\u2019exp\u00e9riences de choix, permettant d\u2019\u00e9valuer comment les crit\u00e8res li\u00e9s \u00e0 cette biodiversit\u00e9 influence les processus de prise de d\u00e9cision.<\/li>\n<\/ol>\n\n","protected":false},"excerpt":{"rendered":"<p>&nbsp; &nbsp; Biodiversit\u00e9 &#8211; La diversit\u00e9 des microorganismes, des n\u00e9matodes, micro-arthropodes, de la macrofaune du sol, ainsi que des traits des racines fines, est \u00e9valu\u00e9e le long de gradients de diversit\u00e9 dans diff\u00e9rents types de for\u00eats europ\u00e9ennes. &nbsp; Function \u2013 La base de donn\u00e9es d\u00e9j\u00e0 tr\u00e8s compl\u00e8te du projet pr\u00e9c\u00e9dent,&#8230;<\/p>\n<p class=\"continue-reading-button\"> <a class=\"continue-reading-link\" href=\"https:\/\/websie.cefe.cnrs.fr\/soilforeurope\/fr\/approach-fr\/\">Continue reading<i class=\"crycon-right-dir\"><\/i><\/a><\/p>\n","protected":false},"author":1,"featured_media":0,"parent":0,"menu_order":0,"comment_status":"closed","ping_status":"closed","template":"","meta":{"inline_featured_image":false,"footnotes":""},"class_list":["post-2603","page","type-page","status-publish","hentry"],"_links":{"self":[{"href":"https:\/\/websie.cefe.cnrs.fr\/soilforeurope\/wp-json\/wp\/v2\/pages\/2603","targetHints":{"allow":["GET"]}}],"collection":[{"href":"https:\/\/websie.cefe.cnrs.fr\/soilforeurope\/wp-json\/wp\/v2\/pages"}],"about":[{"href":"https:\/\/websie.cefe.cnrs.fr\/soilforeurope\/wp-json\/wp\/v2\/types\/page"}],"author":[{"embeddable":true,"href":"https:\/\/websie.cefe.cnrs.fr\/soilforeurope\/wp-json\/wp\/v2\/users\/1"}],"replies":[{"embeddable":true,"href":"https:\/\/websie.cefe.cnrs.fr\/soilforeurope\/wp-json\/wp\/v2\/comments?post=2603"}],"version-history":[{"count":7,"href":"https:\/\/websie.cefe.cnrs.fr\/soilforeurope\/wp-json\/wp\/v2\/pages\/2603\/revisions"}],"predecessor-version":[{"id":3476,"href":"https:\/\/websie.cefe.cnrs.fr\/soilforeurope\/wp-json\/wp\/v2\/pages\/2603\/revisions\/3476"}],"wp:attachment":[{"href":"https:\/\/websie.cefe.cnrs.fr\/soilforeurope\/wp-json\/wp\/v2\/media?parent=2603"}],"curies":[{"name":"wp","href":"https:\/\/api.w.org\/{rel}","templated":true}]}}