{"id":2598,"date":"2020-03-30T19:09:07","date_gmt":"2020-03-30T17:09:07","guid":{"rendered":"https:\/\/websie.cefe.cnrs.fr\/soilforeurope\/?page_id=2598"},"modified":"2020-04-29T12:04:52","modified_gmt":"2020-04-29T10:04:52","slug":"approach-es","status":"publish","type":"page","link":"https:\/\/websie.cefe.cnrs.fr\/soilforeurope\/es\/approach-es\/","title":{"rendered":"Enfoque"},"content":{"rendered":"\n<p>&nbsp;<\/p>\n<p><img loading=\"lazy\" decoding=\"async\" class=\"wp-image-258 alignright\" src=\"https:\/\/websie.cefe.cnrs.fr\/soilforeurope\/wp-content\/uploads\/2018\/12\/Carte_sites-942x1024.png\" alt=\"\" width=\"479\" height=\"520\" srcset=\"https:\/\/websie.cefe.cnrs.fr\/soilforeurope\/wp-content\/uploads\/2018\/12\/Carte_sites-942x1024.png 942w, https:\/\/websie.cefe.cnrs.fr\/soilforeurope\/wp-content\/uploads\/2018\/12\/Carte_sites-276x300.png 276w, https:\/\/websie.cefe.cnrs.fr\/soilforeurope\/wp-content\/uploads\/2018\/12\/Carte_sites-768x835.png 768w, https:\/\/websie.cefe.cnrs.fr\/soilforeurope\/wp-content\/uploads\/2018\/12\/Carte_sites-138x150.png 138w, https:\/\/websie.cefe.cnrs.fr\/soilforeurope\/wp-content\/uploads\/2018\/12\/Carte_sites.png 1400w\" sizes=\"auto, (max-width: 479px) 100vw, 479px\" \/><\/p>\n<ol>\n<p>&nbsp;<\/p>\n<li><strong><a href=\" https:\/\/websie.cefe.cnrs.fr\/soilforeurope\/es\/biodiversity-approach-1-es\/\"> Biodiversidad<\/a><\/strong> &#8211; La diversidad de microorganismos del suelo, nem\u00e1todos, microartr\u00f3podos, macrofauna y rasgos de ra\u00edces finas se eval\u00faan a lo largo de los gradientes de diversidad de especies arb\u00f3reas en diferentes tipos de bosques europeos.<\/li>\n<p>&nbsp;<\/p>\n<li><strong><a href=\" https:\/\/websie.cefe.cnrs.fr\/soilforeurope\/es\/function-approach-2-es\/\"> Funci\u00f3n<\/a><\/strong> \u2013 La base de enriquecida base de datos disponible de funciones predominantemente a\u00e9reas de <a href=\"http:\/\/www.fundiveurope.eu\/\" target=\"_blank\" rel=\"noopener noreferrer\">FunDivEUROPE<\/a> se complementa con funciones subterr\u00e1neas como la tasa de descomposici\u00f3n de ra\u00edces finas y procesos microbianos (actividad enzim\u00e1tica, potencial de actividad microbiana, diversidad catab\u00f3lica, cociente metab\u00f3lico).<\/li>\n<p>&nbsp;<\/p>\n<li><strong><a href=\" https:\/\/websie.cefe.cnrs.fr\/soilforeurope\/es\/climate-change-approach-3-es\/\"> Cambio clim\u00e1tico <\/a><\/strong> \u2013 Evaluamos el papel de la biodiversidad en la resistencia y la resiliencia de los procesos del ecosistema como respuesta a la sequ\u00eda con manipulaciones de precipitaci\u00f3n en experimentos de campo (<a href=\"http:\/\/www.treedivnet.ugent.be\/ExpORPHEE.html\" target=\"_blank\" rel=\"noopener noreferrer\">ORPHEE<\/a> y <a href=\"http:\/\/www.treedivnet.ugent.be\/ExpFORBIO.html\" target=\"_blank\" rel=\"noopener noreferrer\">FORBIO<\/a>), y con experimentos en el <a href=\"http:\/\/www.ecotron.cnrs.fr\/\" target=\"_blank\" rel=\"noopener noreferrer\"> Ecotron europeo <\/a> en Montpellier.<\/li>\n<p>&nbsp;<\/p>\n<li><strong><a href=\"https:\/\/websie.cefe.cnrs.fr\/soilforeurope\/es\/socioeconomic-impact-appraoch-4-es\/ \"> Impacto socioecon\u00f3mico <\/a><\/strong> \u2013 La percepci\u00f3n de la biodiversidad del suelo por parte de los administradores forestales y el p\u00fablico en general se eval\u00faa con encuestas y experimentos de elecci\u00f3n que permiten determinar c\u00f3mo los criterios de biodiversidad del suelo influyen en los procesos de la toma de decisiones.<\/li>\n<\/ol>\n\n","protected":false},"excerpt":{"rendered":"<p>&nbsp; &nbsp; Biodiversidad &#8211; La diversidad de microorganismos del suelo, nem\u00e1todos, microartr\u00f3podos, macrofauna y rasgos de ra\u00edces finas se eval\u00faan a lo largo de los gradientes de diversidad de especies arb\u00f3reas en diferentes tipos de bosques europeos. &nbsp; Funci\u00f3n \u2013 La base de enriquecida base de datos disponible de funciones&#8230;<\/p>\n<p class=\"continue-reading-button\"> <a class=\"continue-reading-link\" href=\"https:\/\/websie.cefe.cnrs.fr\/soilforeurope\/es\/approach-es\/\">Continue reading<i class=\"crycon-right-dir\"><\/i><\/a><\/p>\n","protected":false},"author":1,"featured_media":0,"parent":0,"menu_order":0,"comment_status":"closed","ping_status":"closed","template":"","meta":{"inline_featured_image":false,"footnotes":""},"class_list":["post-2598","page","type-page","status-publish","hentry"],"_links":{"self":[{"href":"https:\/\/websie.cefe.cnrs.fr\/soilforeurope\/wp-json\/wp\/v2\/pages\/2598","targetHints":{"allow":["GET"]}}],"collection":[{"href":"https:\/\/websie.cefe.cnrs.fr\/soilforeurope\/wp-json\/wp\/v2\/pages"}],"about":[{"href":"https:\/\/websie.cefe.cnrs.fr\/soilforeurope\/wp-json\/wp\/v2\/types\/page"}],"author":[{"embeddable":true,"href":"https:\/\/websie.cefe.cnrs.fr\/soilforeurope\/wp-json\/wp\/v2\/users\/1"}],"replies":[{"embeddable":true,"href":"https:\/\/websie.cefe.cnrs.fr\/soilforeurope\/wp-json\/wp\/v2\/comments?post=2598"}],"version-history":[{"count":7,"href":"https:\/\/websie.cefe.cnrs.fr\/soilforeurope\/wp-json\/wp\/v2\/pages\/2598\/revisions"}],"predecessor-version":[{"id":3471,"href":"https:\/\/websie.cefe.cnrs.fr\/soilforeurope\/wp-json\/wp\/v2\/pages\/2598\/revisions\/3471"}],"wp:attachment":[{"href":"https:\/\/websie.cefe.cnrs.fr\/soilforeurope\/wp-json\/wp\/v2\/media?parent=2598"}],"curies":[{"name":"wp","href":"https:\/\/api.w.org\/{rel}","templated":true}]}}