{"id":2591,"date":"2020-03-30T19:04:22","date_gmt":"2020-03-30T17:04:22","guid":{"rendered":"https:\/\/websie.cefe.cnrs.fr\/soilforeurope\/?page_id=2591"},"modified":"2020-04-29T12:04:33","modified_gmt":"2020-04-29T10:04:33","slug":"approach-de","status":"publish","type":"page","link":"https:\/\/websie.cefe.cnrs.fr\/soilforeurope\/de\/approach-de\/","title":{"rendered":"Vorgehen"},"content":{"rendered":"\n<p>&nbsp;<\/p>\n<p><img loading=\"lazy\" decoding=\"async\" class=\"wp-image-258 alignright\" src=\"https:\/\/websie.cefe.cnrs.fr\/soilforeurope\/wp-content\/uploads\/2018\/12\/Carte_sites-942x1024.png\" alt=\"\" width=\"479\" height=\"520\" srcset=\"https:\/\/websie.cefe.cnrs.fr\/soilforeurope\/wp-content\/uploads\/2018\/12\/Carte_sites-942x1024.png 942w, https:\/\/websie.cefe.cnrs.fr\/soilforeurope\/wp-content\/uploads\/2018\/12\/Carte_sites-276x300.png 276w, https:\/\/websie.cefe.cnrs.fr\/soilforeurope\/wp-content\/uploads\/2018\/12\/Carte_sites-768x835.png 768w, https:\/\/websie.cefe.cnrs.fr\/soilforeurope\/wp-content\/uploads\/2018\/12\/Carte_sites-138x150.png 138w, https:\/\/websie.cefe.cnrs.fr\/soilforeurope\/wp-content\/uploads\/2018\/12\/Carte_sites.png 1400w\" sizes=\"auto, (max-width: 479px) 100vw, 479px\" \/><\/p>\n<ol>\n<p>&nbsp;<\/p>\n<li><strong><a href=\" https:\/\/websie.cefe.cnrs.fr\/soilforeurope\/de\/biodiversity-approach-1-de\/\"> Biodiversit\u00e4t<\/a><\/strong> &#8211; Die Vielfalt der Bodenmikroorganismen, Nematoden, Mikroarthropoden, Makrofauna und Feinwurzeleigenschaften wird entlang der Gradienten der Baumartenvielfalt in verschiedenen europ\u00e4ischen Waldtypen bewertet.<\/li>\n<p>&nbsp;<\/p>\n<li><strong><a href=\" https:\/\/websie.cefe.cnrs.fr\/soilforeurope\/de\/function-approach-2-de\/\"> Funktion<\/a><\/strong> \u2013 Die bereits verf\u00fcgbare reichhaltige Datenbasis der \u00fcberwiegend oberirdischen Funktionen von <a href=\"http:\/\/www.fundiveurope.eu\/\" target=\"_blank\" rel=\"noopener noreferrer\">FunDivEUROPE<\/a> wird durch unterirdische Funktionen wie Abbaurate von Feinwurzeln und mikrobielle Prozesse (Enzymaktivit\u00e4t, mikrobielle Aktivit\u00e4t, katabolische Diversit\u00e4t, Stoffwechselquotient) erg\u00e4nzt.<\/li>\n<p>&nbsp;<\/p>\n<li><strong><a href=\" https:\/\/websie.cefe.cnrs.fr\/soilforeurope\/de\/climate-change-approach-3-de\/\"> Klimawandel<\/a><\/strong> \u2013 Wir bewerten die Rolle der Biodiversit\u00e4t bei der Resistenz und Belastbarkeit von \u00d6kosystemprozessen als Reaktion auf D\u00fcrre im Feld mit Niederschlagsmanipulationen (<a href=\"http:\/\/www.treedivnet.ugent.be\/ExpORPHEE.html\" target=\"_blank\" rel=\"noopener noreferrer\">ORPHEE<\/a> and <a href=\"http:\/\/www.treedivnet.ugent.be\/ExpFORBIO.html\" target=\"_blank\" rel=\"noopener noreferrer\">FORBIO<\/a>), und mit Experimenten am europ\u00e4ischen <a href=\"http:\/\/www.ecotron.cnrs.fr\/\" target=\"_blank\" rel=\"noopener noreferrer\">European Ecotron<\/a> in Montpellier.<\/li>\n<p>&nbsp;<\/p>\n<li><strong><a href=\" https:\/\/websie.cefe.cnrs.fr\/soilforeurope\/de\/socioeconomic-impact-appraoch-4-de\/\"> Sozio\u00f6konomische Auswirkungen<\/a><\/strong> \u2013 Die Wahrnehmung der Biodiversit\u00e4t des Bodens durch Forstwirt*innen und die breite \u00d6ffentlichkeit wird mit Umfragen und Auswahlexperimenten bewertet, die es erm\u00f6glichen, zu beurteilen, wie Kriterien der Biodiversit\u00e4t des Bodens die Entscheidungsprozesse beeinflussen.<\/li>\n<\/ol>\n\n","protected":false},"excerpt":{"rendered":"<p>&nbsp; &nbsp; Biodiversit\u00e4t &#8211; Die Vielfalt der Bodenmikroorganismen, Nematoden, Mikroarthropoden, Makrofauna und Feinwurzeleigenschaften wird entlang der Gradienten der Baumartenvielfalt in verschiedenen europ\u00e4ischen Waldtypen bewertet. &nbsp; Funktion \u2013 Die bereits verf\u00fcgbare reichhaltige Datenbasis der \u00fcberwiegend oberirdischen Funktionen von FunDivEUROPE wird durch unterirdische Funktionen wie Abbaurate von Feinwurzeln und mikrobielle Prozesse (Enzymaktivit\u00e4t,&#8230;<\/p>\n<p class=\"continue-reading-button\"> <a class=\"continue-reading-link\" href=\"https:\/\/websie.cefe.cnrs.fr\/soilforeurope\/de\/approach-de\/\">Continue reading<i class=\"crycon-right-dir\"><\/i><\/a><\/p>\n","protected":false},"author":1,"featured_media":0,"parent":0,"menu_order":0,"comment_status":"closed","ping_status":"closed","template":"","meta":{"inline_featured_image":false,"footnotes":""},"class_list":["post-2591","page","type-page","status-publish","hentry"],"_links":{"self":[{"href":"https:\/\/websie.cefe.cnrs.fr\/soilforeurope\/wp-json\/wp\/v2\/pages\/2591","targetHints":{"allow":["GET"]}}],"collection":[{"href":"https:\/\/websie.cefe.cnrs.fr\/soilforeurope\/wp-json\/wp\/v2\/pages"}],"about":[{"href":"https:\/\/websie.cefe.cnrs.fr\/soilforeurope\/wp-json\/wp\/v2\/types\/page"}],"author":[{"embeddable":true,"href":"https:\/\/websie.cefe.cnrs.fr\/soilforeurope\/wp-json\/wp\/v2\/users\/1"}],"replies":[{"embeddable":true,"href":"https:\/\/websie.cefe.cnrs.fr\/soilforeurope\/wp-json\/wp\/v2\/comments?post=2591"}],"version-history":[{"count":9,"href":"https:\/\/websie.cefe.cnrs.fr\/soilforeurope\/wp-json\/wp\/v2\/pages\/2591\/revisions"}],"predecessor-version":[{"id":3470,"href":"https:\/\/websie.cefe.cnrs.fr\/soilforeurope\/wp-json\/wp\/v2\/pages\/2591\/revisions\/3470"}],"wp:attachment":[{"href":"https:\/\/websie.cefe.cnrs.fr\/soilforeurope\/wp-json\/wp\/v2\/media?parent=2591"}],"curies":[{"name":"wp","href":"https:\/\/api.w.org\/{rel}","templated":true}]}}