{"id":2531,"date":"2020-03-30T18:27:59","date_gmt":"2020-03-30T16:27:59","guid":{"rendered":"https:\/\/websie.cefe.cnrs.fr\/soilforeurope\/?page_id=2531"},"modified":"2020-04-28T21:08:38","modified_gmt":"2020-04-28T19:08:38","slug":"biodiversity-approach-1-sv","status":"publish","type":"page","link":"https:\/\/websie.cefe.cnrs.fr\/soilforeurope\/sv\/biodiversity-approach-1-sv\/","title":{"rendered":"Biodiversitet \u2013 Tillv\u00e4gag\u00e5ngs\u00e4tt 1"},"content":{"rendered":"\n<p>&nbsp;<\/p>\n<h5><strong>M\u00e5ngfald bland jordlevande heterotrofiska mikroorganismer och mykorrhiza<\/strong><\/h5>\n<p>Genom en utt\u00f6mmande utv\u00e4rdering av jordens mikrobiella m\u00e5ngfald i monospecifika tr\u00e4dbest\u00e5nd och i blandskogsbest\u00e5nd, med hj\u00e4lp av molekyl\u00e4ra tillv\u00e4gag\u00e5ngs\u00e4tt (sekventisering av n\u00e4stkommande generation) har vi utv\u00e4rderat huruvida det finns en relation mellan tr\u00e4dartsrikedom och mikrobiell m\u00e5ngfald i jord.<\/p>\n<p>&nbsp;<\/p>\n<h5><strong>M\u00e5ngfald hos jordlevande fauna<\/strong><\/h5>\n<h5><strong><img loading=\"lazy\" decoding=\"async\" class=\"wp-image-932 alignright\" src=\"https:\/\/websie.cefe.cnrs.fr\/soilforeurope\/wp-content\/uploads\/2019\/02\/Carabus_auronitens_gimp_crop_copyright2.png\" alt=\"\" width=\"459\" height=\"195\" srcset=\"https:\/\/websie.cefe.cnrs.fr\/soilforeurope\/wp-content\/uploads\/2019\/02\/Carabus_auronitens_gimp_crop_copyright2.png 847w, https:\/\/websie.cefe.cnrs.fr\/soilforeurope\/wp-content\/uploads\/2019\/02\/Carabus_auronitens_gimp_crop_copyright2-300x128.png 300w, https:\/\/websie.cefe.cnrs.fr\/soilforeurope\/wp-content\/uploads\/2019\/02\/Carabus_auronitens_gimp_crop_copyright2-768x326.png 768w, https:\/\/websie.cefe.cnrs.fr\/soilforeurope\/wp-content\/uploads\/2019\/02\/Carabus_auronitens_gimp_crop_copyright2-150x64.png 150w\" sizes=\"auto, (max-width: 459px) 100vw, 459px\" \/><\/strong><\/h5>\n<p>Genom att anv\u00e4nda vanliga metoder f\u00f6r f\u00e4ltinventering har vi m\u00e4tt m\u00e5ngfalden och abundans av jordlevande sm\u00e5 och stora leddjur, daggmaskar och nematoder f\u00f6r att fastst\u00e4lla m\u00f6jliga kopplingar mellan tr\u00e4dm\u00e5ngfald och m\u00e5ngfald hos jordlevande fauna. Med hj\u00e4lp av tillg\u00e4nliga egenskaps-databaser har vi utforskat relationen mellan den funktionella strukturen av jordlevande faunasamh\u00e4llen.<\/p>\n<p>&nbsp;<\/p>\n<h5><strong>Egenskaper hos finr\u00f6tter<\/strong><\/h5>\n<h5><strong><img decoding=\"async\" class=\"wp-image-932 alignleft\" src=\"https:\/\/websie.cefe.cnrs.fr\/soilforeurope\/wp-content\/uploads\/2019\/04\/image652_Picea_abies_gimp_copyright_2.jpg\" alt=\"\" width=\"276.9\" height=\"195.1\"><\/strong><\/h5>\n<p>Vi kvantifierar funktionella egenskaper hos finr\u00f6tter och deras rumsliga arrangemang inom jordprofiler p\u00e5 niv\u00e5 av tr\u00e4dgrupper av intilliggande tr\u00e4d, d\u00e4r rotsystem av intilliggande tr\u00e4d samverkar. Detta kommer att g\u00f6ra det m\u00f6jligt f\u00f6r oss att utv\u00e4rdera nisch-ockuppering under marken genom tr\u00e4ds finr\u00f6tter som en funktion av tr\u00e4dartstaxonomi och funktionell diversitet, samt best\u00e4mma om och hur finrotsegenskaper \u00e4r kopplade till m\u00e5ngfald av andra jordlevande organismer.<\/p>\n<p>&nbsp;<\/p>\n<h5><strong>M\u00e5ngfaldsindex f\u00f6r relationen mellan m\u00e5ngfald under och ovan mark<\/strong><\/h5>\n<p>All data f\u00f6r biologisk m\u00e5ngfald i jordm\u00e5n, fr\u00e5n de sex grupperna av organismer, kommer att anv\u00e4ndas f\u00f6r att noga utv\u00e4rdera f\u00f6rh\u00e5llandena mellan biologisk m\u00e5ngfald ovan och under marken med hj\u00e4lp av multivariat-metoder. Framv\u00e4xande relationer och hypoteser pr\u00f6vas vidare med hj\u00e4lp av strukturell ekvationsmodellering (SEM).<\/p>\n","protected":false},"excerpt":{"rendered":"<p>&nbsp; M\u00e5ngfald bland jordlevande heterotrofiska mikroorganismer och mykorrhiza Genom en utt\u00f6mmande utv\u00e4rdering av jordens mikrobiella m\u00e5ngfald i monospecifika tr\u00e4dbest\u00e5nd och i blandskogsbest\u00e5nd, med hj\u00e4lp av molekyl\u00e4ra tillv\u00e4gag\u00e5ngs\u00e4tt (sekventisering av n\u00e4stkommande generation) har vi utv\u00e4rderat huruvida det finns en relation mellan tr\u00e4dartsrikedom och mikrobiell m\u00e5ngfald i jord. &nbsp; M\u00e5ngfald hos jordlevande&#8230;<\/p>\n<p class=\"continue-reading-button\"> <a class=\"continue-reading-link\" href=\"https:\/\/websie.cefe.cnrs.fr\/soilforeurope\/sv\/biodiversity-approach-1-sv\/\">Continue reading<i class=\"crycon-right-dir\"><\/i><\/a><\/p>\n","protected":false},"author":1,"featured_media":0,"parent":0,"menu_order":0,"comment_status":"closed","ping_status":"closed","template":"","meta":{"inline_featured_image":false,"footnotes":""},"class_list":["post-2531","page","type-page","status-publish","hentry"],"_links":{"self":[{"href":"https:\/\/websie.cefe.cnrs.fr\/soilforeurope\/wp-json\/wp\/v2\/pages\/2531","targetHints":{"allow":["GET"]}}],"collection":[{"href":"https:\/\/websie.cefe.cnrs.fr\/soilforeurope\/wp-json\/wp\/v2\/pages"}],"about":[{"href":"https:\/\/websie.cefe.cnrs.fr\/soilforeurope\/wp-json\/wp\/v2\/types\/page"}],"author":[{"embeddable":true,"href":"https:\/\/websie.cefe.cnrs.fr\/soilforeurope\/wp-json\/wp\/v2\/users\/1"}],"replies":[{"embeddable":true,"href":"https:\/\/websie.cefe.cnrs.fr\/soilforeurope\/wp-json\/wp\/v2\/comments?post=2531"}],"version-history":[{"count":5,"href":"https:\/\/websie.cefe.cnrs.fr\/soilforeurope\/wp-json\/wp\/v2\/pages\/2531\/revisions"}],"predecessor-version":[{"id":3232,"href":"https:\/\/websie.cefe.cnrs.fr\/soilforeurope\/wp-json\/wp\/v2\/pages\/2531\/revisions\/3232"}],"wp:attachment":[{"href":"https:\/\/websie.cefe.cnrs.fr\/soilforeurope\/wp-json\/wp\/v2\/media?parent=2531"}],"curies":[{"name":"wp","href":"https:\/\/api.w.org\/{rel}","templated":true}]}}