{"id":2529,"date":"2020-03-30T18:27:37","date_gmt":"2020-03-30T16:27:37","guid":{"rendered":"https:\/\/websie.cefe.cnrs.fr\/soilforeurope\/?page_id=2529"},"modified":"2020-05-06T14:50:32","modified_gmt":"2020-05-06T12:50:32","slug":"biodiversity-approach-1-fi","status":"publish","type":"page","link":"https:\/\/websie.cefe.cnrs.fr\/soilforeurope\/fi\/biodiversity-approach-1-fi\/","title":{"rendered":"Monimuotoisuus \u2014 L\u00e4hestymistapa 1"},"content":{"rendered":"\n<p>&nbsp;<\/p>\n<h5><strong>Maaper\u00e4n heterotrofisten eli\u00f6iden ja mykorritsojen monimuotoisuus<\/strong><\/h5>\n<p>Laajamittaisella maaper\u00e4n mikrobimonimuotoisuuden arvioinnilla yhden puulajin metsik\u00f6iss\u00e4 ja sekametsik\u00f6iss\u00e4 ja k\u00e4ytt\u00e4m\u00e4ll\u00e4 molekulaarisia l\u00e4hestymistapoja, tutkimme ovatko puulajien runsaus ja maaper\u00e4n mikrobimonimuotoisuus yhteyksiss\u00e4 toisiinsa.<\/p>\n<p>&nbsp;<\/p>\n<h5><strong>Maaper\u00e4faunan monimuotoisuus<\/strong><\/h5>\n<h5><strong><img loading=\"lazy\" decoding=\"async\" class=\"wp-image-932 alignright\" src=\"https:\/\/websie.cefe.cnrs.fr\/soilforeurope\/wp-content\/uploads\/2019\/02\/Carabus_auronitens_gimp_crop_copyright2.png\" alt=\"\" width=\"459\" height=\"195\" srcset=\"https:\/\/websie.cefe.cnrs.fr\/soilforeurope\/wp-content\/uploads\/2019\/02\/Carabus_auronitens_gimp_crop_copyright2.png 847w, https:\/\/websie.cefe.cnrs.fr\/soilforeurope\/wp-content\/uploads\/2019\/02\/Carabus_auronitens_gimp_crop_copyright2-300x128.png 300w, https:\/\/websie.cefe.cnrs.fr\/soilforeurope\/wp-content\/uploads\/2019\/02\/Carabus_auronitens_gimp_crop_copyright2-768x326.png 768w, https:\/\/websie.cefe.cnrs.fr\/soilforeurope\/wp-content\/uploads\/2019\/02\/Carabus_auronitens_gimp_crop_copyright2-150x64.png 150w\" sizes=\"auto, (max-width: 459px) 100vw, 459px\" \/><\/strong><\/h5>\n<p>Saadaksemme selville mahdollisia yhteyksi\u00e4 puulajirunsauden ja maaper\u00e4faunan monimuotoisuuden v\u00e4lill\u00e4, k\u00e4yt\u00e4mme yleisi\u00e4 n\u00e4ytteenottomenetelmi\u00e4 arvioimaan maaper\u00e4n mikro- ja makroniveljalkaisten, lierojen ja sukkulamatojen monimuotoisuutta ja runsautta. Olemassa olevien datapankkien avulla tutkimme maaper\u00e4faunan yhteis\u00f6n toiminnallista rakennetta ja niiden yhteys puiden toiminnalliseen monimuotoisuuteen.<\/p>\n<p>&nbsp;<\/p>\n<h5><strong>Ohuthuurien ominaisuuksia<\/strong><\/h5>\n<h5><strong><img decoding=\"async\" class=\"wp-image-932 alignleft\" src=\"https:\/\/websie.cefe.cnrs.fr\/soilforeurope\/wp-content\/uploads\/2019\/04\/image652_Picea_abies_gimp_copyright_2.jpg\" alt=\"\" width=\"276.9\" height=\"195.1\"><\/strong><\/h5>\n<p>M\u00e4\u00e4rit\u00e4mme ohutjuurien toiminnallisia ominaisuuksia ja niiden syvyysjakaumaa l\u00e4hinaapuripuiden tasolla, miss\u00e4 naapuripuiden juurien kanssa syntyy vuorovaikutuksia. N\u00e4in voimme tutkia miten ohutjuuret t\u00e4ytt\u00e4v\u00e4t maaper\u00e4n ekologisia lokeroita suhteessa puiden taksonomiseen ja toiminnalliseen monimuotoisuuden. Lis\u00e4ksi voimme arvioida ovatko ohutjuurien ominaisuudet yhteydess\u00e4 maaper\u00e4organismeihin.<\/p>\n<p>&nbsp;<\/p>\n<h5><strong>Yhteydet maanalaisten ja maanp\u00e4\u00e4llisten monimuotoisuusindeksien v\u00e4lill\u00e4<\/strong><\/h5>\n<p>Kaikkien kuuden maaper\u00e4eli\u00f6ryhmien monimuotoisuusdata k\u00e4ytet\u00e4\u00e4n monimuuttuja-analyyseiss\u00e4, joissa tutkitaan yhteydet maanp\u00e4\u00e4llisen ja maanalaisen monimuotoisuuden v\u00e4lill\u00e4. Esille tulleet yhteydet ja hypoteesit testataan rakenneyht\u00e4l\u00f6malleilla (SEM).<\/p>\n","protected":false},"excerpt":{"rendered":"<p>&nbsp; Maaper\u00e4n heterotrofisten eli\u00f6iden ja mykorritsojen monimuotoisuus Laajamittaisella maaper\u00e4n mikrobimonimuotoisuuden arvioinnilla yhden puulajin metsik\u00f6iss\u00e4 ja sekametsik\u00f6iss\u00e4 ja k\u00e4ytt\u00e4m\u00e4ll\u00e4 molekulaarisia l\u00e4hestymistapoja, tutkimme ovatko puulajien runsaus ja maaper\u00e4n mikrobimonimuotoisuus yhteyksiss\u00e4 toisiinsa. &nbsp; Maaper\u00e4faunan monimuotoisuus Saadaksemme selville mahdollisia yhteyksi\u00e4 puulajirunsauden ja maaper\u00e4faunan monimuotoisuuden v\u00e4lill\u00e4, k\u00e4yt\u00e4mme yleisi\u00e4 n\u00e4ytteenottomenetelmi\u00e4 arvioimaan maaper\u00e4n mikro- ja makroniveljalkaisten, lierojen&#8230;<\/p>\n<p class=\"continue-reading-button\"> <a class=\"continue-reading-link\" href=\"https:\/\/websie.cefe.cnrs.fr\/soilforeurope\/fi\/biodiversity-approach-1-fi\/\">Continue reading<i class=\"crycon-right-dir\"><\/i><\/a><\/p>\n","protected":false},"author":1,"featured_media":0,"parent":0,"menu_order":0,"comment_status":"closed","ping_status":"closed","template":"","meta":{"inline_featured_image":false,"footnotes":""},"class_list":["post-2529","page","type-page","status-publish","hentry"],"_links":{"self":[{"href":"https:\/\/websie.cefe.cnrs.fr\/soilforeurope\/wp-json\/wp\/v2\/pages\/2529","targetHints":{"allow":["GET"]}}],"collection":[{"href":"https:\/\/websie.cefe.cnrs.fr\/soilforeurope\/wp-json\/wp\/v2\/pages"}],"about":[{"href":"https:\/\/websie.cefe.cnrs.fr\/soilforeurope\/wp-json\/wp\/v2\/types\/page"}],"author":[{"embeddable":true,"href":"https:\/\/websie.cefe.cnrs.fr\/soilforeurope\/wp-json\/wp\/v2\/users\/1"}],"replies":[{"embeddable":true,"href":"https:\/\/websie.cefe.cnrs.fr\/soilforeurope\/wp-json\/wp\/v2\/comments?post=2529"}],"version-history":[{"count":5,"href":"https:\/\/websie.cefe.cnrs.fr\/soilforeurope\/wp-json\/wp\/v2\/pages\/2529\/revisions"}],"predecessor-version":[{"id":3502,"href":"https:\/\/websie.cefe.cnrs.fr\/soilforeurope\/wp-json\/wp\/v2\/pages\/2529\/revisions\/3502"}],"wp:attachment":[{"href":"https:\/\/websie.cefe.cnrs.fr\/soilforeurope\/wp-json\/wp\/v2\/media?parent=2529"}],"curies":[{"name":"wp","href":"https:\/\/api.w.org\/{rel}","templated":true}]}}