{"id":2527,"date":"2020-03-30T18:27:11","date_gmt":"2020-03-30T16:27:11","guid":{"rendered":"https:\/\/websie.cefe.cnrs.fr\/soilforeurope\/?page_id=2527"},"modified":"2020-07-21T12:57:33","modified_gmt":"2020-07-21T10:57:33","slug":"biodiversity-approach-1-ro","status":"publish","type":"page","link":"https:\/\/websie.cefe.cnrs.fr\/soilforeurope\/ro\/biodiversity-approach-1-ro\/","title":{"rendered":"Biodiversitate &#8211; Abordare 1"},"content":{"rendered":"\n<p>&nbsp;<\/p>\n<h5><strong>Microorganisme heterotrofice ale solului \u0219i diversitatea micorizal\u0103<\/strong><\/h5>\n<p>Cu o evaluare exhaustiv\u0103 a diversit\u0103\u021bii microbiene a solului \u00een arboretele monospecifice \u0219i \u00een arboretele mixte folosind abord\u0103ri moleculare (secven\u021bierea de genera\u021bie viitoare), evalu\u0103m corela\u021bia dintre bog\u0103\u021bia speciilor de arbori \u0219i diversitatea microbian\u0103 a solului.<\/p>\n<p>&nbsp;<\/p>\n<h5><strong>Diversitatea faunei solului<\/strong><\/h5>\n<h5><strong><img loading=\"lazy\" decoding=\"async\" class=\"wp-image-932 alignright\" src=\"https:\/\/websie.cefe.cnrs.fr\/soilforeurope\/wp-content\/uploads\/2019\/02\/Carabus_auronitens_gimp_crop_copyright2.png\" alt=\"\" width=\"459\" height=\"195\" srcset=\"https:\/\/websie.cefe.cnrs.fr\/soilforeurope\/wp-content\/uploads\/2019\/02\/Carabus_auronitens_gimp_crop_copyright2.png 847w, https:\/\/websie.cefe.cnrs.fr\/soilforeurope\/wp-content\/uploads\/2019\/02\/Carabus_auronitens_gimp_crop_copyright2-300x128.png 300w, https:\/\/websie.cefe.cnrs.fr\/soilforeurope\/wp-content\/uploads\/2019\/02\/Carabus_auronitens_gimp_crop_copyright2-768x326.png 768w, https:\/\/websie.cefe.cnrs.fr\/soilforeurope\/wp-content\/uploads\/2019\/02\/Carabus_auronitens_gimp_crop_copyright2-150x64.png 150w\" sizes=\"auto, (max-width: 459px) 100vw, 459px\" \/><\/strong><\/h5>\n<p>Folosind tehnici comune de e\u0219antionare, m\u0103sur\u0103m diversitatea \u0219i abunden\u021ba micro- \u0219i macro artropodelor solului, viermilor de p\u0103m\u00e2nt \u0219i nematodelor pentru a stabili posibile leg\u0103turi \u00eentre diversitatea arborilor \u0219i diversitatea faunei solului. Cu baza de date de tr\u0103s\u0103turi disponibile, se exploreaz\u0103 structura func\u021bional\u0103 a comunit\u0103\u021bilor de faun\u0103 de sol \u0219i rela\u021bia lor cu diversitatea func\u021bional\u0103 a arborilor.<\/p>\n<p>&nbsp;<\/p>\n<h5><strong>Caracterizarea r\u0103d\u0103cinilor fine<\/strong><\/h5>\n<h5><strong><img decoding=\"async\" class=\"wp-image-932 alignleft\" src=\"https:\/\/websie.cefe.cnrs.fr\/soilforeurope\/wp-content\/uploads\/2019\/04\/image652_Picea_abies_gimp_copyright_2.jpg\" alt=\"\" width=\"276.9\" height=\"195.1\"><\/strong><\/h5>\n<p>Cuantific\u0103m tr\u0103s\u0103turile func\u021bionale ale r\u0103d\u0103cinilor fine \u0219i dispunerea lor spa\u021bial\u0103 \u00een profilurile de sol \u00een vecin\u0103tate cu al\u021bi arbori, unde sistemele de r\u0103d\u0103cini ale arborilor interac\u021bioneaz\u0103 adiacent. Acest lucru ne va permite s\u0103 evalu\u0103m ni\u0219a\/zona de sub p\u0103m\u00e2nt ocupat\u0103 de r\u0103d\u0103cinile fine ale arborilor, ca func\u021bie a diversit\u0103\u021bii func\u021bionale taxonomice \u0219i func\u021bionale a speciilor de arbori \u0219i pentru a determina dac\u0103 \u0219i cum tr\u0103s\u0103turile r\u0103d\u0103cinilor fine sunt legate de diversitatea altor organisme din sol.<\/p>\n<p>&nbsp;<\/p>\n<h5><strong>Rela\u021biile dintre indicii de diversitate din zona suprateran\u0103 \u0219i subteran\u0103<\/strong><\/h5>\n<p>Toate datele privind biodiversitatea solului din cele \u0219ase grupuri de organisme vor fi utilizate pentru a evalua \u00een profunzime rela\u021biile dintre biodiversitatea suprateran\u0103 \u0219i subteran\u0103 prin abord\u0103ri multivariate. Rela\u021biile \u0219i ipotezele emergente sunt testate \u00een continuare utiliz\u00e2nd modelarea ecua\u021biilor structurale (SEM).<\/p>\n","protected":false},"excerpt":{"rendered":"<p>&nbsp; Microorganisme heterotrofice ale solului \u0219i diversitatea micorizal\u0103 Cu o evaluare exhaustiv\u0103 a diversit\u0103\u021bii microbiene a solului \u00een arboretele monospecifice \u0219i \u00een arboretele mixte folosind abord\u0103ri moleculare (secven\u021bierea de genera\u021bie viitoare), evalu\u0103m corela\u021bia dintre bog\u0103\u021bia speciilor de arbori \u0219i diversitatea microbian\u0103 a solului. &nbsp; Diversitatea faunei solului Folosind tehnici comune&#8230;<\/p>\n<p class=\"continue-reading-button\"> <a class=\"continue-reading-link\" href=\"https:\/\/websie.cefe.cnrs.fr\/soilforeurope\/ro\/biodiversity-approach-1-ro\/\">Continue reading<i class=\"crycon-right-dir\"><\/i><\/a><\/p>\n","protected":false},"author":1,"featured_media":0,"parent":0,"menu_order":0,"comment_status":"closed","ping_status":"closed","template":"","meta":{"inline_featured_image":false,"footnotes":""},"class_list":["post-2527","page","type-page","status-publish","hentry"],"_links":{"self":[{"href":"https:\/\/websie.cefe.cnrs.fr\/soilforeurope\/wp-json\/wp\/v2\/pages\/2527","targetHints":{"allow":["GET"]}}],"collection":[{"href":"https:\/\/websie.cefe.cnrs.fr\/soilforeurope\/wp-json\/wp\/v2\/pages"}],"about":[{"href":"https:\/\/websie.cefe.cnrs.fr\/soilforeurope\/wp-json\/wp\/v2\/types\/page"}],"author":[{"embeddable":true,"href":"https:\/\/websie.cefe.cnrs.fr\/soilforeurope\/wp-json\/wp\/v2\/users\/1"}],"replies":[{"embeddable":true,"href":"https:\/\/websie.cefe.cnrs.fr\/soilforeurope\/wp-json\/wp\/v2\/comments?post=2527"}],"version-history":[{"count":6,"href":"https:\/\/websie.cefe.cnrs.fr\/soilforeurope\/wp-json\/wp\/v2\/pages\/2527\/revisions"}],"predecessor-version":[{"id":3803,"href":"https:\/\/websie.cefe.cnrs.fr\/soilforeurope\/wp-json\/wp\/v2\/pages\/2527\/revisions\/3803"}],"wp:attachment":[{"href":"https:\/\/websie.cefe.cnrs.fr\/soilforeurope\/wp-json\/wp\/v2\/media?parent=2527"}],"curies":[{"name":"wp","href":"https:\/\/api.w.org\/{rel}","templated":true}]}}