{"id":2525,"date":"2020-03-30T18:26:50","date_gmt":"2020-03-30T16:26:50","guid":{"rendered":"https:\/\/websie.cefe.cnrs.fr\/soilforeurope\/?page_id=2525"},"modified":"2020-04-28T21:07:49","modified_gmt":"2020-04-28T19:07:49","slug":"biodiversity-approach-1-pl","status":"publish","type":"page","link":"https:\/\/websie.cefe.cnrs.fr\/soilforeurope\/pl\/biodiversity-approach-1-pl\/","title":{"rendered":"R\u00f3\u017cnorodno\u015b\u0107 biologiczna &#8211; Podej\u015bcie 1"},"content":{"rendered":"\n<p>&nbsp;<\/p>\n<h5><strong>Heterotroficzne mikroorganizmy glebowe i r\u00f3\u017cnorodno\u015b\u0107 mikoryzowa gleby<\/strong><\/h5>\n<p style=\"text-align: justify;\">Stosuj\u0105c podej\u015bcie molekularne (sekwencjonowanie nast\u0119pnej generacji) do wyczerpuj\u0105cej oceny r\u00f3\u017cnorodno\u015bci mikrobiologicznej gleby w drzewostanach monokulturowych oraz w drzewostanach mieszanych, sprawdzamy czy bogactwo gatunkowe drzew i r\u00f3\u017cnorodno\u015b\u0107 mikrobiologiczna gleby s\u0105 ze sob\u0105 powi\u0105zane.<\/p>\n<p>&nbsp;<\/p>\n<h5><strong>R\u00f3\u017cnorodno\u015b\u0107 fauny glebowej<\/strong><\/h5>\n<h5><strong><img loading=\"lazy\" decoding=\"async\" class=\"wp-image-932 alignright\" src=\"https:\/\/websie.cefe.cnrs.fr\/soilforeurope\/wp-content\/uploads\/2019\/02\/Carabus_auronitens_gimp_crop_copyright2.png\" alt=\"\" width=\"459\" height=\"195\" srcset=\"https:\/\/websie.cefe.cnrs.fr\/soilforeurope\/wp-content\/uploads\/2019\/02\/Carabus_auronitens_gimp_crop_copyright2.png 847w, https:\/\/websie.cefe.cnrs.fr\/soilforeurope\/wp-content\/uploads\/2019\/02\/Carabus_auronitens_gimp_crop_copyright2-300x128.png 300w, https:\/\/websie.cefe.cnrs.fr\/soilforeurope\/wp-content\/uploads\/2019\/02\/Carabus_auronitens_gimp_crop_copyright2-768x326.png 768w, https:\/\/websie.cefe.cnrs.fr\/soilforeurope\/wp-content\/uploads\/2019\/02\/Carabus_auronitens_gimp_crop_copyright2-150x64.png 150w\" sizes=\"auto, (max-width: 459px) 100vw, 459px\" \/><\/strong><\/h5>\n<p style=\"text-align: justify;\">Wykorzystuj\u0105c takie same techniki pobierania pr\u00f3bek w terenie, dokonujemy pomiar\u00f3w r\u00f3\u017cnorodno\u015bci i liczebno\u015bci mikro- i makrostawonog\u00f3w glebowych, d\u017cd\u017cownic i nicieni w celu ustalenia potencjalnych powi\u0105za\u0144 mi\u0119dzy r\u00f3\u017cnorodno\u015bci\u0105 drzew i r\u00f3\u017cnorodno\u015bci\u0105 fauny glebowej. Dzi\u0119ki dost\u0119pnym bazom cech, badamy struktur\u0119 funkcjonaln\u0105 zespo\u0142\u00f3w fauny glebowej i ich zwi\u0105zek z funkcjonaln\u0105 r\u00f3\u017cnorodno\u015bci\u0105 drzew.<\/p>\n<p>&nbsp;<\/p>\n<h5><strong>Cechy funkcjonalne drobnych korzeni<\/strong><\/h5>\n<h5><strong><img decoding=\"async\" class=\"wp-image-932 alignleft\" src=\"https:\/\/websie.cefe.cnrs.fr\/soilforeurope\/wp-content\/uploads\/2019\/04\/image652_Picea_abies_gimp_copyright_2.jpg\" alt=\"\" width=\"276.9\" height=\"195.1\"><\/strong><\/h5>\n<p style=\"text-align: justify;\">Oceniamy ilo\u015bciowo funkcjonalne cechy drobnych korzeni i ich przestrzenny rozk\u0142ad w profilach glebowych na poziomie s\u0105siedztw drzew, gdzie systemy korzeniowe s\u0105siednich drzew oddzia\u0142uj\u0105 na siebie. Pozwoli nam to oceni\u0107 zaj\u0119cie niszy pod ziemi\u0105 przez drobne korzenie drzew w funkcji r\u00f3\u017cnorodno\u015bci taksonomicznej i funkcjonalnej gatunk\u00f3w drzew oraz okre\u015bli\u0107, czy i jak cechy funkcjonalne drobnych korzeni s\u0105 zwi\u0105zane z r\u00f3\u017cnorodno\u015bci\u0105 innych organizm\u00f3w glebowych.<\/p>\n<p>&nbsp;<\/p>\n<h5><strong>Zale\u017cno\u015bci pomi\u0119dzy wska\u017anikami r\u00f3\u017cnorodno\u015bci pod- i nadziemnej<\/strong><\/h5>\n<p style=\"text-align: justify;\">Wszystkie dane dotycz\u0105ce r\u00f3\u017cnorodno\u015bci biologicznej gleby dla sze\u015bciu grup organizm\u00f3w zostan\u0105 wykorzystane do dok\u0142adnej oceny zwi\u0105zk\u00f3w mi\u0119dzy r\u00f3\u017cnorodno\u015bci\u0105 biologiczn\u0105 na powierzchni i pod powierzchni\u0105 gleby przy zastosowaniu podej\u015bcia wielowymiarowego. Pojawiaj\u0105ce si\u0119 zale\u017cno\u015bci i hipotezy s\u0105 dalej testowane przy u\u017cyciu modelowania r\u00f3wna\u0144 strukturalnych (SEM).<\/p>\n","protected":false},"excerpt":{"rendered":"<p>&nbsp; Heterotroficzne mikroorganizmy glebowe i r\u00f3\u017cnorodno\u015b\u0107 mikoryzowa gleby Stosuj\u0105c podej\u015bcie molekularne (sekwencjonowanie nast\u0119pnej generacji) do wyczerpuj\u0105cej oceny r\u00f3\u017cnorodno\u015bci mikrobiologicznej gleby w drzewostanach monokulturowych oraz w drzewostanach mieszanych, sprawdzamy czy bogactwo gatunkowe drzew i r\u00f3\u017cnorodno\u015b\u0107 mikrobiologiczna gleby s\u0105 ze sob\u0105 powi\u0105zane. &nbsp; R\u00f3\u017cnorodno\u015b\u0107 fauny glebowej Wykorzystuj\u0105c takie same techniki pobierania pr\u00f3bek&#8230;<\/p>\n<p class=\"continue-reading-button\"> <a class=\"continue-reading-link\" href=\"https:\/\/websie.cefe.cnrs.fr\/soilforeurope\/pl\/biodiversity-approach-1-pl\/\">Continue reading<i class=\"crycon-right-dir\"><\/i><\/a><\/p>\n","protected":false},"author":1,"featured_media":0,"parent":0,"menu_order":0,"comment_status":"closed","ping_status":"closed","template":"","meta":{"inline_featured_image":false,"footnotes":""},"class_list":["post-2525","page","type-page","status-publish","hentry"],"_links":{"self":[{"href":"https:\/\/websie.cefe.cnrs.fr\/soilforeurope\/wp-json\/wp\/v2\/pages\/2525","targetHints":{"allow":["GET"]}}],"collection":[{"href":"https:\/\/websie.cefe.cnrs.fr\/soilforeurope\/wp-json\/wp\/v2\/pages"}],"about":[{"href":"https:\/\/websie.cefe.cnrs.fr\/soilforeurope\/wp-json\/wp\/v2\/types\/page"}],"author":[{"embeddable":true,"href":"https:\/\/websie.cefe.cnrs.fr\/soilforeurope\/wp-json\/wp\/v2\/users\/1"}],"replies":[{"embeddable":true,"href":"https:\/\/websie.cefe.cnrs.fr\/soilforeurope\/wp-json\/wp\/v2\/comments?post=2525"}],"version-history":[{"count":11,"href":"https:\/\/websie.cefe.cnrs.fr\/soilforeurope\/wp-json\/wp\/v2\/pages\/2525\/revisions"}],"predecessor-version":[{"id":3342,"href":"https:\/\/websie.cefe.cnrs.fr\/soilforeurope\/wp-json\/wp\/v2\/pages\/2525\/revisions\/3342"}],"wp:attachment":[{"href":"https:\/\/websie.cefe.cnrs.fr\/soilforeurope\/wp-json\/wp\/v2\/media?parent=2525"}],"curies":[{"name":"wp","href":"https:\/\/api.w.org\/{rel}","templated":true}]}}