{"id":2519,"date":"2020-03-30T18:25:48","date_gmt":"2020-03-30T16:25:48","guid":{"rendered":"https:\/\/websie.cefe.cnrs.fr\/soilforeurope\/?page_id=2519"},"modified":"2020-04-28T21:07:05","modified_gmt":"2020-04-28T19:07:05","slug":"biodiversity-approach-1-fr","status":"publish","type":"page","link":"https:\/\/websie.cefe.cnrs.fr\/soilforeurope\/fr\/biodiversity-approach-1-fr\/","title":{"rendered":"Biodiversit\u00e9 \u2013 Approche 1"},"content":{"rendered":"\n<p>&nbsp;<\/p>\n<h5><strong>Microorganismes h\u00e9t\u00e9rotrophes du sol et mycorhizes diversity <\/strong><\/h5>\n<p style=\"text-align: justify;\">La caract\u00e9risation exhaustive de la diversit\u00e9 microbienne du sol dans des placettes foresti\u00e8res mono- ou pluri-sp\u00e9cifiques, r\u00e9alis\u00e9e \u00e0 l\u2019aide d\u2019approches mol\u00e9culaires (s\u00e9quen\u00e7age haut-d\u00e9bit) nous permet d\u2019\u00e9valuer si la richesse en essences et la diversit\u00e9 microbienne du sol sont li\u00e9es.<\/p>\n<p>&nbsp;<\/p>\n<h5><strong>Diversit\u00e9 de la faune du sol<\/strong><\/h5>\n<h5><strong><img loading=\"lazy\" decoding=\"async\" class=\"wp-image-932 alignright\" src=\"https:\/\/websie.cefe.cnrs.fr\/soilforeurope\/wp-content\/uploads\/2019\/02\/Carabus_auronitens_gimp_crop_copyright2.png\" alt=\"\" width=\"459\" height=\"195\" srcset=\"https:\/\/websie.cefe.cnrs.fr\/soilforeurope\/wp-content\/uploads\/2019\/02\/Carabus_auronitens_gimp_crop_copyright2.png 847w, https:\/\/websie.cefe.cnrs.fr\/soilforeurope\/wp-content\/uploads\/2019\/02\/Carabus_auronitens_gimp_crop_copyright2-300x128.png 300w, https:\/\/websie.cefe.cnrs.fr\/soilforeurope\/wp-content\/uploads\/2019\/02\/Carabus_auronitens_gimp_crop_copyright2-768x326.png 768w, https:\/\/websie.cefe.cnrs.fr\/soilforeurope\/wp-content\/uploads\/2019\/02\/Carabus_auronitens_gimp_crop_copyright2-150x64.png 150w\" sizes=\"auto, (max-width: 459px) 100vw, 459px\" \/><\/strong><\/h5>\n<p style=\"text-align: justify;\">En utilisant des techniques courantes d\u2019\u00e9chantillonnage in situ, nous mesurons dans le sol la diversit\u00e9 et l\u2019abondance des micro- et macro-arthropodes, vers de terre et n\u00e9matodes, afin d\u2019explorer les liens entre diversit\u00e9 des essences et diversit\u00e9 de la faune du sol. La structure fonctionnelle de ces communaut\u00e9s (\u00e9valu\u00e9e \u00e0 l\u2019aide des bases de donn\u00e9es de traits disponibles) et ses relations avec la diversit\u00e9 fonctionnelle de la communaut\u00e9 d\u2019arbres sont \u00e9valu\u00e9es.<\/p>\n<p>&nbsp;<\/p>\n<h5><strong>Traits des racines fines<\/strong><\/h5>\n<h5><strong><img decoding=\"async\" class=\"wp-image-932 alignleft\" src=\"https:\/\/websie.cefe.cnrs.fr\/soilforeurope\/wp-content\/uploads\/2019\/04\/image652_Picea_abies_gimp_copyright_2.jpg\" alt=\"\" width=\"276.9\" height=\"195.1\"><\/strong><\/h5>\n<p style=\"text-align: justify;\">Nous quantifions les traits fonctionnels des racines fines et leur r\u00e9partition spatiale dans le profil du sol dans les zones o\u00f9 les racines de deux arbres diff\u00e9rents interagissent. Cette approche nous permettra d\u2019\u00e9valuer la \u00ab niche souterraine \u00bb des racines fines des arbres, en fonction de la diversit\u00e9 taxonomique et fonctionnelle de l\u2019assemblage d\u2019essences, et de d\u00e9terminer si et comment les traits des racines fines sont reli\u00e9s \u00e0 la diversit\u00e9 des autres organismes du sol.<\/p>\n<p>&nbsp;<\/p>\n<h5><strong>Relations entre indices de diversit\u00e9 a\u00e9riens et souterrains<\/strong><\/h5>\n<p style=\"text-align: justify;\">L\u2019ensemble des donn\u00e9es de biodiversit\u00e9 pour les six groupes d\u2019organismes sera utilis\u00e9 pour une \u00e9valuation approfondie des relations entre biodiversit\u00e9s a\u00e9rienne et souterraine, \u00e0 l\u2019aide d\u2019approches multivari\u00e9es. Les relations identifi\u00e9es seront ensuite test\u00e9es \u00e0 l\u2019aide de mod\u00e9lisation par \u00e9quations structurelles (SEM).<\/p>\n","protected":false},"excerpt":{"rendered":"<p>&nbsp; Microorganismes h\u00e9t\u00e9rotrophes du sol et mycorhizes diversity La caract\u00e9risation exhaustive de la diversit\u00e9 microbienne du sol dans des placettes foresti\u00e8res mono- ou pluri-sp\u00e9cifiques, r\u00e9alis\u00e9e \u00e0 l\u2019aide d\u2019approches mol\u00e9culaires (s\u00e9quen\u00e7age haut-d\u00e9bit) nous permet d\u2019\u00e9valuer si la richesse en essences et la diversit\u00e9 microbienne du sol sont li\u00e9es. &nbsp; Diversit\u00e9 de&#8230;<\/p>\n<p class=\"continue-reading-button\"> <a class=\"continue-reading-link\" href=\"https:\/\/websie.cefe.cnrs.fr\/soilforeurope\/fr\/biodiversity-approach-1-fr\/\">Continue reading<i class=\"crycon-right-dir\"><\/i><\/a><\/p>\n","protected":false},"author":1,"featured_media":0,"parent":0,"menu_order":0,"comment_status":"closed","ping_status":"closed","template":"","meta":{"inline_featured_image":false,"footnotes":""},"class_list":["post-2519","page","type-page","status-publish","hentry"],"_links":{"self":[{"href":"https:\/\/websie.cefe.cnrs.fr\/soilforeurope\/wp-json\/wp\/v2\/pages\/2519","targetHints":{"allow":["GET"]}}],"collection":[{"href":"https:\/\/websie.cefe.cnrs.fr\/soilforeurope\/wp-json\/wp\/v2\/pages"}],"about":[{"href":"https:\/\/websie.cefe.cnrs.fr\/soilforeurope\/wp-json\/wp\/v2\/types\/page"}],"author":[{"embeddable":true,"href":"https:\/\/websie.cefe.cnrs.fr\/soilforeurope\/wp-json\/wp\/v2\/users\/1"}],"replies":[{"embeddable":true,"href":"https:\/\/websie.cefe.cnrs.fr\/soilforeurope\/wp-json\/wp\/v2\/comments?post=2519"}],"version-history":[{"count":9,"href":"https:\/\/websie.cefe.cnrs.fr\/soilforeurope\/wp-json\/wp\/v2\/pages\/2519\/revisions"}],"predecessor-version":[{"id":3341,"href":"https:\/\/websie.cefe.cnrs.fr\/soilforeurope\/wp-json\/wp\/v2\/pages\/2519\/revisions\/3341"}],"wp:attachment":[{"href":"https:\/\/websie.cefe.cnrs.fr\/soilforeurope\/wp-json\/wp\/v2\/media?parent=2519"}],"curies":[{"name":"wp","href":"https:\/\/api.w.org\/{rel}","templated":true}]}}