{"id":2517,"date":"2020-03-30T18:24:04","date_gmt":"2020-03-30T16:24:04","guid":{"rendered":"https:\/\/websie.cefe.cnrs.fr\/soilforeurope\/?page_id=2517"},"modified":"2020-04-28T21:04:09","modified_gmt":"2020-04-28T19:04:09","slug":"biodiversity-approach-1-es","status":"publish","type":"page","link":"https:\/\/websie.cefe.cnrs.fr\/soilforeurope\/es\/biodiversity-approach-1-es\/","title":{"rendered":"Biodiversidad &#8211; Enfoque 1"},"content":{"rendered":"\n<p>&nbsp;<\/p>\n<h5><strong>Microorganismos heterotr\u00f3ficos del suelo y diversidad de micorrizas<\/strong><\/h5>\n<p>Mediante una evaluaci\u00f3n exhaustiva de la diversidad microbiana del suelo en sistemas monoespec\u00edficos y sistemas mixtos arb\u00f3reos usando enfoques moleculares (\u201cNext Generation Sequencing\u201d), determinamos si la riqueza de especies arb\u00f3reas y la diversidad microbiana del suelo est\u00e1n relacionadas.<\/p>\n<p>&nbsp;<\/p>\n<h5><strong>Diversidad de fauna del suelo<\/strong><\/h5>\n<h5><strong><img loading=\"lazy\" decoding=\"async\" class=\"wp-image-932 alignright\" src=\"https:\/\/websie.cefe.cnrs.fr\/soilforeurope\/wp-content\/uploads\/2019\/02\/Carabus_auronitens_gimp_crop_copyright2.png\" alt=\"\" width=\"459\" height=\"195\" srcset=\"https:\/\/websie.cefe.cnrs.fr\/soilforeurope\/wp-content\/uploads\/2019\/02\/Carabus_auronitens_gimp_crop_copyright2.png 847w, https:\/\/websie.cefe.cnrs.fr\/soilforeurope\/wp-content\/uploads\/2019\/02\/Carabus_auronitens_gimp_crop_copyright2-300x128.png 300w, https:\/\/websie.cefe.cnrs.fr\/soilforeurope\/wp-content\/uploads\/2019\/02\/Carabus_auronitens_gimp_crop_copyright2-768x326.png 768w, https:\/\/websie.cefe.cnrs.fr\/soilforeurope\/wp-content\/uploads\/2019\/02\/Carabus_auronitens_gimp_crop_copyright2-150x64.png 150w\" sizes=\"auto, (max-width: 459px) 100vw, 459px\" \/><\/strong><\/h5>\n<p>Utilizando t\u00e9cnicas de muestreo de campo comunes, medimos la diversidad y abundancia de micro y macroartr\u00f3podos del suelo, lombrices de tierra y nem\u00e1todos para establecer posibles v\u00ednculos entre la diversidad de los \u00e1rboles y la diversidad de la fauna del suelo. Mediante el uso de bases de datos sobre rasgos de la fauna del suelo, exploramos la estructura funcional de las comunidades de fauna del suelo y su relaci\u00f3n con la diversidad funcional de los \u00e1rboles.<\/p>\n<p>&nbsp;<\/p>\n<h5><strong>Rasgos de ra\u00edz fina<\/strong><\/h5>\n<h5><strong><img decoding=\"async\" class=\"wp-image-932 alignleft\" src=\"https:\/\/websie.cefe.cnrs.fr\/soilforeurope\/wp-content\/uploads\/2019\/04\/image652_Picea_abies_gimp_copyright_2.jpg\" alt=\"\" width=\"276.9\" height=\"195.1\"><\/strong><\/h5>\n<p>Cuantificamos los rasgos funcionales de las ra\u00edces finas y su disposici\u00f3n espacial dentro de los perfiles del suelo, a nivel de la comunidad vecina de \u00e1rboles, donde los sistemas de ra\u00edces de los \u00e1rboles adyacentes interact\u00faan entre s\u00ed. Esto nos permitir\u00e1 evaluar la ocupaci\u00f3n del nicho subterr\u00e1neo por las ra\u00edces finas de los \u00e1rboles en funci\u00f3n de la diversidad taxon\u00f3mica y funcional de las especies arb\u00f3reas. As\u00ed mismo determinamos si los rasgos de las ra\u00edces finas est\u00e1n relacionados con la diversidad de otros organismos del suelo y de qu\u00e9 manera.<\/p>\n<p>&nbsp;<\/p>\n<h5><strong>Relaciones entre los \u00edndices de diversidad de suelo y subsuelo<\/strong><\/h5>\n<p>Todos los datos de biodiversidad del suelo de los seis grupos de organismos se utilizar\u00e1n para evaluar a fondo las relaciones entre la biodiversidad a\u00e9rea y subterr\u00e1nea con enfoques multivariados. Adem\u00e1s las relaciones e hip\u00f3tesis emergentes se evaluaran a\u00fan m\u00e1s utilizando modelamiento de ecuaciones estructurales (SEM).<\/p>\n","protected":false},"excerpt":{"rendered":"<p>&nbsp; Microorganismos heterotr\u00f3ficos del suelo y diversidad de micorrizas Mediante una evaluaci\u00f3n exhaustiva de la diversidad microbiana del suelo en sistemas monoespec\u00edficos y sistemas mixtos arb\u00f3reos usando enfoques moleculares (\u201cNext Generation Sequencing\u201d), determinamos si la riqueza de especies arb\u00f3reas y la diversidad microbiana del suelo est\u00e1n relacionadas. &nbsp; Diversidad de&#8230;<\/p>\n<p class=\"continue-reading-button\"> <a class=\"continue-reading-link\" href=\"https:\/\/websie.cefe.cnrs.fr\/soilforeurope\/es\/biodiversity-approach-1-es\/\">Continue reading<i class=\"crycon-right-dir\"><\/i><\/a><\/p>\n","protected":false},"author":1,"featured_media":0,"parent":0,"menu_order":0,"comment_status":"closed","ping_status":"closed","template":"","meta":{"inline_featured_image":false,"footnotes":""},"class_list":["post-2517","page","type-page","status-publish","hentry"],"_links":{"self":[{"href":"https:\/\/websie.cefe.cnrs.fr\/soilforeurope\/wp-json\/wp\/v2\/pages\/2517","targetHints":{"allow":["GET"]}}],"collection":[{"href":"https:\/\/websie.cefe.cnrs.fr\/soilforeurope\/wp-json\/wp\/v2\/pages"}],"about":[{"href":"https:\/\/websie.cefe.cnrs.fr\/soilforeurope\/wp-json\/wp\/v2\/types\/page"}],"author":[{"embeddable":true,"href":"https:\/\/websie.cefe.cnrs.fr\/soilforeurope\/wp-json\/wp\/v2\/users\/1"}],"replies":[{"embeddable":true,"href":"https:\/\/websie.cefe.cnrs.fr\/soilforeurope\/wp-json\/wp\/v2\/comments?post=2517"}],"version-history":[{"count":5,"href":"https:\/\/websie.cefe.cnrs.fr\/soilforeurope\/wp-json\/wp\/v2\/pages\/2517\/revisions"}],"predecessor-version":[{"id":3296,"href":"https:\/\/websie.cefe.cnrs.fr\/soilforeurope\/wp-json\/wp\/v2\/pages\/2517\/revisions\/3296"}],"wp:attachment":[{"href":"https:\/\/websie.cefe.cnrs.fr\/soilforeurope\/wp-json\/wp\/v2\/media?parent=2517"}],"curies":[{"name":"wp","href":"https:\/\/api.w.org\/{rel}","templated":true}]}}