{"id":2513,"date":"2020-03-30T18:22:56","date_gmt":"2020-03-30T16:22:56","guid":{"rendered":"https:\/\/websie.cefe.cnrs.fr\/soilforeurope\/?page_id=2513"},"modified":"2020-04-28T21:11:58","modified_gmt":"2020-04-28T19:11:58","slug":"climate-change-approach-3-sv","status":"publish","type":"page","link":"https:\/\/websie.cefe.cnrs.fr\/soilforeurope\/sv\/climate-change-approach-3-sv\/","title":{"rendered":"Klimatf\u00f6r\u00e4ndringar \u2013 Tillv\u00e4gag\u00e5ngs\u00e4tt 3"},"content":{"rendered":"\n<p>&nbsp;<\/p>\n<h5><strong>Mikrobiell resistens och motst\u00e5ndskraft som svar p\u00e5 extrem torka<img loading=\"lazy\" decoding=\"async\" class=\"wp-image-961 alignright\" src=\"https:\/\/websie.cefe.cnrs.fr\/soilforeurope\/wp-content\/uploads\/2019\/02\/Flacon_sans_bordure_copyright.png\" alt=\"\" width=\"114\" height=\"253\" srcset=\"https:\/\/websie.cefe.cnrs.fr\/soilforeurope\/wp-content\/uploads\/2019\/02\/Flacon_sans_bordure_copyright.png 345w, https:\/\/websie.cefe.cnrs.fr\/soilforeurope\/wp-content\/uploads\/2019\/02\/Flacon_sans_bordure_copyright-135x300.png 135w, https:\/\/websie.cefe.cnrs.fr\/soilforeurope\/wp-content\/uploads\/2019\/02\/Flacon_sans_bordure_copyright-68x150.png 68w\" sizes=\"auto, (max-width: 114px) 100vw, 114px\" \/><\/strong><\/h5>\n<p>Torka och \u00e5terfuktande cykler kan ha stor p\u00e5verkan p\u00e5 jordlevande mikrobiella samh\u00e4llen, och modifiera motst\u00e5ndskraften hos mikrobiellt medierande processer till extrema torka. I f\u00e4lt insamlad jord, fr\u00e5n monospecifika best\u00e5nd och flerartsbest\u00e5nd, inkuberas i mikrosomplattformen vid <a href=\"http:\/\/www.ecotron.cnrs.fr\/\" target=\"_blank\" rel=\"noopener noreferrer\">European Ecotron<\/a> i Montpellier och uts\u00e4tts d\u00e4r f\u00f6r omg\u00e5ngar av extrem torka till f\u00f6ljd av \u00e5terfuktning. Vi bed\u00f6mmer resistens och motst\u00e5ndskraft hos processhastigheter som svarar p\u00e5 torka och kopplingen till m\u00e5ngfald med m\u00e5tt f\u00f6r mikrobiellt p\u00e5drivna processer genom att m\u00e4ta koldioxid- och kv\u00e4vedioxidfl\u00f6den f\u00f6re och efter torkan, samt efter \u00e5terfuktningen.<\/p>\n<p>&nbsp;<\/p>\n<h5><strong>Ekosystemresistens och motst\u00e5ndskraft mot extrem torka<\/strong><\/h5>\n<h5><strong><img loading=\"lazy\" decoding=\"async\" class=\"wp-image-1110 alignleft\" src=\"https:\/\/websie.cefe.cnrs.fr\/soilforeurope\/wp-content\/uploads\/2019\/05\/L1140837_gimp_copyright-1024x768.jpg\" alt=\"\" width=\"351\" height=\"263\" srcset=\"https:\/\/websie.cefe.cnrs.fr\/soilforeurope\/wp-content\/uploads\/2019\/05\/L1140837_gimp_copyright-1024x768.jpg 1024w, https:\/\/websie.cefe.cnrs.fr\/soilforeurope\/wp-content\/uploads\/2019\/05\/L1140837_gimp_copyright-300x225.jpg 300w, https:\/\/websie.cefe.cnrs.fr\/soilforeurope\/wp-content\/uploads\/2019\/05\/L1140837_gimp_copyright-768x576.jpg 768w, https:\/\/websie.cefe.cnrs.fr\/soilforeurope\/wp-content\/uploads\/2019\/05\/L1140837_gimp_copyright-150x113.jpg 150w\" sizes=\"auto, (max-width: 351px) 100vw, 351px\" \/><\/strong><\/h5>\n<p>I ett experiment vid mesocosmplattformen vid <a href=\"http:\/\/www.ecotron.cnrs.fr\/\" target=\"_blank\" rel=\"noopener noreferrer\">European Ecotron<\/a> i Montpellier (sexton enheter, vardera med en ytarea p\u00e5 1 m<sup>2<\/sup> och ett jorddjup p\u00e5 1 m), manipulerade vi den funktionella m\u00e5ngfalden hos jordelvande fauna f\u00f6r att pr\u00f6va ekosystem svar p\u00e5 extrema torkevent. Genom att anv\u00e4nda mesocosmerna vid Ecotron, f\u00e5r vi m\u00f6jlighet att pr\u00f6va interaktiva effekter av \u00f6kande funktionell m\u00e5ngfald i jord och extrem torka p\u00e5 H<sub>2<\/sub>O- och CO<sub>2<\/sub>&#8211; fl\u00f6den p\u00e5 ekosystemniv\u00e5, samt att utv\u00e4rdera ekosystemmotst\u00e5nd och motst\u00e5ndskraft till torka.<\/p>\n<p>&nbsp;<\/p>\n<p><strong>&nbsp;<\/strong><\/p>\n<h5><strong>Interaktiva effekter av klimatf\u00f6r\u00e4ndringar och f\u00f6r\u00e4ndrad tr\u00e4dartsm\u00e5ngfald<\/strong><\/h5>\n<p>Med ett trejde tillv\u00e4gag\u00e5ngs\u00e4tt som riktas mot interaktiva effekter mellan biologisk m\u00e5ngfald och klimatf\u00f6r\u00e4ndringar, inkluderar vi tv\u00e5 m\u00e5ngfaldsexperiment med planterade tr\u00e4d som kombinerar gradienter f\u00f6r tr\u00e4dartsrikedom med olika klimatbehandlingar, s\u00e4rskillt <a href=\"http:\/\/www.treedivnet.ugent.be\/ExpORPHEE.html\" target=\"_blank\" rel=\"noopener noreferrer\">ORPHEE<\/a>&nbsp;(Frankrike, vattenbehandlingar f\u00f6r att undvika sommartorka) och <a href=\"http:\/\/www.treedivnet.ugent.be\/ExpFORBIO.html\" target=\"_blank\" rel=\"noopener noreferrer\">FORBIO<\/a> (Belgien, en 30 % regnexkludering) experiment. Vi m\u00e4tte m\u00e5ngfalden jordlevande fauna i monospecifika best\u00e5nd och blandtr\u00e4dbest\u00e5nd f\u00f6r att utv\u00e4rdera potentiella interaktiva effekter av tr\u00e4dm\u00e5ngfald och klimatf\u00f6r\u00e4ndringar p\u00e5 m\u00e5ngfald bland jordlevande organismer och deras funktion.<\/p>\n<p>&nbsp;<\/p>\n","protected":false},"excerpt":{"rendered":"<p>&nbsp; Mikrobiell resistens och motst\u00e5ndskraft som svar p\u00e5 extrem torka Torka och \u00e5terfuktande cykler kan ha stor p\u00e5verkan p\u00e5 jordlevande mikrobiella samh\u00e4llen, och modifiera motst\u00e5ndskraften hos mikrobiellt medierande processer till extrema torka. I f\u00e4lt insamlad jord, fr\u00e5n monospecifika best\u00e5nd och flerartsbest\u00e5nd, inkuberas i mikrosomplattformen vid European Ecotron i Montpellier och&#8230;<\/p>\n<p class=\"continue-reading-button\"> <a class=\"continue-reading-link\" href=\"https:\/\/websie.cefe.cnrs.fr\/soilforeurope\/sv\/climate-change-approach-3-sv\/\">Continue reading<i class=\"crycon-right-dir\"><\/i><\/a><\/p>\n","protected":false},"author":1,"featured_media":0,"parent":0,"menu_order":0,"comment_status":"closed","ping_status":"closed","template":"","meta":{"inline_featured_image":false,"footnotes":""},"class_list":["post-2513","page","type-page","status-publish","hentry"],"_links":{"self":[{"href":"https:\/\/websie.cefe.cnrs.fr\/soilforeurope\/wp-json\/wp\/v2\/pages\/2513","targetHints":{"allow":["GET"]}}],"collection":[{"href":"https:\/\/websie.cefe.cnrs.fr\/soilforeurope\/wp-json\/wp\/v2\/pages"}],"about":[{"href":"https:\/\/websie.cefe.cnrs.fr\/soilforeurope\/wp-json\/wp\/v2\/types\/page"}],"author":[{"embeddable":true,"href":"https:\/\/websie.cefe.cnrs.fr\/soilforeurope\/wp-json\/wp\/v2\/users\/1"}],"replies":[{"embeddable":true,"href":"https:\/\/websie.cefe.cnrs.fr\/soilforeurope\/wp-json\/wp\/v2\/comments?post=2513"}],"version-history":[{"count":4,"href":"https:\/\/websie.cefe.cnrs.fr\/soilforeurope\/wp-json\/wp\/v2\/pages\/2513\/revisions"}],"predecessor-version":[{"id":3300,"href":"https:\/\/websie.cefe.cnrs.fr\/soilforeurope\/wp-json\/wp\/v2\/pages\/2513\/revisions\/3300"}],"wp:attachment":[{"href":"https:\/\/websie.cefe.cnrs.fr\/soilforeurope\/wp-json\/wp\/v2\/media?parent=2513"}],"curies":[{"name":"wp","href":"https:\/\/api.w.org\/{rel}","templated":true}]}}