{"id":2511,"date":"2020-03-30T18:22:35","date_gmt":"2020-03-30T16:22:35","guid":{"rendered":"https:\/\/websie.cefe.cnrs.fr\/soilforeurope\/?page_id=2511"},"modified":"2020-05-06T15:23:01","modified_gmt":"2020-05-06T13:23:01","slug":"climate-change-approach-3-fi","status":"publish","type":"page","link":"https:\/\/websie.cefe.cnrs.fr\/soilforeurope\/fi\/climate-change-approach-3-fi\/","title":{"rendered":"Ilmastonmuutos \u2014 L\u00e4hestymistapa 3"},"content":{"rendered":"\n<p>&nbsp;<\/p>\n<h5><strong>Mikrobien vastustuskyky ja sietokyky \u00e4\u00e4rimm\u00e4isess\u00e4 kuivuudessa<img loading=\"lazy\" decoding=\"async\" class=\"wp-image-961 alignright\" src=\"https:\/\/websie.cefe.cnrs.fr\/soilforeurope\/wp-content\/uploads\/2019\/02\/Flacon_sans_bordure_copyright.png\" alt=\"\" width=\"114\" height=\"253\" srcset=\"https:\/\/websie.cefe.cnrs.fr\/soilforeurope\/wp-content\/uploads\/2019\/02\/Flacon_sans_bordure_copyright.png 345w, https:\/\/websie.cefe.cnrs.fr\/soilforeurope\/wp-content\/uploads\/2019\/02\/Flacon_sans_bordure_copyright-135x300.png 135w, https:\/\/websie.cefe.cnrs.fr\/soilforeurope\/wp-content\/uploads\/2019\/02\/Flacon_sans_bordure_copyright-68x150.png 68w\" sizes=\"auto, (max-width: 114px) 100vw, 114px\" \/><\/strong><\/h5>\n<p>Kuivumis- ja kastelusykleill\u00e4 voi olla merkitt\u00e4v\u00e4 vaikutus maaper\u00e4n mikrobiyhteis\u00f6ihin muuttamalla mikrobiprosesseja \u00e4\u00e4rimm\u00e4isess\u00e4 kuivuudessa. Yhden puulajin metsik\u00f6iss\u00e4 ja sekametsik\u00f6iss\u00e4 ker\u00e4tyt maaper\u00e4n\u00e4ytteet inkuboidaan mikrokosmoksissa <a href=\"http:\/\/www.ecotron.cnrs.fr\/\" target=\"_blank\" rel=\"noopener noreferrer\">European Ecotronissa<\/a> Montpellieriss\u00e4 ja altistetaan \u00e4\u00e4rimm\u00e4iseen kuivuuteen, jonka j\u00e4lkeen ne kastellaan j\u00e4lleen. M\u00e4\u00e4rit\u00e4mme prosessien vastustuskyky\u00e4 ja sietokyky\u00e4 suhteessa kuivuuteen ja yhteydet monimuotoisuuteen m\u00e4\u00e4ritt\u00e4m\u00e4ll\u00e4 mikrobiprosessien CO<sub>2<\/sub> ja N<sub>2<\/sub>O vuot ennen kuivuutta, sen j\u00e4lkeen ja kastelun j\u00e4lkeen.<\/p>\n<p>&nbsp;<\/p>\n<h5><strong>Ekosysteemin vastustuskyky ja sietokyky \u00e4\u00e4rimm\u00e4isess\u00e4 kuivuudessa<\/strong><\/h5>\n<h5><strong><img loading=\"lazy\" decoding=\"async\" class=\"wp-image-1110 alignleft\" src=\"https:\/\/websie.cefe.cnrs.fr\/soilforeurope\/wp-content\/uploads\/2019\/05\/L1140837_gimp_copyright-1024x768.jpg\" alt=\"\" width=\"351\" height=\"263\" srcset=\"https:\/\/websie.cefe.cnrs.fr\/soilforeurope\/wp-content\/uploads\/2019\/05\/L1140837_gimp_copyright-1024x768.jpg 1024w, https:\/\/websie.cefe.cnrs.fr\/soilforeurope\/wp-content\/uploads\/2019\/05\/L1140837_gimp_copyright-300x225.jpg 300w, https:\/\/websie.cefe.cnrs.fr\/soilforeurope\/wp-content\/uploads\/2019\/05\/L1140837_gimp_copyright-768x576.jpg 768w, https:\/\/websie.cefe.cnrs.fr\/soilforeurope\/wp-content\/uploads\/2019\/05\/L1140837_gimp_copyright-150x113.jpg 150w\" sizes=\"auto, (max-width: 351px) 100vw, 351px\" \/><\/strong><\/h5>\n<p><a href=\"http:\/\/www.ecotron.cnrs.fr\/\" target=\"_blank\" rel=\"noopener noreferrer\">European Ecotronissa<\/a> Montpellieriss\u00e4 (16 yksikk\u00f6\u00e4, jossa jokaisella yhden neli\u00f6n pinta-ala ja yhden metrin syvyys) suoritamme kokeen, jossa manipuloimme maaper\u00e4eli\u00f6st\u00f6n monimuotoisuutta testataksemme sen vasteita \u00e4\u00e4rimm\u00e4iseen kuivuuteen. Ecotronin mesokosmoksilla on mahdollista tutkia maaper\u00e4n toiminnallisen monimuotoisuuden ja \u00e4\u00e4rimm\u00e4isen kuivuuden yhteisvaikutukset ekosysteemin H<sub>2<\/sub>O ja CO<sub>2<\/sub> vuohon, ja arvioida ekosysteemin vastustuskyky\u00e4 ja sietokyky\u00e4 kuivuudessa.<\/p>\n<p>&nbsp;<\/p>\n<p><strong>&nbsp;<\/strong><\/p>\n<h5><strong>Ilmastonmuutoksen ja puulajirunsauden vuorovaikutteiset seuraukset<\/strong><\/h5>\n<p>Kolmas l\u00e4hestymistapa tutkii monimuotoisuuden ja ilmastonmuutoksen vuorovaikutukset. K\u00e4yt\u00e4mme kahta puulajirunsauskoetta (nuoria istutusmetsik\u00f6it\u00e4), jotka yhdist\u00e4v\u00e4t puulajien runsausgradientit ja ilmastonmuutosk\u00e4sittelyt, <a href=\"http:\/\/www.treedivnet.ugent.be\/ExpORPHEE.html\" target=\"_blank\" rel=\"noopener noreferrer\">ORPHEE<\/a>&nbsp;(Ranska, kastelulla v\u00e4ltet\u00e4\u00e4n kes\u00e4n kuivuus) ja <a href=\"http:\/\/www.treedivnet.ugent.be\/ExpFORBIO.html\" target=\"_blank\" rel=\"noopener noreferrer\">FORBIO<\/a> (Belgia, 30% sadem\u00e4\u00e4r\u00e4n v\u00e4hent\u00e4minen). M\u00e4\u00e4rit\u00e4mme maaper\u00e4eli\u00f6st\u00f6n monimuotoisuutta yhden puulajin metsik\u00f6iss\u00e4 ja sekametsik\u00f6iss\u00e4 ja arvioimme puulajirunsauden ja ilmastonmuutoksen mahdolliset vuorovaikutukset maaper\u00e4eli\u00f6iden diversiteettiin ja toimintaan.<\/p>\n<p>&nbsp;<\/p>\n","protected":false},"excerpt":{"rendered":"<p>&nbsp; Mikrobien vastustuskyky ja sietokyky \u00e4\u00e4rimm\u00e4isess\u00e4 kuivuudessa Kuivumis- ja kastelusykleill\u00e4 voi olla merkitt\u00e4v\u00e4 vaikutus maaper\u00e4n mikrobiyhteis\u00f6ihin muuttamalla mikrobiprosesseja \u00e4\u00e4rimm\u00e4isess\u00e4 kuivuudessa. Yhden puulajin metsik\u00f6iss\u00e4 ja sekametsik\u00f6iss\u00e4 ker\u00e4tyt maaper\u00e4n\u00e4ytteet inkuboidaan mikrokosmoksissa European Ecotronissa Montpellieriss\u00e4 ja altistetaan \u00e4\u00e4rimm\u00e4iseen kuivuuteen, jonka j\u00e4lkeen ne kastellaan j\u00e4lleen. M\u00e4\u00e4rit\u00e4mme prosessien vastustuskyky\u00e4 ja sietokyky\u00e4 suhteessa kuivuuteen ja yhteydet&#8230;<\/p>\n<p class=\"continue-reading-button\"> <a class=\"continue-reading-link\" href=\"https:\/\/websie.cefe.cnrs.fr\/soilforeurope\/fi\/climate-change-approach-3-fi\/\">Continue reading<i class=\"crycon-right-dir\"><\/i><\/a><\/p>\n","protected":false},"author":1,"featured_media":0,"parent":0,"menu_order":0,"comment_status":"closed","ping_status":"closed","template":"","meta":{"inline_featured_image":false,"footnotes":""},"class_list":["post-2511","page","type-page","status-publish","hentry"],"_links":{"self":[{"href":"https:\/\/websie.cefe.cnrs.fr\/soilforeurope\/wp-json\/wp\/v2\/pages\/2511","targetHints":{"allow":["GET"]}}],"collection":[{"href":"https:\/\/websie.cefe.cnrs.fr\/soilforeurope\/wp-json\/wp\/v2\/pages"}],"about":[{"href":"https:\/\/websie.cefe.cnrs.fr\/soilforeurope\/wp-json\/wp\/v2\/types\/page"}],"author":[{"embeddable":true,"href":"https:\/\/websie.cefe.cnrs.fr\/soilforeurope\/wp-json\/wp\/v2\/users\/1"}],"replies":[{"embeddable":true,"href":"https:\/\/websie.cefe.cnrs.fr\/soilforeurope\/wp-json\/wp\/v2\/comments?post=2511"}],"version-history":[{"count":5,"href":"https:\/\/websie.cefe.cnrs.fr\/soilforeurope\/wp-json\/wp\/v2\/pages\/2511\/revisions"}],"predecessor-version":[{"id":3507,"href":"https:\/\/websie.cefe.cnrs.fr\/soilforeurope\/wp-json\/wp\/v2\/pages\/2511\/revisions\/3507"}],"wp:attachment":[{"href":"https:\/\/websie.cefe.cnrs.fr\/soilforeurope\/wp-json\/wp\/v2\/media?parent=2511"}],"curies":[{"name":"wp","href":"https:\/\/api.w.org\/{rel}","templated":true}]}}