{"id":2507,"date":"2020-03-30T18:21:42","date_gmt":"2020-03-30T16:21:42","guid":{"rendered":"https:\/\/websie.cefe.cnrs.fr\/soilforeurope\/?page_id=2507"},"modified":"2020-04-28T21:11:17","modified_gmt":"2020-04-28T19:11:17","slug":"climate-change-approach-3-pl","status":"publish","type":"page","link":"https:\/\/websie.cefe.cnrs.fr\/soilforeurope\/pl\/climate-change-approach-3-pl\/","title":{"rendered":"Zmiany klimatu &#8211; Podej\u015bcie 3"},"content":{"rendered":"\n<p>&nbsp;<\/p>\n<h5><strong>Odporno\u015b\u0107 mikrobiomu na ekstremalne susze i jego zdolno\u015b\u0107 do regeneracji<img loading=\"lazy\" decoding=\"async\" class=\"wp-image-961 alignright\" src=\"https:\/\/websie.cefe.cnrs.fr\/soilforeurope\/wp-content\/uploads\/2019\/02\/Flacon_sans_bordure_copyright.png\" alt=\"\" width=\"114\" height=\"253\" srcset=\"https:\/\/websie.cefe.cnrs.fr\/soilforeurope\/wp-content\/uploads\/2019\/02\/Flacon_sans_bordure_copyright.png 345w, https:\/\/websie.cefe.cnrs.fr\/soilforeurope\/wp-content\/uploads\/2019\/02\/Flacon_sans_bordure_copyright-135x300.png 135w, https:\/\/websie.cefe.cnrs.fr\/soilforeurope\/wp-content\/uploads\/2019\/02\/Flacon_sans_bordure_copyright-68x150.png 68w\" sizes=\"auto, (max-width: 114px) 100vw, 114px\" \/><\/strong><\/h5>\n<p style=\"text-align: justify;\">Cykle susz i ponownego nawil\u017cania mog\u0105 mie\u0107 silny wp\u0142yw na mikrobiom glebowy, modyfikuj\u0105c przebieg proces\u00f3w glebowych pod wp\u0142ywem ekstremalnych susz. Gleba zebrana w terenie z jednogatunkowych i mieszanych drzewostan\u00f3w jest inkubowana na platformie mikrokosmosu w europejskim Ecotronie w Montpellier i wystawiana na ekstremalne przesuszanie, a nast\u0119pnie ponownie nawadniana. Oceniamy odporno\u015b\u0107 na susz\u0119 i zdolno\u015b\u0107 do regeneracji proces\u00f3w glebowych po suszy oraz zwi\u0105zki tych charakterystyk z r\u00f3\u017cnorodno\u015bci\u0105 i z pomiarami proces\u00f3w kontrolowanych przez drobnoustroje, mierz\u0105c przep\u0142ywy CO<sub>2<\/sub> i N<sub>2<\/sub>O przed i po wyst\u0105pieniu suszy oraz po ponownym nawodnieniu.<\/p>\n<p>&nbsp;<\/p>\n<h5><strong>Odporno\u015b\u0107 ekosystemu na ekstremalne susze i jego zdolno\u015b\u0107 do regeneracji<\/strong><\/h5>\n<h5><strong><img loading=\"lazy\" decoding=\"async\" class=\"wp-image-1110 alignleft\" src=\"https:\/\/websie.cefe.cnrs.fr\/soilforeurope\/wp-content\/uploads\/2019\/05\/L1140837_gimp_copyright-1024x768.jpg\" alt=\"\" width=\"351\" height=\"263\" srcset=\"https:\/\/websie.cefe.cnrs.fr\/soilforeurope\/wp-content\/uploads\/2019\/05\/L1140837_gimp_copyright-1024x768.jpg 1024w, https:\/\/websie.cefe.cnrs.fr\/soilforeurope\/wp-content\/uploads\/2019\/05\/L1140837_gimp_copyright-300x225.jpg 300w, https:\/\/websie.cefe.cnrs.fr\/soilforeurope\/wp-content\/uploads\/2019\/05\/L1140837_gimp_copyright-768x576.jpg 768w, https:\/\/websie.cefe.cnrs.fr\/soilforeurope\/wp-content\/uploads\/2019\/05\/L1140837_gimp_copyright-150x113.jpg 150w\" sizes=\"auto, (max-width: 351px) 100vw, 351px\" \/><\/strong><\/h5>\n<p style=\"text-align: justify;\">W eksperymencie na platformie<a href=\"http:\/\/www.ecotron.cnrs.fr\/\" target=\"_blank\" rel=\"noopener noreferrer\">Europejskiego Ecotronu<\/a> w Montpellier (szesna\u015bcie \u201emezokosmos\u00f3w\u201d &#8211; jednostek o powierzchni 1m<sup>2<\/sup> i g\u0142\u0119boko\u015bci gleby 1m ka\u017cda) manipulujemy funkcjonaln\u0105 r\u00f3\u017cnorodno\u015bci\u0105 fauny glebowej w celu zbadania reakcji ekosystemu na ekstremaln\u0105 susz\u0119. Wykorzystanie mezokosmosu Ecotron pozwala nam bada\u0107 interaktywne efekty zwi\u0119kszenia r\u00f3\u017cnorodno\u015bci funkcjonalnej gleby i ekstremalnej suszy na przep\u0142ywy H<sub>2<\/sub>O i CO<sub>2<\/sub> w skali ekosystemu oraz oceni\u0107 odporno\u015b\u0107 ekosystemu na susz\u0119 i jego zdolno\u015b\u0107 do regeneracji.<\/p>\n<p>&nbsp;<\/p>\n<p><strong>&nbsp;<\/strong><\/p>\n<h5><strong>Interaktywne skutki zmian klimatycznych i zmieniaj\u0105cej si\u0119 r\u00f3\u017cnorodno\u015bci gatunk\u00f3w drzew<\/strong><\/h5>\n<p style=\"text-align: justify;\">W ramach trzeciego podej\u015bcia dotycz\u0105cego interaktywnych efekt\u00f3w zachodz\u0105cych pomi\u0119dzy r\u00f3\u017cnorodno\u015bci\u0105 biologiczn\u0105 a zmianami klimatycznymi, w\u0142\u0105czyli\u015bmy dwa eksperymenty w zakresie r\u00f3\u017cnorodno\u015bci drzew, kt\u00f3re \u0142\u0105cz\u0105 gradienty bogactwa gatunk\u00f3w drzew z manipulacj\u0105 parametrami klimatu, w szczeg\u00f3lno\u015bci eksperymenty <a href=\"http:\/\/www.treedivnet.ugent.be\/ExpORPHEE.html\" target=\"_blank\" rel=\"noopener noreferrer\">ORPHEE<\/a>&nbsp;(Francja, podlewanie w celu unikni\u0119cia suszy w lecie) i <a href=\"http:\/\/www.treedivnet.ugent.be\/ExpFORBIO.html\" target=\"_blank\" rel=\"noopener noreferrer\">FORBIO<\/a> (Belgia, 30% wykluczenie deszczu). Mierzymy r\u00f3\u017cnorodno\u015b\u0107 fauny glebowej w jednogatunkowych i mieszanych drzewostanach, aby oceni\u0107 potencjalny interaktywny wp\u0142yw r\u00f3\u017cnorodno\u015bci drzew i zmian klimatycznych na r\u00f3\u017cnorodno\u015b\u0107 i funkcjonowanie organizm\u00f3w glebowych.<\/p>\n<p>&nbsp;<\/p>\n","protected":false},"excerpt":{"rendered":"<p>&nbsp; Odporno\u015b\u0107 mikrobiomu na ekstremalne susze i jego zdolno\u015b\u0107 do regeneracji Cykle susz i ponownego nawil\u017cania mog\u0105 mie\u0107 silny wp\u0142yw na mikrobiom glebowy, modyfikuj\u0105c przebieg proces\u00f3w glebowych pod wp\u0142ywem ekstremalnych susz. Gleba zebrana w terenie z jednogatunkowych i mieszanych drzewostan\u00f3w jest inkubowana na platformie mikrokosmosu w europejskim Ecotronie w Montpellier&#8230;<\/p>\n<p class=\"continue-reading-button\"> <a class=\"continue-reading-link\" href=\"https:\/\/websie.cefe.cnrs.fr\/soilforeurope\/pl\/climate-change-approach-3-pl\/\">Continue reading<i class=\"crycon-right-dir\"><\/i><\/a><\/p>\n","protected":false},"author":1,"featured_media":0,"parent":0,"menu_order":0,"comment_status":"closed","ping_status":"closed","template":"","meta":{"inline_featured_image":false,"footnotes":""},"class_list":["post-2507","page","type-page","status-publish","hentry"],"_links":{"self":[{"href":"https:\/\/websie.cefe.cnrs.fr\/soilforeurope\/wp-json\/wp\/v2\/pages\/2507","targetHints":{"allow":["GET"]}}],"collection":[{"href":"https:\/\/websie.cefe.cnrs.fr\/soilforeurope\/wp-json\/wp\/v2\/pages"}],"about":[{"href":"https:\/\/websie.cefe.cnrs.fr\/soilforeurope\/wp-json\/wp\/v2\/types\/page"}],"author":[{"embeddable":true,"href":"https:\/\/websie.cefe.cnrs.fr\/soilforeurope\/wp-json\/wp\/v2\/users\/1"}],"replies":[{"embeddable":true,"href":"https:\/\/websie.cefe.cnrs.fr\/soilforeurope\/wp-json\/wp\/v2\/comments?post=2507"}],"version-history":[{"count":6,"href":"https:\/\/websie.cefe.cnrs.fr\/soilforeurope\/wp-json\/wp\/v2\/pages\/2507\/revisions"}],"predecessor-version":[{"id":2900,"href":"https:\/\/websie.cefe.cnrs.fr\/soilforeurope\/wp-json\/wp\/v2\/pages\/2507\/revisions\/2900"}],"wp:attachment":[{"href":"https:\/\/websie.cefe.cnrs.fr\/soilforeurope\/wp-json\/wp\/v2\/media?parent=2507"}],"curies":[{"name":"wp","href":"https:\/\/api.w.org\/{rel}","templated":true}]}}