{"id":2503,"date":"2020-03-30T18:20:58","date_gmt":"2020-03-30T16:20:58","guid":{"rendered":"https:\/\/websie.cefe.cnrs.fr\/soilforeurope\/?page_id=2503"},"modified":"2020-05-29T12:12:45","modified_gmt":"2020-05-29T10:12:45","slug":"climate-change-approach-3-it","status":"publish","type":"page","link":"https:\/\/websie.cefe.cnrs.fr\/soilforeurope\/it\/climate-change-approach-3-it\/","title":{"rendered":"Cambiamenti climatici \u2013 Approccio 3"},"content":{"rendered":"\n<p>&nbsp;<\/p>\n<h5><strong>Resistenza e resilienza microbica in risposta alla siccit\u00e0 estrema<img loading=\"lazy\" decoding=\"async\" class=\"wp-image-961 alignright\" src=\"https:\/\/websie.cefe.cnrs.fr\/soilforeurope\/wp-content\/uploads\/2019\/02\/Flacon_sans_bordure_copyright.png\" alt=\"\" width=\"114\" height=\"253\" srcset=\"https:\/\/websie.cefe.cnrs.fr\/soilforeurope\/wp-content\/uploads\/2019\/02\/Flacon_sans_bordure_copyright.png 345w, https:\/\/websie.cefe.cnrs.fr\/soilforeurope\/wp-content\/uploads\/2019\/02\/Flacon_sans_bordure_copyright-135x300.png 135w, https:\/\/websie.cefe.cnrs.fr\/soilforeurope\/wp-content\/uploads\/2019\/02\/Flacon_sans_bordure_copyright-68x150.png 68w\" sizes=\"auto, (max-width: 114px) 100vw, 114px\" \/><\/strong><\/h5>\n<p>Il susseguirsi di periodi asciutti ed umidi nel suolo possono avere un forte impatto sulle comunit\u00e0 microbiche, modificando la resilienza dei processi, mediati dalle comunit\u00e0 microbiche stesse, in riposta a eventi di siccit\u00e0. Campioni di suolo raccolti in foreste monospecifiche e miste sono incubati in microcosmi nell\u2019<a href=\"http:\/\/www.ecotron.cnrs.fr\/\" target=\"_blank\" rel=\"noopener noreferrer\">ecotrone europeo<\/a> a Montpellier e soggetti ad eventi di siccit\u00e0 estrema, e seguente periodo di  ricarico idrico (bagnatura del suolo). Valutiamo la resistenza  e la resilienza di processi microbici in risposta alla siccit\u00e0 e le relazioni con la diversit\u00e0 microbica e delle specie arboree, mediante misure dell\u2019attivit\u00e0 microbica, misurando flussi di CO<sub>2<\/sub> e N<sub>2<\/sub>O prima e dopo gli eventi di siccit\u00e0 e dopo il ricarico idrico del suolo.<\/p>\n<p>&nbsp;<\/p>\n<h5><strong>Resistenza e resilienza degli ecosistemi alla siccit\u00e0 estrema<\/strong><\/h5>\n<h5><strong><img loading=\"lazy\" decoding=\"async\" class=\"wp-image-1110 alignleft\" src=\"https:\/\/websie.cefe.cnrs.fr\/soilforeurope\/wp-content\/uploads\/2019\/05\/L1140837_gimp_copyright-1024x768.jpg\" alt=\"\" width=\"351\" height=\"263\" srcset=\"https:\/\/websie.cefe.cnrs.fr\/soilforeurope\/wp-content\/uploads\/2019\/05\/L1140837_gimp_copyright-1024x768.jpg 1024w, https:\/\/websie.cefe.cnrs.fr\/soilforeurope\/wp-content\/uploads\/2019\/05\/L1140837_gimp_copyright-300x225.jpg 300w, https:\/\/websie.cefe.cnrs.fr\/soilforeurope\/wp-content\/uploads\/2019\/05\/L1140837_gimp_copyright-768x576.jpg 768w, https:\/\/websie.cefe.cnrs.fr\/soilforeurope\/wp-content\/uploads\/2019\/05\/L1140837_gimp_copyright-150x113.jpg 150w\" sizes=\"auto, (max-width: 351px) 100vw, 351px\" \/><\/strong><\/h5>\n<p>In un esperimento condotto in un mesocosmo all\u2019<a href=\"http:\/\/www.ecotron.cnrs.fr\/\" target=\"_blank\" rel=\"noopener noreferrer\">ecotrone europeo<\/a> a Montpellier (16 unit\u00e0, ciascuna di 1m<sup>2<\/sup> di superficie e 1 m di profondit\u00e0 di suolo), manipoliamo la diversit\u00e0 funzionale della  fauna del suolo per testare le risposte dell\u2019ecosistema ad eventi di siccit\u00e0 estrema. L\u2019uso dei mesocosmi dell\u2019ecotrone ci permette di testare gli effetti interattivi dell\u2019incremento della diversit\u00e0 funzionale del suolo e la siccit\u00e0 estrema sull\u2019ecosistema a livello di flussi di acqua e CO<sub>2<\/sub> e di valutare la resistenza dell\u2019ecosistema alla siccit\u00e0.<\/p>\n<p>&nbsp;<\/p>\n<p><strong>&nbsp;<\/strong><\/p>\n<h5><strong>Effetti interattivi del cambiamento climatico e del variare della diversit\u00e0 arborea<\/strong><\/h5>\n<p>Con un terzo approccio mirato sugli effetti interattivi tra biodiversit\u00e0 e cambiamento climatico, usiamo due esperimenti (piantagioni) di diversit\u00e0 arborea che combinano gradienti di ricchezza di specie arboree con trattamenti di cambiamento climatico, ovvero l\u2019esperimento <a href=\"http:\/\/www.treedivnet.ugent.be\/ExpORPHEE.html\" target=\"_blank\" rel=\"noopener noreferrer\">ORPHEE<\/a>&nbsp;(in Francia, trattamento con irrigazione per evitare la siccit\u00e0 arborea) e <a href=\"http:\/\/www.treedivnet.ugent.be\/ExpFORBIO.html\" target=\"_blank\" rel=\"noopener noreferrer\">FORBIO<\/a> (in Belgio, con una esclusione delle precipitazioni del 30%). Misuriamo la diversit\u00e0 della fauna del suolo in soprassuoli forestali monospecifici e misti per valutare gli effetti interattivi potenziali della diversit\u00e0 arborea e il cambiamento climatico sulla diversit\u00e0 e funzionalit\u00e0 degli organismi del suolo.<\/p>\n<p>&nbsp;<\/p>\n","protected":false},"excerpt":{"rendered":"<p>&nbsp; Resistenza e resilienza microbica in risposta alla siccit\u00e0 estrema Il susseguirsi di periodi asciutti ed umidi nel suolo possono avere un forte impatto sulle comunit\u00e0 microbiche, modificando la resilienza dei processi, mediati dalle comunit\u00e0 microbiche stesse, in riposta a eventi di siccit\u00e0. Campioni di suolo raccolti in foreste monospecifiche&#8230;<\/p>\n<p class=\"continue-reading-button\"> <a class=\"continue-reading-link\" href=\"https:\/\/websie.cefe.cnrs.fr\/soilforeurope\/it\/climate-change-approach-3-it\/\">Continue reading<i class=\"crycon-right-dir\"><\/i><\/a><\/p>\n","protected":false},"author":1,"featured_media":0,"parent":0,"menu_order":0,"comment_status":"closed","ping_status":"closed","template":"","meta":{"inline_featured_image":false,"footnotes":""},"class_list":["post-2503","page","type-page","status-publish","hentry"],"_links":{"self":[{"href":"https:\/\/websie.cefe.cnrs.fr\/soilforeurope\/wp-json\/wp\/v2\/pages\/2503","targetHints":{"allow":["GET"]}}],"collection":[{"href":"https:\/\/websie.cefe.cnrs.fr\/soilforeurope\/wp-json\/wp\/v2\/pages"}],"about":[{"href":"https:\/\/websie.cefe.cnrs.fr\/soilforeurope\/wp-json\/wp\/v2\/types\/page"}],"author":[{"embeddable":true,"href":"https:\/\/websie.cefe.cnrs.fr\/soilforeurope\/wp-json\/wp\/v2\/users\/1"}],"replies":[{"embeddable":true,"href":"https:\/\/websie.cefe.cnrs.fr\/soilforeurope\/wp-json\/wp\/v2\/comments?post=2503"}],"version-history":[{"count":4,"href":"https:\/\/websie.cefe.cnrs.fr\/soilforeurope\/wp-json\/wp\/v2\/pages\/2503\/revisions"}],"predecessor-version":[{"id":3634,"href":"https:\/\/websie.cefe.cnrs.fr\/soilforeurope\/wp-json\/wp\/v2\/pages\/2503\/revisions\/3634"}],"wp:attachment":[{"href":"https:\/\/websie.cefe.cnrs.fr\/soilforeurope\/wp-json\/wp\/v2\/media?parent=2503"}],"curies":[{"name":"wp","href":"https:\/\/api.w.org\/{rel}","templated":true}]}}