{"id":2499,"date":"2020-03-30T18:20:19","date_gmt":"2020-03-30T16:20:19","guid":{"rendered":"https:\/\/websie.cefe.cnrs.fr\/soilforeurope\/?page_id=2499"},"modified":"2020-04-28T21:09:42","modified_gmt":"2020-04-28T19:09:42","slug":"climate-change-approach-3-es","status":"publish","type":"page","link":"https:\/\/websie.cefe.cnrs.fr\/soilforeurope\/es\/climate-change-approach-3-es\/","title":{"rendered":"Cambio clim\u00e1tico &#8211; Enfoque 3"},"content":{"rendered":"\n<p>&nbsp;<\/p>\n<h5><strong>Resistencia microbiana y resiliencia en respuesta a la sequ\u00eda extrema<img loading=\"lazy\" decoding=\"async\" class=\"wp-image-961 alignright\" src=\"https:\/\/websie.cefe.cnrs.fr\/soilforeurope\/wp-content\/uploads\/2019\/02\/Flacon_sans_bordure_copyright.png\" alt=\"\" width=\"114\" height=\"253\" srcset=\"https:\/\/websie.cefe.cnrs.fr\/soilforeurope\/wp-content\/uploads\/2019\/02\/Flacon_sans_bordure_copyright.png 345w, https:\/\/websie.cefe.cnrs.fr\/soilforeurope\/wp-content\/uploads\/2019\/02\/Flacon_sans_bordure_copyright-135x300.png 135w, https:\/\/websie.cefe.cnrs.fr\/soilforeurope\/wp-content\/uploads\/2019\/02\/Flacon_sans_bordure_copyright-68x150.png 68w\" sizes=\"auto, (max-width: 114px) 100vw, 114px\" \/><\/strong><\/h5>\n<p>Los ciclos de sequ\u00eda y rehidrataci\u00f3n pueden tener fuertes impactos en las comunidades microbianas del suelo, modificando la resiliencia de los procesos mediados por microorganismos en eventos de sequ\u00eda extrema. El suelo recolectado las parcelas de sistemas de \u00e1rboles monoespec\u00edficos y mixtos se incuba en una plataforma de microcosmos en el Ecotron y se expone a eventos de sequ\u00eda extrema con ciclos posteriores de hidrataci\u00f3n. Evaluamos la resistencia y la resiliencia de las tasas de procesos en respuesta a la sequ\u00eda y las relaciones con la diversidad a trav\u00e9s de mediciones de procesos promovidos por microorganismos como los flujos de CO<sub>2<\/sub> y N<sub>2<\/sub>O antes y despu\u00e9s del evento de sequ\u00eda y despu\u00e9s de la rehidrataci\u00f3n.<\/p>\n<p>&nbsp;<\/p>\n<h5><strong>Resistencia y resiliencia del ecosistema a la sequ\u00eda extrema<\/strong><\/h5>\n<h5><strong><img loading=\"lazy\" decoding=\"async\" class=\"wp-image-1110 alignleft\" src=\"https:\/\/websie.cefe.cnrs.fr\/soilforeurope\/wp-content\/uploads\/2019\/05\/L1140837_gimp_copyright-1024x768.jpg\" alt=\"\" width=\"351\" height=\"263\" srcset=\"https:\/\/websie.cefe.cnrs.fr\/soilforeurope\/wp-content\/uploads\/2019\/05\/L1140837_gimp_copyright-1024x768.jpg 1024w, https:\/\/websie.cefe.cnrs.fr\/soilforeurope\/wp-content\/uploads\/2019\/05\/L1140837_gimp_copyright-300x225.jpg 300w, https:\/\/websie.cefe.cnrs.fr\/soilforeurope\/wp-content\/uploads\/2019\/05\/L1140837_gimp_copyright-768x576.jpg 768w, https:\/\/websie.cefe.cnrs.fr\/soilforeurope\/wp-content\/uploads\/2019\/05\/L1140837_gimp_copyright-150x113.jpg 150w\" sizes=\"auto, (max-width: 351px) 100vw, 351px\" \/><\/strong><\/h5>\n<p>En un experimento en una plataforma de mesocosmos en el <a href=\"http:\/\/www.ecotron.cnrs.fr\/\" target=\"_blank\" rel=\"noopener noreferrer\">Ecotron europeo<\/a> en Montpellier (diecis\u00e9is unidades con una superficie de 1 m<sup>2<\/sup> y una profundidad del suelo de 1 m), manipulamos la diversidad funcional de la fauna del suelo para evaluar las respuestas del ecosistema a un evento de sequ\u00eda extrema. El uso de los mesocosmos del Ecotron nos permite probar los efectos que interact\u00faan al modificar la diversidad funcional del suelo y la  sequ\u00eda extrema a escala de ecosistema,  los flujos de H<sub>2<\/sub>O y CO<sub>2<\/sub>, y evaluar la resistencia y resiliencia del ecosistema en condiciones de sequ\u00eda.<\/p>\n<p>&nbsp;<\/p>\n<p><strong>&nbsp;<\/strong><\/p>\n<h5><strong>Variables que interact\u00faan entre cambio clim\u00e1tico y cambios en diversidad de especies arb\u00f3reas<\/strong><\/h5>\n<p>Un tercer enfoque aborda los efectos que interact\u00faan entre la biodiversidad y el cambio clim\u00e1tico. Incluimos dos experimentos de diversidad de plantaciones arb\u00f3reas que combinan gradientes de riqueza de especies arb\u00f3reas con tratamientos de cambio clim\u00e1tico: <a href=\"http:\/\/www.treedivnet.ugent.be\/ExpORPHEE.html\" target=\"_blank\" rel=\"noopener noreferrer\">ORPHEE<\/a>&nbsp;(Francia, tratamiento de riego para evitar la sequ\u00eda de verano) y <a href=\"http:\/\/www.treedivnet.ugent.be\/ExpFORBIO.html\" target=\"_blank\" rel=\"noopener noreferrer\">FORBIO<\/a> (B\u00e9lgica, un 30% de exclusi\u00f3n de la lluvia). Medimos la diversidad de la fauna del suelo en sistemas de \u00e1rboles monoespec\u00edficos y mixtos para evaluar los posibles efectos de la interacci\u00f3n entre la diversidad arb\u00f3rea y el cambio clim\u00e1tico y sus efectos sobre la diversidad y funci\u00f3n de los organismos del suelo.<\/p>\n<p>&nbsp;<\/p>\n","protected":false},"excerpt":{"rendered":"<p>&nbsp; Resistencia microbiana y resiliencia en respuesta a la sequ\u00eda extrema Los ciclos de sequ\u00eda y rehidrataci\u00f3n pueden tener fuertes impactos en las comunidades microbianas del suelo, modificando la resiliencia de los procesos mediados por microorganismos en eventos de sequ\u00eda extrema. El suelo recolectado las parcelas de sistemas de \u00e1rboles&#8230;<\/p>\n<p class=\"continue-reading-button\"> <a class=\"continue-reading-link\" href=\"https:\/\/websie.cefe.cnrs.fr\/soilforeurope\/es\/climate-change-approach-3-es\/\">Continue reading<i class=\"crycon-right-dir\"><\/i><\/a><\/p>\n","protected":false},"author":1,"featured_media":0,"parent":0,"menu_order":0,"comment_status":"closed","ping_status":"closed","template":"","meta":{"inline_featured_image":false,"footnotes":""},"class_list":["post-2499","page","type-page","status-publish","hentry"],"_links":{"self":[{"href":"https:\/\/websie.cefe.cnrs.fr\/soilforeurope\/wp-json\/wp\/v2\/pages\/2499","targetHints":{"allow":["GET"]}}],"collection":[{"href":"https:\/\/websie.cefe.cnrs.fr\/soilforeurope\/wp-json\/wp\/v2\/pages"}],"about":[{"href":"https:\/\/websie.cefe.cnrs.fr\/soilforeurope\/wp-json\/wp\/v2\/types\/page"}],"author":[{"embeddable":true,"href":"https:\/\/websie.cefe.cnrs.fr\/soilforeurope\/wp-json\/wp\/v2\/users\/1"}],"replies":[{"embeddable":true,"href":"https:\/\/websie.cefe.cnrs.fr\/soilforeurope\/wp-json\/wp\/v2\/comments?post=2499"}],"version-history":[{"count":3,"href":"https:\/\/websie.cefe.cnrs.fr\/soilforeurope\/wp-json\/wp\/v2\/pages\/2499\/revisions"}],"predecessor-version":[{"id":3299,"href":"https:\/\/websie.cefe.cnrs.fr\/soilforeurope\/wp-json\/wp\/v2\/pages\/2499\/revisions\/3299"}],"wp:attachment":[{"href":"https:\/\/websie.cefe.cnrs.fr\/soilforeurope\/wp-json\/wp\/v2\/media?parent=2499"}],"curies":[{"name":"wp","href":"https:\/\/api.w.org\/{rel}","templated":true}]}}