{"id":2497,"date":"2020-03-30T18:19:49","date_gmt":"2020-03-30T16:19:49","guid":{"rendered":"https:\/\/websie.cefe.cnrs.fr\/soilforeurope\/?page_id=2497"},"modified":"2020-04-28T21:09:16","modified_gmt":"2020-04-28T19:09:16","slug":"climate-change-approach-3-de","status":"publish","type":"page","link":"https:\/\/websie.cefe.cnrs.fr\/soilforeurope\/de\/climate-change-approach-3-de\/","title":{"rendered":"Klimawandel &#8211; Ansatz 3"},"content":{"rendered":"\n<p>&nbsp;<\/p>\n<h5><strong>Mikrobielle Resistenz und Belastbarkeit als Reaktion auf extreme Trockenheit<img loading=\"lazy\" decoding=\"async\" class=\"wp-image-961 alignright\" src=\"https:\/\/websie.cefe.cnrs.fr\/soilforeurope\/wp-content\/uploads\/2019\/02\/Flacon_sans_bordure_copyright.png\" alt=\"\" width=\"114\" height=\"253\" srcset=\"https:\/\/websie.cefe.cnrs.fr\/soilforeurope\/wp-content\/uploads\/2019\/02\/Flacon_sans_bordure_copyright.png 345w, https:\/\/websie.cefe.cnrs.fr\/soilforeurope\/wp-content\/uploads\/2019\/02\/Flacon_sans_bordure_copyright-135x300.png 135w, https:\/\/websie.cefe.cnrs.fr\/soilforeurope\/wp-content\/uploads\/2019\/02\/Flacon_sans_bordure_copyright-68x150.png 68w\" sizes=\"auto, (max-width: 114px) 100vw, 114px\" \/><\/strong><\/h5>\n<p style=\"text-align: justify;\">Trocknungs- und Wiederbefeuchtungszyklen k\u00f6nnen starke Auswirkungen auf mikrobielle Bodengemeinschaften haben und die Widerstandsf\u00e4higkeit mikrobiell vermittelter Prozesse gegen\u00fcber extremen D\u00fcrreereignissen ver\u00e4ndern. Auf der Mikrokosmos-Plattform am europ\u00e4ischen <a href=\"http:\/\/www.ecotron.cnrs.fr\/\" target=\"_blank\" rel=\"noopener noreferrer\">Ecotron<\/a> in Montpellier werden im Feld gesammelte Bodenproben aus monospezifischen und gemischten Baumbest\u00e4nden extremer Trockenheit mit anschlie\u00dfender Wiederbefeuchtung ausgesetzt. Durch die Erfassung von CO<sub>2<\/sub> und N<sub>2<\/sub>O-Fl\u00fcssen vor und nach dem D\u00fcrreereignis und nach der Wiederbefeuchtung bewerten wir die Resistenz und Belastbarkeit von Prozessraten als Reaktion auf D\u00fcrre und auf die Diversit\u00e4t mikrobiell getriebener Prozesse.<\/p>\n<p>&nbsp;<\/p>\n<h5><strong>Resistenz und Belastbarkeit des \u00d6kosystems gegen\u00fcber extremer Trockenheit<\/strong><\/h5>\n<h5><strong><img loading=\"lazy\" decoding=\"async\" class=\"wp-image-1110 alignleft\" src=\"https:\/\/websie.cefe.cnrs.fr\/soilforeurope\/wp-content\/uploads\/2019\/05\/L1140837_gimp_copyright-1024x768.jpg\" alt=\"\" width=\"351\" height=\"263\" srcset=\"https:\/\/websie.cefe.cnrs.fr\/soilforeurope\/wp-content\/uploads\/2019\/05\/L1140837_gimp_copyright-1024x768.jpg 1024w, https:\/\/websie.cefe.cnrs.fr\/soilforeurope\/wp-content\/uploads\/2019\/05\/L1140837_gimp_copyright-300x225.jpg 300w, https:\/\/websie.cefe.cnrs.fr\/soilforeurope\/wp-content\/uploads\/2019\/05\/L1140837_gimp_copyright-768x576.jpg 768w, https:\/\/websie.cefe.cnrs.fr\/soilforeurope\/wp-content\/uploads\/2019\/05\/L1140837_gimp_copyright-150x113.jpg 150w\" sizes=\"auto, (max-width: 351px) 100vw, 351px\" \/><\/strong><\/h5>\n<p style=\"text-align: justify;\">In einem Experiment in der Mesokosmos-Plattform des europ\u00e4ischen <a href=\"http:\/\/www.ecotron.cnrs.fr\/\" target=\"_blank\" rel=\"noopener noreferrer\">Ecotron<\/a> in Montpellier (sechzehn Einheiten mit einer Oberfl\u00e4che von je 1m<sup>2<\/sup> und einer Bodentiefe von 1m) manipulieren wir die funktionelle Vielfalt der Bodenfauna, um die Reaktionen des \u00d6kosystems auf ein extremes D\u00fcrreereignis zu testen. Der Einsatz der Ecotron-Mesokosmen erm\u00f6glicht uns, die interaktiven Auswirkungen von zunehmender funktioneller Vielfalt des Bodens und extremer Trockenheit auf \u00d6kosystem-Ebene mithilfe von H<sub>2<\/sub>O und CO<sub>2<\/sub>-Fl\u00fcssen zu testen und die Resistenz und Belastbarkeit des \u00d6kosystems gegen\u00fcber Trockenheit zu bewerten.<\/p>\n<p>&nbsp;<\/p>\n<p><strong>&nbsp;<\/strong><\/p>\n<h5><strong>Interaktive Auswirkungen des Klimawandels und der sich ver\u00e4ndernden Baumartenvielfalt<\/strong><\/h5>\n<p style=\"text-align: justify;\">Mit einem dritten Ansatz, der sich mit den interaktiven Effekten zwischen Biodiversit\u00e4t und Klimawandel befasst, nutzen wir die zwei Baumdiversit\u00e4ts-Experimente von <a href=\"http:\/\/www.treedivnet.ugent.be\/ExpORPHEE.html\" target=\"_blank\" rel=\"noopener noreferrer\">ORPHEE<\/a>&nbsp;(Frankreich, Bew\u00e4sserungsbehandlung zur Vermeidung von Sommertrockenheit) und <a href=\"http:\/\/www.treedivnet.ugent.be\/ExpFORBIO.html\" target=\"_blank\" rel=\"noopener noreferrer\">FORBIO<\/a> (Belgien, 30%iger Regenausschluss). Dort werden Gradienten des Baumartenreichtums mit Behandlungen gegen den Klimawandel kombiniert. Wir messen die Vielfalt der Bodenfauna in monospezifischen und gemischten Baumbest\u00e4nden, um m\u00f6gliche interaktive Auswirkungen der Baumvielfalt und des Klimawandels auf die Vielfalt und Funktion der Bodenorganismen zu bewerten.<\/p>\n<p>&nbsp;<\/p>\n","protected":false},"excerpt":{"rendered":"<p>&nbsp; Mikrobielle Resistenz und Belastbarkeit als Reaktion auf extreme Trockenheit Trocknungs- und Wiederbefeuchtungszyklen k\u00f6nnen starke Auswirkungen auf mikrobielle Bodengemeinschaften haben und die Widerstandsf\u00e4higkeit mikrobiell vermittelter Prozesse gegen\u00fcber extremen D\u00fcrreereignissen ver\u00e4ndern. Auf der Mikrokosmos-Plattform am europ\u00e4ischen Ecotron in Montpellier werden im Feld gesammelte Bodenproben aus monospezifischen und gemischten Baumbest\u00e4nden extremer Trockenheit&#8230;<\/p>\n<p class=\"continue-reading-button\"> <a class=\"continue-reading-link\" href=\"https:\/\/websie.cefe.cnrs.fr\/soilforeurope\/de\/climate-change-approach-3-de\/\">Continue reading<i class=\"crycon-right-dir\"><\/i><\/a><\/p>\n","protected":false},"author":1,"featured_media":0,"parent":0,"menu_order":0,"comment_status":"closed","ping_status":"closed","template":"","meta":{"inline_featured_image":false,"footnotes":""},"class_list":["post-2497","page","type-page","status-publish","hentry"],"_links":{"self":[{"href":"https:\/\/websie.cefe.cnrs.fr\/soilforeurope\/wp-json\/wp\/v2\/pages\/2497","targetHints":{"allow":["GET"]}}],"collection":[{"href":"https:\/\/websie.cefe.cnrs.fr\/soilforeurope\/wp-json\/wp\/v2\/pages"}],"about":[{"href":"https:\/\/websie.cefe.cnrs.fr\/soilforeurope\/wp-json\/wp\/v2\/types\/page"}],"author":[{"embeddable":true,"href":"https:\/\/websie.cefe.cnrs.fr\/soilforeurope\/wp-json\/wp\/v2\/users\/1"}],"replies":[{"embeddable":true,"href":"https:\/\/websie.cefe.cnrs.fr\/soilforeurope\/wp-json\/wp\/v2\/comments?post=2497"}],"version-history":[{"count":5,"href":"https:\/\/websie.cefe.cnrs.fr\/soilforeurope\/wp-json\/wp\/v2\/pages\/2497\/revisions"}],"predecessor-version":[{"id":3344,"href":"https:\/\/websie.cefe.cnrs.fr\/soilforeurope\/wp-json\/wp\/v2\/pages\/2497\/revisions\/3344"}],"wp:attachment":[{"href":"https:\/\/websie.cefe.cnrs.fr\/soilforeurope\/wp-json\/wp\/v2\/media?parent=2497"}],"curies":[{"name":"wp","href":"https:\/\/api.w.org\/{rel}","templated":true}]}}