{"id":2495,"date":"2020-03-30T18:19:10","date_gmt":"2020-03-30T16:19:10","guid":{"rendered":"https:\/\/websie.cefe.cnrs.fr\/soilforeurope\/?page_id=2495"},"modified":"2020-04-28T21:14:16","modified_gmt":"2020-04-28T19:14:16","slug":"climate-change-objective-3-sv","status":"publish","type":"page","link":"https:\/\/websie.cefe.cnrs.fr\/soilforeurope\/sv\/climate-change-objective-3-sv\/","title":{"rendered":"Klimatf\u00f6r\u00e4ndringar \u2013 M\u00e5l 3"},"content":{"rendered":"\n<p>&nbsp;<\/p>\n<p><img loading=\"lazy\" decoding=\"async\" class=\"wp-image-885 alignleft\" src=\"https:\/\/websie.cefe.cnrs.fr\/soilforeurope\/wp-content\/uploads\/2019\/02\/Nematode_copyright2.png\" alt=\"\" width=\"49\" height=\"98\">Jordens biologiska m\u00e5ngfald kan ha enorm inverkan p\u00e5 ekosystems resistens och motst\u00e5ndskraft till klimatf\u00f6r\u00e4ndringar, vilket \u00e4r av s\u00e4rskild relevans f\u00f6r framtida skogssk\u00f6tsel. Nuvarande tillv\u00e4gag\u00e5ngss\u00e4tt f\u00f6r att f\u00f6rutse effekterna av f\u00f6r\u00e4ndrade klimatf\u00f6rh\u00e5llanden i skogsbruket f\u00f6rsummar helt m\u00e5ngfalden under jordytan.<\/p>\n<p>&nbsp;<\/p>\n<p><img loading=\"lazy\" decoding=\"async\" class=\" wp-image-876 alignright\" src=\"https:\/\/websie.cefe.cnrs.fr\/soilforeurope\/wp-content\/uploads\/2019\/02\/Coleo_gimp_copyright.png\" alt=\"\" width=\"176\" height=\"191\">Med h\u00e4lp av den breda klimatgradienten hos utforskarna i <a href=\"http:\/\/www.fundiveurope.eu\/\" target=\"_blank\" rel=\"noopener noreferrer\">FunDivEUROPE<\/a>, unders\u00f6ker vi f\u00f6rh\u00e5llanden mellan biologisk m\u00e5ngfald under och ovanf\u00f6r jord, ekosystemets funktion samt klimatvariabler. Detta g\u00f6r vi med hj\u00e4lp av flervariabelsanalys och strukturell ekvationsmodellering (SEM). Med experimentella tillv\u00e4gag\u00e5ngs\u00e4tt som anv\u00e4nder befintliga experiment f\u00f6r tr\u00e4dm\u00e5ngfald, i kombination med manipulering av klimatf\u00f6r\u00e4ndringar i f\u00e4lt (<a href=\"http:\/\/www.treedivnet.ugent.be\/ExpFORBIO.html\" target=\"_blank\" rel=\"noopener noreferrer\">FORBIO<\/a> och <a href=\"http:\/\/www.treedivnet.ugent.be\/ExpORPHEE.html\" target=\"_blank\" rel=\"noopener noreferrer\">ORPHEE<\/a>, delar av det globala n\u00e4rverket f\u00f6r tr\u00e4dm\u00e5ngfaldsexperiment,<a href=\"http:\/\/www.treedivnet.ugent.be\/index.html\" target=\"_blank\" rel=\"noopener noreferrer\">TreeDivNet<\/a>) och <a href=\"http:\/\/www.ecotron.cnrs.fr\/\" target=\"_blank\" rel=\"noopener noreferrer\">CNRS European Ecotron<\/a>, utv\u00e4rderar vi hur jordens biologiska m\u00e5ngfald p\u00e5verkar ekosystemresistens och motst\u00e5ndskraft vid sv\u00e5rt torka.<\/p>\n<h5>&nbsp;<\/h5>\n","protected":false},"excerpt":{"rendered":"<p>&nbsp; Jordens biologiska m\u00e5ngfald kan ha enorm inverkan p\u00e5 ekosystems resistens och motst\u00e5ndskraft till klimatf\u00f6r\u00e4ndringar, vilket \u00e4r av s\u00e4rskild relevans f\u00f6r framtida skogssk\u00f6tsel. Nuvarande tillv\u00e4gag\u00e5ngss\u00e4tt f\u00f6r att f\u00f6rutse effekterna av f\u00f6r\u00e4ndrade klimatf\u00f6rh\u00e5llanden i skogsbruket f\u00f6rsummar helt m\u00e5ngfalden under jordytan. &nbsp; Med h\u00e4lp av den breda klimatgradienten hos utforskarna i FunDivEUROPE,&#8230;<\/p>\n<p class=\"continue-reading-button\"> <a class=\"continue-reading-link\" href=\"https:\/\/websie.cefe.cnrs.fr\/soilforeurope\/sv\/climate-change-objective-3-sv\/\">Continue reading<i class=\"crycon-right-dir\"><\/i><\/a><\/p>\n","protected":false},"author":1,"featured_media":0,"parent":0,"menu_order":0,"comment_status":"closed","ping_status":"closed","template":"","meta":{"inline_featured_image":false,"footnotes":""},"class_list":["post-2495","page","type-page","status-publish","hentry"],"_links":{"self":[{"href":"https:\/\/websie.cefe.cnrs.fr\/soilforeurope\/wp-json\/wp\/v2\/pages\/2495","targetHints":{"allow":["GET"]}}],"collection":[{"href":"https:\/\/websie.cefe.cnrs.fr\/soilforeurope\/wp-json\/wp\/v2\/pages"}],"about":[{"href":"https:\/\/websie.cefe.cnrs.fr\/soilforeurope\/wp-json\/wp\/v2\/types\/page"}],"author":[{"embeddable":true,"href":"https:\/\/websie.cefe.cnrs.fr\/soilforeurope\/wp-json\/wp\/v2\/users\/1"}],"replies":[{"embeddable":true,"href":"https:\/\/websie.cefe.cnrs.fr\/soilforeurope\/wp-json\/wp\/v2\/comments?post=2495"}],"version-history":[{"count":3,"href":"https:\/\/websie.cefe.cnrs.fr\/soilforeurope\/wp-json\/wp\/v2\/pages\/2495\/revisions"}],"predecessor-version":[{"id":3225,"href":"https:\/\/websie.cefe.cnrs.fr\/soilforeurope\/wp-json\/wp\/v2\/pages\/2495\/revisions\/3225"}],"wp:attachment":[{"href":"https:\/\/websie.cefe.cnrs.fr\/soilforeurope\/wp-json\/wp\/v2\/media?parent=2495"}],"curies":[{"name":"wp","href":"https:\/\/api.w.org\/{rel}","templated":true}]}}