{"id":2493,"date":"2020-03-30T18:18:42","date_gmt":"2020-03-30T16:18:42","guid":{"rendered":"https:\/\/websie.cefe.cnrs.fr\/soilforeurope\/?page_id=2493"},"modified":"2020-05-05T22:58:39","modified_gmt":"2020-05-05T20:58:39","slug":"climate-change-objective-3-fi","status":"publish","type":"page","link":"https:\/\/websie.cefe.cnrs.fr\/soilforeurope\/fi\/climate-change-objective-3-fi\/","title":{"rendered":"Ilmastonmuutos \u2014 Tavoite 3"},"content":{"rendered":"\n<p>&nbsp;<\/p>\n<p><img loading=\"lazy\" decoding=\"async\" class=\"wp-image-885 alignleft\" src=\"https:\/\/websie.cefe.cnrs.fr\/soilforeurope\/wp-content\/uploads\/2019\/02\/Nematode_copyright2.png\" alt=\"\" width=\"49\" height=\"98\">M\u00e4\u00e4ritt\u00e4\u00e4 maaper\u00e4n monimuotoisuuden merkitys ekosysteemin vastustuskykyyn ja sietokykyyn ilmaston muuttuessa.\nMaaper\u00e4n monimuotoisuudella voi olla ratkaiseva merkitys ekosysteemin vastustuskykyyn ja sietokykyyn ilmaston muuttuessa. T\u00e4ll\u00e4 on erityisen t\u00e4rke\u00e4 merkitys mets\u00e4nhoitoon tulevaisuudessa. Nykyiset l\u00e4hestymistavat ilmastonmuutoksen vaikutusten ennakoimisessa eiv\u00e4t ota maaper\u00e4n monimuotoisuutta mill\u00e4\u00e4n tavalla huomioon.\n<\/p>\n<p>&nbsp;<\/p>\n<p><img loading=\"lazy\" decoding=\"async\" class=\" wp-image-876 alignright\" src=\"https:\/\/websie.cefe.cnrs.fr\/soilforeurope\/wp-content\/uploads\/2019\/02\/Coleo_gimp_copyright.png\" alt=\"\" width=\"176\" height=\"191\">K\u00e4ytt\u00e4m\u00e4ll\u00e4 <a href=\"http:\/\/www.fundiveurope.eu\/\" target=\"_blank\" rel=\"noopener noreferrer\">FunDivEUROPE<\/a>-projektin koealojen laajaa ilmastogradienttia, tutkimme monimuuttuja-analyyseill\u00e4 ja rakenneyht\u00e4l\u00f6malleilla (SEM) maanalaisen ja maanp\u00e4\u00e4llisen monimuotoisuuden yhteyksi\u00e4 ekosysteemin toimintoihin ja ilmastomuuttujiin. K\u00e4yt\u00e4mme kokeellisia l\u00e4hestymistapoja ja olemassa olevia puulajirunsauskokeita yhdistettyin\u00e4 ilmastonmuutosmanipulaatioihin maastossa (<a href=\"http:\/\/www.treedivnet.ugent.be\/ExpFORBIO.html\" target=\"_blank\" rel=\"noopener noreferrer\">FORBIO<\/a> ja <a href=\"http:\/\/www.treedivnet.ugent.be\/ExpORPHEE.html\" target=\"_blank\" rel=\"noopener noreferrer\">ORPHEE<\/a>, osa maailmanlaajuista puulajien runsaus-tutkimusverkostoa <a href=\"http:\/\/www.treedivnet.ugent.be\/index.html\" target=\"_blank\" rel=\"noopener noreferrer\">TreeDivNet<\/a>) ja <a href=\"http:\/\/www.ecotron.cnrs.fr\/\" target=\"_blank\" rel=\"noopener noreferrer\">CNRS Euroopan Ecotronia<\/a>. N\u00e4in m\u00e4\u00e4rit\u00e4mme miten \u00e4\u00e4rimm\u00e4inen kuivuus vaikuttaa maaper\u00e4n monimuotoisuuteen ja ekosysteemin vastustuskykyyn ja sietokykyyn ilmaston muuttuessa.<\/p>\n<h5>&nbsp;<\/h5>\n","protected":false},"excerpt":{"rendered":"<p>&nbsp; M\u00e4\u00e4ritt\u00e4\u00e4 maaper\u00e4n monimuotoisuuden merkitys ekosysteemin vastustuskykyyn ja sietokykyyn ilmaston muuttuessa. Maaper\u00e4n monimuotoisuudella voi olla ratkaiseva merkitys ekosysteemin vastustuskykyyn ja sietokykyyn ilmaston muuttuessa. T\u00e4ll\u00e4 on erityisen t\u00e4rke\u00e4 merkitys mets\u00e4nhoitoon tulevaisuudessa. Nykyiset l\u00e4hestymistavat ilmastonmuutoksen vaikutusten ennakoimisessa eiv\u00e4t ota maaper\u00e4n monimuotoisuutta mill\u00e4\u00e4n tavalla huomioon. &nbsp; K\u00e4ytt\u00e4m\u00e4ll\u00e4 FunDivEUROPE-projektin koealojen laajaa ilmastogradienttia, tutkimme monimuuttuja-analyyseill\u00e4&#8230;<\/p>\n<p class=\"continue-reading-button\"> <a class=\"continue-reading-link\" href=\"https:\/\/websie.cefe.cnrs.fr\/soilforeurope\/fi\/climate-change-objective-3-fi\/\">Continue reading<i class=\"crycon-right-dir\"><\/i><\/a><\/p>\n","protected":false},"author":1,"featured_media":0,"parent":0,"menu_order":0,"comment_status":"closed","ping_status":"closed","template":"","meta":{"inline_featured_image":false,"footnotes":""},"class_list":["post-2493","page","type-page","status-publish","hentry"],"_links":{"self":[{"href":"https:\/\/websie.cefe.cnrs.fr\/soilforeurope\/wp-json\/wp\/v2\/pages\/2493","targetHints":{"allow":["GET"]}}],"collection":[{"href":"https:\/\/websie.cefe.cnrs.fr\/soilforeurope\/wp-json\/wp\/v2\/pages"}],"about":[{"href":"https:\/\/websie.cefe.cnrs.fr\/soilforeurope\/wp-json\/wp\/v2\/types\/page"}],"author":[{"embeddable":true,"href":"https:\/\/websie.cefe.cnrs.fr\/soilforeurope\/wp-json\/wp\/v2\/users\/1"}],"replies":[{"embeddable":true,"href":"https:\/\/websie.cefe.cnrs.fr\/soilforeurope\/wp-json\/wp\/v2\/comments?post=2493"}],"version-history":[{"count":4,"href":"https:\/\/websie.cefe.cnrs.fr\/soilforeurope\/wp-json\/wp\/v2\/pages\/2493\/revisions"}],"predecessor-version":[{"id":3495,"href":"https:\/\/websie.cefe.cnrs.fr\/soilforeurope\/wp-json\/wp\/v2\/pages\/2493\/revisions\/3495"}],"wp:attachment":[{"href":"https:\/\/websie.cefe.cnrs.fr\/soilforeurope\/wp-json\/wp\/v2\/media?parent=2493"}],"curies":[{"name":"wp","href":"https:\/\/api.w.org\/{rel}","templated":true}]}}