{"id":2491,"date":"2020-03-30T18:18:20","date_gmt":"2020-03-30T16:18:20","guid":{"rendered":"https:\/\/websie.cefe.cnrs.fr\/soilforeurope\/?page_id=2491"},"modified":"2020-07-21T12:18:49","modified_gmt":"2020-07-21T10:18:49","slug":"climate-change-objective-3-ro","status":"publish","type":"page","link":"https:\/\/websie.cefe.cnrs.fr\/soilforeurope\/ro\/climate-change-objective-3-ro\/","title":{"rendered":"Schimb\u0103rile climatice &#8211; Obiectivul 3"},"content":{"rendered":"\n<p>&nbsp;<\/p>\n<p><img loading=\"lazy\" decoding=\"async\" class=\"wp-image-885 alignleft\" src=\"https:\/\/websie.cefe.cnrs.fr\/soilforeurope\/wp-content\/uploads\/2019\/02\/Nematode_copyright2.png\" alt=\"\" width=\"49\" height=\"98\">Biodiversitatea solului poate avea un impact major asupra rezisten\u021bei \u0219i rezilien\u021bei ecosistemului la schimb\u0103rile climatice, ceea ce este deosebit de relevant pentru gestionarea p\u0103durilor viitoare. Abord\u0103rile actuale pentru a anticipa efectele schimb\u0103rii condi\u021biilor climatice \u00een silvicultur\u0103 neglijeaz\u0103 \u00een \u00eentregime diversitatea subteran\u0103.<\/p>\n<p>&nbsp;<\/p>\n<p><img loading=\"lazy\" decoding=\"async\" class=\" wp-image-876 alignright\" src=\"https:\/\/websie.cefe.cnrs.fr\/soilforeurope\/wp-content\/uploads\/2019\/02\/Coleo_gimp_copyright.png\" alt=\"\" width=\"176\" height=\"191\">Folosind gradientul climatic larg al platformelor exploratorii <a href=\"http:\/\/www.fundiveurope.eu\/\" target=\"_blank\" rel=\"noopener noreferrer\">FunDivEUROPE<\/a>, investig\u0103m rela\u021biile dintre diversitatea suprateran\u0103 \u0219i subteran\u0103, func\u021bionarea ecosistemului \u0219i variabilele climatice utiliz\u00e2nd analize multivariate \u0219i modelare cu ajutorul ecua\u021biilor structurale (SEM). Prin experimentele din teren combinate cu manipul\u0103ri ale schimb\u0103rilor climatice (<a href=\"http:\/\/www.treedivnet.ugent.be\/ExpFORBIO.html\" target=\"_blank\" rel=\"noopener noreferrer\">FORBIO<\/a> \u0219i <a href=\"http:\/\/www.treedivnet.ugent.be\/ExpORPHEE.html\" target=\"_blank\" rel=\"noopener noreferrer\">ORPHEE<\/a>, parte a re\u021belei globale de experimente privind diversitatea arborilor <a href=\"http:\/\/www.treedivnet.ugent.be\/index.html\" target=\"_blank\" rel=\"noopener noreferrer\">TreeDivNet<\/a>), \u0219i <a href=\"http:\/\/www.ecotron.cnrs.fr\/\" target=\"_blank\" rel=\"noopener noreferrer\">CNRS European Ecotron<\/a>, evalu\u0103m modul \u00een care biodiversitatea solului este afectat\u0103 de schimb\u0103rile climatice \u0219i modul \u00een care biodiversitatea solului afecteaz\u0103 rezisten\u021ba \u0219i rezilien\u021ba ecosistemului la secet\u0103 sever\u0103.<\/p>\n<h5>&nbsp;<\/h5>\n","protected":false},"excerpt":{"rendered":"<p>&nbsp; Biodiversitatea solului poate avea un impact major asupra rezisten\u021bei \u0219i rezilien\u021bei ecosistemului la schimb\u0103rile climatice, ceea ce este deosebit de relevant pentru gestionarea p\u0103durilor viitoare. Abord\u0103rile actuale pentru a anticipa efectele schimb\u0103rii condi\u021biilor climatice \u00een silvicultur\u0103 neglijeaz\u0103 \u00een \u00eentregime diversitatea subteran\u0103. &nbsp; Folosind gradientul climatic larg al platformelor exploratorii&#8230;<\/p>\n<p class=\"continue-reading-button\"> <a class=\"continue-reading-link\" href=\"https:\/\/websie.cefe.cnrs.fr\/soilforeurope\/ro\/climate-change-objective-3-ro\/\">Continue reading<i class=\"crycon-right-dir\"><\/i><\/a><\/p>\n","protected":false},"author":1,"featured_media":0,"parent":0,"menu_order":0,"comment_status":"closed","ping_status":"closed","template":"","meta":{"inline_featured_image":false,"footnotes":""},"class_list":["post-2491","page","type-page","status-publish","hentry"],"_links":{"self":[{"href":"https:\/\/websie.cefe.cnrs.fr\/soilforeurope\/wp-json\/wp\/v2\/pages\/2491","targetHints":{"allow":["GET"]}}],"collection":[{"href":"https:\/\/websie.cefe.cnrs.fr\/soilforeurope\/wp-json\/wp\/v2\/pages"}],"about":[{"href":"https:\/\/websie.cefe.cnrs.fr\/soilforeurope\/wp-json\/wp\/v2\/types\/page"}],"author":[{"embeddable":true,"href":"https:\/\/websie.cefe.cnrs.fr\/soilforeurope\/wp-json\/wp\/v2\/users\/1"}],"replies":[{"embeddable":true,"href":"https:\/\/websie.cefe.cnrs.fr\/soilforeurope\/wp-json\/wp\/v2\/comments?post=2491"}],"version-history":[{"count":3,"href":"https:\/\/websie.cefe.cnrs.fr\/soilforeurope\/wp-json\/wp\/v2\/pages\/2491\/revisions"}],"predecessor-version":[{"id":3775,"href":"https:\/\/websie.cefe.cnrs.fr\/soilforeurope\/wp-json\/wp\/v2\/pages\/2491\/revisions\/3775"}],"wp:attachment":[{"href":"https:\/\/websie.cefe.cnrs.fr\/soilforeurope\/wp-json\/wp\/v2\/media?parent=2491"}],"curies":[{"name":"wp","href":"https:\/\/api.w.org\/{rel}","templated":true}]}}