{"id":2485,"date":"2020-03-30T18:17:16","date_gmt":"2020-03-30T16:17:16","guid":{"rendered":"https:\/\/websie.cefe.cnrs.fr\/soilforeurope\/?page_id=2485"},"modified":"2020-05-29T11:45:59","modified_gmt":"2020-05-29T09:45:59","slug":"climate-change-objective-3-it","status":"publish","type":"page","link":"https:\/\/websie.cefe.cnrs.fr\/soilforeurope\/it\/climate-change-objective-3-it\/","title":{"rendered":"Cambiamenti climatici \u2013 Obiettivo 3"},"content":{"rendered":"\n<p>&nbsp;<\/p>\n<p><img loading=\"lazy\" decoding=\"async\" class=\"wp-image-885 alignleft\" src=\"https:\/\/websie.cefe.cnrs.fr\/soilforeurope\/wp-content\/uploads\/2019\/02\/Nematode_copyright2.png\" alt=\"\" width=\"49\" height=\"98\">La biodiversit\u00e0 del suolo pu\u00f2 avere una grande impatto sulla resistenza e resilienza degli ecosistemi ai cambiamenti climatici, che \u00e8 di particolare rilevanza per la gestione forestale future. Gli attuali approcci per anticipare gli effetti del cambiamento delle condizioni climatiche nella selvicoltura trascurano del tutto la diversit\u00e0 sotterranea.<\/p>\n<p>&nbsp;<\/p>\n<p><img loading=\"lazy\" decoding=\"async\" class=\" wp-image-876 alignright\" src=\"https:\/\/websie.cefe.cnrs.fr\/soilforeurope\/wp-content\/uploads\/2019\/02\/Coleo_gimp_copyright.png\" alt=\"\" width=\"176\" height=\"191\">Usando un ampio gradiente climatico delle aree esplorative di <a href=\"http:\/\/www.fundiveurope.eu\/\" target=\"_blank\" rel=\"noopener noreferrer\">FunDivEUROPE<\/a> studiamo le relazioni tra la diversit\u00e0 epigea ed ipogea, la funzionalit\u00e0 degli ecosistemi e le variabili climatiche con analisi multivariate e modelli di equazioni strutturali (SEM). Con approcci sperimentali, usando esperimenti in corso sulla diversit\u00e0 arborea, combinati con manipolazioni di cambiamento climatico in foresta (<a href=\"http:\/\/www.treedivnet.ugent.be\/ExpFORBIO.html\" target=\"_blank\" rel=\"noopener noreferrer\">FORBIO<\/a> e <a href=\"http:\/\/www.treedivnet.ugent.be\/ExpORPHEE.html\" target=\"_blank\" rel=\"noopener noreferrer\">ORPHEE<\/a>, che fanno parte della rete mondiale di esperimenti sulla diversit\u00e0 degli alberi <a href=\"http:\/\/www.treedivnet.ugent.be\/index.html\" target=\"_blank\" rel=\"noopener noreferrer\">TreeDivNet<\/a>) e l\u2019<a href=\"http:\/\/www.ecotron.cnrs.fr\/\" target=\"_blank\" rel=\"noopener noreferrer\">ecotrone del CNRS<\/a>, valutiamo come la biodiversit\u00e0 del suolo \u00e8 influenzata dal cambiamento climatico e come la biodiversit\u00e0 del suolo influenza la resistenza e resilienza degli ecosistemi a severi episodi di siccit\u00e0.<\/p>\n<h5>&nbsp;<\/h5>\n","protected":false},"excerpt":{"rendered":"<p>&nbsp; La biodiversit\u00e0 del suolo pu\u00f2 avere una grande impatto sulla resistenza e resilienza degli ecosistemi ai cambiamenti climatici, che \u00e8 di particolare rilevanza per la gestione forestale future. Gli attuali approcci per anticipare gli effetti del cambiamento delle condizioni climatiche nella selvicoltura trascurano del tutto la diversit\u00e0 sotterranea. &nbsp;&#8230;<\/p>\n<p class=\"continue-reading-button\"> <a class=\"continue-reading-link\" href=\"https:\/\/websie.cefe.cnrs.fr\/soilforeurope\/it\/climate-change-objective-3-it\/\">Continue reading<i class=\"crycon-right-dir\"><\/i><\/a><\/p>\n","protected":false},"author":1,"featured_media":0,"parent":0,"menu_order":0,"comment_status":"closed","ping_status":"closed","template":"","meta":{"inline_featured_image":false,"footnotes":""},"class_list":["post-2485","page","type-page","status-publish","hentry"],"_links":{"self":[{"href":"https:\/\/websie.cefe.cnrs.fr\/soilforeurope\/wp-json\/wp\/v2\/pages\/2485","targetHints":{"allow":["GET"]}}],"collection":[{"href":"https:\/\/websie.cefe.cnrs.fr\/soilforeurope\/wp-json\/wp\/v2\/pages"}],"about":[{"href":"https:\/\/websie.cefe.cnrs.fr\/soilforeurope\/wp-json\/wp\/v2\/types\/page"}],"author":[{"embeddable":true,"href":"https:\/\/websie.cefe.cnrs.fr\/soilforeurope\/wp-json\/wp\/v2\/users\/1"}],"replies":[{"embeddable":true,"href":"https:\/\/websie.cefe.cnrs.fr\/soilforeurope\/wp-json\/wp\/v2\/comments?post=2485"}],"version-history":[{"count":5,"href":"https:\/\/websie.cefe.cnrs.fr\/soilforeurope\/wp-json\/wp\/v2\/pages\/2485\/revisions"}],"predecessor-version":[{"id":3623,"href":"https:\/\/websie.cefe.cnrs.fr\/soilforeurope\/wp-json\/wp\/v2\/pages\/2485\/revisions\/3623"}],"wp:attachment":[{"href":"https:\/\/websie.cefe.cnrs.fr\/soilforeurope\/wp-json\/wp\/v2\/media?parent=2485"}],"curies":[{"name":"wp","href":"https:\/\/api.w.org\/{rel}","templated":true}]}}