{"id":2481,"date":"2020-03-30T18:16:07","date_gmt":"2020-03-30T16:16:07","guid":{"rendered":"https:\/\/websie.cefe.cnrs.fr\/soilforeurope\/?page_id=2481"},"modified":"2020-04-28T21:12:41","modified_gmt":"2020-04-28T19:12:41","slug":"climate-change-objective-3-es","status":"publish","type":"page","link":"https:\/\/websie.cefe.cnrs.fr\/soilforeurope\/es\/climate-change-objective-3-es\/","title":{"rendered":"Cambio clim\u00e1tico &#8211; Objetivo 3"},"content":{"rendered":"\n<p>&nbsp;<\/p>\n<p><img loading=\"lazy\" decoding=\"async\" class=\"wp-image-885 alignleft\" src=\"https:\/\/websie.cefe.cnrs.fr\/soilforeurope\/wp-content\/uploads\/2019\/02\/Nematode_copyright2.png\" alt=\"\" width=\"49\" height=\"98\">La biodiversidad del suelo puede tener un gran impacto en la resistencia y resiliencia del ecosistema frente al cambio clim\u00e1tico, lo cual es de particular relevancia para el futuro manejo forestal. Los enfoques actuales del sector forestal, que pretenden anticipar los efectos causados por las condiciones clim\u00e1ticas cambiantes, descuidan en su totalidad la diversidad del subsuelo.<\/p>\n<p>&nbsp;<\/p>\n<p><img loading=\"lazy\" decoding=\"async\" class=\" wp-image-876 alignright\" src=\"https:\/\/websie.cefe.cnrs.fr\/soilforeurope\/wp-content\/uploads\/2019\/02\/Coleo_gimp_copyright.png\" alt=\"\" width=\"176\" height=\"191\">Utilizando el amplio gradiente clim\u00e1tico de las parcelas de exploraci\u00f3n de <a href=\"http:\/\/www.fundiveurope.eu\/\" target=\"_blank\" rel=\"noopener noreferrer\">FunDivEUROPE<\/a>, investigamos las relaciones entre la diversidad de suelo y del subsuelo, adem\u00e1s del funcionamiento del ecosistema y las variables clim\u00e1ticas, mediante an\u00e1lisis multivariados y modelos de ecuaciones estructurales (SEM). Asimismo, mediante experimentos de campo de diversidad de \u00e1rboles previamente establecidos, combinados con la manipulaci\u00f3n de variables de cambio clim\u00e1tico (<a href=\"http:\/\/www.treedivnet.ugent.be\/ExpFORBIO.html\" target=\"_blank\" rel=\"noopener noreferrer\">FORBIO<\/a> y <a href=\"http:\/\/www.treedivnet.ugent.be\/ExpORPHEE.html\" target=\"_blank\" rel=\"noopener noreferrer\">ORPHEE<\/a>, que son  parte de la red global de experimentos de diversidad de \u00e1rboles <a href=\"http:\/\/www.treedivnet.ugent.be\/index.html\" target=\"_blank\" rel=\"noopener noreferrer\">TreeDivNet<\/a>) y el sistema de <a href=\"http:\/\/www.ecotron.cnrs.fr\/\" target=\"_blank\" rel=\"noopener noreferrer\">Ecotron europeo del CNRS<\/a>, evaluamos c\u00f3mo la biodiversidad del suelo se ve afectada por el cambio clim\u00e1tico y c\u00f3mo \u00e9sta a su vez puede afectar la resistencia y resiliencia en condiciones de sequ\u00eda extrema.<\/p>\n<h5>&nbsp;<\/h5>\n","protected":false},"excerpt":{"rendered":"<p>&nbsp; La biodiversidad del suelo puede tener un gran impacto en la resistencia y resiliencia del ecosistema frente al cambio clim\u00e1tico, lo cual es de particular relevancia para el futuro manejo forestal. Los enfoques actuales del sector forestal, que pretenden anticipar los efectos causados por las condiciones clim\u00e1ticas cambiantes, descuidan&#8230;<\/p>\n<p class=\"continue-reading-button\"> <a class=\"continue-reading-link\" href=\"https:\/\/websie.cefe.cnrs.fr\/soilforeurope\/es\/climate-change-objective-3-es\/\">Continue reading<i class=\"crycon-right-dir\"><\/i><\/a><\/p>\n","protected":false},"author":1,"featured_media":0,"parent":0,"menu_order":0,"comment_status":"closed","ping_status":"closed","template":"","meta":{"inline_featured_image":false,"footnotes":""},"class_list":["post-2481","page","type-page","status-publish","hentry"],"_links":{"self":[{"href":"https:\/\/websie.cefe.cnrs.fr\/soilforeurope\/wp-json\/wp\/v2\/pages\/2481","targetHints":{"allow":["GET"]}}],"collection":[{"href":"https:\/\/websie.cefe.cnrs.fr\/soilforeurope\/wp-json\/wp\/v2\/pages"}],"about":[{"href":"https:\/\/websie.cefe.cnrs.fr\/soilforeurope\/wp-json\/wp\/v2\/types\/page"}],"author":[{"embeddable":true,"href":"https:\/\/websie.cefe.cnrs.fr\/soilforeurope\/wp-json\/wp\/v2\/users\/1"}],"replies":[{"embeddable":true,"href":"https:\/\/websie.cefe.cnrs.fr\/soilforeurope\/wp-json\/wp\/v2\/comments?post=2481"}],"version-history":[{"count":3,"href":"https:\/\/websie.cefe.cnrs.fr\/soilforeurope\/wp-json\/wp\/v2\/pages\/2481\/revisions"}],"predecessor-version":[{"id":3290,"href":"https:\/\/websie.cefe.cnrs.fr\/soilforeurope\/wp-json\/wp\/v2\/pages\/2481\/revisions\/3290"}],"wp:attachment":[{"href":"https:\/\/websie.cefe.cnrs.fr\/soilforeurope\/wp-json\/wp\/v2\/media?parent=2481"}],"curies":[{"name":"wp","href":"https:\/\/api.w.org\/{rel}","templated":true}]}}