{"id":2441,"date":"2020-03-30T18:07:02","date_gmt":"2020-03-30T16:07:02","guid":{"rendered":"https:\/\/websie.cefe.cnrs.fr\/soilforeurope\/?page_id=2441"},"modified":"2020-04-28T21:25:40","modified_gmt":"2020-04-28T19:25:40","slug":"function-approach-2-sv","status":"publish","type":"page","link":"https:\/\/websie.cefe.cnrs.fr\/soilforeurope\/sv\/function-approach-2-sv\/","title":{"rendered":"Funktion \u2013 Tillv\u00e4gag\u00e5ngs\u00e4tt 2"},"content":{"rendered":"\n<p>&nbsp;<\/p>\n<h5><strong>Nedbrytning av finr\u00f6tter och kopplingen nedbrytning av l\u00f6vf\u00f6rna ovan mark<\/strong><\/h5>\n<p>Med den traditionella f\u00f6rnap\u00e5se-metoden har vi kvantifierat nedbrytningshastigheter f\u00f6r tr\u00e4ds finr\u00f6tter med olika kemiska och morfologiska egenskaper i b\u00e5de monospecifika best\u00e5nd och flerartsbest\u00e5nd. Nedbrytning av finr\u00f6tter j\u00e4mf\u00f6rs med nedbytning av l\u00f6vf\u00f6rna (v\u00e4rderade i det tidigare <a href=\"http:\/\/www.fundiveurope.eu\/\" target=\"_blank\" rel=\"noopener noreferrer\">FunDivEUROPE<\/a> projektet), och den relativa vikten av plantegenskaper ovanf\u00f6r och under marken, s\u00e5v\u00e4l som index f\u00f6r m\u00e5ngfalden hos marklevande fauna samt milj\u00f6m\u00e4ssiga f\u00f6rh\u00e5llanden som driver p\u00e5 nedbrytningen, \u00e4r utv\u00e4rderade.<\/p>\n<h5>&nbsp;<\/h5>\n<h5><strong>Mikrobiell aktivitet och tillh\u00f6rande element\u00e4ra fl\u00f6den<\/strong><\/h5>\n<p>En serie av mikrobiella processer, inklusive p\u00e5tvingad substratrespiration, denitrifikations- och nitrifikations-enzymaktivitet, och katabolisk m\u00e5ngfald (med hj\u00e4lp av MicroResp\u2122) \u00e4r uppm\u00e4tta i monospecifika och flerartsbest\u00e5nd. Kopplingen mellan dessa processer och olika m\u00e5ngfaldsm\u00e5tt av biota b\u00e5de ovanf\u00f6r och under marken \u00e4r utv\u00e4rderade samt sammanl\u00e4nkade med mikrobiell m\u00e5ngfaldsdata.<\/p>\n<h5>&nbsp;<\/h5>\n<p><img loading=\"lazy\" decoding=\"async\" class=\"size-large wp-image-788 aligncenter\" src=\"https:\/\/websie.cefe.cnrs.fr\/soilforeurope\/wp-content\/uploads\/2019\/02\/Dry_soils_1_gimp_copyright2-1024x235.jpg\" alt=\"\" width=\"900\" height=\"207\"><\/p>\n","protected":false},"excerpt":{"rendered":"<p>&nbsp; Nedbrytning av finr\u00f6tter och kopplingen nedbrytning av l\u00f6vf\u00f6rna ovan mark Med den traditionella f\u00f6rnap\u00e5se-metoden har vi kvantifierat nedbrytningshastigheter f\u00f6r tr\u00e4ds finr\u00f6tter med olika kemiska och morfologiska egenskaper i b\u00e5de monospecifika best\u00e5nd och flerartsbest\u00e5nd. Nedbrytning av finr\u00f6tter j\u00e4mf\u00f6rs med nedbytning av l\u00f6vf\u00f6rna (v\u00e4rderade i det tidigare FunDivEUROPE projektet), och den&#8230;<\/p>\n<p class=\"continue-reading-button\"> <a class=\"continue-reading-link\" href=\"https:\/\/websie.cefe.cnrs.fr\/soilforeurope\/sv\/function-approach-2-sv\/\">Continue reading<i class=\"crycon-right-dir\"><\/i><\/a><\/p>\n","protected":false},"author":1,"featured_media":0,"parent":0,"menu_order":0,"comment_status":"closed","ping_status":"closed","template":"","meta":{"inline_featured_image":false,"footnotes":""},"class_list":["post-2441","page","type-page","status-publish","hentry"],"_links":{"self":[{"href":"https:\/\/websie.cefe.cnrs.fr\/soilforeurope\/wp-json\/wp\/v2\/pages\/2441","targetHints":{"allow":["GET"]}}],"collection":[{"href":"https:\/\/websie.cefe.cnrs.fr\/soilforeurope\/wp-json\/wp\/v2\/pages"}],"about":[{"href":"https:\/\/websie.cefe.cnrs.fr\/soilforeurope\/wp-json\/wp\/v2\/types\/page"}],"author":[{"embeddable":true,"href":"https:\/\/websie.cefe.cnrs.fr\/soilforeurope\/wp-json\/wp\/v2\/users\/1"}],"replies":[{"embeddable":true,"href":"https:\/\/websie.cefe.cnrs.fr\/soilforeurope\/wp-json\/wp\/v2\/comments?post=2441"}],"version-history":[{"count":3,"href":"https:\/\/websie.cefe.cnrs.fr\/soilforeurope\/wp-json\/wp\/v2\/pages\/2441\/revisions"}],"predecessor-version":[{"id":3234,"href":"https:\/\/websie.cefe.cnrs.fr\/soilforeurope\/wp-json\/wp\/v2\/pages\/2441\/revisions\/3234"}],"wp:attachment":[{"href":"https:\/\/websie.cefe.cnrs.fr\/soilforeurope\/wp-json\/wp\/v2\/media?parent=2441"}],"curies":[{"name":"wp","href":"https:\/\/api.w.org\/{rel}","templated":true}]}}