{"id":2437,"date":"2020-03-30T18:06:20","date_gmt":"2020-03-30T16:06:20","guid":{"rendered":"https:\/\/websie.cefe.cnrs.fr\/soilforeurope\/?page_id=2437"},"modified":"2020-07-21T12:29:56","modified_gmt":"2020-07-21T10:29:56","slug":"function-approach-2-ro","status":"publish","type":"page","link":"https:\/\/websie.cefe.cnrs.fr\/soilforeurope\/ro\/function-approach-2-ro\/","title":{"rendered":"Func\u021bie &#8211; Abordare 2"},"content":{"rendered":"\n<p>&nbsp;<\/p>\n<h5><strong>Descompunerea r\u0103d\u0103cinilor fine \u0219i leg\u0103tura cu descompunerea litierei de deasupra solului<\/strong><\/h5>\n<p>Utiliz\u00e2nd tehnica tradi\u021bional\u0103 de pungi pentru litier\u0103, cuantific\u0103m ratele de descompunere a r\u0103d\u0103cinilor fine ale arborilor cu diferite caracteristici chimice \u0219i morfologice \u00een arboretele monospecifice \u0219i mixte. Descompunerea r\u0103d\u0103cinilor fine este comparat\u0103 cu descompunerea litierei (evaluat\u0103 \u00een proiectul <a href=\"http:\/\/www.fundiveurope.eu\/\" target=\"_blank\" rel=\"noopener noreferrer\">FunDivEUROPE<\/a>) \u0219i se evalueaz\u0103 importan\u021ba relativ\u0103 a tr\u0103s\u0103turilor supraterane \u0219i subterane ale plantelor, precum \u0219i a indicilor diversit\u0103\u021bii faunei solului \u0219i a condi\u021biilor de mediu \u00een procesul de descompunere.<\/p>\n<h5>&nbsp;<\/h5>\n<h5><strong>Activitate microbian\u0103 \u0219i fluxuri elementare asociate <\/strong><\/h5>\n<p>O serie de procese microbiene, inclusiv respira\u021bia indus\u0103 de substrat, denitrificarea \u0219i activitatea enzimei de nitrificare \u0219i diversitatea catabolic\u0103 (folosind MicroResp \u2122) sunt m\u0103surate \u00een arboretele monospecifice \u0219i mixte. Rela\u021bia dintre aceste procese \u0219i diferitele m\u0103suri de diversitate ale biotei supraterane \u0219i subterane sunt evaluate \u0219i intercontectate cu datele privind diversitatea microbian\u0103 a solului.<\/p>\n<h5>&nbsp;<\/h5>\n<p><img loading=\"lazy\" decoding=\"async\" class=\"size-large wp-image-788 aligncenter\" src=\"https:\/\/websie.cefe.cnrs.fr\/soilforeurope\/wp-content\/uploads\/2019\/02\/Dry_soils_1_gimp_copyright2-1024x235.jpg\" alt=\"\" width=\"900\" height=\"207\"><\/p>\n","protected":false},"excerpt":{"rendered":"<p>&nbsp; Descompunerea r\u0103d\u0103cinilor fine \u0219i leg\u0103tura cu descompunerea litierei de deasupra solului Utiliz\u00e2nd tehnica tradi\u021bional\u0103 de pungi pentru litier\u0103, cuantific\u0103m ratele de descompunere a r\u0103d\u0103cinilor fine ale arborilor cu diferite caracteristici chimice \u0219i morfologice \u00een arboretele monospecifice \u0219i mixte. Descompunerea r\u0103d\u0103cinilor fine este comparat\u0103 cu descompunerea litierei (evaluat\u0103 \u00een proiectul&#8230;<\/p>\n<p class=\"continue-reading-button\"> <a class=\"continue-reading-link\" href=\"https:\/\/websie.cefe.cnrs.fr\/soilforeurope\/ro\/function-approach-2-ro\/\">Continue reading<i class=\"crycon-right-dir\"><\/i><\/a><\/p>\n","protected":false},"author":1,"featured_media":0,"parent":0,"menu_order":0,"comment_status":"closed","ping_status":"closed","template":"","meta":{"inline_featured_image":false,"footnotes":""},"class_list":["post-2437","page","type-page","status-publish","hentry"],"_links":{"self":[{"href":"https:\/\/websie.cefe.cnrs.fr\/soilforeurope\/wp-json\/wp\/v2\/pages\/2437","targetHints":{"allow":["GET"]}}],"collection":[{"href":"https:\/\/websie.cefe.cnrs.fr\/soilforeurope\/wp-json\/wp\/v2\/pages"}],"about":[{"href":"https:\/\/websie.cefe.cnrs.fr\/soilforeurope\/wp-json\/wp\/v2\/types\/page"}],"author":[{"embeddable":true,"href":"https:\/\/websie.cefe.cnrs.fr\/soilforeurope\/wp-json\/wp\/v2\/users\/1"}],"replies":[{"embeddable":true,"href":"https:\/\/websie.cefe.cnrs.fr\/soilforeurope\/wp-json\/wp\/v2\/comments?post=2437"}],"version-history":[{"count":3,"href":"https:\/\/websie.cefe.cnrs.fr\/soilforeurope\/wp-json\/wp\/v2\/pages\/2437\/revisions"}],"predecessor-version":[{"id":3779,"href":"https:\/\/websie.cefe.cnrs.fr\/soilforeurope\/wp-json\/wp\/v2\/pages\/2437\/revisions\/3779"}],"wp:attachment":[{"href":"https:\/\/websie.cefe.cnrs.fr\/soilforeurope\/wp-json\/wp\/v2\/media?parent=2437"}],"curies":[{"name":"wp","href":"https:\/\/api.w.org\/{rel}","templated":true}]}}