{"id":2427,"date":"2020-03-30T18:04:39","date_gmt":"2020-03-30T16:04:39","guid":{"rendered":"https:\/\/websie.cefe.cnrs.fr\/soilforeurope\/?page_id=2427"},"modified":"2020-04-28T21:23:54","modified_gmt":"2020-04-28T19:23:54","slug":"function-approach-2-es","status":"publish","type":"page","link":"https:\/\/websie.cefe.cnrs.fr\/soilforeurope\/es\/function-approach-2-es\/","title":{"rendered":"Funci\u00f3n &#8211; Enfoque 2"},"content":{"rendered":"\n<p>&nbsp;<\/p>\n<h5><strong>La descomposici\u00f3n de ra\u00edces finas asociado a la descomposici\u00f3n de la hojarasca en la superficie<\/strong><\/h5>\n<p>Con la t\u00e9cnica tradicional de la bolsa de hojarasca\/ra\u00edces, cuantificamos las tasas de descomposici\u00f3n de las ra\u00edces finas de los \u00e1rboles de diferentes caracter\u00edsticas qu\u00edmicas y morfol\u00f3gicas en sistemas mono-espec\u00edficos y mixtos. La descomposici\u00f3n de la ra\u00edz fina se compara con la descomposici\u00f3n de la hojarasca (evaluada en el proyecto <a href=\"http:\/\/www.fundiveurope.eu\/\" target=\"_blank\" rel=\"noopener noreferrer\">FunDivEUROPE<\/a>), y se eval\u00faa la importancia relativa de los rasgos a\u00e9reos de las plantas y los rasgos del subsuelo, as\u00ed como los \u00edndices de diversidad de la fauna del suelo y las condiciones ambientales asociadas a la descomposici\u00f3n.<\/p>\n<h5>&nbsp;<\/h5>\n<h5><strong>La actividad microbiana y flujos elementales asociados<\/strong><\/h5>\n<p>En sistemas monoespec\u00edficos y mixtos se mide una serie de procesos microbianos, que incluyen respiraci\u00f3n inducida por sustrato, actividad enzim\u00e1tica de desnitrificaci\u00f3n  y nitrificaci\u00f3n, y la diversidad catab\u00f3lica (usando MicroResp \u2122). La relaci\u00f3n entre estos procesos y las diversas medidas de diversidad de la biota a\u00e9rea y subterr\u00e1nea se eval\u00faan y entrecruzan con los datos de diversidad microbiana del suelo.<\/p>\n<h5>&nbsp;<\/h5>\n<p><img loading=\"lazy\" decoding=\"async\" class=\"size-large wp-image-788 aligncenter\" src=\"https:\/\/websie.cefe.cnrs.fr\/soilforeurope\/wp-content\/uploads\/2019\/02\/Dry_soils_1_gimp_copyright2-1024x235.jpg\" alt=\"\" width=\"900\" height=\"207\"><\/p>\n","protected":false},"excerpt":{"rendered":"<p>&nbsp; La descomposici\u00f3n de ra\u00edces finas asociado a la descomposici\u00f3n de la hojarasca en la superficie Con la t\u00e9cnica tradicional de la bolsa de hojarasca\/ra\u00edces, cuantificamos las tasas de descomposici\u00f3n de las ra\u00edces finas de los \u00e1rboles de diferentes caracter\u00edsticas qu\u00edmicas y morfol\u00f3gicas en sistemas mono-espec\u00edficos y mixtos. La descomposici\u00f3n&#8230;<\/p>\n<p class=\"continue-reading-button\"> <a class=\"continue-reading-link\" href=\"https:\/\/websie.cefe.cnrs.fr\/soilforeurope\/es\/function-approach-2-es\/\">Continue reading<i class=\"crycon-right-dir\"><\/i><\/a><\/p>\n","protected":false},"author":1,"featured_media":0,"parent":0,"menu_order":0,"comment_status":"closed","ping_status":"closed","template":"","meta":{"inline_featured_image":false,"footnotes":""},"class_list":["post-2427","page","type-page","status-publish","hentry"],"_links":{"self":[{"href":"https:\/\/websie.cefe.cnrs.fr\/soilforeurope\/wp-json\/wp\/v2\/pages\/2427","targetHints":{"allow":["GET"]}}],"collection":[{"href":"https:\/\/websie.cefe.cnrs.fr\/soilforeurope\/wp-json\/wp\/v2\/pages"}],"about":[{"href":"https:\/\/websie.cefe.cnrs.fr\/soilforeurope\/wp-json\/wp\/v2\/types\/page"}],"author":[{"embeddable":true,"href":"https:\/\/websie.cefe.cnrs.fr\/soilforeurope\/wp-json\/wp\/v2\/users\/1"}],"replies":[{"embeddable":true,"href":"https:\/\/websie.cefe.cnrs.fr\/soilforeurope\/wp-json\/wp\/v2\/comments?post=2427"}],"version-history":[{"count":2,"href":"https:\/\/websie.cefe.cnrs.fr\/soilforeurope\/wp-json\/wp\/v2\/pages\/2427\/revisions"}],"predecessor-version":[{"id":3297,"href":"https:\/\/websie.cefe.cnrs.fr\/soilforeurope\/wp-json\/wp\/v2\/pages\/2427\/revisions\/3297"}],"wp:attachment":[{"href":"https:\/\/websie.cefe.cnrs.fr\/soilforeurope\/wp-json\/wp\/v2\/media?parent=2427"}],"curies":[{"name":"wp","href":"https:\/\/api.w.org\/{rel}","templated":true}]}}