{"id":2425,"date":"2020-03-30T18:04:17","date_gmt":"2020-03-30T16:04:17","guid":{"rendered":"https:\/\/websie.cefe.cnrs.fr\/soilforeurope\/?page_id=2425"},"modified":"2020-04-28T21:23:33","modified_gmt":"2020-04-28T19:23:33","slug":"function-approach-2-de","status":"publish","type":"page","link":"https:\/\/websie.cefe.cnrs.fr\/soilforeurope\/de\/function-approach-2-de\/","title":{"rendered":"Funktion &#8211; Ansatz 2"},"content":{"rendered":"\n<p>&nbsp;<\/p>\n<h5><strong>Zersetzung von Feinwurzeln und Beziehung zur oberirdischen Zersetzung von Blattstreu<\/strong><\/h5>\n<p style=\"text-align: justify;\">Mit der klassischen Netzbeutel-Methode quantifizieren wir die Zersetzungsraten von Baumfeinwurzeln in monospezifischen und gemischten Baumbest\u00e4nden mit unterschiedlichen chemischen und morphologischen Eigenschaften. Der Feinwurzelabbau wird mit dem Blattstreuabbau (im vorherigen <a href=\"http:\/\/www.fundiveurope.eu\/\" target=\"_blank\" rel=\"noopener noreferrer\">FunDivEUROPE-Projekt<\/a> ermittelt)verglichen, und die relative Bedeutung von ober- und unterirdischen Pflanzenmerkmalen sowie Indizes der Diversit\u00e4t der Bodenfauna und der Umweltbedingungen bei der Zersetzung werden bewertet.<\/p>\n<h5>&nbsp;<\/h5>\n<h5><strong>Mikrobielle Aktivit\u00e4t und damit verbundene Elementfl\u00fcsse<\/strong><\/h5>\n<p style=\"text-align: justify;\">Eine Reihe von mikrobiellen Prozessen, einschlie\u00dflich der substratinduzierten Atmung, der Denitrifikations- und Nitrifikations-Enzymaktivit\u00e4t und der katabolischen Diversit\u00e4t werden in monospezifischen und gemischten Best\u00e4nden (unter Verwendung von MicroResp\u2122) gemessen. Die Beziehung zwischen diesen Prozessen und den verschiedenen Diversit\u00e4tsmessungen von ober- und unterirdischen Biota wird bewertet und mit Daten zur mikrobiellen Diversit\u00e4t im Boden verkn\u00fcpft.<\/p>\n<h5>&nbsp;<\/h5>\n<p><img loading=\"lazy\" decoding=\"async\" class=\"size-large wp-image-788 aligncenter\" src=\"https:\/\/websie.cefe.cnrs.fr\/soilforeurope\/wp-content\/uploads\/2019\/02\/Dry_soils_1_gimp_copyright2-1024x235.jpg\" alt=\"\" width=\"900\" height=\"207\"><\/p>\n","protected":false},"excerpt":{"rendered":"<p>&nbsp; Zersetzung von Feinwurzeln und Beziehung zur oberirdischen Zersetzung von Blattstreu Mit der klassischen Netzbeutel-Methode quantifizieren wir die Zersetzungsraten von Baumfeinwurzeln in monospezifischen und gemischten Baumbest\u00e4nden mit unterschiedlichen chemischen und morphologischen Eigenschaften. Der Feinwurzelabbau wird mit dem Blattstreuabbau (im vorherigen FunDivEUROPE-Projekt ermittelt)verglichen, und die relative Bedeutung von ober- und unterirdischen&#8230;<\/p>\n<p class=\"continue-reading-button\"> <a class=\"continue-reading-link\" href=\"https:\/\/websie.cefe.cnrs.fr\/soilforeurope\/de\/function-approach-2-de\/\">Continue reading<i class=\"crycon-right-dir\"><\/i><\/a><\/p>\n","protected":false},"author":1,"featured_media":0,"parent":0,"menu_order":0,"comment_status":"closed","ping_status":"closed","template":"","meta":{"inline_featured_image":false,"footnotes":""},"class_list":["post-2425","page","type-page","status-publish","hentry"],"_links":{"self":[{"href":"https:\/\/websie.cefe.cnrs.fr\/soilforeurope\/wp-json\/wp\/v2\/pages\/2425","targetHints":{"allow":["GET"]}}],"collection":[{"href":"https:\/\/websie.cefe.cnrs.fr\/soilforeurope\/wp-json\/wp\/v2\/pages"}],"about":[{"href":"https:\/\/websie.cefe.cnrs.fr\/soilforeurope\/wp-json\/wp\/v2\/types\/page"}],"author":[{"embeddable":true,"href":"https:\/\/websie.cefe.cnrs.fr\/soilforeurope\/wp-json\/wp\/v2\/users\/1"}],"replies":[{"embeddable":true,"href":"https:\/\/websie.cefe.cnrs.fr\/soilforeurope\/wp-json\/wp\/v2\/comments?post=2425"}],"version-history":[{"count":6,"href":"https:\/\/websie.cefe.cnrs.fr\/soilforeurope\/wp-json\/wp\/v2\/pages\/2425\/revisions"}],"predecessor-version":[{"id":3370,"href":"https:\/\/websie.cefe.cnrs.fr\/soilforeurope\/wp-json\/wp\/v2\/pages\/2425\/revisions\/3370"}],"wp:attachment":[{"href":"https:\/\/websie.cefe.cnrs.fr\/soilforeurope\/wp-json\/wp\/v2\/media?parent=2425"}],"curies":[{"name":"wp","href":"https:\/\/api.w.org\/{rel}","templated":true}]}}