{"id":2423,"date":"2020-03-30T18:02:51","date_gmt":"2020-03-30T16:02:51","guid":{"rendered":"https:\/\/websie.cefe.cnrs.fr\/soilforeurope\/?page_id=2423"},"modified":"2020-04-29T11:45:35","modified_gmt":"2020-04-29T09:45:35","slug":"function-objective-2-sv","status":"publish","type":"page","link":"https:\/\/websie.cefe.cnrs.fr\/soilforeurope\/sv\/function-objective-2-sv\/","title":{"rendered":"Funktion \u2013 M\u00e5l 2"},"content":{"rendered":"\n<p>&nbsp;<\/p>\n<h4>Utveckla ett f\u00f6ruts\u00e4gande ramverk f\u00f6r hur jordens biologiska m\u00e5ngfald p\u00e5verkar funktionen hos skogliga ekosystem.<\/h4>\n<p>&nbsp;<\/p>\n<p><img loading=\"lazy\" decoding=\"async\" class=\"wp-image-858 alignright\" src=\"https:\/\/websie.cefe.cnrs.fr\/soilforeurope\/wp-content\/uploads\/2019\/02\/Millepatte_Stephan_H_gimp_cropped_copyright.png\" alt=\"\" width=\"488\" height=\"495\">Den samlade datan f\u00f6r biologisk m\u00e5ngfald i jordm\u00e5n (<a href=\"https:\/\/websie.cefe.cnrs.fr\/soilforeurope\/sv\/biodiversity-objective-1-sv\/\">M\u00e5l 1<\/a>) kommer att relateras till ett antal ekosystemfunktioner f\u00f6r att p\u00e5 s\u00e5 s\u00e4tt utveckla ett f\u00f6ruts\u00e4gande ramverk f\u00f6r hur jordens biologiska m\u00e5ngfald p\u00e5verkar funktionen hos skoliga ekosystem. Ett stort antal ekosystemfunktioner har redan blivit m\u00e4tta under <a href=\"http:\/\/www.fundiveurope.eu\/\" target=\"_blank\" rel=\"noopener noreferrer\">FunDivEUROPE<\/a>. Andra markspecifika funktioner (kompostering av finr\u00f6tter, enzymaktivitet, nitrifikations- och denitrifikationhastigheter, fysiologiska profiler och biomassan av mikrobiella samh\u00e4llen, samt markrespiration) kommer att bli m\u00e4tta av SoilForEUROPE f\u00f6r att komplettera den redan existerande datan.<\/p>\n<p>&nbsp;<\/p>\n","protected":false},"excerpt":{"rendered":"<p>&nbsp; Utveckla ett f\u00f6ruts\u00e4gande ramverk f\u00f6r hur jordens biologiska m\u00e5ngfald p\u00e5verkar funktionen hos skogliga ekosystem. &nbsp; Den samlade datan f\u00f6r biologisk m\u00e5ngfald i jordm\u00e5n (M\u00e5l 1) kommer att relateras till ett antal ekosystemfunktioner f\u00f6r att p\u00e5 s\u00e5 s\u00e4tt utveckla ett f\u00f6ruts\u00e4gande ramverk f\u00f6r hur jordens biologiska m\u00e5ngfald p\u00e5verkar funktionen hos&#8230;<\/p>\n<p class=\"continue-reading-button\"> <a class=\"continue-reading-link\" href=\"https:\/\/websie.cefe.cnrs.fr\/soilforeurope\/sv\/function-objective-2-sv\/\">Continue reading<i class=\"crycon-right-dir\"><\/i><\/a><\/p>\n","protected":false},"author":1,"featured_media":0,"parent":0,"menu_order":0,"comment_status":"closed","ping_status":"closed","template":"","meta":{"inline_featured_image":false,"footnotes":""},"class_list":["post-2423","page","type-page","status-publish","hentry"],"_links":{"self":[{"href":"https:\/\/websie.cefe.cnrs.fr\/soilforeurope\/wp-json\/wp\/v2\/pages\/2423","targetHints":{"allow":["GET"]}}],"collection":[{"href":"https:\/\/websie.cefe.cnrs.fr\/soilforeurope\/wp-json\/wp\/v2\/pages"}],"about":[{"href":"https:\/\/websie.cefe.cnrs.fr\/soilforeurope\/wp-json\/wp\/v2\/types\/page"}],"author":[{"embeddable":true,"href":"https:\/\/websie.cefe.cnrs.fr\/soilforeurope\/wp-json\/wp\/v2\/users\/1"}],"replies":[{"embeddable":true,"href":"https:\/\/websie.cefe.cnrs.fr\/soilforeurope\/wp-json\/wp\/v2\/comments?post=2423"}],"version-history":[{"count":4,"href":"https:\/\/websie.cefe.cnrs.fr\/soilforeurope\/wp-json\/wp\/v2\/pages\/2423\/revisions"}],"predecessor-version":[{"id":3452,"href":"https:\/\/websie.cefe.cnrs.fr\/soilforeurope\/wp-json\/wp\/v2\/pages\/2423\/revisions\/3452"}],"wp:attachment":[{"href":"https:\/\/websie.cefe.cnrs.fr\/soilforeurope\/wp-json\/wp\/v2\/media?parent=2423"}],"curies":[{"name":"wp","href":"https:\/\/api.w.org\/{rel}","templated":true}]}}