{"id":2419,"date":"2020-03-30T18:02:10","date_gmt":"2020-03-30T16:02:10","guid":{"rendered":"https:\/\/websie.cefe.cnrs.fr\/soilforeurope\/?page_id=2419"},"modified":"2020-07-21T12:16:45","modified_gmt":"2020-07-21T10:16:45","slug":"function-objective-2-ro","status":"publish","type":"page","link":"https:\/\/websie.cefe.cnrs.fr\/soilforeurope\/ro\/function-objective-2-ro\/","title":{"rendered":"Func\u021bie &#8211; Obiectivul 2"},"content":{"rendered":"\n<p>&nbsp;<\/p>\n<h4 style=\"text-align: left;\">Dezvoltarea unui cadru predictiv pentru modul \u00een care biodiversitatea solului afecteaz\u0103 func\u021bionarea ecosistemelor forestiere<\/h4>\n<p>&nbsp;<\/p>\n<p style=\"text-align: justify;\"><img loading=\"lazy\" decoding=\"async\" class=\"wp-image-858 alignright\" src=\"https:\/\/websie.cefe.cnrs.fr\/soilforeurope\/wp-content\/uploads\/2019\/02\/Millepatte_Stephan_H_gimp_cropped_copyright.png\" alt=\"\" width=\"488\" height=\"495\">Datele colectate subterane privind biodiversitatea (<a href=\"https:\/\/websie.cefe.cnrs.fr\/soilforeurope\/biodiversity-objective-1-ro\/\">Obiectivul 1<\/a>) vor fi legate de o serie de func\u021bii ale ecosistemului pentru a dezvolta un cadru predictiv pentru modul \u00een care biodiversitatea solului afecteaz\u0103 func\u021bionarea ecosistemelor forestiere. Un num\u0103r mare de func\u021bii ale ecosistemului au fost deja m\u0103surate \u00een cursul proiectului <a href=\"http:\/\/www.fundiveurope.eu\/\" target=\"_blank\" rel=\"noopener noreferrer\">FunDivEUROPE<\/a>. Alte func\u021bii specifice solului (descompunerea r\u0103d\u0103cinilor fine, activit\u0103\u021bi enzimatice, rate de nitrificare \u0219i denitrificare, profiluri fiziologice \u0219i biomas\u0103 ale comunit\u0103\u021bilor microbiene \u0219i respira\u021bia solului) vor fi m\u0103surate de SoilForEUROPE pentru a completa aceste date preexistente.<\/p>\n<p>&nbsp;<\/p>\n","protected":false},"excerpt":{"rendered":"<p>&nbsp; Dezvoltarea unui cadru predictiv pentru modul \u00een care biodiversitatea solului afecteaz\u0103 func\u021bionarea ecosistemelor forestiere &nbsp; Datele colectate subterane privind biodiversitatea (Obiectivul 1) vor fi legate de o serie de func\u021bii ale ecosistemului pentru a dezvolta un cadru predictiv pentru modul \u00een care biodiversitatea solului afecteaz\u0103 func\u021bionarea ecosistemelor forestiere. Un&#8230;<\/p>\n<p class=\"continue-reading-button\"> <a class=\"continue-reading-link\" href=\"https:\/\/websie.cefe.cnrs.fr\/soilforeurope\/ro\/function-objective-2-ro\/\">Continue reading<i class=\"crycon-right-dir\"><\/i><\/a><\/p>\n","protected":false},"author":1,"featured_media":0,"parent":0,"menu_order":0,"comment_status":"closed","ping_status":"closed","template":"","meta":{"inline_featured_image":false,"footnotes":""},"class_list":["post-2419","page","type-page","status-publish","hentry"],"_links":{"self":[{"href":"https:\/\/websie.cefe.cnrs.fr\/soilforeurope\/wp-json\/wp\/v2\/pages\/2419","targetHints":{"allow":["GET"]}}],"collection":[{"href":"https:\/\/websie.cefe.cnrs.fr\/soilforeurope\/wp-json\/wp\/v2\/pages"}],"about":[{"href":"https:\/\/websie.cefe.cnrs.fr\/soilforeurope\/wp-json\/wp\/v2\/types\/page"}],"author":[{"embeddable":true,"href":"https:\/\/websie.cefe.cnrs.fr\/soilforeurope\/wp-json\/wp\/v2\/users\/1"}],"replies":[{"embeddable":true,"href":"https:\/\/websie.cefe.cnrs.fr\/soilforeurope\/wp-json\/wp\/v2\/comments?post=2419"}],"version-history":[{"count":5,"href":"https:\/\/websie.cefe.cnrs.fr\/soilforeurope\/wp-json\/wp\/v2\/pages\/2419\/revisions"}],"predecessor-version":[{"id":3774,"href":"https:\/\/websie.cefe.cnrs.fr\/soilforeurope\/wp-json\/wp\/v2\/pages\/2419\/revisions\/3774"}],"wp:attachment":[{"href":"https:\/\/websie.cefe.cnrs.fr\/soilforeurope\/wp-json\/wp\/v2\/media?parent=2419"}],"curies":[{"name":"wp","href":"https:\/\/api.w.org\/{rel}","templated":true}]}}