{"id":2417,"date":"2020-03-30T18:01:47","date_gmt":"2020-03-30T16:01:47","guid":{"rendered":"https:\/\/websie.cefe.cnrs.fr\/soilforeurope\/?page_id=2417"},"modified":"2020-04-29T11:45:10","modified_gmt":"2020-04-29T09:45:10","slug":"function-objective-2-pl","status":"publish","type":"page","link":"https:\/\/websie.cefe.cnrs.fr\/soilforeurope\/pl\/function-objective-2-pl\/","title":{"rendered":"Funkcja &#8211; Cel 2"},"content":{"rendered":"\n<p>&nbsp;<\/p>\n<h4>Opracowanie ram prognostycznych umo\u017cliwiaj\u0105cych ocen\u0119, w jaki spos\u00f3b r\u00f3\u017cnorodno\u015b\u0107 biologiczna gleb wp\u0142ywa na funkcjonowanie ekosystem\u00f3w le\u015bnych.<\/h4>\n<p>&nbsp;<\/p>\n<p style=\"text-align: justify;\"><img loading=\"lazy\" decoding=\"async\" class=\"wp-image-858 alignright\" src=\"https:\/\/websie.cefe.cnrs.fr\/soilforeurope\/wp-content\/uploads\/2019\/02\/Millepatte_Stephan_H_gimp_cropped_copyright.png\" alt=\"\" width=\"488\" height=\"495\">Zebrane dane dotycz\u0105ce r\u00f3\u017cnorodno\u015bci biologicznej na powierzchni ziemi (<a href=\"https:\/\/websie.cefe.cnrs.fr\/soilforeurope\/pl\/biodiversity-objective-1-pl\/\">Cel 1<\/a>) zostan\u0105 powi\u0105zane z szeregiem funkcji ekosystemowych w celu opracowania ram prognostycznych dotycz\u0105cych wp\u0142ywu r\u00f3\u017cnorodno\u015bci biologicznej gleby na funkcjonowanie ekosystem\u00f3w le\u015bnych. Du\u017ca liczba funkcji ekosystemowych zosta\u0142a ju\u017c zmierzona w ramach projektu <a href=\"http:\/\/www.fundiveurope.eu\/\" target=\"_blank\" rel=\"noopener noreferrer\">FunDivEUROPE<\/a>. Inne specyficzne dla gleby funkcje (rozk\u0142ad drobnych korzeni, aktywno\u015b\u0107 enzym\u00f3w, tempo nitryfikacji i denitryfikacji, profile fizjologiczne i biomasa zespo\u0142\u00f3w mikrobiologicznych oraz oddychanie gleby) b\u0119d\u0105 mierzone przez <strong>SoilForEUROPE<\/strong> w celu uzupe\u0142nienia tych wcze\u015bniej istniej\u0105cych danych.<\/p>\n<p>&nbsp;<\/p>\n","protected":false},"excerpt":{"rendered":"<p>&nbsp; Opracowanie ram prognostycznych umo\u017cliwiaj\u0105cych ocen\u0119, w jaki spos\u00f3b r\u00f3\u017cnorodno\u015b\u0107 biologiczna gleb wp\u0142ywa na funkcjonowanie ekosystem\u00f3w le\u015bnych. &nbsp; Zebrane dane dotycz\u0105ce r\u00f3\u017cnorodno\u015bci biologicznej na powierzchni ziemi (Cel 1) zostan\u0105 powi\u0105zane z szeregiem funkcji ekosystemowych w celu opracowania ram prognostycznych dotycz\u0105cych wp\u0142ywu r\u00f3\u017cnorodno\u015bci biologicznej gleby na funkcjonowanie ekosystem\u00f3w le\u015bnych. Du\u017ca liczba&#8230;<\/p>\n<p class=\"continue-reading-button\"> <a class=\"continue-reading-link\" href=\"https:\/\/websie.cefe.cnrs.fr\/soilforeurope\/pl\/function-objective-2-pl\/\">Continue reading<i class=\"crycon-right-dir\"><\/i><\/a><\/p>\n","protected":false},"author":1,"featured_media":0,"parent":0,"menu_order":0,"comment_status":"closed","ping_status":"closed","template":"","meta":{"inline_featured_image":false,"footnotes":""},"class_list":["post-2417","page","type-page","status-publish","hentry"],"_links":{"self":[{"href":"https:\/\/websie.cefe.cnrs.fr\/soilforeurope\/wp-json\/wp\/v2\/pages\/2417","targetHints":{"allow":["GET"]}}],"collection":[{"href":"https:\/\/websie.cefe.cnrs.fr\/soilforeurope\/wp-json\/wp\/v2\/pages"}],"about":[{"href":"https:\/\/websie.cefe.cnrs.fr\/soilforeurope\/wp-json\/wp\/v2\/types\/page"}],"author":[{"embeddable":true,"href":"https:\/\/websie.cefe.cnrs.fr\/soilforeurope\/wp-json\/wp\/v2\/users\/1"}],"replies":[{"embeddable":true,"href":"https:\/\/websie.cefe.cnrs.fr\/soilforeurope\/wp-json\/wp\/v2\/comments?post=2417"}],"version-history":[{"count":7,"href":"https:\/\/websie.cefe.cnrs.fr\/soilforeurope\/wp-json\/wp\/v2\/pages\/2417\/revisions"}],"predecessor-version":[{"id":3451,"href":"https:\/\/websie.cefe.cnrs.fr\/soilforeurope\/wp-json\/wp\/v2\/pages\/2417\/revisions\/3451"}],"wp:attachment":[{"href":"https:\/\/websie.cefe.cnrs.fr\/soilforeurope\/wp-json\/wp\/v2\/media?parent=2417"}],"curies":[{"name":"wp","href":"https:\/\/api.w.org\/{rel}","templated":true}]}}