{"id":2413,"date":"2020-03-30T18:01:06","date_gmt":"2020-03-30T16:01:06","guid":{"rendered":"https:\/\/websie.cefe.cnrs.fr\/soilforeurope\/?page_id=2413"},"modified":"2020-05-29T11:42:40","modified_gmt":"2020-05-29T09:42:40","slug":"function-objective-2-it","status":"publish","type":"page","link":"https:\/\/websie.cefe.cnrs.fr\/soilforeurope\/it\/function-objective-2-it\/","title":{"rendered":"Funzione \u2013 Obiettivo 2"},"content":{"rendered":"\n<p>&nbsp;<\/p>\n<h4 style=\"text-align: left;\">Sviluppare una struttura predittiva su come la diversit\u00e0 del suolo influenzi il funzionamento degli ecosistemi forestali.<\/h4>\n<p>&nbsp;<\/p>\n<p style=\"text-align: justify;\"><img loading=\"lazy\" decoding=\"async\" class=\"wp-image-858 alignright\" src=\"https:\/\/websie.cefe.cnrs.fr\/soilforeurope\/wp-content\/uploads\/2019\/02\/Millepatte_Stephan_H_gimp_cropped_copyright.png\" alt=\"\" width=\"488\" height=\"495\">La raccolta di dati sulla biodiversit\u00e0 sotterranea (<a href=\"https:\/\/websie.cefe.cnrs.fr\/soilforeurope\/biodiversity-objective-1-it\/\">Obiettivo 1<\/a>) sar\u00e0 messa in relazione a un numero di funzioni ecosistemiche per sviluppare una struttura predittiva su come la biodiversit\u00e0 del suolo influenzi il funzionamento degli ecosistemi forestali. Un ampio numero di funzioni ecosistemiche \u00e8 gi\u00e0 stato misurato nel progetto <a href=\"http:\/\/www.fundiveurope.eu\/\" target=\"_blank\" rel=\"noopener noreferrer\">FunDivEUROPE<\/a>. Altre funzioni specifiche per il suolo (decomposizioni di radici fini, attivit\u00e0 enzimatiche, tasso di nitrificazione e denitrificazione, profili fisiologici e di biomassa delle comunit\u00e0 microbiche e la respirazione del suolo) saranno misurati nel progetto SoilForEUROPE per completare i dati esistenti.<\/p>\n<p>&nbsp;<\/p>\n","protected":false},"excerpt":{"rendered":"<p>&nbsp; Sviluppare una struttura predittiva su come la diversit\u00e0 del suolo influenzi il funzionamento degli ecosistemi forestali. &nbsp; La raccolta di dati sulla biodiversit\u00e0 sotterranea (Obiettivo 1) sar\u00e0 messa in relazione a un numero di funzioni ecosistemiche per sviluppare una struttura predittiva su come la biodiversit\u00e0 del suolo influenzi il&#8230;<\/p>\n<p class=\"continue-reading-button\"> <a class=\"continue-reading-link\" href=\"https:\/\/websie.cefe.cnrs.fr\/soilforeurope\/it\/function-objective-2-it\/\">Continue reading<i class=\"crycon-right-dir\"><\/i><\/a><\/p>\n","protected":false},"author":1,"featured_media":0,"parent":0,"menu_order":0,"comment_status":"closed","ping_status":"closed","template":"","meta":{"inline_featured_image":false,"footnotes":""},"class_list":["post-2413","page","type-page","status-publish","hentry"],"_links":{"self":[{"href":"https:\/\/websie.cefe.cnrs.fr\/soilforeurope\/wp-json\/wp\/v2\/pages\/2413","targetHints":{"allow":["GET"]}}],"collection":[{"href":"https:\/\/websie.cefe.cnrs.fr\/soilforeurope\/wp-json\/wp\/v2\/pages"}],"about":[{"href":"https:\/\/websie.cefe.cnrs.fr\/soilforeurope\/wp-json\/wp\/v2\/types\/page"}],"author":[{"embeddable":true,"href":"https:\/\/websie.cefe.cnrs.fr\/soilforeurope\/wp-json\/wp\/v2\/users\/1"}],"replies":[{"embeddable":true,"href":"https:\/\/websie.cefe.cnrs.fr\/soilforeurope\/wp-json\/wp\/v2\/comments?post=2413"}],"version-history":[{"count":6,"href":"https:\/\/websie.cefe.cnrs.fr\/soilforeurope\/wp-json\/wp\/v2\/pages\/2413\/revisions"}],"predecessor-version":[{"id":3620,"href":"https:\/\/websie.cefe.cnrs.fr\/soilforeurope\/wp-json\/wp\/v2\/pages\/2413\/revisions\/3620"}],"wp:attachment":[{"href":"https:\/\/websie.cefe.cnrs.fr\/soilforeurope\/wp-json\/wp\/v2\/media?parent=2413"}],"curies":[{"name":"wp","href":"https:\/\/api.w.org\/{rel}","templated":true}]}}