{"id":2409,"date":"2020-03-30T18:00:26","date_gmt":"2020-03-30T16:00:26","guid":{"rendered":"https:\/\/websie.cefe.cnrs.fr\/soilforeurope\/?page_id=2409"},"modified":"2020-04-29T11:44:36","modified_gmt":"2020-04-29T09:44:36","slug":"function-objective-2-es","status":"publish","type":"page","link":"https:\/\/websie.cefe.cnrs.fr\/soilforeurope\/es\/function-objective-2-es\/","title":{"rendered":"Funci\u00f3n &#8211; Objetivo 2"},"content":{"rendered":"\n<p>&nbsp;<\/p>\n<h4>Desarrollar un marco predictivo sobre c\u00f3mo la biodiversidad del suelo afecta el funcionamiento de los ecosistemas forestales.<\/h4>\n<p>&nbsp;<\/p>\n<p><img loading=\"lazy\" decoding=\"async\" class=\"wp-image-858 alignright\" src=\"https:\/\/websie.cefe.cnrs.fr\/soilforeurope\/wp-content\/uploads\/2019\/02\/Millepatte_Stephan_H_gimp_cropped_copyright.png\" alt=\"\" width=\"488\" height=\"495\">Los datos recogidos sobre la biodiversidad subterr\u00e1nea (<a href=\"https:\/\/websie.cefe.cnrs.fr\/soilforeurope\/es\/biodiversity-objective-1-es\/\">Objetivo 1<\/a>) estar\u00e1n relacionados con una serie de funciones de los ecosistemas para desarrollar un marco predictivo sobre c\u00f3mo la biodiversidad del suelo afecta el funcionamiento de los ecosistemas forestales. Una gran cantidad de funciones del ecosistema ya se han medido en el proyecto <a href=\"http:\/\/www.fundiveurope.eu\/\" target=\"_blank\" rel=\"noopener noreferrer\">FunDivEUROPE<\/a>. SoilForEUROPE medir\u00e1 otras funciones espec\u00edficas del suelo (descomposici\u00f3n de ra\u00edces finas, actividades enzim\u00e1ticas, tasas de nitrificaci\u00f3n y desnitrificaci\u00f3n, perfiles fisiol\u00f3gicos, biomasa de comunidades microbianas y respiraci\u00f3n del suelo) para complementar los datos preexistentes.<\/p>\n<p>&nbsp;<\/p>\n","protected":false},"excerpt":{"rendered":"<p>&nbsp; Desarrollar un marco predictivo sobre c\u00f3mo la biodiversidad del suelo afecta el funcionamiento de los ecosistemas forestales. &nbsp; Los datos recogidos sobre la biodiversidad subterr\u00e1nea (Objetivo 1) estar\u00e1n relacionados con una serie de funciones de los ecosistemas para desarrollar un marco predictivo sobre c\u00f3mo la biodiversidad del suelo afecta&#8230;<\/p>\n<p class=\"continue-reading-button\"> <a class=\"continue-reading-link\" href=\"https:\/\/websie.cefe.cnrs.fr\/soilforeurope\/es\/function-objective-2-es\/\">Continue reading<i class=\"crycon-right-dir\"><\/i><\/a><\/p>\n","protected":false},"author":1,"featured_media":0,"parent":0,"menu_order":0,"comment_status":"closed","ping_status":"closed","template":"","meta":{"inline_featured_image":false,"footnotes":""},"class_list":["post-2409","page","type-page","status-publish","hentry"],"_links":{"self":[{"href":"https:\/\/websie.cefe.cnrs.fr\/soilforeurope\/wp-json\/wp\/v2\/pages\/2409","targetHints":{"allow":["GET"]}}],"collection":[{"href":"https:\/\/websie.cefe.cnrs.fr\/soilforeurope\/wp-json\/wp\/v2\/pages"}],"about":[{"href":"https:\/\/websie.cefe.cnrs.fr\/soilforeurope\/wp-json\/wp\/v2\/types\/page"}],"author":[{"embeddable":true,"href":"https:\/\/websie.cefe.cnrs.fr\/soilforeurope\/wp-json\/wp\/v2\/users\/1"}],"replies":[{"embeddable":true,"href":"https:\/\/websie.cefe.cnrs.fr\/soilforeurope\/wp-json\/wp\/v2\/comments?post=2409"}],"version-history":[{"count":4,"href":"https:\/\/websie.cefe.cnrs.fr\/soilforeurope\/wp-json\/wp\/v2\/pages\/2409\/revisions"}],"predecessor-version":[{"id":3449,"href":"https:\/\/websie.cefe.cnrs.fr\/soilforeurope\/wp-json\/wp\/v2\/pages\/2409\/revisions\/3449"}],"wp:attachment":[{"href":"https:\/\/websie.cefe.cnrs.fr\/soilforeurope\/wp-json\/wp\/v2\/media?parent=2409"}],"curies":[{"name":"wp","href":"https:\/\/api.w.org\/{rel}","templated":true}]}}