{"id":2405,"date":"2020-03-30T17:57:38","date_gmt":"2020-03-30T15:57:38","guid":{"rendered":"https:\/\/websie.cefe.cnrs.fr\/soilforeurope\/?page_id=2405"},"modified":"2020-05-29T13:35:57","modified_gmt":"2020-05-29T11:35:57","slug":"news-sv","status":"publish","type":"page","link":"https:\/\/websie.cefe.cnrs.fr\/soilforeurope\/sv\/news-sv\/","title":{"rendered":"Nyheter"},"content":{"rendered":"\n<p>&nbsp;<\/p>\n<p><img loading=\"lazy\" decoding=\"async\" class=\" wp-image-2171 alignright\" src=\"https:\/\/websie.cefe.cnrs.fr\/soilforeurope\/wp-content\/uploads\/2019\/05\/Forest_Janna_gimp_copyright_2-479x1024.jpg\" alt=\"\" width=\"393\" height=\"840\" srcset=\"https:\/\/websie.cefe.cnrs.fr\/soilforeurope\/wp-content\/uploads\/2019\/05\/Forest_Janna_gimp_copyright_2-479x1024.jpg 479w, https:\/\/websie.cefe.cnrs.fr\/soilforeurope\/wp-content\/uploads\/2019\/05\/Forest_Janna_gimp_copyright_2-140x300.jpg 140w, https:\/\/websie.cefe.cnrs.fr\/soilforeurope\/wp-content\/uploads\/2019\/05\/Forest_Janna_gimp_copyright_2-768x1642.jpg 768w, https:\/\/websie.cefe.cnrs.fr\/soilforeurope\/wp-content\/uploads\/2019\/05\/Forest_Janna_gimp_copyright_2-70x150.jpg 70w, https:\/\/websie.cefe.cnrs.fr\/soilforeurope\/wp-content\/uploads\/2019\/05\/Forest_Janna_gimp_copyright_2.jpg 1880w\" sizes=\"auto, (max-width: 393px) 100vw, 393px\" \/><\/p>\n<p><strong>Mars 2020<\/strong> <strong>\u2013 <\/strong>Konsortiumet f\u00f6r SoilForEUROPE hade ett framg\u00e5nsrikt och produktivt m\u00f6te i Freiburg im Breisgau, h\u00e5llt av Michael Scherer-Lorenzen vid University of Freiburg, f\u00f6r att presentera statusen f\u00f6r varje m\u00e5l, adressera fr\u00e5gor eller sv\u00e5righeter, och f\u00f6r att beskriva det \u00e5terst\u00e5ende arbete som \u00e4r kvar att utf\u00f6ra.<\/p>\n<p><strong>September 2019<\/strong> <strong>\u2013<\/strong> Informationsvideo om jordens biologiska m\u00e5ngfald, dess roll i skogar och relationen till skogsbruk \u00e4r nu uppe p\u00e5 hemsidan. <a href=\"https:\/\/websie.cefe.cnrs.fr\/soilforeurope\/sv\/communication-sv\/\">Kolla in den!<\/a><\/p>\n<p><strong>Maj 2019<\/strong> <strong>\u2013<\/strong> Efter ett \u00e5r i f\u00e4lt, plockades rotf\u00f6rnap\u00e5sarna upp fr\u00e5n provytorna i de Finska monospecifika best\u00e5nden och blandtr\u00e4dsbest\u00e5nden. Detta avslutade upph\u00e4mtningen av rotf\u00f6rnap\u00e5sarna f\u00f6r alla fyra studieplatser, som finns i Italien, Rum\u00e4nien, Polen och i Finland.<\/p>\n<p><strong>Maj 2019<\/strong> <strong>\u2013<\/strong> Valexperimentet f\u00f6r preferenser g\u00e4llande skogsf\u00f6rvaltning avsultades framg\u00e5ngsrikt av 300 medborgare i Flandern, Belgien. F\u00f6r n\u00e4rvarande s\u00e4tts ett liknande valexperiment upp f\u00f6r insamling av data i Finland och Italien under juni 2019.<\/p>\n<p><strong>April 2019 \u2013<\/strong> Konsortiumet f\u00f6r SoilForEUROPE hade ett framg\u00e5nsrikt och produktivt m\u00f6te i Amsterdam, h\u00e5llt av Matty Berg vid VU Amsterdam, f\u00f6r att presentera statusen f\u00f6r varje m\u00e5l, adressera fr\u00e5gor eller sv\u00e5righeter, och f\u00f6r att beskriva det \u00e5terst\u00e5ende arbete som \u00e4r kvar att utf\u00f6ra.<\/p>\n<p><strong>April 2019 \u2013<\/strong> PLFA laboratorie analysen f\u00f6r alla 64 provytor slutf\u00f6rdes.<\/p>\n<p><strong>November 2018 \u2013<\/strong> De 16 lysimeter enheterna, som var och en omfattande 1 m<sup>3<\/sup> jord, sattes in i mesocosmen vid European Ecotron i Montpellier, koloniserade av jordlevande makrofauna specifik f\u00f6r varje behandling, och kontinuerliga CO<sub>2<\/sub>-m\u00e4tningar startades.<\/p>\n","protected":false},"excerpt":{"rendered":"<p>&nbsp; Mars 2020 \u2013 Konsortiumet f\u00f6r SoilForEUROPE hade ett framg\u00e5nsrikt och produktivt m\u00f6te i Freiburg im Breisgau, h\u00e5llt av Michael Scherer-Lorenzen vid University of Freiburg, f\u00f6r att presentera statusen f\u00f6r varje m\u00e5l, adressera fr\u00e5gor eller sv\u00e5righeter, och f\u00f6r att beskriva det \u00e5terst\u00e5ende arbete som \u00e4r kvar att utf\u00f6ra. September 2019&#8230;<\/p>\n<p class=\"continue-reading-button\"> <a class=\"continue-reading-link\" href=\"https:\/\/websie.cefe.cnrs.fr\/soilforeurope\/sv\/news-sv\/\">Continue reading<i class=\"crycon-right-dir\"><\/i><\/a><\/p>\n","protected":false},"author":1,"featured_media":0,"parent":0,"menu_order":0,"comment_status":"closed","ping_status":"closed","template":"","meta":{"inline_featured_image":false,"footnotes":""},"class_list":["post-2405","page","type-page","status-publish","hentry"],"_links":{"self":[{"href":"https:\/\/websie.cefe.cnrs.fr\/soilforeurope\/wp-json\/wp\/v2\/pages\/2405","targetHints":{"allow":["GET"]}}],"collection":[{"href":"https:\/\/websie.cefe.cnrs.fr\/soilforeurope\/wp-json\/wp\/v2\/pages"}],"about":[{"href":"https:\/\/websie.cefe.cnrs.fr\/soilforeurope\/wp-json\/wp\/v2\/types\/page"}],"author":[{"embeddable":true,"href":"https:\/\/websie.cefe.cnrs.fr\/soilforeurope\/wp-json\/wp\/v2\/users\/1"}],"replies":[{"embeddable":true,"href":"https:\/\/websie.cefe.cnrs.fr\/soilforeurope\/wp-json\/wp\/v2\/comments?post=2405"}],"version-history":[{"count":7,"href":"https:\/\/websie.cefe.cnrs.fr\/soilforeurope\/wp-json\/wp\/v2\/pages\/2405\/revisions"}],"predecessor-version":[{"id":3674,"href":"https:\/\/websie.cefe.cnrs.fr\/soilforeurope\/wp-json\/wp\/v2\/pages\/2405\/revisions\/3674"}],"wp:attachment":[{"href":"https:\/\/websie.cefe.cnrs.fr\/soilforeurope\/wp-json\/wp\/v2\/media?parent=2405"}],"curies":[{"name":"wp","href":"https:\/\/api.w.org\/{rel}","templated":true}]}}