{"id":2403,"date":"2020-03-30T17:57:18","date_gmt":"2020-03-30T15:57:18","guid":{"rendered":"https:\/\/websie.cefe.cnrs.fr\/soilforeurope\/?page_id=2403"},"modified":"2020-05-29T13:35:23","modified_gmt":"2020-05-29T11:35:23","slug":"news-fi","status":"publish","type":"page","link":"https:\/\/websie.cefe.cnrs.fr\/soilforeurope\/fi\/news-fi\/","title":{"rendered":"Uutiset"},"content":{"rendered":"\n<p>&nbsp;<\/p>\n<p><img loading=\"lazy\" decoding=\"async\" class=\" wp-image-2171 alignright\" src=\"https:\/\/websie.cefe.cnrs.fr\/soilforeurope\/wp-content\/uploads\/2019\/05\/Forest_Janna_gimp_copyright_2-479x1024.jpg\" alt=\"\" width=\"393\" height=\"840\" srcset=\"https:\/\/websie.cefe.cnrs.fr\/soilforeurope\/wp-content\/uploads\/2019\/05\/Forest_Janna_gimp_copyright_2-479x1024.jpg 479w, https:\/\/websie.cefe.cnrs.fr\/soilforeurope\/wp-content\/uploads\/2019\/05\/Forest_Janna_gimp_copyright_2-140x300.jpg 140w, https:\/\/websie.cefe.cnrs.fr\/soilforeurope\/wp-content\/uploads\/2019\/05\/Forest_Janna_gimp_copyright_2-768x1642.jpg 768w, https:\/\/websie.cefe.cnrs.fr\/soilforeurope\/wp-content\/uploads\/2019\/05\/Forest_Janna_gimp_copyright_2-70x150.jpg 70w, https:\/\/websie.cefe.cnrs.fr\/soilforeurope\/wp-content\/uploads\/2019\/05\/Forest_Janna_gimp_copyright_2.jpg 1880w\" sizes=\"auto, (max-width: 393px) 100vw, 393px\" \/><\/p>\n<p><strong>Maaliskuu 2020<\/strong> <strong>\u2013 <\/strong>SoilForEUROPE-projektin konsortio piti menestyksekk\u00e4\u00e4n ja tuloksekkaan kokouksen Amsterdamissa, Michael Scherer-Lorenzen (University of Freiburg) is\u00e4nn\u00f6im\u00e4n\u00e4. Kokouksen tarkoitus oli esitell\u00e4 jokaisen tavoitteen t\u00e4m\u00e4nhetkinen tilanne, k\u00e4sitell\u00e4 kysymyksi\u00e4 tai ongelmia ja hahmotella j\u00e4ljell\u00e4 oleva ty\u00f6.<\/p>\n<p><strong>Syyskuu 2019<\/strong> <strong>\u2013<\/strong> Informaatiovideo maaper\u00e4n monimuotoisuudesta, sen merkityksest\u00e4 metsiss\u00e4 ja suhteesta mets\u00e4nhoitoon on nyt nettisivulla. <a href=\"https:\/\/websie.cefe.cnrs.fr\/soilforeurope\/fi\/communication-fi\/\">Katso ja tutustu!<\/a><\/p>\n<p><strong>Toukokuu 2019<\/strong> <strong>\u2013<\/strong> Oltuaan yhden vuoden maassa, juurikarikepussit otettiin maasta yhden puulajin metsik\u00f6iss\u00e4 ja sekametsik\u00f6iss\u00e4 Suomessa. N\u00e4in saatiin juurien hajotuskoe p\u00e4\u00e4t\u00f6kseen kaikissa nelj\u00e4ss\u00e4 tutkimuspaikassa: Italiassa, Romaniassa, Puolassa ja Suomessa.<\/p>\n<p><strong>Toukokuu 2019<\/strong> <strong>\u2013<\/strong> Mets\u00e4nhoidon preferenssej\u00e4 tutkiva valintakoe saatiin onnistuneesti p\u00e4\u00e4t\u00f6kseen Flanderissa, Belgiassa. Vastaava valintakoe j\u00e4rjestet\u00e4\u00e4n kes\u00e4kuussa 2019 Suomessa ja Italiassa.<\/p>\n<p><strong>Huhtikuu 2019 \u2013<\/strong> SoilForEUROPE-projektin konsortio piti menestyksekk\u00e4\u00e4n ja tuloksekkaan kokouksen Amsterdamissa, Matty Bergin (VU Amsterdam) is\u00e4nn\u00f6im\u00e4n\u00e4. Kokouksen tarkoitus oli esitell\u00e4 jokaisen tavoitteen t\u00e4m\u00e4nhetkinen tilanne, k\u00e4sitell\u00e4 kysymyksi\u00e4 tai ongelmia ja hahmotella j\u00e4ljell\u00e4 oleva ty\u00f6.<\/p>\n<p><strong>Huhtikuu 2019 \u2013<\/strong> Kaikkien 64 koealojen PLFA-analyysit valmistuivat.<\/p>\n<p><strong>Marraskuu 2018 \u2013<\/strong> Lysimetrikoe aloitettu. Kuusitoista maaper\u00e4n\u00e4ytett\u00e4, jokainen 1m<sup>3<\/sup>, sijoitettiin Euroopan Ecotroniin Montpellieriss\u00e4, lis\u00e4ttiin maaper\u00e4n makrofauna-k\u00e4sittelyt ja aloitettiin CO<sub>2<\/sub> mittaukset.<\/p>\n","protected":false},"excerpt":{"rendered":"<p>&nbsp; Maaliskuu 2020 \u2013 SoilForEUROPE-projektin konsortio piti menestyksekk\u00e4\u00e4n ja tuloksekkaan kokouksen Amsterdamissa, Michael Scherer-Lorenzen (University of Freiburg) is\u00e4nn\u00f6im\u00e4n\u00e4. Kokouksen tarkoitus oli esitell\u00e4 jokaisen tavoitteen t\u00e4m\u00e4nhetkinen tilanne, k\u00e4sitell\u00e4 kysymyksi\u00e4 tai ongelmia ja hahmotella j\u00e4ljell\u00e4 oleva ty\u00f6. Syyskuu 2019 \u2013 Informaatiovideo maaper\u00e4n monimuotoisuudesta, sen merkityksest\u00e4 metsiss\u00e4 ja suhteesta mets\u00e4nhoitoon on nyt nettisivulla&#8230;.<\/p>\n<p class=\"continue-reading-button\"> <a class=\"continue-reading-link\" href=\"https:\/\/websie.cefe.cnrs.fr\/soilforeurope\/fi\/news-fi\/\">Continue reading<i class=\"crycon-right-dir\"><\/i><\/a><\/p>\n","protected":false},"author":1,"featured_media":0,"parent":0,"menu_order":0,"comment_status":"closed","ping_status":"closed","template":"","meta":{"inline_featured_image":false,"footnotes":""},"class_list":["post-2403","page","type-page","status-publish","hentry"],"_links":{"self":[{"href":"https:\/\/websie.cefe.cnrs.fr\/soilforeurope\/wp-json\/wp\/v2\/pages\/2403","targetHints":{"allow":["GET"]}}],"collection":[{"href":"https:\/\/websie.cefe.cnrs.fr\/soilforeurope\/wp-json\/wp\/v2\/pages"}],"about":[{"href":"https:\/\/websie.cefe.cnrs.fr\/soilforeurope\/wp-json\/wp\/v2\/types\/page"}],"author":[{"embeddable":true,"href":"https:\/\/websie.cefe.cnrs.fr\/soilforeurope\/wp-json\/wp\/v2\/users\/1"}],"replies":[{"embeddable":true,"href":"https:\/\/websie.cefe.cnrs.fr\/soilforeurope\/wp-json\/wp\/v2\/comments?post=2403"}],"version-history":[{"count":7,"href":"https:\/\/websie.cefe.cnrs.fr\/soilforeurope\/wp-json\/wp\/v2\/pages\/2403\/revisions"}],"predecessor-version":[{"id":3673,"href":"https:\/\/websie.cefe.cnrs.fr\/soilforeurope\/wp-json\/wp\/v2\/pages\/2403\/revisions\/3673"}],"wp:attachment":[{"href":"https:\/\/websie.cefe.cnrs.fr\/soilforeurope\/wp-json\/wp\/v2\/media?parent=2403"}],"curies":[{"name":"wp","href":"https:\/\/api.w.org\/{rel}","templated":true}]}}