{"id":2401,"date":"2020-03-30T17:56:57","date_gmt":"2020-03-30T15:56:57","guid":{"rendered":"https:\/\/websie.cefe.cnrs.fr\/soilforeurope\/?page_id=2401"},"modified":"2020-07-21T12:54:54","modified_gmt":"2020-07-21T10:54:54","slug":"news-ro","status":"publish","type":"page","link":"https:\/\/websie.cefe.cnrs.fr\/soilforeurope\/ro\/news-ro\/","title":{"rendered":"\u0218tiri"},"content":{"rendered":"\n<p>&nbsp;<\/p>\n<p><img loading=\"lazy\" decoding=\"async\" class=\" wp-image-2171 alignright\" src=\"http:\/\/websie.cefe.cnrs.fr\/soilforeurope\/wp-content\/uploads\/2019\/05\/Forest_Janna_gimp_copyright_2-479x1024.jpg\" alt=\"\" width=\"393\" height=\"840\" srcset=\"https:\/\/websie.cefe.cnrs.fr\/soilforeurope\/wp-content\/uploads\/2019\/05\/Forest_Janna_gimp_copyright_2-479x1024.jpg 479w, https:\/\/websie.cefe.cnrs.fr\/soilforeurope\/wp-content\/uploads\/2019\/05\/Forest_Janna_gimp_copyright_2-140x300.jpg 140w, https:\/\/websie.cefe.cnrs.fr\/soilforeurope\/wp-content\/uploads\/2019\/05\/Forest_Janna_gimp_copyright_2-768x1642.jpg 768w, https:\/\/websie.cefe.cnrs.fr\/soilforeurope\/wp-content\/uploads\/2019\/05\/Forest_Janna_gimp_copyright_2-70x150.jpg 70w, https:\/\/websie.cefe.cnrs.fr\/soilforeurope\/wp-content\/uploads\/2019\/05\/Forest_Janna_gimp_copyright_2.jpg 1880w\" sizes=\"auto, (max-width: 393px) 100vw, 393px\" \/><\/p>\n<p><strong>Martie 2020<\/strong> <strong>\u2013 <\/strong>Consor\u021biul SoilForEUROPE a avut o \u00eent\u00e2lnire fructuoas\u0103 de succes \u00een Freiburg im Breisgau, g\u0103zduit\u0103 de Michael Scherer-Lorenzen la Universitatea din Freiburg, pentru a prezenta starea fiec\u0103rui obiectiv, pentru a identifica \u00eentreb\u0103ri sau dificult\u0103\u021bi \u0219i a contura lucr\u0103rile r\u0103mase de \u00eendeplinit.<\/p>\n<p><strong>Septembrie 2019<\/strong> <strong>\u2013<\/strong> Videoclipul informativ despre biodiversitatea solului, rolul s\u0103u \u00een p\u0103duri \u0219i rela\u021bia cu gestionarea p\u0103durilor este acum pe site. <a href=\"https:\/\/websie.cefe.cnrs.fr\/soilforeurope\/ro\/communication-ro\/\">Verific\u0103!<\/a><\/p>\n<p><strong>Mai 2019<\/strong> <strong>\u2013<\/strong> Dup\u0103 un an \u00een teren, pungile speciale pentru r\u0103d\u0103cini \u0219i litier\u0103 au fost recuperate din arboretele monospecifice finlandeze \u0219i din cele mixte. S-au extras pungile pentru r\u0103d\u0103cini si litier\u0103 din toate cele patru loca\u021bii de studiu situate \u00een Italia, Rom\u00e2nia, Polonia \u0219i Finlanda.<\/p>\n<p><strong>Mai 2019<\/strong> <strong>\u2013<\/strong> Tehnica de alegere privind preferin\u021bele de gestionare a p\u0103durilor a fost finalizat\u0103 cu succes pe un lot de 300 de cet\u0103\u021beni din Flandra, Belgia. \u00cen prezent, o tehnic\u0103 de alegere similar\u0103 este creat\u0103 pentru colectarea datelor \u00een Finlanda \u0219i Italia \u00een iunie 2019.<\/p>\n<p><strong>Aprilie 2019 \u2013<\/strong> Consor\u021biul SoilForEUROPE a avut o \u00eent\u00e2lnire fructuoas\u0103 de succes, g\u0103zduit\u0103 de Matty Berg la VU Amsterdam, pentru a prezenta starea fiec\u0103rui obiectiv, pentru a identifica \u00eentreb\u0103ri sau dificult\u0103\u021bi \u0219i a contura lucr\u0103rile r\u0103mase de \u00eendeplinit.<\/p>\n<p><strong>Aprilie 2019 \u2013<\/strong> Analiza laboratorului PLFA pentru toate cele 64 de parcele a fost finalizat\u0103.<\/p>\n<p><strong>Noiembrie 2018 \u2013<\/strong> Cele 16 lizimetre, fiecare pentru 1 m3 de sol, au fost introduse \u00een mesocosmosul Ecotronului European din Montpellier, colonizate cu un tratament specific pentru macrofauna din sol \u0219i au fost demarate m\u0103sur\u0103tori continue de CO<sub>2<\/sub>.<\/p>\n","protected":false},"excerpt":{"rendered":"<p>&nbsp; Martie 2020 \u2013 Consor\u021biul SoilForEUROPE a avut o \u00eent\u00e2lnire fructuoas\u0103 de succes \u00een Freiburg im Breisgau, g\u0103zduit\u0103 de Michael Scherer-Lorenzen la Universitatea din Freiburg, pentru a prezenta starea fiec\u0103rui obiectiv, pentru a identifica \u00eentreb\u0103ri sau dificult\u0103\u021bi \u0219i a contura lucr\u0103rile r\u0103mase de \u00eendeplinit. Septembrie 2019 \u2013 Videoclipul informativ despre&#8230;<\/p>\n<p class=\"continue-reading-button\"> <a class=\"continue-reading-link\" href=\"https:\/\/websie.cefe.cnrs.fr\/soilforeurope\/ro\/news-ro\/\">Continue reading<i class=\"crycon-right-dir\"><\/i><\/a><\/p>\n","protected":false},"author":1,"featured_media":0,"parent":0,"menu_order":0,"comment_status":"closed","ping_status":"closed","template":"","meta":{"inline_featured_image":false,"footnotes":""},"class_list":["post-2401","page","type-page","status-publish","hentry"],"_links":{"self":[{"href":"https:\/\/websie.cefe.cnrs.fr\/soilforeurope\/wp-json\/wp\/v2\/pages\/2401","targetHints":{"allow":["GET"]}}],"collection":[{"href":"https:\/\/websie.cefe.cnrs.fr\/soilforeurope\/wp-json\/wp\/v2\/pages"}],"about":[{"href":"https:\/\/websie.cefe.cnrs.fr\/soilforeurope\/wp-json\/wp\/v2\/types\/page"}],"author":[{"embeddable":true,"href":"https:\/\/websie.cefe.cnrs.fr\/soilforeurope\/wp-json\/wp\/v2\/users\/1"}],"replies":[{"embeddable":true,"href":"https:\/\/websie.cefe.cnrs.fr\/soilforeurope\/wp-json\/wp\/v2\/comments?post=2401"}],"version-history":[{"count":5,"href":"https:\/\/websie.cefe.cnrs.fr\/soilforeurope\/wp-json\/wp\/v2\/pages\/2401\/revisions"}],"predecessor-version":[{"id":3794,"href":"https:\/\/websie.cefe.cnrs.fr\/soilforeurope\/wp-json\/wp\/v2\/pages\/2401\/revisions\/3794"}],"wp:attachment":[{"href":"https:\/\/websie.cefe.cnrs.fr\/soilforeurope\/wp-json\/wp\/v2\/media?parent=2401"}],"curies":[{"name":"wp","href":"https:\/\/api.w.org\/{rel}","templated":true}]}}