{"id":2399,"date":"2020-03-30T17:56:39","date_gmt":"2020-03-30T15:56:39","guid":{"rendered":"https:\/\/websie.cefe.cnrs.fr\/soilforeurope\/?page_id=2399"},"modified":"2020-05-29T13:34:00","modified_gmt":"2020-05-29T11:34:00","slug":"news-pl","status":"publish","type":"page","link":"https:\/\/websie.cefe.cnrs.fr\/soilforeurope\/pl\/news-pl\/","title":{"rendered":"Aktualno\u015bci"},"content":{"rendered":"\n<p>&nbsp;<\/p>\n<p><img loading=\"lazy\" decoding=\"async\" class=\" wp-image-2171 alignright\" src=\"https:\/\/websie.cefe.cnrs.fr\/soilforeurope\/wp-content\/uploads\/2019\/05\/Forest_Janna_gimp_copyright_2-479x1024.jpg\" alt=\"\" width=\"393\" height=\"840\" srcset=\"https:\/\/websie.cefe.cnrs.fr\/soilforeurope\/wp-content\/uploads\/2019\/05\/Forest_Janna_gimp_copyright_2-479x1024.jpg 479w, https:\/\/websie.cefe.cnrs.fr\/soilforeurope\/wp-content\/uploads\/2019\/05\/Forest_Janna_gimp_copyright_2-140x300.jpg 140w, https:\/\/websie.cefe.cnrs.fr\/soilforeurope\/wp-content\/uploads\/2019\/05\/Forest_Janna_gimp_copyright_2-768x1642.jpg 768w, https:\/\/websie.cefe.cnrs.fr\/soilforeurope\/wp-content\/uploads\/2019\/05\/Forest_Janna_gimp_copyright_2-70x150.jpg 70w, https:\/\/websie.cefe.cnrs.fr\/soilforeurope\/wp-content\/uploads\/2019\/05\/Forest_Janna_gimp_copyright_2.jpg 1880w\" sizes=\"auto, (max-width: 393px) 100vw, 393px\" \/><\/p>\n<p><strong>Marzec 2020 r.<\/strong> <strong>\u2013 <\/strong>Konsorcjum SoilForEUROPE zorganizowa\u0142o udane i owocne spotkanie w Fryburg Bryzgowijski, kt\u00f3rego gospodarzem by\u0142 Michael Scherer-Lorenzen z Uni-Friburg. Na spotkaniu zosta\u0142 przedstawiony stan realizacji ka\u017cdego z cel\u00f3w, odpowiedziano na pytania i przedstawiono trudno\u015bci oraz stan zaawansowania prac.<\/p>\n<p><strong>Wrzesie\u0144 2019 r.<\/strong> <strong>\u2013 <\/strong>Film informacyjny na temat r\u00f3\u017cnorodno\u015bci biologicznej gleb, ich roli w lasach i zwi\u0105zku z gospodark\u0105 le\u015bn\u0105 jest ju\u017c dost\u0119pny na stronie internetowej.<a href=\"https:\/\/websie.cefe.cnrs.fr\/soilforeurope\/pl\/communication-pl\/\"> Sprawd\u017a!<\/a><\/p>\n<p><strong>Kwiecie\u0144 2019 r.<\/strong> <strong>\u2013<\/strong> Po roku od wy\u0142o\u017cenia pobrano woreczki \u015bci\u00f3\u0142kowe (z drobnymi korzeniami) z drzewostan\u00f3w jednogatunkowych i mieszanych w Finlandii. W ten spos\u00f3b zako\u0144czono eksperyment na wszystkich czterech obiektach badawczych we W\u0142oszech, Rumunii, Polsce i Finlandii.<\/p>\n<p><strong>Maj 2019 r.<\/strong> <strong>\u2013<\/strong> Eksperyment badaj\u0105cy preferencje wobec gospodarki le\u015bnej zosta\u0142 pomy\u015blnie zako\u0144czony na 300 mieszka\u0144cach Flandrii w Belgii. Obecnie, w czerwcu 2019 roku, podobny eksperyment dotycz\u0105cy preferencji jest prowadzony w celu zgromadzenia danych w Finlandii i W\u0142oszech.<\/p>\n<p><strong>April 2019 r. \u2013<\/strong> Konsorcjum SoilForEUROPE zorganizowa\u0142o udane i owocne spotkanie w Amsterdamie, kt\u00f3rego gospodarzem by\u0142 Matty Berg z VU Amsterdam. Na spotkaniu zosta\u0142 przedstawiony stan realizacji ka\u017cdego z cel\u00f3w, odpowiedziano na pytania i przedstawiono trudno\u015bci oraz stan zaawansowania prac.<\/p>\n<p><strong>Kwiecie\u0144 2019 r. &#8211;<\/strong> Zako\u0144czono analiz\u0119 laboratoryjn\u0105 PLFA dla wszystkich 64 powierzchni badawczych.<\/p>\n<p><strong>Listopad 2018 r. \u2013<\/strong> 16 lizymetr\u00f3w, ka\u017cdy z 1 m&lt;sup&gt;3&lt;\/sup&gt; gleby, wprowadzono do mezokosmosu Europejskiego Ecotronu w Montpellier, skolonizowano makrofaun\u0105 glebow\u0105 specyficzn\u0105 dla danego typu manipulacji eksperymentalnej i rozpocz\u0119to ci\u0105g\u0142e pomiary CO<sub>2<\/sub>.<\/p>\n","protected":false},"excerpt":{"rendered":"<p>&nbsp; Marzec 2020 r. \u2013 Konsorcjum SoilForEUROPE zorganizowa\u0142o udane i owocne spotkanie w Fryburg Bryzgowijski, kt\u00f3rego gospodarzem by\u0142 Michael Scherer-Lorenzen z Uni-Friburg. Na spotkaniu zosta\u0142 przedstawiony stan realizacji ka\u017cdego z cel\u00f3w, odpowiedziano na pytania i przedstawiono trudno\u015bci oraz stan zaawansowania prac. Wrzesie\u0144 2019 r. \u2013 Film informacyjny na temat r\u00f3\u017cnorodno\u015bci&#8230;<\/p>\n<p class=\"continue-reading-button\"> <a class=\"continue-reading-link\" href=\"https:\/\/websie.cefe.cnrs.fr\/soilforeurope\/pl\/news-pl\/\">Continue reading<i class=\"crycon-right-dir\"><\/i><\/a><\/p>\n","protected":false},"author":1,"featured_media":0,"parent":0,"menu_order":0,"comment_status":"closed","ping_status":"closed","template":"","meta":{"inline_featured_image":false,"footnotes":""},"class_list":["post-2399","page","type-page","status-publish","hentry"],"_links":{"self":[{"href":"https:\/\/websie.cefe.cnrs.fr\/soilforeurope\/wp-json\/wp\/v2\/pages\/2399","targetHints":{"allow":["GET"]}}],"collection":[{"href":"https:\/\/websie.cefe.cnrs.fr\/soilforeurope\/wp-json\/wp\/v2\/pages"}],"about":[{"href":"https:\/\/websie.cefe.cnrs.fr\/soilforeurope\/wp-json\/wp\/v2\/types\/page"}],"author":[{"embeddable":true,"href":"https:\/\/websie.cefe.cnrs.fr\/soilforeurope\/wp-json\/wp\/v2\/users\/1"}],"replies":[{"embeddable":true,"href":"https:\/\/websie.cefe.cnrs.fr\/soilforeurope\/wp-json\/wp\/v2\/comments?post=2399"}],"version-history":[{"count":14,"href":"https:\/\/websie.cefe.cnrs.fr\/soilforeurope\/wp-json\/wp\/v2\/pages\/2399\/revisions"}],"predecessor-version":[{"id":3671,"href":"https:\/\/websie.cefe.cnrs.fr\/soilforeurope\/wp-json\/wp\/v2\/pages\/2399\/revisions\/3671"}],"wp:attachment":[{"href":"https:\/\/websie.cefe.cnrs.fr\/soilforeurope\/wp-json\/wp\/v2\/media?parent=2399"}],"curies":[{"name":"wp","href":"https:\/\/api.w.org\/{rel}","templated":true}]}}