{"id":2393,"date":"2020-03-30T17:55:39","date_gmt":"2020-03-30T15:55:39","guid":{"rendered":"https:\/\/websie.cefe.cnrs.fr\/soilforeurope\/?page_id=2393"},"modified":"2020-05-29T13:32:49","modified_gmt":"2020-05-29T11:32:49","slug":"news-fr","status":"publish","type":"page","link":"https:\/\/websie.cefe.cnrs.fr\/soilforeurope\/fr\/news-fr\/","title":{"rendered":"Actualit\u00e9s"},"content":{"rendered":"\n<p>&nbsp;<\/p>\n<p><img loading=\"lazy\" decoding=\"async\" class=\" wp-image-2171 alignright\" src=\"https:\/\/websie.cefe.cnrs.fr\/soilforeurope\/wp-content\/uploads\/2019\/05\/Forest_Janna_gimp_copyright_2-479x1024.jpg\" alt=\"\" width=\"393\" height=\"840\" srcset=\"https:\/\/websie.cefe.cnrs.fr\/soilforeurope\/wp-content\/uploads\/2019\/05\/Forest_Janna_gimp_copyright_2-479x1024.jpg 479w, https:\/\/websie.cefe.cnrs.fr\/soilforeurope\/wp-content\/uploads\/2019\/05\/Forest_Janna_gimp_copyright_2-140x300.jpg 140w, https:\/\/websie.cefe.cnrs.fr\/soilforeurope\/wp-content\/uploads\/2019\/05\/Forest_Janna_gimp_copyright_2-768x1642.jpg 768w, https:\/\/websie.cefe.cnrs.fr\/soilforeurope\/wp-content\/uploads\/2019\/05\/Forest_Janna_gimp_copyright_2-70x150.jpg 70w, https:\/\/websie.cefe.cnrs.fr\/soilforeurope\/wp-content\/uploads\/2019\/05\/Forest_Janna_gimp_copyright_2.jpg 1880w\" sizes=\"auto, (max-width: 393px) 100vw, 393px\" \/><\/p>\n<p style=\"text-align: justify;\"><strong>Mars 2020<\/strong> <strong>\u2013 <\/strong>Les membres du consortium SoilForEUROPE ont particip\u00e9 \u00e0 une r\u00e9union fructueuse et productive \u00e0 Freiburg im Breisgau, organis\u00e9e par Michael Scherer-Lorenzen \u00e0 l\u2019Universit\u00e9 de Fribourg-en-Brisgau. L\u2019\u00e9tat d\u2019avancement des diff\u00e9rents objectifs du projet, les difficult\u00e9s de mise en \u0153uvre et les grandes lignes du travail restant \u00e0 faire ont \u00e9t\u00e9 abord\u00e9s.<\/p>\n<p style=\"text-align: justify;\"><strong>Septembre 2019<\/strong> <strong>\u2013<\/strong> La vid\u00e9o d\u2019information sur la biodiversit\u00e9 du sol en for\u00eat, ses r\u00f4les et ses relations avec la gestion des for\u00eats est maintenant en ligne. <a href=\"https:\/\/websie.cefe.cnrs.fr\/soilforeurope\/fr\/communication-fr\/\">Jetez-y un coup d\u2019\u0153il !<\/a><\/p>\n<p style=\"text-align: justify;\"><strong>Mai 2019<\/strong> <strong>\u2013<\/strong> Un an apr\u00e8s avoir \u00e9t\u00e9 plac\u00e9s sur le site, les sachets de liti\u00e8res racinaires ont \u00e9t\u00e9 r\u00e9cup\u00e9r\u00e9s dans les placettes mono- et pluri-sp\u00e9cifiques en Finlande. Cette \u00e9tape conclut nos r\u00e9coltes de sachets de liti\u00e8res racinaires sur l\u2019ensemble des quatre sites en Italie, Roumanie, Pologne et Finlande.<\/p>\n<p style=\"text-align: justify;\"><strong>Mai 2019<\/strong> <strong>\u2013<\/strong> L\u2019exp\u00e9rience de choix portant sur les pr\u00e9f\u00e9rences de gestion foresti\u00e8re se termine, avec 300 personnes interrog\u00e9es dans les Flandres, Belgique.<\/p>\n<p style=\"text-align: justify;\"><strong>Avril 2019 \u2013<\/strong> Les membres du consortium SoilForEUROPE ont particip\u00e9 \u00e0 une r\u00e9union fructueuse et productive \u00e0 Amsterdam, organis\u00e9e par Matty Berg au VU Amsterdam. L\u2019\u00e9tat d\u2019avancement des diff\u00e9rents objectifs du projet, les difficult\u00e9s de mise en \u0153uvre et les grandes lignes du travail restant \u00e0 faire ont \u00e9t\u00e9 abord\u00e9s.<\/p>\n<p style=\"text-align: justify;\"><strong>Avril 2019 \u2013<\/strong> April 2019 &#8211; Les analyses PLFA portant sur les sols des 64 placettes foresti\u00e8res sont termin\u00e9es.<\/p>\n<p style=\"text-align: justify;\"><strong>Novembre 2018 \u2013<\/strong> Les 16 lysim\u00e8tres contenant chacun 1 m<sup>3<\/sup> de sol, ont \u00e9t\u00e9 install\u00e9s sur la plate-forme m\u00e9socosmes de l\u2019Ecotron Europ\u00e9en de Montpellier. Ils contiennent des assemblages de macrofaune du sol sp\u00e9cifiques. Les mesures de CO<sub>2<\/sub> en continu ont d\u00e9but\u00e9.<\/p>\n","protected":false},"excerpt":{"rendered":"<p>&nbsp; Mars 2020 \u2013 Les membres du consortium SoilForEUROPE ont particip\u00e9 \u00e0 une r\u00e9union fructueuse et productive \u00e0 Freiburg im Breisgau, organis\u00e9e par Michael Scherer-Lorenzen \u00e0 l\u2019Universit\u00e9 de Fribourg-en-Brisgau. L\u2019\u00e9tat d\u2019avancement des diff\u00e9rents objectifs du projet, les difficult\u00e9s de mise en \u0153uvre et les grandes lignes du travail restant \u00e0&#8230;<\/p>\n<p class=\"continue-reading-button\"> <a class=\"continue-reading-link\" href=\"https:\/\/websie.cefe.cnrs.fr\/soilforeurope\/fr\/news-fr\/\">Continue reading<i class=\"crycon-right-dir\"><\/i><\/a><\/p>\n","protected":false},"author":1,"featured_media":0,"parent":0,"menu_order":0,"comment_status":"closed","ping_status":"closed","template":"","meta":{"inline_featured_image":false,"footnotes":""},"class_list":["post-2393","page","type-page","status-publish","hentry"],"_links":{"self":[{"href":"https:\/\/websie.cefe.cnrs.fr\/soilforeurope\/wp-json\/wp\/v2\/pages\/2393","targetHints":{"allow":["GET"]}}],"collection":[{"href":"https:\/\/websie.cefe.cnrs.fr\/soilforeurope\/wp-json\/wp\/v2\/pages"}],"about":[{"href":"https:\/\/websie.cefe.cnrs.fr\/soilforeurope\/wp-json\/wp\/v2\/types\/page"}],"author":[{"embeddable":true,"href":"https:\/\/websie.cefe.cnrs.fr\/soilforeurope\/wp-json\/wp\/v2\/users\/1"}],"replies":[{"embeddable":true,"href":"https:\/\/websie.cefe.cnrs.fr\/soilforeurope\/wp-json\/wp\/v2\/comments?post=2393"}],"version-history":[{"count":10,"href":"https:\/\/websie.cefe.cnrs.fr\/soilforeurope\/wp-json\/wp\/v2\/pages\/2393\/revisions"}],"predecessor-version":[{"id":3704,"href":"https:\/\/websie.cefe.cnrs.fr\/soilforeurope\/wp-json\/wp\/v2\/pages\/2393\/revisions\/3704"}],"wp:attachment":[{"href":"https:\/\/websie.cefe.cnrs.fr\/soilforeurope\/wp-json\/wp\/v2\/media?parent=2393"}],"curies":[{"name":"wp","href":"https:\/\/api.w.org\/{rel}","templated":true}]}}