{"id":2389,"date":"2020-03-30T17:55:06","date_gmt":"2020-03-30T15:55:06","guid":{"rendered":"https:\/\/websie.cefe.cnrs.fr\/soilforeurope\/?page_id=2389"},"modified":"2020-05-29T13:31:52","modified_gmt":"2020-05-29T11:31:52","slug":"news-de","status":"publish","type":"page","link":"https:\/\/websie.cefe.cnrs.fr\/soilforeurope\/de\/news-de\/","title":{"rendered":"Neuigkeiten"},"content":{"rendered":"\n<p>&nbsp;<\/p>\n<p><img loading=\"lazy\" decoding=\"async\" class=\" wp-image-2171 alignright\" src=\"https:\/\/websie.cefe.cnrs.fr\/soilforeurope\/wp-content\/uploads\/2019\/05\/Forest_Janna_gimp_copyright_2-479x1024.jpg\" alt=\"\" width=\"393\" height=\"840\" srcset=\"https:\/\/websie.cefe.cnrs.fr\/soilforeurope\/wp-content\/uploads\/2019\/05\/Forest_Janna_gimp_copyright_2-479x1024.jpg 479w, https:\/\/websie.cefe.cnrs.fr\/soilforeurope\/wp-content\/uploads\/2019\/05\/Forest_Janna_gimp_copyright_2-140x300.jpg 140w, https:\/\/websie.cefe.cnrs.fr\/soilforeurope\/wp-content\/uploads\/2019\/05\/Forest_Janna_gimp_copyright_2-768x1642.jpg 768w, https:\/\/websie.cefe.cnrs.fr\/soilforeurope\/wp-content\/uploads\/2019\/05\/Forest_Janna_gimp_copyright_2-70x150.jpg 70w, https:\/\/websie.cefe.cnrs.fr\/soilforeurope\/wp-content\/uploads\/2019\/05\/Forest_Janna_gimp_copyright_2.jpg 1880w\" sizes=\"auto, (max-width: 393px) 100vw, 393px\" \/><\/p>\n<p><strong>M\u00e4rz 2020<\/strong> <strong>\u2013 <\/strong>Das SoilForEUROPE-Konsortium hatte ein erfolgreiches und produktives Treffen in Freiburg im Breisgau, das von Michael Scherer-Lorenzen an der Uni-Freiburg ausgerichtet wurde, um den Status der einzelnen Ziele zu pr\u00e4sentieren, Fragen oder Schwierigkeiten anzusprechen und die noch zu leistende Arbeit zu skizzieren.<\/p>\n<p><strong>September 2019<\/strong> <strong>\u2013<\/strong> Das Informationsvideo \u00fcber die Biodiversit\u00e4t des Bodens, seine Rolle im Wald und seine Beziehung zur Waldbewirtschaftung ist jetzt auf der Website zu sehen. <a href=\"https:\/\/websie.cefe.cnrs.fr\/soilforeurope\/de\/communication-de\/\">Schauen Sie es sich an!<\/a><\/p>\n<p><strong>Mai 2019<\/strong> <strong>\u2013<\/strong> Nach einem Jahr auf dem Feld wurden die Wurzel-Netzbeutel aus den finnischen Einarten- und Mischbestandsparzellen geborgen. Damit war die Entnahme der Wurzelstreu-Netzbeutel f\u00fcr alle vier Untersuchungsstandorte in Italien, Rum\u00e4nien, Polen und Finnland abgeschlossen.<\/p>\n<p><strong>Mai 2019<\/strong> <strong>\u2013<\/strong> Das Auswahlexperiment zu den Pr\u00e4ferenzen der Waldbewirtschaftung wurde von 300 B\u00fcrger*innen in Flandern, Belgien, erfolgreich abgeschlossen. Derzeit wird ein \u00e4hnliches Auswahlexperiment f\u00fcr die Datenerhebung in Finnland und Italien im Juni 2019 durchgef\u00fchrt.<\/p>\n<p><strong>April 2019 \u2013<\/strong> Das SoilForEUROPE-Konsortium hatte ein erfolgreiches und produktives Treffen in Amsterdam, das von Matty Berg an der VU Amsterdam ausgerichtet wurde, um den Status der einzelnen Ziele zu pr\u00e4sentieren, Fragen oder Schwierigkeiten anzusprechen und die noch zu leistende Arbeit zu skizzieren.<\/p>\n<p><strong>April 2019 \u2013<\/strong> April 2019 &#8211; Die PLFA-Laboranalysen f\u00fcr alle 64 Parzellen wurden abgeschlossen.<\/p>\n<p><strong>November 2018 \u2013<\/strong> Die 16 Lysimeter mit je 1 m<sup>3<\/sup> Boden wurden in die Mesokosmen des europ\u00e4ischen Ecotrons in Montpellier eingebracht, mit spezifischer Bodenmakrofauna besiedelt und die kontinuierlichen CO<sub>2<\/sub>-Messungen wurden begonnen.<\/p>\n","protected":false},"excerpt":{"rendered":"<p>&nbsp; M\u00e4rz 2020 \u2013 Das SoilForEUROPE-Konsortium hatte ein erfolgreiches und produktives Treffen in Freiburg im Breisgau, das von Michael Scherer-Lorenzen an der Uni-Freiburg ausgerichtet wurde, um den Status der einzelnen Ziele zu pr\u00e4sentieren, Fragen oder Schwierigkeiten anzusprechen und die noch zu leistende Arbeit zu skizzieren. September 2019 \u2013 Das Informationsvideo&#8230;<\/p>\n<p class=\"continue-reading-button\"> <a class=\"continue-reading-link\" href=\"https:\/\/websie.cefe.cnrs.fr\/soilforeurope\/de\/news-de\/\">Continue reading<i class=\"crycon-right-dir\"><\/i><\/a><\/p>\n","protected":false},"author":1,"featured_media":0,"parent":0,"menu_order":0,"comment_status":"closed","ping_status":"closed","template":"","meta":{"inline_featured_image":false,"footnotes":""},"class_list":["post-2389","page","type-page","status-publish","hentry"],"_links":{"self":[{"href":"https:\/\/websie.cefe.cnrs.fr\/soilforeurope\/wp-json\/wp\/v2\/pages\/2389","targetHints":{"allow":["GET"]}}],"collection":[{"href":"https:\/\/websie.cefe.cnrs.fr\/soilforeurope\/wp-json\/wp\/v2\/pages"}],"about":[{"href":"https:\/\/websie.cefe.cnrs.fr\/soilforeurope\/wp-json\/wp\/v2\/types\/page"}],"author":[{"embeddable":true,"href":"https:\/\/websie.cefe.cnrs.fr\/soilforeurope\/wp-json\/wp\/v2\/users\/1"}],"replies":[{"embeddable":true,"href":"https:\/\/websie.cefe.cnrs.fr\/soilforeurope\/wp-json\/wp\/v2\/comments?post=2389"}],"version-history":[{"count":8,"href":"https:\/\/websie.cefe.cnrs.fr\/soilforeurope\/wp-json\/wp\/v2\/pages\/2389\/revisions"}],"predecessor-version":[{"id":3667,"href":"https:\/\/websie.cefe.cnrs.fr\/soilforeurope\/wp-json\/wp\/v2\/pages\/2389\/revisions\/3667"}],"wp:attachment":[{"href":"https:\/\/websie.cefe.cnrs.fr\/soilforeurope\/wp-json\/wp\/v2\/media?parent=2389"}],"curies":[{"name":"wp","href":"https:\/\/api.w.org\/{rel}","templated":true}]}}