{"id":2379,"date":"2020-03-30T17:44:25","date_gmt":"2020-03-30T15:44:25","guid":{"rendered":"https:\/\/websie.cefe.cnrs.fr\/soilforeurope\/?page_id=2379"},"modified":"2025-08-26T11:44:55","modified_gmt":"2025-08-26T09:44:55","slug":"publications-pl","status":"publish","type":"page","link":"https:\/\/websie.cefe.cnrs.fr\/soilforeurope\/pl\/publications-pl\/","title":{"rendered":"Publikacje"},"content":{"rendered":"\n<p>&nbsp;<\/p>\n<h5><img loading=\"lazy\" decoding=\"async\" class=\" wp-image-546 alignright\" src=\"https:\/\/websie.cefe.cnrs.fr\/soilforeurope\/wp-content\/uploads\/2018\/12\/Soil_logo_v3_change-666x1024.png\" alt=\"\" width=\"336\" height=\"516\" srcset=\"https:\/\/websie.cefe.cnrs.fr\/soilforeurope\/wp-content\/uploads\/2018\/12\/Soil_logo_v3_change-666x1024.png 666w, https:\/\/websie.cefe.cnrs.fr\/soilforeurope\/wp-content\/uploads\/2018\/12\/Soil_logo_v3_change-195x300.png 195w, https:\/\/websie.cefe.cnrs.fr\/soilforeurope\/wp-content\/uploads\/2018\/12\/Soil_logo_v3_change-768x1181.png 768w, https:\/\/websie.cefe.cnrs.fr\/soilforeurope\/wp-content\/uploads\/2018\/12\/Soil_logo_v3_change-98x150.png 98w\" sizes=\"auto, (max-width: 336px) 100vw, 336px\" \/><\/h5>\n<h5><strong>Publications<\/strong><strong>:<\/strong><\/h5>\n<ul style=\"list-style-type: disc;\">\n<li style=\"list-style-type: none;\">\n<ul style=\"list-style-type: disc;\">&nbsp;<\/ul>\n<\/li>\n<\/ul>\n<ul style=\"list-style-type: disc;\">\n\t<li><strong> Lemoine, M., H\u00e4ttenchwiler, S., Milcu, A., Barantal, S., Nahmani, J., Ganault, P. (2025).<\/strong> Persistent macrodetritivore functional diversity and identity effects on litter mass loss under drought in a Mediterranean forest understory model ecosystem. <i> Soil Biology and Biochemistry<\/i>, 209, 109918. <a href=\" https:\/\/doi.org\/10.1016\/j.soilbio.2025.109918\" target=\"_blank\" rel=\"noopener noreferrer\"> https:\/\/doi.org\/10.1016\/j.soilbio.2025.109918<\/a><\/li>\n\t<li><strong> Morales-Fonseca, D., Barantal, S., Buscot, F., H\u00e4ttenschwiler, S., Milcu, A., Nahmani, J., Gritti, E.S., Goldmann, K., &#038; Prada-Salcedo, L. D. (2025).<\/strong> Functional diversity of soil macrofauna may contribute to microbial community stabilization under drought stress. <i> Frontiers in Microbiology<\/i>, 16, 1597272. <a href=\" https:\/\/doi.org\/10.3389\/fmicb.2025.1597272\" target=\"_blank\" rel=\"noopener noreferrer\"> https:\/\/doi.org\/10.3389\/fmicb.2025.1597272<\/a><\/li>\n\t<li><strong> Mauri\u00e8s, J.-P. &#038; David, J.-F. (2025).<\/strong> A new species of the family Cyrnosomatidae (Diplopoda: Chordeumatida) from Tuscany, Italy: <i>Cyrnosoma<\/i> (<i>Toscanosoma<\/i>) <i>variegatum<\/i> subgen. and sp. n. <i> Onychium<\/i>, 18(3): 109-114. <a href=\"https:\/\/www.nuovogruppoentomologicotoscano.it\/rivista\/onychium-18-2025\/\" target=\"_blank\" rel=\"noopener noreferrer\"> https:\/\/www.nuovogruppoentomologicotoscano.it\/rivista\/onychium-18-2025\/<\/a><\/li>\n<li><strong> David, J. F., Coq, S., Decaens, T., Ganault, P., H\u00e4ttenschwiler, S., &amp; Nahmani, J. (2023).<\/strong> Influence of tree species richness and identity on saprophagous macroarthropod abundance and species richness in some European forest types. <i> Forest Ecology and Management<\/i>, 534, 120862. <a href=\"https:\/\/doi.org\/10.1016\/j.foreco.2023.120862\" target=\"_blank\" rel=\"noopener noreferrer\"> https:\/\/doi.org\/10.1016\/j.foreco.2023.120862<\/a><\/li>\n<li><strong> Gillespie, L. M., Prada-Salcedo, L. D., Shihan, A., Fromin, N., Goldmann, K., Milcu, A., Buscot, F., Buatois, B., &amp; H\u00e4ttenschwiler, S. (2023).<\/strong> Taxonomical and functional responses of microbial communities from forest soils of differing tree species diversity to drying-rewetting cycles. <i> Pedobiologia<\/i>, 97\u201398, 150875. <a href=\"https:\/\/doi.org\/10.1016\/j.pedobi.2023.150875\" target=\"_blank\" rel=\"noopener noreferrer\"> https:\/\/doi.org\/10.1016\/j.pedobi.2023.150875<\/a><\/li>\n<li><strong> Ganault, P., Barantal, S., Coq, S., H\u00e4ttenschwiler, S., Lucas, S., Deca\u00ebns, T., Nahmani, J. (2022).<\/strong> Leaf litter morphological traits, invertebrate body mass and phylogenetic affiliation explain the feeding and feces properties of saprophagous macroarthropods. <i> European Journal of Soil Biology<\/i>, 109, 103383. <a href=\"https:\/\/doi.org\/10.1016\/j.ejsobi.2021.103383\" target=\"_blank\" rel=\"noopener noreferrer\"> https:\/\/doi.org\/10.1016\/j.ejsobi.2021.103383<\/a><\/li>\n<li><strong> Wambsganss, J., Freschet, G. T., Beyer, F., Bauhus, J., &amp; Scherer-Lorenzen, M. (2021).<\/strong> Tree Diversity, Initial Litter Quality, and Site Conditions Drive Early-Stage Fine-Root Decomposition in European Forests. <i> Ecosystems<\/i>, 1-17. <a href=\"https:\/\/doi.org\/10.1007\/s10021-021-00728-3\" target=\"_blank\" rel=\"noopener noreferrer\"> https:\/\/doi.org\/10.1007\/s10021-021-00728-3<\/a><\/li>\n<li><strong> Vanermen, I., Kessels, R., Verheyen, K., Muys, B., Vranken, L. (2021).<\/strong> The effect of information transfer related to soil biodiversity on Flemish citizens\u2019 preferences for forest management. <i> Science of The Total Environment<\/i>, 776(1), 145791. <a href=\"https:\/\/doi.org\/10.1016\/j.scitotenv.2021.145791\" target=\"_blank\" rel=\"noopener noreferrer\"> https:\/\/doi.org\/10.1016\/j.scitotenv.2021.145791<\/a><\/li>\n<li><strong> Gillespie, L. M., H\u00e4ttenschwiler, S., Milcu, A., Wambsganss, J., Shihan, A., &amp; Fromin, N (2021).<\/strong> Tree species mixing affects soil microbial functioning indirectly via root and litter traits and soil parameters in European forests. <i> Functional Ecology <\/i>, 00:1\u201315. <a href=\"https:\/\/doi.org\/10.1111\/1365-2435.13877\" target=\"_blank\" rel=\"noopener noreferrer\"> https:\/\/doi.org\/10.1111\/1365-2435.13877<\/a><\/li>\n<li><strong> Wambsganss, J., Freschet, G.T., Beyer, F., Scherer-Lorenzen, M., Bauhus, J. (2021).<\/strong> Tree species mixing causes a shift in fine-root soil exploitation strategies across European forest types. <i> Functional Ecology<\/i>, 00:1\u201317. <a href=\"https:\/\/doi.org\/10.1111\/1365-2435.13856\" target=\"_blank\" rel=\"noopener noreferrer\"> https:\/\/doi.org\/10.1111\/1365-2435.13856<\/a><\/li>\n<li><strong>Wambsganss, J., Beyer, F., Freschet, G. T., Scherer\u2010Lorenzen, M., &amp; Bauhus, J. (2021).<\/strong> Tree species mixing reduces biomass but increases length of absorptive fine roots in European forests. <i>Journal of Ecology<\/i>, 1-14. <a href=\"https:\/\/doi.org\/10.1111\/1365-2745.13675\" target=\"_blank\" rel=\"noopener noreferrer\"> https:\/\/doi.org\/10.1111\/1365-2745.13675<\/a><\/li>\n<li><strong>Ganault, P., Nahmani, J., H\u00e4ttenschwiler, S., Gillespie, L.M., David, J.F., Henneron, L., Iorio, E., Mazzia, C., Muys, B., Pasquet, A., Prada-Salcedo, L.D., Wambsganss, J., &amp; Deca\u00ebns, T. (2021).<\/strong> Relative importance of tree species richness, tree functional type, and microenvironment for soil macrofauna communities in European forests. <i> Oecologia<\/i>, 1-14. <a href=\"https:\/\/doi.org\/10.1007\/s00442-021-04931-w\" target=\"_blank\" rel=\"noopener noreferrer\"> https:\/\/doi.org\/10.1007\/s00442-021-04931-w<\/a><\/li>\n<li><strong> Prada\u2010Salcedo, L.D., Goldmann, K., Heintz\u2010Buschart, A., Reitz, T., Wambsganss, J., Bauhus, J., and Buscot, F. (2021).<\/strong> Fungal guilds and soil functionality respond to tree community traits rather than to tree diversity in European forests. <i> Molecular Ecology<\/i>, 30: 572\u2013 591. <a href=\"https:\/\/doi.org\/10.1111\/mec.15749\" target=\"_blank\" rel=\"noopener noreferrer\"> https:\/\/doi.org\/10.1111\/mec.15749<\/a><\/li>\n<li><strong>Prada-Salcedo, L.D., Wambsganss, J., Bauhus, J., Buscot, F., and Goldmann, K (2021).<\/strong> Low root functional dispersion enhances functionality of plant growth by influencing bacterial activities in European forest soils. <i>Environmental Microbiology<\/i>, 23(4), 1889\u20131906. <a href=\"http:\/\/dx.doi.org\/10.1111\/1462-2920.15244\" target=\"_blank\" rel=\"noopener noreferrer\"> http:\/\/dx.doi.org\/10.1111\/1462-2920.15244<\/a><\/li>\n<li><strong>Vanermen, I., Muys, B., Verheyen, K., Vanwindekens, F., Bouriaud, L., Kardol, P., Vranken, L. (2020).<\/strong> What do scientists and managers know about soil biodiversity? Comparative knowledge mapping for sustainable forest management. <i>Forest Policy and Economics<\/i>, 119, 102264. <a href=\"https:\/\/doi.org\/10.1016\/j.forpol.2020.102264\" target=\"_blank\" rel=\"noopener noreferrer\"> https:\/\/doi.org\/10.1016\/j.forpol.2020.102264<\/a><\/li>\n<li><strong>Gillespie, L. M., Fromin, N., Milcu, A., Buatois, B., Pontoizeau, C., &amp; H\u00e4ttenschwiler, S. (2020).<\/strong> Higher tree diversity increases soil microbial resistance to drought. <i>Communications Biology<\/i>, 3(1), 1-12. <a href=\"https:\/\/doi.org\/10.1038\/s42003-020-1112-0\" target=\"_blank\" rel=\"noopener noreferrer\"> https:\/\/doi.org\/10.1038\/s42003-020-1112-0<\/a><\/li>\n<\/ul>\n<p>&nbsp;<\/p>\n<h5><strong>Oral presentations<\/strong><strong>:<\/strong><\/h5>\n<ul style=\"list-style-type: disc;\">\n<li style=\"list-style-type: none;\">\n<ul style=\"list-style-type: disc;\">&nbsp;<\/ul>\n<\/li>\n<\/ul>\n<ul style=\"list-style-type: disc;\">\n<li><strong>Vanermen et al. (2020, January).<\/strong> The effect of information-transfer related to soil biodiversity on Flemish citizens\u2019 preferences for forest management. Oral presentation at the 25th National Symposium for Applied Biological Sciences, Gembloux, Belgium.<\/li>\n<li><strong>Wambsganss et al. (2019, October).<\/strong> Fine-root soil exploration and exploitation in mixed and monospecific forest stands across Europe. Oral presentation at the IUFRO World Congress 2019, Curitiba, Brazil.<\/li>\n<li>\n<div><strong>Prada Salcedo et al. (2019, October).<\/strong> Effects of European monocultures and multispecies forests on specific soil fungal communities depends on tree traits and implies changes in soil nutrients functionality. Oral presentation at the IUFRO World Congress 2019, Curitiba, Brazil.<\/div>\n<\/li>\n<li><strong>Prada Salcedo et al. (2019, September).<\/strong> Fungal communities and soil functionality respond rather to tree traits than to tree species richness in European forests. Oral presentation at the 49<sup>th<\/sup> Annual Meeting of the Ecological Society of Germany, Austria and Switzerland \u201cScience meets practice\u201d, M\u00fcnster, Germany.<\/li>\n<li><strong>Vanermen et al. (2019, September).<\/strong> The effect of an information-transfer related to soil biodiversity on Flemish citizens&#8217; preferences for forest management. Oral presentation at the 3rd REECAP conference, Osnabr\u00fcck, Germany.<\/li>\n<li><strong>Gillespie et al. (2019, September). <\/strong>How do drying and rewetting stress cycles influence forest soil microbial activity? Oral presentation at the Stress Survival Thematic Day at CEFE-CNRS, Montpellier, France.<\/li>\n<li><strong>Gillespie et al. (2019, February). <\/strong>European forest soil microorganisms in the face of drought: the influence of tree diversity. Oral presentation at the&nbsp;1<sup>st<\/sup> Meeting of the Iberian Ecological Society XIV AEET Meeting, Barcelona, Spain.<\/li>\n<li><strong>H\u00e4ttenschwiler et al. (2018, October).<\/strong> Quels enjeux sont associ\u00e9s \u00e0 la biodiversit\u00e9 des sols ? (What stakes are assosiated with soil biodiversity?). Oral presentation at the CIAg : De la connaissance de la biologie des sols et de ses fonctions,&nbsp;\u00e0 son pilotage (Biological knowledge of soil and its functions, to its management), Dijon, France.<\/li>\n<li><strong>Ganault et al. (2018, October)<\/strong>. Tree diversity effects on soil macro-invertebrates in European forests. Oral presentation at the SFEcologie 2018 Conference, Rennes, France.<\/li>\n<\/ul>\n<p><span style=\"color: #ffffff;\">_<\/span><\/p>\n<p>&nbsp;<\/p>\n<h5><strong>Poster presentations:<\/strong><\/h5>\n<p>&nbsp;<\/p>\n<p><img loading=\"lazy\" decoding=\"async\" class=\"wp-image-2240 alignright\" src=\"https:\/\/websie.cefe.cnrs.fr\/soilforeurope\/wp-content\/uploads\/2020\/03\/GILLESPIE_Poster_FORECCAsT-725x1024.png\" alt=\"\" width=\"412\" height=\"582\" srcset=\"https:\/\/websie.cefe.cnrs.fr\/soilforeurope\/wp-content\/uploads\/2020\/03\/GILLESPIE_Poster_FORECCAsT-725x1024.png 725w, https:\/\/websie.cefe.cnrs.fr\/soilforeurope\/wp-content\/uploads\/2020\/03\/GILLESPIE_Poster_FORECCAsT-212x300.png 212w, https:\/\/websie.cefe.cnrs.fr\/soilforeurope\/wp-content\/uploads\/2020\/03\/GILLESPIE_Poster_FORECCAsT-768x1085.png 768w, https:\/\/websie.cefe.cnrs.fr\/soilforeurope\/wp-content\/uploads\/2020\/03\/GILLESPIE_Poster_FORECCAsT-1088x1536.png 1088w, https:\/\/websie.cefe.cnrs.fr\/soilforeurope\/wp-content\/uploads\/2020\/03\/GILLESPIE_Poster_FORECCAsT-1450x2048.png 1450w, https:\/\/websie.cefe.cnrs.fr\/soilforeurope\/wp-content\/uploads\/2020\/03\/GILLESPIE_Poster_FORECCAsT-106x150.png 106w\" sizes=\"auto, (max-width: 412px) 100vw, 412px\" \/><\/p>\n<ul style=\"list-style-type: disc;\">\n<li><strong>Ganault et al. (2020, March). <\/strong>Relative importance of tree diversity, identity and microenvironment in shaping soil macroinvertebrate communities in European forests. Poster at the World Biodiversity Forum, Davos, Switzerland.<\/li>\n<li><strong>Gillespie et al. (2019, November). <\/strong>Tree diversity positively influences soil microbial resistance to drought cycles. Poster presentation at the Symposium LIFE FORECCAsT, Toulouse, France.<\/li>\n<li><strong>Wambsganss et al. (2019, October).<\/strong> Why fine-root decomposition rates of 13 tree species differ between mixed- and monospecific forest stands: a search for mechanisms across European forests. Poster presentation at the IUFRO World Congress 2019, Curitiba, Brazil.<\/li>\n<li><strong>Prada Salcedo et al. (2019, May).<\/strong>&nbsp; Influence of tree species richness on fungal communities and their ecosystem functions in different types of European forests. HIGRADE conference &#8211; Das Helmholtz-Zentrum f\u00fcr Umweltforschung \u2013 UFZ. Leipzig, Germany.<\/li>\n<li><strong>Wambsgan\u00df et al. (2018, September)<\/strong>. Einfluss der Baumartendiversit\u00e4t auf funktionelle Eigenschaften von Feinwurzeln und ihre Bodenerschlie\u00dfung. Forstwissenschaftliche Tagung (FoWita) 2018, G\u00f6ttingen, Germany.<\/li>\n<li><strong>Wambsgan\u00df et al. (2018, June).<\/strong> Fine-root responses to changing tree species diversity in mature forest stands across Europe. Poster session presented at the 13<sup>th<\/sup> North American Forest Soils Conference \u2013 9<sup>th<\/sup> International Symposium on Forest Soils 2018, Quebec City, Canada.<\/li>\n<li><strong>Gillespie et al. (2018, June).<\/strong> European forest soil microorganisms in the face of drought: the influence of tree diversity. Poster session presented at the 13<sup>th<\/sup> North American Forest Soils Conference \u2013 9<sup>th<\/sup> International Symposium on Forest Soils 2018, Quebec City, Canada.<\/li>\n<li><strong>Prada Salcedo et al. (2017, December).<\/strong>&nbsp; Influence of tree species richness on soil microbial communities and their ecosystem functions in different types of European forests. Ecology Across Borders: Joint Annual Meeting 2017. Annual Meeting for 2017 will be joint with the GF\u00d6, NecoV and EEF. Ghent, Belgium.<br><span style=\"color: #ffffff;\">_<\/span><span style=\"color: #ff0000;\"><strong><br><\/strong><\/span><\/li>\n<\/ul>\n","protected":false},"excerpt":{"rendered":"<p>&nbsp; Publications: &nbsp; Lemoine, M., H\u00e4ttenchwiler, S., Milcu, A., Barantal, S., Nahmani, J., Ganault, P. (2025). Persistent macrodetritivore functional diversity and identity effects on litter mass loss under drought in a Mediterranean forest understory model ecosystem. Soil Biology and Biochemistry, 209, 109918. https:\/\/doi.org\/10.1016\/j.soilbio.2025.109918 Morales-Fonseca, D., Barantal, S., Buscot, F., H\u00e4ttenschwiler,&#8230;<\/p>\n<p class=\"continue-reading-button\"> <a class=\"continue-reading-link\" href=\"https:\/\/websie.cefe.cnrs.fr\/soilforeurope\/pl\/publications-pl\/\">Continue reading<i class=\"crycon-right-dir\"><\/i><\/a><\/p>\n","protected":false},"author":1,"featured_media":0,"parent":0,"menu_order":0,"comment_status":"closed","ping_status":"closed","template":"","meta":{"inline_featured_image":false,"footnotes":""},"class_list":["post-2379","page","type-page","status-publish","hentry"],"_links":{"self":[{"href":"https:\/\/websie.cefe.cnrs.fr\/soilforeurope\/wp-json\/wp\/v2\/pages\/2379","targetHints":{"allow":["GET"]}}],"collection":[{"href":"https:\/\/websie.cefe.cnrs.fr\/soilforeurope\/wp-json\/wp\/v2\/pages"}],"about":[{"href":"https:\/\/websie.cefe.cnrs.fr\/soilforeurope\/wp-json\/wp\/v2\/types\/page"}],"author":[{"embeddable":true,"href":"https:\/\/websie.cefe.cnrs.fr\/soilforeurope\/wp-json\/wp\/v2\/users\/1"}],"replies":[{"embeddable":true,"href":"https:\/\/websie.cefe.cnrs.fr\/soilforeurope\/wp-json\/wp\/v2\/comments?post=2379"}],"version-history":[{"count":23,"href":"https:\/\/websie.cefe.cnrs.fr\/soilforeurope\/wp-json\/wp\/v2\/pages\/2379\/revisions"}],"predecessor-version":[{"id":4047,"href":"https:\/\/websie.cefe.cnrs.fr\/soilforeurope\/wp-json\/wp\/v2\/pages\/2379\/revisions\/4047"}],"wp:attachment":[{"href":"https:\/\/websie.cefe.cnrs.fr\/soilforeurope\/wp-json\/wp\/v2\/media?parent=2379"}],"curies":[{"name":"wp","href":"https:\/\/api.w.org\/{rel}","templated":true}]}}